{"id":13370,"date":"2025-11-02T12:49:44","date_gmt":"2025-11-02T12:49:44","guid":{"rendered":"https:\/\/frvape.com\/product\/aivono-aim-flash-35k-disposable-vape-35000-puffs-dual-mesh-coil-led-display\/"},"modified":"2025-12-16T09:27:47","modified_gmt":"2025-12-16T09:27:47","slug":"aivono-aim-flash-35k-uhekordselt-kasutatav-vape-35000-puffs-dual-mesh-coil-led-display","status":"publish","type":"product","link":"https:\/\/frvape.com\/et\/product\/aivono-aim-flash-35k-uhekordselt-kasutatav-vape-35000-puffs-dual-mesh-coil-led-display\/","title":{"rendered":"Aivono AIM FLASH 35K \u00fchekordselt kasutatav Vape: 35,000 Puffs, Dual Mesh Coil &amp; LED Display"},"content":{"rendered":"<h3>Revolutsiooniline \u00fchekordselt kasutatav Vaping kogemus<\/h3>\n<p>The <strong>Aivono AIM FLASH 35K<\/strong> defineerib \u00fcmber \u00fchekordsed aurud koos massiivse <strong>35,000 puffid<\/strong> v\u00f5imsus ja arenenud tehnoloogia. Sellel j\u00f5ujaamal on <strong>1.0\u03a9 topeltv\u00f5rguga m\u00e4his<\/strong> s\u00fcsteem, mis pakub erakordselt rikkalikku maitset ja \u00fchtlast aurutootmist. Oma kompaktse disainiga, mis m\u00f5\u00f5dab <strong>96 x 55 x 27,5 mm<\/strong>see seade pakub enneolematut j\u00f5udlust elegantse profiiliga.<\/p>\n<h3>Nutikas tehnoloogia ja kohandamine<\/h3>\n<p>J\u00e4lgige kasutust h\u00f5lpsasti integreeritud <strong>LED-ekraan<\/strong> n\u00e4itab reaalajas aku ja e-vedeliku taset. Veebileht <strong>850mAh aku<\/strong> toetab <strong>C-t\u00fc\u00fcpi kiirlaadimine<\/strong> katkematuteks aurutussessioonideks. Kohandage oma kogemust, valides oma eelistatud <strong>nikotiini tugevus (0%, 2%, 3% v\u00f5i 5%)<\/strong> 15 erineva maitseprofiiliga.<\/p>\n<h3>Premium maitsete valik<\/h3>\n<p><strong>Tutvu meie peenemaitselise valikuga:<\/strong><br \/>Segatud marjad<br \/>Virsiku mahl<br \/>Strawberryice<br \/>Kirsika Vaarikas<br \/>Viinamarja j\u00e4\u00e4<br \/>Sinine Razz Ice<br \/>Sidrunim\u00fcnt<br \/>Blue Rancher<br \/>Arbuusi j\u00e4\u00e4<br \/>Haprad \u00f5unad<br \/>Maasika arbuus<br \/>Mango ananass<br \/>Maasika Kiwiice<br \/>Mustikas Viinamarja<br \/>Arbuusimullasid<\/p>\n<h3>Tehnilised andmed<\/h3>\n<p><strong>Puffs<\/strong>: 35,000 <br \/><strong>Core<\/strong>: 1.00 Dual Mesh Coil<br \/><strong>E-vedeliku mahutavus<\/strong>: 28ml<br \/><strong>Aku<\/strong>: 850mAh laetav<br \/><strong>Laadimine<\/strong>: C-t\u00fc\u00fcpi port<br \/><strong>N\u00e4ita<\/strong>: LED aku \/ tase ekraan<br \/><strong>Toote suurus<\/strong>: 96 x 55 x 27,5 mm<br \/><strong>Pakendi m\u00f5\u00f5tmed<\/strong>: V\u00e4ike karp (60x31x110mm), suur karp (123x168x112mm), kartong (685x380x240mm).<\/p>\n<h3>Ultimate Vaping lahendus<\/h3>\n<p>Vastupidavuse ja maitseomaduste tipptasemel kasutamiseks konstrueeritud <strong>Aivono AIM FLASH 35K<\/strong> \u00fchendab endas pikemaajalise kasutuse ja esmaklassilise aurukvaliteedi. . <strong>28ml e-vedeliku mahutavus<\/strong> tagab kestva rahulolu, samal ajal kui t\u00e4pselt v\u00e4ljat\u00f6\u00f6tatud spiraal s\u00e4ilitab optimaalse maitse. T\u00e4nu kaubanduslikele pakendamisv\u00f5imalustele ja suure j\u00f5udlusega spetsifikatsioonidele sobib see vape nii isiklikuks nautimiseks kui ka jaem\u00fc\u00fcgiks.<\/p>","protected":false},"excerpt":{"rendered":"<p>The <strong>Aivono AIM FLASH 35K<\/strong> \u00fchekordselt kasutatav vape pakub erakordset <strong>35,000 puffid<\/strong> koos <strong>topeltv\u00f5rgum\u00e4his<\/strong> maksimaalse maitse saavutamiseks. Omadused on j\u00e4rgmised <strong>laetav C-t\u00fc\u00fcpi<\/strong> aku, <strong>LED-ekraan<\/strong> j\u00e4relevalve ja <strong>28ml<\/strong> e-vedeliku mahutavus. Valige 15 esmaklassilise maitse ja <strong>0%\/2%\/3%\/5% nicotine<\/strong> tugevused.<\/p>","protected":false},"featured_media":13364,"comment_status":"open","ping_status":"closed","template":"","meta":[],"product_brand":[165],"product_cat":[951],"product_tag":[1000,999,104,94,592,75],"class_list":{"0":"post-13370","1":"product","2":"type-product","3":"status-publish","4":"has-post-thumbnail","6":"product_brand-aivono","7":"product_cat-aivono","8":"product_tag-35000-puff-vape","9":"product_tag-aivono-aim-flash-35k","10":"product_tag-disposable-vape-flavors","11":"product_tag-dual-mesh-coil-vape","12":"product_tag-led-display-vape","13":"product_tag-rechargeable-disposable-vape","15":"first","16":"instock","17":"sale","18":"shipping-taxable","19":"purchasable","20":"product-type-variable"},"jetpack_sharing_enabled":true,"tiered_pricing_type":"fixed","tiered_pricing_fixed_rules":[],"tiered_pricing_product_settings":{"layout":"default","base_unit_name":{"singular":null,"plural":null},"default_variation":null},"tiered_pricing_minimum_quantity":null,"tiered_pricing_roles_data":[],"tiered_pricing_percentage_rules":[],"tiered_pricing_maximum_quantity":null,"tiered_pricing_quantity_step":null,"_links":{"self":[{"href":"https:\/\/frvape.com\/et\/wp-json\/wp\/v2\/product\/13370","targetHints":{"allow":["GET"]}}],"collection":[{"href":"https:\/\/frvape.com\/et\/wp-json\/wp\/v2\/product"}],"about":[{"href":"https:\/\/frvape.com\/et\/wp-json\/wp\/v2\/types\/product"}],"replies":[{"embeddable":true,"href":"https:\/\/frvape.com\/et\/wp-json\/wp\/v2\/comments?post=13370"}],"wp:featuredmedia":[{"embeddable":true,"href":"https:\/\/frvape.com\/et\/wp-json\/wp\/v2\/media\/13364"}],"wp:attachment":[{"href":"https:\/\/frvape.com\/et\/wp-json\/wp\/v2\/media?parent=13370"}],"wp:term":[{"taxonomy":"product_brand","embeddable":true,"href":"https:\/\/frvape.com\/et\/wp-json\/wp\/v2\/product_brand?post=13370"},{"taxonomy":"product_cat","embeddable":true,"href":"https:\/\/frvape.com\/et\/wp-json\/wp\/v2\/product_cat?post=13370"},{"taxonomy":"product_tag","embeddable":true,"href":"https:\/\/frvape.com\/et\/wp-json\/wp\/v2\/product_tag?post=13370"}],"curies":[{"name":"wp","href":"https:\/\/api.w.org\/{rel}","templated":true}]}}