{"id":1499,"date":"2025-10-12T01:28:38","date_gmt":"2025-10-12T01:28:38","guid":{"rendered":"https:\/\/frvape.com\/product\/aivono-aim-magic-15000-puffs-rechargeable-disposable-vape-with-multiple-flavors\/"},"modified":"2025-12-16T09:46:54","modified_gmt":"2025-12-16T09:46:54","slug":"aivono-aim-magic-15000-puffs-laetav-uhekordselt-kasutatav-vape-mitme-maitsega","status":"publish","type":"product","link":"https:\/\/frvape.com\/et\/product\/aivono-aim-magic-15000-puffs-laetav-uhekordselt-kasutatav-vape-mitme-maitsega\/","title":{"rendered":"Aivono Aim Magic 15000 Puffs laetav \u00fchekordselt kasutatav Vape mitme maitsega"},"content":{"rendered":"<h3>Tere tulemast \u00fchekordselt kasutatava Vapingi tulevikku<\/h3>\n<p>The <strong>Aivono Aim Magic 15000<\/strong> revolutsiooniline aurutamine oma erakordse j\u00f5udluse ja kasutajakeskse disainiga. Ideaalne nii algajatele kui ka kogenud kasutajatele, see <strong>\u00fchekordselt kasutatav vape<\/strong> \u00fchendab endas vastupidavuse ja mugavuse, pakkudes kuni 15 000 puhumise pikendatud kasutusiga, mis tagab katkematu naudingu. See on valmistatud elegantse profiiliga, mille m\u00f5\u00f5tmed on vaid 43*102 mm ja kaalub vaid 86 g, mist\u00f5ttu on see kaasaskantav ja sobib ideaalselt igasse elustiili. Toetatud t\u00e4iustatud tehnoloogiaga, toetab see <strong>OEM\/ODM<\/strong> v\u00f5imalused, mis v\u00f5imaldavad ettev\u00f5tetel kohandada br\u00e4ndingut ainulaadse turuv\u00e4\u00e4rtuse saavutamiseks.<\/p>\n<h3>Erakordne j\u00f5udlusv\u00f5ime<\/h3>\n<p>Aim Magic 15000 s\u00fcdameks on v\u00f5imas 13350 puhta koobaltakuga aku, mille v\u00f5imsus on piiratud. <strong>600mAh mahutavus<\/strong>, tagades j\u00e4rjepideva toodangu aja jooksul. See <strong>laetav aku<\/strong> on h\u00f5lpsasti t\u00e4iendatud <strong>Type-C liides<\/strong>, pakkudes kiiret ja t\u00f5husat laadimist, et saaksite aurutada igal pool. Uuenduslik <strong>kahekordne v\u00f5rgusilma tuum<\/strong> k\u00fcttes\u00fcsteem, millel on <strong>1.0\u03a9 vastupanu<\/strong>, pakub sujuvat, j\u00f5ulist aurutootmist suurest hulgast <strong>24ml e-vedeliku paak<\/strong>. Valige oma eelistatud <strong>nikotiini tugevus<\/strong>-0%, 2%, 3% v\u00f5i 5% -, et kohandada kogemus vastavalt teie vajadustele, olenemata sellest, kas otsite intensiivseid tabamusi v\u00f5i nikotiinivaba naudingut.<\/p>\n<h3>Ulatuslikud maitse valikud<\/h3>\n<p>Aivono Aim Magic 15000 paistab silma oma maitsete mitmekesisusega, pakkudes 16 esmaklassilist valikut igale maitsele. Iga maitse kasutab kvaliteetseid koostisosi, et tagada karge, rahuldust pakkuv maitse, mille valikud ulatuvad j\u00e4isest ja hapukast kuni magusa ja puuviljase maitseni. Tutvuge kogu tootevalikuga:<\/p>\n<ul>\n<li><strong>Ananass-kookosj\u00e4\u00e4tis<\/strong><\/li>\n<li><strong>Maasika j\u00e4\u00e4<\/strong><\/li>\n<li><strong>Sinine Razz Ice<\/strong><\/li>\n<li><strong>Lush Bubble Gum<\/strong><\/li>\n<li><strong>Arbuusi j\u00e4\u00e4<\/strong><\/li>\n<li><strong>Cool Mint<\/strong><\/li>\n<li><strong>AIM MAGIC : Virsikuj\u00e4\u00e4tis<\/strong><\/li>\n<li><strong>Mustika j\u00e4\u00e4<\/strong><\/li>\n<li><strong>Viinamarja j\u00e4\u00e4<\/strong><\/li>\n<li><strong>Ananass Mango<\/strong><\/li>\n<li><strong>Roosa limonaad<\/strong><\/li>\n<li><strong>Arbuusimullasid<\/strong><\/li>\n<li><strong>Maasika arbuus<\/strong><\/li>\n<li><strong>Maasika-kivi j\u00e4\u00e4<\/strong><\/li>\n<li><strong>Segatud marjad<\/strong><\/li>\n<\/ul>\n<p>See lai valik tagab, et leiate t\u00e4iusliku sobivuse, mis parandab teie aurutussessioone iga t\u00f5mbega.<\/p>\n<h3>T\u00e4iustatud kasutajafunktsioonid ja kohandamine<\/h3>\n<p>See seade paistab silma oma nutikate, intuitiivsete funktsioonidega, mis t\u00f5stavad teie aurutamiskogemust. N\u00e4iteks on sisseehitatud <strong>e-vedeliku v\u00e4ljapanek<\/strong> v\u00f5imaldab teil j\u00e4lgida mahla taset reaalajas, v\u00e4ltides kuiva tabamust. Vahepeal on <strong>aku taseme n\u00e4idik<\/strong> hoiab teid optimaalseks planeerimiseks v\u00f5imsuse seisundi kohta kursis. Programmeeritav <strong>valgustatud logo<\/strong> lisab isikliku h\u00f5ngu - seda saab kohandada ajal <strong>OEM\/ODM<\/strong> teenused, mis sobivad ideaalselt ettev\u00f5tte br\u00e4ndinguks. Lisaks sellele on <strong>topeltv\u00f5rgul\u00fcliti<\/strong> v\u00f5imaldab sujuvat kontrolli auru intensiivsuse \u00fcle, samas kui mugav <strong>\u00fclemine t\u00e4idis<\/strong> s\u00fcsteem v\u00f5imaldab \u00f5lide t\u00e4itmist h\u00f5lpsasti ja ilma segadusteta j\u00e4rele t\u00e4ita. Pange t\u00e4hele, et seadmeid saab tarnida t\u00e4itmata, mis v\u00f5imaldab klientidel ise t\u00e4ita, et v\u00e4hendada saatmiskulusid ja kohandada.<\/p>\n<h3>P\u00f5hjalikud spetsifikatsioonid sujuvaks integreerimiseks<\/h3>\n<p>Aivono Aim Magic 15000 on projekteeritud t\u00e4pselt ja vastab rangetele kvaliteedin\u00f5uetele. Peamiste tehniliste n\u00e4itajate hulka kuuluvad selle kompaktsed m\u00f5\u00f5tmed 43*102 mm ja netokaal 86 g, mis tagab h\u00f5lpsa kaasaskantavuse. Jaotamiseks on \u00fcksikud pakendid suurusega 6cm*5cm*10cm, brutokaaluga 0,086kg, samas kui lahtise saatmise v\u00f5imalused mahutavad 200 \u00fchikut suure kasti kohta (suurus: 113*103*155mm, kaal: 18kg), kasutades v\u00e4ikekarpe sisepakendina (55*100*30mm). See optimeeritud pakend toetab t\u00f5husat <strong>OEM\/ODM<\/strong> tegevused \u00fcle maailma turgude. Seadme k\u00f5ik-\u00fches-funktsionaalsus v\u00e4hendab hooldust, kusjuures vastupidavad komponendid tagavad usaldusv\u00e4\u00e4rse toimimise seansi j\u00e4rel.<\/p>\n<h3>Miks valida Aim Magic 15000?<\/h3>\n<p>T\u00e4nu uuenduslikkuse, mitmek\u00fclgsuse ja keskkonnas\u00f5bralikkuse kombinatsioonile - t\u00e4nu sellele, et <strong>laetav aku<\/strong> ja valikuline t\u00e4itmata saatmine - Aivono Aim Magic 15000 on oma klassi tipp. See rahuldab erinevaid eelistusi oma ulatusliku <strong>nikotiini tugevused<\/strong> ja maitsek\u00fcllaseid v\u00f5imalusi, mis teeb sellest \u00fchekordselt kasutatava vape'i kategooria silmapaistva esindaja. Olenemata sellest, kas te levitate seda oma kaubam\u00e4rgi all v\u00f5i naudite seda isiklikult, see seade lubab j\u00e4rjepidevat rahulolu, mida toetab l\u00e4bim\u00f5eldud inseneritehnika. Proovige seda juba t\u00e4na, et avastada esmaklassilist aurutamiselamust, mis paneb kasutajad kvaliteedist \u00f5hkama.<\/p>","protected":false},"excerpt":{"rendered":"<p>Kogemused suure v\u00f5imsusega <strong>Aivono Aim Magic 15000<\/strong> kuni <strong>15,000 puffid<\/strong> ja <strong>24ml<\/strong> e-vedelik. Sisaldab <strong>laetav aku<\/strong> ja kohandatav <strong>nikotiini tugevused<\/strong> (0% kuni 5%).<br \/>Saadaval 16 v\u00e4rskendava maitsega isikup\u00e4rastatud aurutamisreisi jaoks.<\/p>","protected":false},"featured_media":1493,"comment_status":"open","ping_status":"closed","template":"","meta":[],"product_brand":[165],"product_cat":[951],"product_tag":[255,254,223,256,75,155],"class_list":{"0":"post-1499","1":"product","2":"type-product","3":"status-publish","4":"has-post-thumbnail","6":"product_brand-aivono","7":"product_cat-aivono","8":"product_tag-15000-puffs-vape","9":"product_tag-aivono-aim-magic","10":"product_tag-nicotine-vape","11":"product_tag-oem-vape","12":"product_tag-rechargeable-disposable-vape","13":"product_tag-vape-flavors","15":"first","16":"instock","17":"sale","18":"shipping-taxable","19":"purchasable","20":"product-type-variable"},"jetpack_sharing_enabled":true,"tiered_pricing_type":"fixed","tiered_pricing_fixed_rules":[],"tiered_pricing_product_settings":{"layout":"default","base_unit_name":{"singular":null,"plural":null},"default_variation":null},"tiered_pricing_minimum_quantity":null,"tiered_pricing_roles_data":[],"tiered_pricing_percentage_rules":[],"tiered_pricing_maximum_quantity":null,"tiered_pricing_quantity_step":null,"_links":{"self":[{"href":"https:\/\/frvape.com\/et\/wp-json\/wp\/v2\/product\/1499","targetHints":{"allow":["GET"]}}],"collection":[{"href":"https:\/\/frvape.com\/et\/wp-json\/wp\/v2\/product"}],"about":[{"href":"https:\/\/frvape.com\/et\/wp-json\/wp\/v2\/types\/product"}],"replies":[{"embeddable":true,"href":"https:\/\/frvape.com\/et\/wp-json\/wp\/v2\/comments?post=1499"}],"wp:featuredmedia":[{"embeddable":true,"href":"https:\/\/frvape.com\/et\/wp-json\/wp\/v2\/media\/1493"}],"wp:attachment":[{"href":"https:\/\/frvape.com\/et\/wp-json\/wp\/v2\/media?parent=1499"}],"wp:term":[{"taxonomy":"product_brand","embeddable":true,"href":"https:\/\/frvape.com\/et\/wp-json\/wp\/v2\/product_brand?post=1499"},{"taxonomy":"product_cat","embeddable":true,"href":"https:\/\/frvape.com\/et\/wp-json\/wp\/v2\/product_cat?post=1499"},{"taxonomy":"product_tag","embeddable":true,"href":"https:\/\/frvape.com\/et\/wp-json\/wp\/v2\/product_tag?post=1499"}],"curies":[{"name":"wp","href":"https:\/\/api.w.org\/{rel}","templated":true}]}}