{"id":2013,"date":"2025-10-12T02:39:59","date_gmt":"2025-10-12T02:39:59","guid":{"rendered":"https:\/\/frvape.com\/product\/bang-king-50000-disposable-vape-50000-puffs-with-dual-favors-and-adjustable-airflow\/"},"modified":"2025-11-04T01:45:08","modified_gmt":"2025-11-04T01:45:08","slug":"bang-king-50000-uhekordselt-kasutatav-vape-50000-puff-koos-topelt-soosikute-ja-reguleeritava-ohuvooluga","status":"publish","type":"product","link":"https:\/\/frvape.com\/et\/product\/bang-king-50000-uhekordselt-kasutatav-vape-50000-puff-koos-topelt-soosikute-ja-reguleeritava-ohuvooluga\/","title":{"rendered":"Bang King 50000 \u00fchekordselt kasutatav Vape - 50,000 Puffs koos Dual Favors ja reguleeritava \u00f5huvooluga"},"content":{"rendered":"<h3>Tutvustame Bang King 50000<\/h3>\n<p>The <strong>Bang King 50000<\/strong> on revolutsiooniline <strong>\u00fchekordselt kasutatav vape<\/strong> mis on m\u00f5eldud nii individuaalsetele kasutajatele kui ka <strong>hulgim\u00fc\u00fck vape<\/strong> jaem\u00fc\u00fcjad. R\u00f5\u00f5mustades erakordse <strong>50,000 puffid<\/strong> v\u00f5imsust ja massiivi <strong>topeltmaitse<\/strong> kombinatsioonid, see seab uue standardi aurustust\u00f6\u00f6stuses. T\u00e4iustatud elementidega, nagu n\u00e4iteks <strong>digitaalne ekraan<\/strong> ja <strong>reguleeritav \u00f5huvool<\/strong>, see pakub kohandamist ja pikaealisust, muutes selle \u00fcheks parimaks <strong>parim \u00fchekordselt kasutatav vape<\/strong> v\u00f5imalused aastaks 2024.<\/p>\n<h3>Toote omadused<\/h3>\n<p><strong>Hulgim\u00fc\u00fck \u00fchekordselt kasutatav Vapes jaem\u00fc\u00fcjatele:<\/strong> Bang King 50000 sobib ideaalselt <strong>hulgim\u00fc\u00fck vape<\/strong> m\u00fc\u00fcjad, kelle eesm\u00e4rk on ladustada k\u00f5rgekvaliteedilisi \u00fchekordselt kasutatavaid aurusid. Kuni 50 000 puffi ja <strong>topeltmaitse<\/strong> v\u00f5imalusi, pakub see laiendatud aurustamiskogemust, mis meeldib klientidele, kes otsivad suure j\u00f5udlusega seadmeid. See muudab selle ideaalseks jaem\u00fc\u00fcjatele v\u00f5i turustajatele, kes soovivad pakkuda usaldusv\u00e4\u00e4rset ja nauditavat <strong>\u00fchekordselt kasutatav vape<\/strong> tooteid, mis vastavad erinevatele eelistustele.<\/p>\n<p><strong>Parim \u00fchekordselt kasutatav Vape pikaajaliseks kasutamiseks:<\/strong> Nagu \u00fcks parimaid <strong>parimad \u00fchekordsed vape mudelid<\/strong>, pakub see seade erakordset v\u00e4\u00e4rtust oma tohutu puffide arvuga. Uuenduslik <strong>digitaalne ekraan<\/strong> j\u00e4lgib teie aurutamise edenemist, tagades, et maksimeerite iga t\u00f5mmet ja naudite j\u00e4rjepidevat rahulolu. See on konstrueeritud vastupidavuse jaoks, v\u00e4hendades vajadust sagedase vahetamise j\u00e4rele ja suurendades kasutusmugavust.<\/p>\n<p><strong>Kaksikmaitse ja reguleeritav \u00f5huvool:<\/strong> Kogege rikkalikku, mitmekihilist aurutamisreisi koos <strong>topeltmaitse<\/strong> funktsionaalsus, mis v\u00f5imaldab teil h\u00f5lpsasti kahe erineva maitse vahel vahetada. Veebileht <strong>reguleeritav \u00f5huvool<\/strong> funktsioon v\u00f5imaldab teil peenh\u00e4\u00e4lestada oma t\u00f5mbamise intensiivsust, et saavutada iga kord t\u00e4iuslik, isikup\u00e4rane tabamus. See s\u00fcnergia loob \u00fche k\u00f5ige <strong>head \u00fchekordsed aurud<\/strong> saadaval, pakkudes mitmek\u00fclgsust ja kontrolli.<\/p>\n<p><strong>Uuenduslik digitaalne ekraan:<\/strong> Sisseehitatud <strong>digitaalne ekraan<\/strong> hoiab teid kursis, n\u00e4idates reaalajas v\u00e4rskendusi puffide arvu, aku taseme ja e-vedeliku mahu kohta. See nutikas j\u00e4lgimine parandab teie kasutuskogemust, aidates teil kasutust t\u00f5husalt hallata, v\u00e4hendades katkestusi ja tagades usaldusv\u00e4\u00e4rse <strong>\u00fchekordselt kasutatav vape<\/strong> tulemuslikkus.<\/p>\n<h3>Toote eelised<\/h3>\n<p><strong>50 000 puffi maksimaalse eluea tagamiseks:<\/strong> Hiiglaslik <strong>50,000 puffid<\/strong> Bang King 50000 minimaalseid asendusi ja pakuvad uskumatut v\u00e4\u00e4rtust. See toetab pikaajalist kasutamist, mis sobib ideaalselt aurajatele, kes n\u00f5uavad <strong>parim \u00fchekordselt kasutatav vape<\/strong> kogemused, mis on v\u00f5rreldamatu vastupidavuse ja kuluefektiivsusega.<\/p>\n<p><strong>Kahe maitsega kohandamine:<\/strong> Koos <strong>topeltmaitse<\/strong> valikute abil saate oma aurutamist isikup\u00e4rastada vastavalt oma eelistustele, pakkudes d\u00fcnaamilisemat ja nauditavamat seanssi kui tavalised \u00fche maitsega seadmed. See omadus r\u00f5hutab, miks see on \u00fcks j\u00e4rgmistest <strong>head \u00fchekordsed aurud<\/strong> maitseentusiastidele.<\/p>\n<p><strong>Reguleeritav \u00f5huvool t\u00e4iuslikuks t\u00f5mbamiseks:<\/strong> Kohandage oma tabamust t\u00e4pselt, kasutades <strong>reguleeritav \u00f5huvool<\/strong>, mis kohandub vastavalt teie soovitud tihedusele v\u00f5i l\u00f5dvusele. See tagab p\u00fcsiva mugavuse ja rahulolu, r\u00f5hutades innovatsiooni <strong>kahesuguse maitsega e-sigaret<\/strong> disainilahendused.<\/p>\n<p><strong>Nutikas digitaalne ekraan lihtsaks j\u00e4lgimiseks:<\/strong> The <strong>digitaalne ekraan<\/strong> pakub t\u00e4pseid n\u00e4itusi puhangute arvu ja aku seisundi kohta, lihtsustades seadme haldamist ja v\u00e4hendades ootamatuid seisakuid. See intelligentsus teeb sellest seadme <strong>\u00fchekordselt kasutatav vape<\/strong> l\u00e4bipaistvust otsivatele tehnoloogiaga kursis olevatele kasutajatele.<\/p>\n<h3>Tehnilised andmed<\/h3>\n<p>Bang King 50000 sisaldab tipptasemel n\u00e4itajaid, mis parandavad teie aurutamist: Nikotiini tugevuse valikud 0%, 2%, 3% ja 5% kohandatud intensiivsuse jaoks; tohutu 50 000 t\u00f5mbamise eluiga; 50ml e-vedeliku maht pikemate seansside jaoks; suure j\u00f5udlusega 1,0ohm v\u00f5rgusilma m\u00e4his, mis tagab sujuva aurutootmise; 850mAh aku usaldusv\u00e4\u00e4rsuse tagamiseks; intuitiivne digitaalne ekraan, mis n\u00e4itab aku ja e-vedeliku taset; t\u00e4ielikult reguleeritav \u00f5huvool; 12 erinevat kahesuguse maitsega valikut; Type-C USB port kiireks laadimiseks; ja mugav pakend 10 \u00fchikut karbis ja 200 \u00fchikut kartongis.<\/p>\n<h3>Peenike maitse valikud<\/h3>\n<p>Valige meie kahe maitsekombinatsiooni hulgast:<\/p>\n<p>Maasika-mango\/maasika-kiivi<br \/>Red Bull\/maasika-banaan<br \/>Arbuusij\u00e4\u00e4tis\/Mustikam\u00fcnt<br \/>Arbuusij\u00e4\u00e4tis\/Mustikakirss<br \/>Maasika-mango\/vesimelon mullituspuru<br \/>Mustikaj\u00e4\u00e4tis\/virsikaj\u00e4\u00e4tis<br \/>Mustikas Vaarikas\/Marjasegu<br \/>Maasika arbuus \/ must draakon j\u00e4\u00e4<br \/>Maasikas Arbuus\/Kiwi Passion Fruit Guava<br \/>Mustika-marja\/viinamarja j\u00e4\u00e4<br \/>Mustikaj\u00e4\u00e4tis \/ virsik-mango arbuus<br \/>Red Bull\/Mustikas arbuus<\/p>\n<h3>Miks valida Bang King 50000?<\/h3>\n<p>Uuendage versioonile <strong>Bang King 50000<\/strong> eliidi jaoks <strong>\u00fchekordselt kasutatav vape<\/strong> kogemus, mis \u00fchendab endas v\u00f5imsuse, isikup\u00e4rastamise ja j\u00f5udluse. Sobib ideaalselt <strong>hulgim\u00fc\u00fck vape<\/strong> operatsioonide ja igap\u00e4evaste kasutajate jaoks pakub see <strong>parim \u00fchekordselt kasutatav vape<\/strong> funktsioonid elegantses, kasutajas\u00f5bralikus disainis. V\u00f5tke omaks innovatsioon ja maitsete mitmekesisus - tellige juba t\u00e4na, et saada v\u00f5rratu rahulolu.<\/p>","protected":false},"excerpt":{"rendered":"<p>The <strong>Bang King 50000<\/strong> annab kuni muljetavaldava <strong>50,000 puffid<\/strong> koos <strong>topeltmaitse<\/strong> valikud, mis sobivad ideaalselt <strong>hulgim\u00fc\u00fck vape<\/strong> ettev\u00f5tted. Omadused <strong>reguleeritav \u00f5huvool<\/strong> ja nutikas <strong>digitaalne ekraan<\/strong> t\u00f5hustatud j\u00e4relevalveks.<br \/>Kogemused pikaajalisest aurustamisest selle tippklassi \u00fchekordselt kasutatava seadmega.<\/p>","protected":false},"featured_media":2007,"comment_status":"open","ping_status":"closed","template":"","meta":[],"product_brand":[133],"product_cat":[856],"product_tag":[305,307,309,308,306],"class_list":{"0":"post-2013","1":"product","2":"type-product","3":"status-publish","4":"has-post-thumbnail","6":"product_brand-bangking","7":"product_cat-bangking","8":"product_tag-50000-puffs-vape","9":"product_tag-adjustable-airflow-disposable","10":"product_tag-bang-king-vape","11":"product_tag-digital-screen-vape","12":"product_tag-dual-flavor-e-cigarette","14":"first","15":"instock","16":"sale","17":"shipping-taxable","18":"purchasable","19":"product-type-variable"},"jetpack_sharing_enabled":true,"tiered_pricing_type":"fixed","tiered_pricing_fixed_rules":[],"tiered_pricing_product_settings":{"layout":"default","base_unit_name":{"singular":null,"plural":null},"default_variation":null},"tiered_pricing_minimum_quantity":null,"tiered_pricing_roles_data":[],"tiered_pricing_percentage_rules":[],"tiered_pricing_maximum_quantity":null,"tiered_pricing_quantity_step":null,"_links":{"self":[{"href":"https:\/\/frvape.com\/et\/wp-json\/wp\/v2\/product\/2013","targetHints":{"allow":["GET"]}}],"collection":[{"href":"https:\/\/frvape.com\/et\/wp-json\/wp\/v2\/product"}],"about":[{"href":"https:\/\/frvape.com\/et\/wp-json\/wp\/v2\/types\/product"}],"replies":[{"embeddable":true,"href":"https:\/\/frvape.com\/et\/wp-json\/wp\/v2\/comments?post=2013"}],"wp:featuredmedia":[{"embeddable":true,"href":"https:\/\/frvape.com\/et\/wp-json\/wp\/v2\/media\/2007"}],"wp:attachment":[{"href":"https:\/\/frvape.com\/et\/wp-json\/wp\/v2\/media?parent=2013"}],"wp:term":[{"taxonomy":"product_brand","embeddable":true,"href":"https:\/\/frvape.com\/et\/wp-json\/wp\/v2\/product_brand?post=2013"},{"taxonomy":"product_cat","embeddable":true,"href":"https:\/\/frvape.com\/et\/wp-json\/wp\/v2\/product_cat?post=2013"},{"taxonomy":"product_tag","embeddable":true,"href":"https:\/\/frvape.com\/et\/wp-json\/wp\/v2\/product_tag?post=2013"}],"curies":[{"name":"wp","href":"https:\/\/api.w.org\/{rel}","templated":true}]}}