{"id":3082,"date":"2025-10-12T04:30:40","date_gmt":"2025-10-12T04:30:40","guid":{"rendered":"https:\/\/frvape.com\/product\/uwin-crystal-twins-40000-disposable-vape-long-lasting-rechargeable\/"},"modified":"2025-11-04T01:53:24","modified_gmt":"2025-11-04T01:53:24","slug":"uwin-crystal-twins-40000-uhekordselt-kasutatav-vape-pikaajaline-laetav","status":"publish","type":"product","link":"https:\/\/frvape.com\/et\/product\/uwin-crystal-twins-40000-uhekordselt-kasutatav-vape-pikaajaline-laetav\/","title":{"rendered":"Uwin Crystal Twins 40000 \u00fchekordselt kasutatav Vape | kauakestev ja laetav"},"content":{"rendered":"<h3>Tutvustame Uwin Crystal Twins 40000 \u00fchekordselt kasutatavat Vape'i<\/h3>\n<p>Astu maailma premium aurustamise maailma koos <strong>Uwin Crystal Twins 40000<\/strong>, mille eesm\u00e4rk on pakkuda <strong>40,000 puffid<\/strong> puhas nauding. See uuenduslik seade tagab iga sissehingamisega ulatusliku ja rikkaliku maitseelamuse, \u00fchendades visuaalselt silmatorkava metallilise l\u00e4ike ja sileda akr\u00fc\u00fclviimistluse t\u00f5eliselt rafineeritud aistingute jaoks. Selle <strong>laetav<\/strong> s\u00fcsteem Type-C pordi kaudu tagab pikaajalise j\u00f5udluse, mist\u00f5ttu on see ideaalne igap\u00e4evase aurutamise harrastajatele, kes otsivad rahulolu.<\/p>\n<h3>V\u00f5rratu j\u00f5udlus ja spetsifikatsioonid<\/h3>\n<p>The <strong>Uwin Crystal Twins 40000<\/strong> on loodud tipptasemel tehnoloogiaga, et suurendada teie aurutamisr\u00f5\u00f5mu. Peamised spetsifikatsioonid h\u00f5lmavad massiivset puffide arvu <strong>40,000<\/strong>, mis tagab n\u00e4dalaid kestva naudingu ilma pidevate asendusteta. Seade sisaldab m\u00e4rkimisv\u00e4\u00e4rset <strong>32ml<\/strong> e-vedeliku mahutavus ja v\u00f5imas <strong>850mAh aku<\/strong> koobalti optimeerimisega t\u00f5husaks ja kiireks laadimiseks. T\u00e4nu t\u00e4iustatud <strong>v\u00f5rgusilma spiraal<\/strong> s\u00fcsteem, see pakub intensiivset maitsekonsistentsi igas puhangus, koos mugava <strong>\u00f5li v\u00f5imsuse indikaator<\/strong> et v\u00e4ltida v\u00e4ljaviskeid. See on ideaalne nii uutele kasutajatele kui ka aurutajatele, kuna toetab erinevaid nikotiinisisaldusi, mis v\u00f5imaldavad individuaalset kasutuskogemust.<\/p>\n<h3>Mitmek\u00fclgsed maitsed igaks puhastamise juhuks<\/h3>\n<p><p>T\u00f5sta oma aurutamishetked meie mitmekesise valikuga <strong>20 ahvatlevat maitset<\/strong>, mis on pakendatud kahesuguse maitsega disainiga, et sobida vaevata teie meeleoludega. Iga maitse pakub ainulaadset segu rikkalikkusest ja pehmusest, olenemata sellest, kas ihkate puuviljaseid naudinguid v\u00f5i j\u00e4iseid aistinguid. Tutvuge meie p\u00f5hjaliku <strong>maitsekoosseis<\/strong>:<\/p>\n<p><strong>Mustikas j\u00e4\u00e4l<\/strong><br \/><strong>Kiivi Passion Fruit Guava<\/strong><br \/><strong>Viinamarja j\u00e4\u00e4<\/strong><br \/><strong>Maasikas Vaarikas Kirss<\/strong><br \/><strong>Maasika kiivi<\/strong><br \/><strong>Mr Blue<\/strong><br \/><strong>Virsik Mango Ananass<\/strong><br \/><strong>Cherry Ice<\/strong><br \/><strong>Lemon Lime<\/strong><br \/><strong>Armastus 66 (Passion Fruit Melon Ice)<\/strong><br \/><strong>Maasikas banaan<\/strong><br \/><strong>Kaks Apple<\/strong><br \/><strong>Kiivi Passion Fruit Guava<\/strong><br \/><strong>Arbuusi j\u00e4\u00e4<\/strong><br \/><strong>Mustikas Vaarikas<\/strong><br \/><strong>Red Bull<\/strong><br \/><strong>Maasika arbuus<\/strong><br \/><strong>Segatud marjad<\/strong><br \/><strong>Mustikas Vaarikas<\/strong><br \/><strong>Suvine virsikuj\u00e4\u00e4tis<\/strong><\/p>\n<p>Nende <strong>eksklusiivsed valikud<\/strong>, saate vahetada v\u00e4rskete puuviljainfusioonide, hapukate nootide ja jahutavate j\u00e4\u00e4efektide vahel l\u00f5putu naudingu saamiseks.<\/p>\n<\/p>\n<h3>Mugav pakend ja elustiili integratsioon<\/h3>\n<p>Praktilisuse ja kasutusmugavuse huvides loodud <strong>Uwin Crystal Twins 40000<\/strong> on mitmek\u00fclgsete pakendamisv\u00f5imalustega: iga karp sisaldab 10 seadet ja iga kartong mahutab 200 tk. See <strong>\u00fchekordselt kasutatav vape<\/strong> kaalub 22,5 kg karbi kohta, optimeeritud karbi m\u00f5\u00f5tmed CM-formaadis t\u00f5husaks ladustamiseks ja transpordiks. Selle <strong>laetav<\/strong> funktsioon eristab seda, v\u00f5imaldades teil s\u00e4ilitada <strong>40,000 puff<\/strong> potentsiaali j\u00e4rjepideva C-t\u00fc\u00fcpi laadimise kaudu. V\u00f5ta omaks probleemivaba aurutamiskogemus, mis sobib sujuvalt mis tahes elustiiliga, alates vaiksetest \u00f5htutest kuni aktiivsete seiklusteni.<\/p>\n<h3>Miks valida Uwin Crystal Twins?<\/h3>\n<p>See erakordne seade \u00fchendab endas stiili ja sisu, pakkudes vastupidavat, <strong>v\u00f5rgusilma spiraal<\/strong>-t\u00e4iustatud j\u00f5udlus laitmatu aurukvaliteedi saavutamiseks. Kasutajad teatavad suurenenud rahulolu <strong>nikotiinivalikud<\/strong> vahemikus 0% kuni 5%, mis rahuldab nii nikotiinivaba kui ka tugevat nikotiini otsijaid. . <strong>\u00f5li v\u00f5imsuse indikaator<\/strong> funktsioon tagab, et te ei arva kunagi \u00e4ra, millal on asendamise aeg. Lisaks sellele on ulatuslik maitsete mitmekesisus ja pikk <strong>Puff life<\/strong> tagavad v\u00e4\u00e4rtuse ja p\u00f5nevuse igas kasutuses.<\/p>\n<p>Muuda oma aurutamisrutiini koos <strong>Uwin Crystal Twins 40000<\/strong> - kus t\u00e4iustatud tehnoloogia ja elegantsus kohtuvad. Avastage, miks see on parim valik <strong>\u00fchekordselt kasutatav vape<\/strong> entusiastid t\u00e4na.<\/p>","protected":false},"excerpt":{"rendered":"<p>Kogemused <strong>40,000 puffid<\/strong> puhas r\u00f5\u00f5m koos <strong>Uwin Crystal Twins 40000<\/strong>, millel on sile metalne l\u00e4ige ja sile akr\u00fc\u00fclpind.<\/p>\n<p>Nautige mitmek\u00fclgset topelt <strong>maitsed<\/strong> iga meeleolu jaoks, nikotiinivalikud 0%\/2%\/3%\/5% ja <strong>laetav<\/strong> disain.<\/p>","protected":false},"featured_media":3076,"comment_status":"open","ping_status":"closed","template":"","meta":[],"product_brand":[404],"product_cat":[1017,850],"product_tag":[389,112,372,229,407,155],"class_list":{"0":"post-3082","1":"product","2":"type-product","3":"status-publish","4":"has-post-thumbnail","6":"product_brand-uwin","7":"product_cat-crystal-vapes","8":"product_cat-uwin","9":"product_tag-40000-puffs-vape","10":"product_tag-disposable-vape","11":"product_tag-mesh-coil","12":"product_tag-rechargeable-electronic-cigarette","13":"product_tag-uwin-crystal-twins","14":"product_tag-vape-flavors","16":"first","17":"instock","18":"sale","19":"shipping-taxable","20":"purchasable","21":"product-type-variable"},"jetpack_sharing_enabled":true,"tiered_pricing_type":"fixed","tiered_pricing_fixed_rules":[],"tiered_pricing_product_settings":{"layout":"default","base_unit_name":{"singular":null,"plural":null},"default_variation":null},"tiered_pricing_minimum_quantity":null,"tiered_pricing_roles_data":[],"tiered_pricing_percentage_rules":[],"tiered_pricing_maximum_quantity":null,"tiered_pricing_quantity_step":null,"_links":{"self":[{"href":"https:\/\/frvape.com\/et\/wp-json\/wp\/v2\/product\/3082","targetHints":{"allow":["GET"]}}],"collection":[{"href":"https:\/\/frvape.com\/et\/wp-json\/wp\/v2\/product"}],"about":[{"href":"https:\/\/frvape.com\/et\/wp-json\/wp\/v2\/types\/product"}],"replies":[{"embeddable":true,"href":"https:\/\/frvape.com\/et\/wp-json\/wp\/v2\/comments?post=3082"}],"wp:featuredmedia":[{"embeddable":true,"href":"https:\/\/frvape.com\/et\/wp-json\/wp\/v2\/media\/3076"}],"wp:attachment":[{"href":"https:\/\/frvape.com\/et\/wp-json\/wp\/v2\/media?parent=3082"}],"wp:term":[{"taxonomy":"product_brand","embeddable":true,"href":"https:\/\/frvape.com\/et\/wp-json\/wp\/v2\/product_brand?post=3082"},{"taxonomy":"product_cat","embeddable":true,"href":"https:\/\/frvape.com\/et\/wp-json\/wp\/v2\/product_cat?post=3082"},{"taxonomy":"product_tag","embeddable":true,"href":"https:\/\/frvape.com\/et\/wp-json\/wp\/v2\/product_tag?post=3082"}],"curies":[{"name":"wp","href":"https:\/\/api.w.org\/{rel}","templated":true}]}}