{"id":4211,"date":"2025-10-12T05:57:58","date_gmt":"2025-10-12T05:57:58","guid":{"rendered":"https:\/\/frvape.com\/product\/doloda-db-7000-7000-puffs-disposable-vape-with-airflow-control-8-flavors\/"},"modified":"2025-10-12T05:58:06","modified_gmt":"2025-10-12T05:58:06","slug":"doloda-db-7000-7000-puffs-uhekordselt-kasutatav-vape-koos-ohuvoolu-kontrolliga-8-maitsega","status":"publish","type":"product","link":"https:\/\/frvape.com\/et\/product\/doloda-db-7000-7000-puffs-uhekordselt-kasutatav-vape-koos-ohuvoolu-kontrolliga-8-maitsega\/","title":{"rendered":"Doloda Db 7000: 7000 Puffs \u00fchekordselt kasutatav Vape Airflow Control &amp; 8 maitsega"},"content":{"rendered":"<h3>Revolutsiooniline kauakestev aurustamiskogemus<\/h3>\n<p>The <strong>Doloda Db 7000<\/strong> defineerib uuesti \u00fchekordse aurutamise mugavuse oma erakordse <strong>7000-puhvli mahutavus<\/strong>. See seade on m\u00f5eldud vastupidavuse otsijatele, v\u00e4listades pidevad asendused, pakkudes samas j\u00e4rjepidevat j\u00f5udlust. Erinevalt tavap\u00e4rastest \u00fchekordselt kasutatavatest materjalidest on meie integreeritud <strong>500mAh aku<\/strong> toetab laiendatud kasutamist l\u00e4bi <strong>C-t\u00fc\u00fcpi laadimine<\/strong>, tagades, et sa v\u00f5tad iga pungi v\u00e4lja heldest <strong>14ML eelt\u00e4idetud e-vedelik<\/strong> reservuaar.<\/p>\n<h3>T\u00e4pne kontroll ja Premium maitsed<\/h3>\n<p>Kohandage oma seansse t\u00e4iustatud <strong>\u00f5huvoolu reguleerimine<\/strong> tehnoloogia, mis v\u00f5imaldab vaevata \u00fcleminekut tiheda sigaretilaadse t\u00f5mbamise ja \u00f5hulise, pilvede taga ajava sissehingamise vahel. Meie <strong>nikotiinisoola valemiga<\/strong> (0%\/2%\/3%\/5% valikud) tagab kiire rahulolu ja sujuvamad kurguhoobid. Hellita 8 asjatundlikult valmistatud maitsega:<\/p>\n<p><strong>Kummikaru<\/strong> | <strong>Rikkalik j\u00e4\u00e4<\/strong> | <strong>Pina Colada<\/strong> | <strong>Maasikas banaan<\/strong><br \/><strong>Topelt\u00f5unad<\/strong> | <strong>Sinine Razz Ice<\/strong> | <strong>Viinamarja j\u00e4\u00e4<\/strong> | <strong>Maasika arbuus<\/strong><\/p>\n<h3>V\u00f5rratu tehnilised n\u00e4itajad<\/h3>\n<p>Iga <strong>Doloda Db 7000<\/strong> mahutab keerulise tehnika kasutajas\u00f5bralikku seadmesse: <strong>7000 puffi<\/strong> \u00fchiku kohta - <strong>14ML soolast nikotiini sisaldav e-vedelik<\/strong> - <strong>Laetav 500mAh aku<\/strong> - Patenteeritud <strong>\u00f5huvoolu reguleerimine<\/strong> dial - \u00fclikiire <strong>C-t\u00fc\u00fcpi recgarge<\/strong> port - Kompaktne 10 seadme kuvaripakend. Optimeeritud spiraals\u00fcsteem hoiab \u00e4ra kuivad tabamused, maksimeerides samal ajal maitse terviklikkust k\u00f5igis 8 variandis.<\/p>\n<h3>Miks Vaperid valivad Doloda Db 7000<\/h3>\n<p>Kuna see \u00fchekordselt kasutatav e-sigaret on \u00fclimalt mugav lahendus, vajab see e-sigaret NULL hooldust - ei mingit t\u00e4itmist, spiraalide vahetamist ega keerulisi seadistusi. Erakordne <strong>Puffide arv<\/strong> muudab selle ideaalseks reisijatele, kogu p\u00e4eva aurutajatele ja neile, kes suitsetamisest loobuvad. Iga t\u00f5mbamine annab rikkaliku, k\u00fcllastunud auru koos iseloomuliku <strong>nikotiinisool<\/strong> sujuvust, samal ajal kui ergonoomiline suukorv tagab mugava pikemaajalise seansi. Osta meie hoolikalt testitud maitseid juba t\u00e4na.<\/p>\n<h3>Projekteeritud usaldusv\u00e4\u00e4rsuse tagamiseks<\/h3>\n<p>Meditsiinilise kvaliteediga PCTG-materjalide ja mitmete ohutuskaitsemeetmetega (\u00fclelaadimise\/v\u00e4ljaarvamise v\u00e4ltimine, l\u00fchisekaitse) ehitatud <strong>Doloda Db 7000<\/strong> tagab muretu t\u00f6\u00f6. Intelligentne akujuhtimiss\u00fcsteem s\u00e4ilitab \u00fchtlase v\u00f5imsuse kuni viimase paugutuseni. Kombineerige see usaldusv\u00e4\u00e4rsus uskumatu <strong>7000-puhumise kestvus<\/strong>ja teil on \u00fchekordselt kasutatav toode, mis on konkurentidest parem, v\u00e4hendades samal ajal keskkonnaj\u00e4\u00e4tmeid. Kogege aurutamise lihtsust t\u00e4iustatud kujul.<\/p>","protected":false},"excerpt":{"rendered":"<p>The <strong>Doloda Db 7000<\/strong> \u00fchekordselt kasutatav vape pakub t\u00f6\u00f6stusharu juhtivat <strong>7000 puffi<\/strong> null hooldusega. Sisaldab <strong>reguleeritav \u00f5huvoolu reguleerimine<\/strong>, sisseehitatud <strong>500mAh aku<\/strong>ja <strong>8 k\u00f5rgekvaliteedilist maitset<\/strong> 2%\/3%\/5% nikotiinisisaldusega. Ideaalne pikemaajaliseks aurutamiseks ilma korduvt\u00e4itmise v\u00f5i vaevata.<\/p>","protected":false},"featured_media":4205,"comment_status":"open","ping_status":"closed","template":"","meta":[],"product_brand":[224],"product_cat":[225],"product_tag":[494,495,493,285,103,172],"class_list":{"0":"post-4211","1":"product","2":"type-product","3":"status-publish","4":"has-post-thumbnail","6":"product_brand-doloda","7":"product_cat-doloda-vape","8":"product_tag-7000-puffs-disposable-vape","9":"product_tag-airflow-control-vape","10":"product_tag-doloda-db-7000","11":"product_tag-nicotine-salt-vape","12":"product_tag-rechargeable-e-cigarette","13":"product_tag-type-c-vape-pen","15":"first","16":"instock","17":"sale","18":"shipping-taxable","19":"purchasable","20":"product-type-variable"},"jetpack_sharing_enabled":true,"tiered_pricing_type":"fixed","tiered_pricing_fixed_rules":[],"tiered_pricing_product_settings":{"layout":"default","base_unit_name":{"singular":null,"plural":null},"default_variation":null},"tiered_pricing_minimum_quantity":null,"tiered_pricing_roles_data":[],"tiered_pricing_percentage_rules":[],"tiered_pricing_maximum_quantity":null,"tiered_pricing_quantity_step":null,"_links":{"self":[{"href":"https:\/\/frvape.com\/et\/wp-json\/wp\/v2\/product\/4211","targetHints":{"allow":["GET"]}}],"collection":[{"href":"https:\/\/frvape.com\/et\/wp-json\/wp\/v2\/product"}],"about":[{"href":"https:\/\/frvape.com\/et\/wp-json\/wp\/v2\/types\/product"}],"replies":[{"embeddable":true,"href":"https:\/\/frvape.com\/et\/wp-json\/wp\/v2\/comments?post=4211"}],"wp:featuredmedia":[{"embeddable":true,"href":"https:\/\/frvape.com\/et\/wp-json\/wp\/v2\/media\/4205"}],"wp:attachment":[{"href":"https:\/\/frvape.com\/et\/wp-json\/wp\/v2\/media?parent=4211"}],"wp:term":[{"taxonomy":"product_brand","embeddable":true,"href":"https:\/\/frvape.com\/et\/wp-json\/wp\/v2\/product_brand?post=4211"},{"taxonomy":"product_cat","embeddable":true,"href":"https:\/\/frvape.com\/et\/wp-json\/wp\/v2\/product_cat?post=4211"},{"taxonomy":"product_tag","embeddable":true,"href":"https:\/\/frvape.com\/et\/wp-json\/wp\/v2\/product_tag?post=4211"}],"curies":[{"name":"wp","href":"https:\/\/api.w.org\/{rel}","templated":true}]}}