{"id":4607,"date":"2025-10-12T06:22:39","date_gmt":"2025-10-12T06:22:39","guid":{"rendered":"https:\/\/frvape.com\/product\/razz-bar-10000-puffs-disposable-vape-oil-refillable-with-mesh-coil\/"},"modified":"2025-11-24T09:11:06","modified_gmt":"2025-11-24T09:11:06","slug":"razz-bar-10000-puffs-uhekordseks-kasutamiseks-vape-oli-taidetav-koos-vorgusilma-spiraaliga","status":"publish","type":"product","link":"https:\/\/frvape.com\/et\/product\/razz-bar-10000-puffs-uhekordseks-kasutamiseks-vape-oli-taidetav-koos-vorgusilma-spiraaliga\/","title":{"rendered":"Razz Bar 10000 Puffs \u00fchekordselt kasutatav Vape - \u00f5li, mis on t\u00e4idetav v\u00f5rkkesta spiraaliga"},"content":{"rendered":"<h3>Sissejuhatus<\/h3>\n<p>The <strong>Razz Bar 10000<\/strong> m\u00e4\u00e4ratleb uuesti mugavuse \u00fchekordselt kasutatava vapi turul, mis on m\u00f5eldud t\u00e4iskasvanud aurutajatele, kes otsivad esmaklassilist tehnoloogiat ja erakordset maitset.<br \/>See e-sigaret tagab oma h\u00e4mmastava 10 000 t\u00f5mbega ja korduvt\u00e4idetava disainiga \u00f5mblusteta, pikaajalise kogemuse, mis on pakitud taskus\u00f5bralikku seadmesse.<\/p>\n<h3>Toote spetsifikatsioonid<\/h3>\n<p>Vabastage innovatsiooni v\u00f5imsus nende oluliste funktsioonidega:<br \/>- <strong>Puffs<\/strong>: Umbes 10 000 puffi pikemate aurutussessioonide jaoks.<br \/>- <strong>V\u00f5imsus<\/strong>: 20ml, v\u00f5imendades <strong>\u00f5li korduvt\u00e4idetav<\/strong> s\u00fcsteemi, et v\u00e4hendada j\u00e4\u00e4tmeid ja suurendada v\u00e4\u00e4rtust.<br \/>- <strong>Pakend<\/strong>: 200 \u00fchikut karbi kohta, ideaalne lahtiste ostude jaoks.<br \/>- <strong>Maitsed<\/strong>: Valige 16 erineva maitse vahel, mis sobivad teie maitsele.<br \/>- <strong>Aku<\/strong>: 650mAh <strong>laetav<\/strong> aku USB Type-C kaudu, tagades kiire ja usaldusv\u00e4\u00e4rse toite.<br \/>- <strong>Spiraaltehnoloogia<\/strong>: Suure j\u00f5udlusega <strong>v\u00f5rgusilma spiraal<\/strong> rikkalikuma auru ja j\u00e4rjepideva maitse edastamiseks.<br \/>- <strong>Nikotiini tase<\/strong>: Saadaval 2% v\u00f5i 5% tugevusega, mis vastab erinevatele eelistustele.<\/p>\n<h3>Maitsekollektsioon<\/h3>\n<p>Nautige maitsete s\u00fcmfooniat, mis t\u00f5stab teie aurutamisretke k\u00f5rgemale.<br \/>The <strong>Razz Bar 10000<\/strong> on eelt\u00e4idetud 16 erineva maitsega, millest iga\u00fcks on loodud j\u00e4\u00e4k\u00fclma, puuviljase v\u00f5i klassikalise l\u00f5hna jaoks.<br \/>T\u00e4ielik maitseainete nimekiri:<br \/>Virsikuj\u00e4\u00e4tis<br \/>Mustika j\u00e4\u00e4<br \/>Maasika kiivi<br \/>Arbuusi j\u00e4\u00e4<br \/>Mamba<br \/>Virsik Mango Ananass<br \/>Kiivi Passion Fruit Guava<br \/>Cola Ice<br \/>Red Bull Ice<br \/>Maasika j\u00e4\u00e4<br \/>Rikkalik j\u00e4\u00e4<br \/>Mustikas Kirsika J\u00f5hvik<br \/>Blue Razz limonaad<br \/>Segatud marjad<br \/>Kummikaru<br \/>Cherry Ice<br \/>Selle laia valiku abil saab iga suitsetaja leida oma ideaalset sobitajat.<\/p>\n<h3>Suurep\u00e4rane Vaping Performance<\/h3>\n<p>Kogege v\u00f5rratut kvaliteeti koos <strong>v\u00f5rgusilma spiraal<\/strong> tehnoloogia, mis on loodud tiheda ja aromaatse auru tootmiseks iga t\u00f5mbega.<br \/>The <strong>laetav<\/strong> 650 mAh aku ja USB Type-C port pakuvad kiiret laadimist, mis v\u00f5imaldab pidevat kasutamist ilma seisakuteta.<br \/>Lisaks on <strong>\u00f5li korduvt\u00e4idetav<\/strong> mahutavus t\u00e4hendab, et te saate oma vape'i teel t\u00e4iendada, mis muudab selle keskkonnas\u00f5bralikumaks. <strong>\u00fchekordselt kasutatav vape<\/strong> valik.<\/p>\n<h3>Razz Bar'i kohta<\/h3>\n<p>Uhkusega asutatud 2017, <strong>Razz Bar<\/strong> seisab juhtiva j\u00f5una <strong>e-sigaret<\/strong> t\u00f6\u00f6stus, mis on spetsialiseerunud tipptasemel \u00fchekordselt kasutatavatele lahendustele.<br \/>Oma professionaalse tehase ja p\u00fchendunud meeskondade - sealhulgas inseneride, turundajate, disainerite ja m\u00fc\u00fcgiekspertide - abil oleme loonud oma kaubam\u00e4rgi, et pakkuda uuenduslikke aurustustooteid, mis vastavad \u00fclemaailmsetele tarbijate n\u00f5udmistele.<br \/>Iga <strong>Razz Bar<\/strong> seade l\u00e4bib ranged kvaliteedikontrolliprotsessid nagu IQC, IPQC ja FQC, mis tagavad ohutuse ja usaldusv\u00e4\u00e4rsuse.<br \/>Sertifitseeritud rahvusvaheliste standarditega, nagu CE ja RoHS, garanteerime tipptaseme.<br \/>Osana meie p\u00fchendumusest pakume kindlaid OEM- ja ODM-teenuseid, mida toetab meie maine kliendilojaalsus maailmaturul.<\/p>\n<h3>Miks valida Razz Bar 10000?<\/h3>\n<p>V\u00f5tke omaks vaevata elustiil selle k\u00f5rge puffiga <strong>\u00fchekordselt kasutatav vape<\/strong> mis konkureerivad korduvkasutatavate seadmetega.<br \/>Suurep\u00e4rane 20ml mahutavus ja <strong>laetav<\/strong> funktsioon v\u00e4hendab sagedast v\u00e4ljavahetamist, samas kui t\u00e4iustatud <strong>v\u00f5rgusilma spiraal<\/strong> suurendab maitsete intensiivsust koos sujuva ja rahuldust pakkuva t\u00f5mbega.<br \/>Razz Bar 10000 sobib ideaalselt k\u00f5ikide tasemete aurutajatele, \u00fchendab endas mugavuse, j\u00f5udluse ja hulgaliselt maitseid, et t\u00f5sta oma rutiini.<\/p>","protected":false},"excerpt":{"rendered":"<p>Avasta <strong>Razz Bar 10000<\/strong>, lisatasu <strong>\u00fchekordselt kasutatav vape<\/strong> mis annab kuni 10,000 puffi oma suure 20ml mahuga. <strong>\u00f5li korduvt\u00e4idetav<\/strong> v\u00f5imsus.<br \/>Mis sisaldab <strong>laetav<\/strong> 650mAh aku, t\u00e4iustatud <strong>v\u00f5rgusilma spiraal<\/strong>ja 16 p\u00f5nevat maitset, mis tagavad sujuva ja rahuldust pakkuva kogemuse.<\/p>","protected":false},"featured_media":4601,"comment_status":"open","ping_status":"closed","template":"","meta":[],"product_brand":[70],"product_cat":[893],"product_tag":[517,112,372,515,514,516],"class_list":{"0":"post-4607","1":"product","2":"type-product","3":"status-publish","4":"has-post-thumbnail","6":"product_brand-razzbar","7":"product_cat-razzbar","8":"product_tag-10000-puffs","9":"product_tag-disposable-vape","10":"product_tag-mesh-coil","11":"product_tag-oil-refillable","12":"product_tag-razz-bar-10000","13":"product_tag-rechargeable","15":"first","16":"instock","17":"sale","18":"shipping-taxable","19":"purchasable","20":"product-type-variable"},"jetpack_sharing_enabled":true,"tiered_pricing_type":"fixed","tiered_pricing_fixed_rules":[],"tiered_pricing_product_settings":{"layout":"default","base_unit_name":{"singular":null,"plural":null},"default_variation":null},"tiered_pricing_minimum_quantity":null,"tiered_pricing_roles_data":[],"tiered_pricing_percentage_rules":[],"tiered_pricing_maximum_quantity":null,"tiered_pricing_quantity_step":null,"_links":{"self":[{"href":"https:\/\/frvape.com\/et\/wp-json\/wp\/v2\/product\/4607","targetHints":{"allow":["GET"]}}],"collection":[{"href":"https:\/\/frvape.com\/et\/wp-json\/wp\/v2\/product"}],"about":[{"href":"https:\/\/frvape.com\/et\/wp-json\/wp\/v2\/types\/product"}],"replies":[{"embeddable":true,"href":"https:\/\/frvape.com\/et\/wp-json\/wp\/v2\/comments?post=4607"}],"wp:featuredmedia":[{"embeddable":true,"href":"https:\/\/frvape.com\/et\/wp-json\/wp\/v2\/media\/4601"}],"wp:attachment":[{"href":"https:\/\/frvape.com\/et\/wp-json\/wp\/v2\/media?parent=4607"}],"wp:term":[{"taxonomy":"product_brand","embeddable":true,"href":"https:\/\/frvape.com\/et\/wp-json\/wp\/v2\/product_brand?post=4607"},{"taxonomy":"product_cat","embeddable":true,"href":"https:\/\/frvape.com\/et\/wp-json\/wp\/v2\/product_cat?post=4607"},{"taxonomy":"product_tag","embeddable":true,"href":"https:\/\/frvape.com\/et\/wp-json\/wp\/v2\/product_tag?post=4607"}],"curies":[{"name":"wp","href":"https:\/\/api.w.org\/{rel}","templated":true}]}}