{"id":4678,"date":"2025-10-12T06:29:45","date_gmt":"2025-10-12T06:29:45","guid":{"rendered":"https:\/\/frvape.com\/product\/razz-bar-15000-puffs-disposable-vape-high-capacity-rechargeable-e-cig-with-mesh-coil\/"},"modified":"2026-01-26T05:21:45","modified_gmt":"2026-01-26T05:21:45","slug":"razz-bar-15000-puffs-uhekordseks-kasutamiseks-vape-suure-voimsusega-laetav-e-cig-koos-vorgusilma-spiraaliga","status":"publish","type":"product","link":"https:\/\/frvape.com\/et\/product\/razz-bar-15000-puffs-uhekordseks-kasutamiseks-vape-suure-voimsusega-laetav-e-cig-koos-vorgusilma-spiraaliga\/","title":{"rendered":"Razz Bar 15000 Puffs \u00fchekordselt kasutatav Vape - suure v\u00f5imsusega laetav E-Cig koos v\u00f5rkkesta spiraaliga"},"content":{"rendered":"<h3>Tutvustame Razz Bar 15000 \u00fchekordselt kasutatavat Vape'i<\/h3>\n<p>Revolutsiooni oma aurutamise teekond koos <strong>Razz Bar 15000 Puffs \u00fchekordselt kasutatav Vape<\/strong>, tipptasemel <strong>e-sigaret<\/strong> mis on loodud \u00fclima mugavuse ja rahulolu tagamiseks. See <strong>\u00fchekordselt kasutatav vape<\/strong> \u00fchendab endas suure j\u00f5udluse ja kasutajas\u00f5bralikud funktsioonid, tagades t\u00f5rgeteta kasutuskogemuse. Alates 2017. aastast valdkonna liidrina pakub Razz Bar <strong>parem kvaliteet<\/strong> mida toetavad ranged testid ja sertifikaadid. Avastage maitsete maailma koos <strong>razz bar vape<\/strong>. Ideaalne t\u00e4iskasvanud aurutajatele, kes otsivad usaldusv\u00e4\u00e4rset ja uuenduslikku <strong>\u00fchekordselt kasutatav e-sigaret<\/strong> lahendus.<\/p>\n<h3>Toote spetsifikatsioonid<\/h3>\n<p>Razz Bar 15000 on varustatud muljetavaldavate tehniliste n\u00e4itajatega, mis on kohandatud igap\u00e4evaseks kasutamiseks. Peamised esilet\u00f5stmised on <strong>pikendatud 15000 puffide eluiga<\/strong>, v\u00e4hendades vajadust pideva laadimise j\u00e4rele. Veebileht <strong>28mL e-vedeliku mahutavus<\/strong> tagab pikemaajalise naudingu t\u00e4itmiste vahel. Pakendatud hulgim\u00fc\u00fcgi jaoks, iga <strong>karp sisaldab 200 \u00fchikut<\/strong>, mis muudab selle ideaalseks jaem\u00fc\u00fcjatele ja hulgiostjatele. Seadme toiteallikaks on <strong>650mAh aku<\/strong>, millel on kaasaegne <strong>Type-C laadimisport<\/strong> kiireks ja t\u00f5husaks v\u00f5imendamiseks. T\u00e4iustatud maitse edastamine on tagatud t\u00e4iustatud <strong>v\u00f5rgusilma m\u00e4histe tehnoloogia<\/strong>, mis tagab sujuva ja rikkaliku aurupilve. Saadaval koos <strong>nikotiini tugevus 2% v\u00f5i 5%<\/strong>, meie <strong>\u00fchekordselt kasutatav vape<\/strong> vastab erinevatele eelistustele kohandatud nikotiinikogemuse saamiseks.<\/p>\n<h3>Erakordne maitsepallett<\/h3>\n<p>Sukelduge Razz Bar 15000'ga mitmek\u00fclgsesse valikusse esmaklassilistest maitsetest. Iga valik on hoolikalt koostatud, et pakkuda erakordset maitset ja rahulolu, kasutades selleks <strong>v\u00f5rgusilma m\u00e4histe tehnoloogia<\/strong> t\u00e4iustatud aurukvaliteedi saavutamiseks. Meie maitsete hulka kuuluvad esmaklassilised valikud nagu:<\/p>\n<p>Arbuusimullasid<br \/>Maasika j\u00e4\u00e4<br \/>Maasika kiivi<br \/>Red Bull Ice<br \/>Mustikas Vaarikas Sidrun<br \/>Mustikas j\u00e4\u00e4l<br \/>Vaarika fudge<br \/>Segatud marjad<br \/>Lemon Lime<br \/>Arbuusi j\u00e4\u00e4<br \/>Virsikuj\u00e4\u00e4tis<br \/>Virsik Mango Ananass<br \/>Mamba<br \/>Cola Ice<br \/>Double Apple<br \/>Kiivi Passion Fruit Guava<\/p>\n<p>Koos <strong>16 erinevat v\u00f5imalust<\/strong>meie maitsete valik pakub midagi iga\u00fchele, alates magusatest puuviljasegudest kuni j\u00e4iste mentoolitundeteni.<\/p>\n<h3>Miks Razz Bar paistab silma<\/h3>\n<p>Alates k\u00e4ivitamisest 2017, <strong>Razz Bar<\/strong> on kujunenud usaldusv\u00e4\u00e4rseks nimeks <strong>e-sigaret<\/strong> t\u00f6\u00f6stus. Oleme uhked uuenduslikkuse \u00fcle, tootes oma tehases, et tagada tipptasemel kvaliteedikontroll. Meie kogenud insenerimeeskond kasutab protsessid nagu IQC, IPQC ja FQC p\u00f5hjalikuks ohutuskontrolliks, tagades, et iga seade vastab rahvusvahelistele standarditele. Sertifikaadid nagu <strong>CE<\/strong> ja <strong>RoHS<\/strong> kinnitame oma p\u00fchendumust n\u00f5uetele vastavuse ja usaldusv\u00e4\u00e4rsuse suhtes. Lisaks meie kaubam\u00e4rgipakkumistele pakume me ka ekspertide <strong>OEM &amp; ODM teenused<\/strong>, aidates klientidel kohandada <strong>vape tooted<\/strong> nende ainulaadsetele vajadustele. Selle tulemusena on meie <strong>\u00fchekordselt kasutatav vape<\/strong> on saavutanud \u00fclemaailmse populaarsuse t\u00e4nu klientide lojaalsusele ja suurep\u00e4rasele mainele.<\/p>\n<h3>\u00d5mblusteta vingumise kogemus<\/h3>\n<p>Meie <strong>Razz Bar 15000<\/strong> r\u00f5hutab kasutajate mugavust ja ligip\u00e4\u00e4setavust. See on kavandatud kaasaskantavaks, kuna selle kerge konstruktsioon sobib ideaalselt taskusse v\u00f5i kotti. Veebileht <strong>C-t\u00fc\u00fcpi laadimine<\/strong> tagab kiire laadimise, mis v\u00f5imaldab teil ka teel olles ilma katkestusteta aurutada. Lisaks ei vaja lihtne plug-and-play mehhanism hooldust, mist\u00f5ttu sobib see ideaalselt nii algajatele kui ka kogenud aurutajatele. \u00dcle <strong>15000 puffid<\/strong>see pakub erakordset v\u00e4\u00e4rtust, \u00fcletades paljusid konkurente, pakkudes samal ajal \u00fchtlast maitset. See probleemivaba <strong>e-sigaret<\/strong> tagab rahuldava alternatiivi neile, kes l\u00e4hevad \u00fcle traditsioonilisest suitsetamisest.<\/p>\n<h3>P\u00fchendumine kvaliteedile ja rahulolule<\/h3>\n<p>Razz Baris seame esikohale klientide usalduse, keskendudes s\u00e4\u00e4stvale tootmisele ja eetilistele tavadele. Meie p\u00fchendunud turundus-, disaini- ja m\u00fc\u00fcgimeeskonnad teevad koost\u00f6\u00f6d, et olla turutrendide ees. Ranged testid igas etapis v\u00e4listavad defektid, tagades seadmete ohutu ja t\u00f5husa toimimise. Pakkudes kahekordset <strong>nikotiini valikuv\u00f5imalused<\/strong> ja laia maitsemassiiviga <strong>razz bar vape<\/strong> rahuldab erinevaid t\u00e4iskasvanute eelistusi kogu maailmas. V\u00f5tke vastu aurutamise tulevik meie usaldusv\u00e4\u00e4rsete ja nauditavate <strong>\u00fchekordselt kasutatav e-sigaret<\/strong>. Isikup\u00e4rastatud tellimuste puhul on meie <strong>OEM &amp; ODM v\u00f5imekus<\/strong> v\u00f5imaldavad kohandatud lahendusi - v\u00f5tke meiega juba t\u00e4na \u00fchendust, et t\u00f5sta oma aurutamisv\u00f5imalusi.<\/p>","protected":false},"excerpt":{"rendered":"<p>Kogege esmaklassilist aurutamist koos <strong>Razz Bar 15000 Puffs \u00fchekordselt kasutatav Vape<\/strong>. Mis sisaldab massiivset <strong>28mL mahutavus<\/strong>, <strong>laetav 650mAh aku<\/strong>, <strong>v\u00f5rgusilma m\u00e4histe tehnoloogia<\/strong>ja <strong>2% v\u00f5i 5% nikotiinivalikud<\/strong>. Nautige kauakestvat maitseelamust kompaktses, lihtsasti kasutatavas seadmes.<\/p>","protected":false},"featured_media":4672,"comment_status":"open","ping_status":"closed","template":"","meta":[],"product_brand":[70],"product_cat":[893],"product_tag":[280,112,153,223,522,115],"class_list":{"0":"post-4678","1":"product","2":"type-product","3":"status-publish","4":"has-post-thumbnail","6":"product_brand-razzbar","7":"product_cat-razzbar","8":"product_tag-15000-puffs","9":"product_tag-disposable-vape","10":"product_tag-e-cigarette","11":"product_tag-nicotine-vape","12":"product_tag-razz-bar-vape","13":"product_tag-rechargeable-vape","15":"first","16":"instock","17":"sale","18":"shipping-taxable","19":"purchasable","20":"product-type-variable"},"jetpack_sharing_enabled":true,"tiered_pricing_type":"fixed","tiered_pricing_fixed_rules":[],"tiered_pricing_product_settings":{"layout":"default","base_unit_name":{"singular":null,"plural":null},"default_variation":null},"tiered_pricing_minimum_quantity":null,"tiered_pricing_roles_data":[],"tiered_pricing_percentage_rules":[],"tiered_pricing_maximum_quantity":null,"tiered_pricing_quantity_step":null,"_links":{"self":[{"href":"https:\/\/frvape.com\/et\/wp-json\/wp\/v2\/product\/4678","targetHints":{"allow":["GET"]}}],"collection":[{"href":"https:\/\/frvape.com\/et\/wp-json\/wp\/v2\/product"}],"about":[{"href":"https:\/\/frvape.com\/et\/wp-json\/wp\/v2\/types\/product"}],"replies":[{"embeddable":true,"href":"https:\/\/frvape.com\/et\/wp-json\/wp\/v2\/comments?post=4678"}],"wp:featuredmedia":[{"embeddable":true,"href":"https:\/\/frvape.com\/et\/wp-json\/wp\/v2\/media\/4672"}],"wp:attachment":[{"href":"https:\/\/frvape.com\/et\/wp-json\/wp\/v2\/media?parent=4678"}],"wp:term":[{"taxonomy":"product_brand","embeddable":true,"href":"https:\/\/frvape.com\/et\/wp-json\/wp\/v2\/product_brand?post=4678"},{"taxonomy":"product_cat","embeddable":true,"href":"https:\/\/frvape.com\/et\/wp-json\/wp\/v2\/product_cat?post=4678"},{"taxonomy":"product_tag","embeddable":true,"href":"https:\/\/frvape.com\/et\/wp-json\/wp\/v2\/product_tag?post=4678"}],"curies":[{"name":"wp","href":"https:\/\/api.w.org\/{rel}","templated":true}]}}