{"id":4720,"date":"2025-10-12T06:31:56","date_gmt":"2025-10-12T06:31:56","guid":{"rendered":"https:\/\/frvape.com\/product\/jnr-alien-pod-13000-disposable-vape-13000-puffs-20ml-850mah-type-c\/"},"modified":"2025-11-25T02:58:11","modified_gmt":"2025-11-25T02:58:11","slug":"jnr-alien-pod-13000-uhekordselt-kasutatav-vape-13000-puffs-20ml-850mah-tuup-c","status":"publish","type":"product","link":"https:\/\/frvape.com\/et\/product\/jnr-alien-pod-13000-uhekordselt-kasutatav-vape-13000-puffs-20ml-850mah-tuup-c\/","title":{"rendered":"Jnr Alien Pod 13000 \u00fchekordselt kasutatav Vape | 13000 Puffs, 20mL, 850mAh, Type-C"},"content":{"rendered":"<h3>Jnr Alien Pod 13000: \u00fclimalt suure mahutavusega \u00fchekordselt kasutatav vape kogemus<\/h3>\n<p>Vabastage v\u00f5rratu aurutamisreis koos <strong>Jnr Alien Pod 13000<\/strong>. See uuenduslik seade on loodud pikaealisuse ja intensiivse maitse saavutamiseks ning seab \u00fchekordsete aurustite jaoks uue standardi. Hoopis uskumatu <strong>ligikaudu 13000 puffi<\/strong>, see v\u00e4listab sagedased vahetused ja tagab p\u00fcsiva rahulolu.<\/p>\n<h3>V\u00f5rratu v\u00f5imsus ja mugavus<\/h3>\n<p>Toitub tugevast <strong>850mAh aku<\/strong> ja kus on esindatud <strong>C-t\u00fc\u00fcpi kiirlaadimine<\/strong>, v\u00f5imsusprobleemid j\u00e4\u00e4vad minevikku. J\u00e4\u00e4ge kauem aurutama ja laadige kiiresti igal ajal ja igal pool. J\u00e4lgige kasutust vaevata integreeritud <strong>Aku ja vedelad ekraanid<\/strong>, mis hoiab teid kogu aeg kursis j\u00e4relej\u00e4\u00e4nud v\u00f5imsuse ja e-vedeliku tasemega.<\/p>\n<h3>Revolutsiooniline tehnoloogia ja disain<\/h3>\n<p>Selle keskmes on tipptasemel <strong>V\u00f5rgumaterjalide tuum<\/strong> pakkudes puhast, j\u00e4rjepidevat maitset ja maksimeerides aurutootmist. See t\u00e4iustatud tehnoloogia, kombineerituna <strong>Otse-kopsu (DTL)<\/strong> disain tagab suured, rahuldust pakkuvad pilved ja intensiivse maitseelamuse esimesest kuni viimase t\u00f5mbamiseni. Kogege innovatsiooni <strong>POD MOD<\/strong> s\u00fcsteem - lihtsalt vahetage kapsel vajaduse korral v\u00e4lja. \u00c4rge unustage, et l\u00e4htestada <strong>e-vedeliku v\u00e4ljapanek<\/strong> uue kapsliga, sisestades ja eemaldades selle 3 korda 2 sekundi jooksul v\u00f5i puhudes ettevaatlikult 5 korda.<\/p>\n<h3>Massiivne v\u00f5imsus ja suurep\u00e4rane maitse<\/h3>\n<p>Nautige pikemat aurutamisr\u00f5\u00f5mu suurejoonelise <strong>20ml e-vedeliku mahutavus<\/strong>. Kvaliteetne <strong>v\u00f5rgusilma m\u00e4his (1,0 \u03a9)<\/strong> kasutab t\u00f5husalt iga tilka, tagades tugeva maitse intensiivsuse ilma p\u00f5letatud j\u00e4relmaitseta, alates algusest kuni ammendumiseni.<\/p>\n<h3>Peenike maitse spektri<\/h3>\n<p>Avastage mitmekesine ahvatlevate maitsete universum. Veebileht <strong>Jnr Alien Pod 13000<\/strong> esitab erakordse valiku asjatundlikult valmistatud <strong>elektroonilise sigareti maitsed<\/strong> mis sobivad igale maitsele:<\/p>\n<p>Maasika kiivi<br \/>Valge virsik Razz<br \/>Arbuusi j\u00e4\u00e4<br \/>Maasika arbuusi j\u00e4\u00e4<br \/>Arbuus Mango Virsik<br \/>Mustika-granaat\u00f5una j\u00e4\u00e4<br \/>Mango Passion Fruit<br \/>Mustikas j\u00e4\u00e4l<br \/>Cherry Berry<br \/>Maasikas Vaarikas Kirss<br \/>Maasika j\u00e4\u00e4<br \/>Mahlased virsikud<br \/>Passion Fruit Kiwi<br \/>Mustikas Vaarikas<br \/>Segatud marjad<\/p>\n<h3>Peamised m\u00fc\u00fcgipunktid<\/h3>\n<p>Kogemused <strong>Kohene rahulolu vallandunud!<\/strong> Tunne plahvatust <strong>rikkalik maitse<\/strong> iga sissehingamisega keset lainetavaid pilvi. Kasu sellest, et <strong>Revolutsiooniline C-t\u00fc\u00fcpi laadimisportide disain<\/strong> \u00fclima mugavuse tagamiseks. Veebileht <strong>V\u00f5rgumaterjalide tuum<\/strong> tagab maksimaalse t\u00f5hususe, <strong>Iga tilga e-vedeliku maksimeerimine<\/strong> puhtalt nautimiseks. Selle vormifaktor (suurus: 37*37*125mm) tagab mugava haarde ja kaasaskantavuse.<\/p>\n<h3>Nautige l\u00f5pmatut maitset ja p\u00fcsivat rahulolu<\/h3>\n<p>The <strong>Jnr Alien Pod 13000<\/strong> on valmistatud esmaklassilistest koostisosadest ja oskuslikult segatud maitsetest, mis viivad teid nauditavate aistingute maailma. Kolossaalne puffide arv, m\u00e4rkimisv\u00e4\u00e4rne e-vedelikumahutavus, usaldusv\u00e4\u00e4rne kiirlaetav aku, intelligentne ekraan ja teedrajav v\u00f5rkkihttehnoloogia m\u00e4\u00e4ravad selle erakordse vape'i piirangutest vabaks. Hellita l\u00f5putult ja koge t\u00f5elist aurutamise vabanemist. Avastage oma l\u00f5plik maitseelamus juba t\u00e4na - valige v\u00f5imas ja maitserikas <strong>Jnr Alien Pod 13000<\/strong>!<\/p>","protected":false},"excerpt":{"rendered":"<p>Kogemused \u00fclima aurutamise kohta koos <strong>Jnr Alien Pod 13000<\/strong>! Nautige umbes <strong>13000 puffid<\/strong>, v\u00f5imas <strong>850mAh aku<\/strong> C-t\u00fc\u00fcpi laadimisega ja <strong>20ml e-vedelik<\/strong>. Omadused selge <strong>Aku ja vedelad ekraanid<\/strong>, suure j\u00f5udlusega <strong>V\u00f5rgumaterjalide tuum<\/strong>ja mugav <strong>POD MOD<\/strong> s\u00fcsteem. Nautige <strong>rikkalikud maitsed<\/strong> ja massiivsed pilved.<\/p>","protected":false},"featured_media":4714,"comment_status":"open","ping_status":"closed","template":"","meta":[],"product_brand":[88],"product_cat":[1089],"product_tag":[524,527,523,526,77,525],"class_list":{"0":"post-4720","1":"product","2":"type-product","3":"status-publish","4":"has-post-thumbnail","6":"product_brand-jnr","7":"product_cat-jnr","8":"product_tag-13000-puff-disposable-vape","9":"product_tag-electronic-cigarettes-flavors","10":"product_tag-jnr-alien-pod-13000","11":"product_tag-large-e-liquid-capacity","12":"product_tag-mesh-coil-vape","13":"product_tag-rechargeable-pod-vape","15":"first","16":"instock","17":"sale","18":"shipping-taxable","19":"purchasable","20":"product-type-variable"},"jetpack_sharing_enabled":true,"tiered_pricing_type":"fixed","tiered_pricing_fixed_rules":[],"tiered_pricing_product_settings":{"layout":"default","base_unit_name":{"singular":null,"plural":null},"default_variation":null},"tiered_pricing_minimum_quantity":null,"tiered_pricing_roles_data":[],"tiered_pricing_percentage_rules":[],"tiered_pricing_maximum_quantity":null,"tiered_pricing_quantity_step":null,"_links":{"self":[{"href":"https:\/\/frvape.com\/et\/wp-json\/wp\/v2\/product\/4720","targetHints":{"allow":["GET"]}}],"collection":[{"href":"https:\/\/frvape.com\/et\/wp-json\/wp\/v2\/product"}],"about":[{"href":"https:\/\/frvape.com\/et\/wp-json\/wp\/v2\/types\/product"}],"replies":[{"embeddable":true,"href":"https:\/\/frvape.com\/et\/wp-json\/wp\/v2\/comments?post=4720"}],"wp:featuredmedia":[{"embeddable":true,"href":"https:\/\/frvape.com\/et\/wp-json\/wp\/v2\/media\/4714"}],"wp:attachment":[{"href":"https:\/\/frvape.com\/et\/wp-json\/wp\/v2\/media?parent=4720"}],"wp:term":[{"taxonomy":"product_brand","embeddable":true,"href":"https:\/\/frvape.com\/et\/wp-json\/wp\/v2\/product_brand?post=4720"},{"taxonomy":"product_cat","embeddable":true,"href":"https:\/\/frvape.com\/et\/wp-json\/wp\/v2\/product_cat?post=4720"},{"taxonomy":"product_tag","embeddable":true,"href":"https:\/\/frvape.com\/et\/wp-json\/wp\/v2\/product_tag?post=4720"}],"curies":[{"name":"wp","href":"https:\/\/api.w.org\/{rel}","templated":true}]}}