{"id":4873,"date":"2025-10-12T06:42:14","date_gmt":"2025-10-12T06:42:14","guid":{"rendered":"https:\/\/frvape.com\/product\/wga-crystal-legend-ultra-30000-dual-flavor-rechargeable-vape-with-massive-puffs\/"},"modified":"2025-12-16T08:40:42","modified_gmt":"2025-12-16T08:40:42","slug":"wga-crystal-legend-ultra-30000-dual-flavor-laetav-vape-koos-massiivsete-puffidega","status":"publish","type":"product","link":"https:\/\/frvape.com\/et\/product\/wga-crystal-legend-ultra-30000-dual-flavor-laetav-vape-koos-massiivsete-puffidega\/","title":{"rendered":"Wga Crystal Legend Ultra 30000: Kahe l\u00f5hnaga laetav Vape koos massiivsete puffidega"},"content":{"rendered":"<h3>Revolutsiooniline kahesuguse maitsega vapingu kogemus<\/h3>\n<p>The <strong>Wga Crystal Legend Ultra 30000<\/strong> defineerib uuesti premium aurutamise oma uuendusliku libiseva dual-flavor tehnoloogiaga. See revolutsiooniline seade sisaldab kahte 10 ml e-vedeliku paaki ja v\u00f5imaldab ainulaadse libiseva filtrimehhanismi abil koheselt vahetada maitsete vahel. Kogege katkematuid maitse \u00fcleminekuid ilma seadme vahetamiseta - ideaalne maitsete uurijatele, kes ihkavad vaheldust igal seansil.<\/p>\n<h3>V\u00f5rratu vastupidavus ja keskkonnateadlik disain<\/h3>\n<p>Konstrueeritud <strong>30 000 massiivset puffi<\/strong>, meie laetav s\u00fcsteem v\u00e4listab \u00fchekordsed j\u00e4\u00e4tmed, pakkudes samas m\u00e4rkimisv\u00e4\u00e4rset kulude kokkuhoidu. T\u00e4iustatud <strong>C-t\u00fc\u00fcpi laadimine<\/strong> pakub kiiret energiavarustuse taastamist, tagades minimaalse seisaku. Selle korduvt\u00e4idetava \u00f6kos\u00fcsteemi kasutusele v\u00f5tmisega v\u00e4hendate keskkonnam\u00f5ju ja saate samal ajal nautida pikemat kasutusaega - see on teadlikule aurutajale parim lahendus, millest v\u00f5idavad k\u00f5ik.<\/p>\n<h3>Kahekordse spiraaliga maitse meisterlikkus<\/h3>\n<p>Kahe v\u00f5rgusilma m\u00e4hised optimeerivad soojusjaotust maksimaalse aurutootmise ja <strong>maitse intensiivsus<\/strong>. Iga sissehingamine vabastab t\u00e4iustatud pihustustehnoloogia abil hoolikalt kihistatud maitseprofiilid. Kogege j\u00e4rjepidevalt rikkalikku maitsekogemust esimesest t\u00f5mbest kuni viimase t\u00f5mbamiseni - loodud n\u00f5udlikele maitsjatele, kes n\u00f5uavad t\u00e4iuslikkust. Koos lekkekindla paakide arhitektuuriga tagab see igap\u00e4evase r\u00e4pastusvaba kandmise.<\/p>\n<h3>15 sensatsioonilist maitsekombinatsiooni<\/h3>\n<p>Nautige meie k\u00e4sit\u00f6\u00f6nduslikest maitsepaaridest, millest iga\u00fcks on v\u00e4lja t\u00f6\u00f6tatud koost\u00f6\u00f6s harmoonilise maitsekihi saavutamiseks:<\/p>\n<p><strong>- Virsikugaasi-maasika ja mahlapuu\u0161okki<\/strong><br \/>\n<strong>- Sakuragrape &amp; Grapegummybear<\/strong><br \/>\n<strong>- Mrblue &amp; Blve Sourraspberry<\/strong><br \/>\n<strong>- Arbuusij\u00e4\u00e4tis ja topelt\u00f5un<\/strong><br \/>\n<strong>- Fizzycherry &amp; Cherryraspberr<\/strong><br \/>\n<strong>- Blie Slush &amp; Pink Slush<\/strong><br \/>\n<strong>- Strawberryraspberryraspice &amp; Strawberryskittles<\/strong><br \/>\n<strong>- Mustika- ja maasikaj\u00e4\u00e4tis &amp; maasikaj\u00e4\u00e4tis<\/strong><br \/>\n<strong>- Mustikas-masikas-kirss ja mustikas-maasikas-juurekaste<\/strong><br \/>\n<strong>- Sinine Razzcherry &amp; Blje Razzlemona<\/strong><br \/>\n<strong>- Lemon &amp; Lime &amp; Lemon Slaus<\/strong><br \/>\n<strong>- Gummikaru &amp; Skittle<\/strong><br \/>\n<strong>- Glaciermint &amp; Triple Menth<\/strong><br \/>\n<strong>- Juicypeach &amp; Mango Peachwaterme<\/strong><br \/>\n<strong>- Pineappleice &amp; Juicymango<\/strong><\/p>\n<h3>Mugavuse ja j\u00f5udluse tagamiseks projekteeritud<\/h3>\n<p>Ergonoomiline \u0161assii sobib loomulikult k\u00e4es ja on voolujooneliste kontuuridega ning pehmetaolise kaasaskantavusega. Sisseehitatud LED-k\u00e4itumise indikaator tagab aruka akujuhtimise, samal ajal kui optimeeritud \u00f5huvoolus\u00fcsteem pakub vaevata t\u00f5mbamist, et tagada <strong>pilvejahtijad<\/strong> ja MTL-i entusiastidele. Anti-gurgle-tehnoloogia v\u00e4listab pritsmete tagasipaiskumise k\u00f5igil nikotiinitasanditel, s\u00e4ilitades maitse terviklikkuse tuhandete t\u00f5mbamiste ajal.<\/p>\n<h3>Nutikas nikotiini kohandamine<\/h3>\n<p>Valige mitmek\u00fclgne <strong>2% v\u00f5i 5% nikotiinikontsentratsioonid<\/strong> vastavalt teie eelistustele. T\u00e4ppiskvartsm\u00e4hised s\u00e4ilitavad j\u00e4rjepideva nikotiini manustamise, olenemata sellest, kas soovite julgeid kurguhoobi v\u00f5i sujuvat rahulolu. Ideaalne \u00fclemineku suitsetajatele, kes otsivad autentset rahulolu, v\u00f5i kogenud aurutajatele, kes soovivad v\u00e4hendada tarbimist ilma naudingut ohverdamata.<\/p>\n<h3>\u00dclimuslik Vaping Investment<\/h3>\n<p>Lisaks erakordsele pikaealisusele v\u00e4hendab Crystal Legend Ultra korduvaid kulusid \u00fcle 70% v\u00f5rreldes \u00fchekordsete materjalidega. Meie korduvt\u00e4idetavad kapslid aktsepteerivad k\u00f5iki esmaklassilisi nikotiinisoolasid, andes l\u00f5putu kohandamisvabaduse. S\u00f5jav\u00e4eklassi l\u00f6\u00f6gikindlus ja l\u00fchisekaitse toetavad seda <strong>t\u00f6\u00f6stuse juhtiv seade<\/strong> pakub igap\u00e4evasteks seiklusteks muretut t\u00f6\u00f6kindlust.<\/p>\n<h3>Miks valida Crystal Legend Ultra?<\/h3>\n<p>- Vahetage koheselt <strong>kahesugused maitsed<\/strong> libisemisega<br \/>\n- <strong>30,000 puffide arvutus<\/strong> edestab konkurente 3:1<br \/>\n- Kiirlaadimine <strong>Type-C port<\/strong> (t\u00e4ielik laadimine 35 minuti jooksul)<br \/>\n- M\u00e4rkimisv\u00e4\u00e4rne kokkuhoid v\u00f5rreldes \u00fchekordsete materjalidega<br \/>\n- Premium k\u00e4ep\u00e4rane ja taskus\u00f5bralik profiil<br \/>\n- V\u00e4hendatud s\u00fcsiniku jalaj\u00e4lg \u00f6ko-suitsujatele<br \/>\n\u00dchinege tuhandete inimestega, kes on uuendanud aurutamise tulevikku - kus innovatsioon kohtub j\u00e4tkusuutlikkusega, tegemata kompromisse maitse suursugususe osas.<\/p>","protected":false},"excerpt":{"rendered":"<p><strong>Wga Crystal Legend Ultra 30000<\/strong> topeltmaitseline vape koos <strong>30,000 puff<\/strong> v\u00f5imsus ja <strong>laetav C-t\u00fc\u00fcpi<\/strong> disain.<br \/>\nVaheta 15 uuendusliku maitsekombinatsiooni vahel liugmehhanismi abil.<br \/>\nOmadused <strong>2%\/5% nikotiin<\/strong> valikud ja keskkonnas\u00f5bralik korduvt\u00e4itmiss\u00fcsteem.<\/p>","protected":false},"featured_media":4867,"comment_status":"open","ping_status":"closed","template":"","meta":[],"product_brand":[276],"product_cat":[1017,277],"product_tag":[374,381,103,537,536,534],"class_list":{"0":"post-4873","1":"product","2":"type-product","3":"status-publish","4":"has-post-thumbnail","6":"product_brand-wga","7":"product_cat-crystal-vapes","8":"product_cat-wga-vape","9":"product_tag-30000-puffs-vape","10":"product_tag-dual-flavor-vape","11":"product_tag-rechargeable-e-cigarette","12":"product_tag-refillable-e-cigs","13":"product_tag-type-c-vaping","14":"product_tag-wga-crystal-legend","16":"first","17":"instock","18":"sale","19":"shipping-taxable","20":"purchasable","21":"product-type-variable"},"jetpack_sharing_enabled":true,"tiered_pricing_type":"fixed","tiered_pricing_fixed_rules":[],"tiered_pricing_product_settings":{"layout":"default","base_unit_name":{"singular":null,"plural":null},"default_variation":null},"tiered_pricing_minimum_quantity":null,"tiered_pricing_roles_data":[],"tiered_pricing_percentage_rules":[],"tiered_pricing_maximum_quantity":null,"tiered_pricing_quantity_step":null,"_links":{"self":[{"href":"https:\/\/frvape.com\/et\/wp-json\/wp\/v2\/product\/4873","targetHints":{"allow":["GET"]}}],"collection":[{"href":"https:\/\/frvape.com\/et\/wp-json\/wp\/v2\/product"}],"about":[{"href":"https:\/\/frvape.com\/et\/wp-json\/wp\/v2\/types\/product"}],"replies":[{"embeddable":true,"href":"https:\/\/frvape.com\/et\/wp-json\/wp\/v2\/comments?post=4873"}],"wp:featuredmedia":[{"embeddable":true,"href":"https:\/\/frvape.com\/et\/wp-json\/wp\/v2\/media\/4867"}],"wp:attachment":[{"href":"https:\/\/frvape.com\/et\/wp-json\/wp\/v2\/media?parent=4873"}],"wp:term":[{"taxonomy":"product_brand","embeddable":true,"href":"https:\/\/frvape.com\/et\/wp-json\/wp\/v2\/product_brand?post=4873"},{"taxonomy":"product_cat","embeddable":true,"href":"https:\/\/frvape.com\/et\/wp-json\/wp\/v2\/product_cat?post=4873"},{"taxonomy":"product_tag","embeddable":true,"href":"https:\/\/frvape.com\/et\/wp-json\/wp\/v2\/product_tag?post=4873"}],"curies":[{"name":"wp","href":"https:\/\/api.w.org\/{rel}","templated":true}]}}