{"id":5941,"date":"2025-10-12T08:47:58","date_gmt":"2025-10-12T08:47:58","guid":{"rendered":"https:\/\/frvape.com\/product\/zooy-blaze-25000-disposable-vape-25k-puffs-full-screen-design-adjustable\/"},"modified":"2025-11-04T01:57:07","modified_gmt":"2025-11-04T01:57:07","slug":"zooy-blaze-25000-uhekordselt-kasutatav-vape-25k-puffs-taisekraani-disain-reguleeritav","status":"publish","type":"product","link":"https:\/\/frvape.com\/et\/product\/zooy-blaze-25000-uhekordselt-kasutatav-vape-25k-puffs-taisekraani-disain-reguleeritav\/","title":{"rendered":"Zooy Blaze 25000 \u00fchekordselt kasutatav Vape - 25K Puffs t\u00e4isekraani disain ja reguleeritav"},"content":{"rendered":"<h3>\u00dclevaade<\/h3>\n<p>The <strong>Zooy Blaze 25000<\/strong> on turul juhtiv \u00fchekordselt kasutatav e-sigaret, mis \u00fchendab tipptasemel tehnoloogia ja uskumatu v\u00e4\u00e4rtuse oma <strong>t\u00e4isekraaniline disain<\/strong> ja ulatuslik funktsioonikomplekt.<br \/>See on loodud suurep\u00e4rase j\u00f5udluse ja kasutaja rahulolu tagamiseks ning toetab erinevaid aurustamisstiile, mist\u00f5ttu on see ideaalne nii algajatele kui ka entusiastidele.<\/p>\n<h3>Uuenduslik disain ja omadused<\/h3>\n<p>Astuge selle seadme v\u00e4ljapaistva seadme abil aurutamise tulevikku <strong>t\u00e4isekraaniline ekraan<\/strong>, mis mitte ainult ei t\u00e4iusta esteetikat, vaid pakub ka suuremat, intuitiivset kasutajaliidest, mis v\u00f5imaldab h\u00f5lpsat k\u00e4sitsemist.<br \/>E-nafta taseme ja aku oleku reaalajas j\u00e4lgimine tagab kontrollitud ja turvalise kogemuse, v\u00e4hendades ebakindlust kasutamise ajal.<br \/>Lisandumine <strong>reguleeritav \u00f5huvool<\/strong> v\u00f5imaldab kasutajatel kohandada t\u00f5mbetakistust vastavalt oma eelistustele, luues iga kord sujuva ja rahuldust pakkuva sissehingamise.<br \/>Ohutus on esmat\u00e4htis integreeritud <strong>lastelukk<\/strong> et v\u00e4ltida tahtmatut aktiveerimist, pakkudes lisaks innovatsioonile ka meelerahu.<\/p>\n<h3>Suure j\u00f5udlusega spetsifikatsioonid<\/h3>\n<p>Hoopis muljetavaldav <strong>25000 puffid<\/strong> \u00fche seadme kohta, Zooy Blaze 25000 v\u00e4listab pideva asendamisega seotud probleemid t\u00e4nu oma suurele <strong>32mL kapsli mahutavus<\/strong>.<br \/>Toitub usaldusv\u00e4\u00e4rsest <strong>650mAh aku<\/strong>, toetab USB Type-C kiirlaadimist, et kiiret ja t\u00f5husat vooluv\u00f5ttu teel olles.<br \/>J\u00e4rjepideva aurutootmise jaoks on <strong>topeltv\u00f5rgum\u00e4hised<\/strong> soojus t\u00f5husalt, et s\u00e4ilitada rikkalikud maitseprofiilid iga sissehingamisega.<br \/>Kasutajad saavad valida mitme nikotiini tugevuse vahel -<strong>2% (20mg), 3% (30mg) v\u00f5i 5% (50mg) nik-soola valikud.<\/strong>-toitlustamine vastavalt erinevatele eelistustele, et saada r\u00e4tsepat\u00f6\u00f6.<br \/>\u00dcldm\u00f5\u00f5tmed on kompaktsed 25*48*101 mm ja kaalub vaid 120 g, mist\u00f5ttu on see kaasaskantav, kuid samas v\u00f5imas kogu p\u00e4eva nautimiseks.<\/p>\n<h3>Peenike maitse mitmekesisus<\/h3>\n<p>Nautige suussulavat valikut k\u00fcmnest keerulisest <strong>puuvilja maitsed<\/strong>, millest iga\u00fcks on loodud selleks, et pakkuda intensiivseid maitseelamusi k\u00f5rgendatud aurutamisseikluseks.<br \/>P\u00f5hjalikult v\u00e4lja t\u00f6\u00f6tatud koosseisus on:<\/p>\n<p>segamari<br \/>maasikas arbuus<br \/>viinamarja sidrun<br \/>mustika j\u00e4\u00e4<br \/>maasika-kiivi<br \/>\u00f5unapuu virsik<br \/>arbuusij\u00e4\u00e4<br \/>sinine razz limonaad<br \/>sinine piparm\u00fcnt (mustikam\u00fcnt)<br \/>mustikas kirss sidrun<\/p>\n<p>See mitmekesine valik - alates klassikalistest lemmikutest kuni ainulaadsete j\u00e4iste keerdk\u00e4ikudeni - tagab, et iga kasutaja leiab endale sobivaima, lisades samal ajal uudsust ja p\u00f5nevust igap\u00e4evarutiini.<\/p>\n<h3>Kokkuv\u00f5te<\/h3>\n<p>Sisuliselt defineerib Zooy Blaze 25000 uuesti mugavuse oma tugeva 25 000-puhumise eluea, reaalajas kuvatava intelligentsuse ja maitsek\u00fcllase mitmek\u00fclgsuse abil.<br \/>Kas te otsite tulemuslikkusele suunatud elemente, nagu <strong>topeltv\u00f5rgum\u00e4hised<\/strong> v\u00f5i isikup\u00e4rastamine l\u00e4bi <strong>reguleeritavad seaded<\/strong>, pakub see e-sigaret esmaklassilist kogemust, mis seab esikohale tervise, t\u00f5hususe ja naudingu.<br \/>T\u00e4nu t\u00e4iustatud laadimistehnoloogiale ja praktilistele turvaelementidele seab see kaasaegsete aurustuslahenduste seas uue standardi.<\/p>","protected":false},"excerpt":{"rendered":"<p>Kogemused <strong>Zooy Blaze 25000<\/strong> \u00fchekordselt kasutatav vape, mis sisaldab <strong>25,000 puffid<\/strong>, a <strong>t\u00e4isekraaniline ekraan<\/strong>ja k\u00fcmme eksootilist <strong>puuvilja maitsed<\/strong>.<br \/>Laetav USB-C kaudu koos <strong>reguleeritav \u00f5huvool<\/strong> isikup\u00e4rastatud aurustamise jaoks.<\/p>","protected":false},"featured_media":5935,"comment_status":"open","ping_status":"closed","template":"","meta":[],"product_brand":[97],"product_cat":[860],"product_tag":[603,163,112,605,604,602],"class_list":{"0":"post-5941","1":"product","2":"type-product","3":"status-publish","4":"has-post-thumbnail","6":"product_brand-zooy","7":"product_cat-zooy","8":"product_tag-25000-puff-e-cig","9":"product_tag-adjustable-airflow","10":"product_tag-disposable-vape","11":"product_tag-fruit-flavors","12":"product_tag-full-screen-display","13":"product_tag-zooy-blaze-25000","15":"first","16":"instock","17":"sale","18":"shipping-taxable","19":"purchasable","20":"product-type-variable"},"jetpack_sharing_enabled":true,"tiered_pricing_type":"fixed","tiered_pricing_fixed_rules":[],"tiered_pricing_product_settings":{"layout":"default","base_unit_name":{"singular":null,"plural":null},"default_variation":null},"tiered_pricing_minimum_quantity":null,"tiered_pricing_roles_data":[],"tiered_pricing_percentage_rules":[],"tiered_pricing_maximum_quantity":null,"tiered_pricing_quantity_step":null,"_links":{"self":[{"href":"https:\/\/frvape.com\/et\/wp-json\/wp\/v2\/product\/5941","targetHints":{"allow":["GET"]}}],"collection":[{"href":"https:\/\/frvape.com\/et\/wp-json\/wp\/v2\/product"}],"about":[{"href":"https:\/\/frvape.com\/et\/wp-json\/wp\/v2\/types\/product"}],"replies":[{"embeddable":true,"href":"https:\/\/frvape.com\/et\/wp-json\/wp\/v2\/comments?post=5941"}],"wp:featuredmedia":[{"embeddable":true,"href":"https:\/\/frvape.com\/et\/wp-json\/wp\/v2\/media\/5935"}],"wp:attachment":[{"href":"https:\/\/frvape.com\/et\/wp-json\/wp\/v2\/media?parent=5941"}],"wp:term":[{"taxonomy":"product_brand","embeddable":true,"href":"https:\/\/frvape.com\/et\/wp-json\/wp\/v2\/product_brand?post=5941"},{"taxonomy":"product_cat","embeddable":true,"href":"https:\/\/frvape.com\/et\/wp-json\/wp\/v2\/product_cat?post=5941"},{"taxonomy":"product_tag","embeddable":true,"href":"https:\/\/frvape.com\/et\/wp-json\/wp\/v2\/product_tag?post=5941"}],"curies":[{"name":"wp","href":"https:\/\/api.w.org\/{rel}","templated":true}]}}