{"id":6361,"date":"2025-10-12T12:13:51","date_gmt":"2025-10-12T12:13:51","guid":{"rendered":"https:\/\/frvape.com\/product\/mrvi-puffing-15000-disposable-vape-15000-puffs-with-lanyard-screen-display\/"},"modified":"2026-02-06T03:27:03","modified_gmt":"2026-02-06T03:27:03","slug":"mrvi-puffing-15000-uhekordselt-kasutatav-vape-15000-puffs-koos-lanyard-ekraaniga-ekraaniga","status":"publish","type":"product","link":"https:\/\/frvape.com\/et\/product\/mrvi-puffing-15000-uhekordselt-kasutatav-vape-15000-puffs-koos-lanyard-ekraaniga-ekraaniga\/","title":{"rendered":"Mrvi Puffing 15000 \u00fchekordselt kasutatav Vape | 15000 Puffs koos paelaga ja ekraani kuvamisega"},"content":{"rendered":"<h3>\u00dclim v\u00f5imsus kohtub erakordse maitsega<\/h3>\n<p>Tutvuge uuendatud <strong>Mrvi Puffing 15000<\/strong> \u00fchekordselt kasutatav vape - f\u00e4nnide lemmiku MRVI COMING seeria evolutsioon. Oleme t\u00e4iustanud iga detaili, s\u00e4ilitades selle ikoonilise disaini, lisades n\u00fc\u00fcd praktilise <strong>pael lihtne kaasaskantavus<\/strong>. See j\u00f5ujaam pakub t\u00f6\u00f6stusharu juhtivat <strong>15,000 puffid<\/strong> mida toetab t\u00e4iuseni testitud rafineeritud maitseprofiil. Klientide tagasiside kinnitab: maitseelamus on t\u00f5eliselt erakordne.<\/p>\n<h3>L\u00e4bimurde tehnilised n\u00e4itajad<\/h3>\n<p>Konstrueeritud vastupidavuse jaoks: massiivne <strong>25ml e-vedeliku mahutavus<\/strong> koos usaldusv\u00e4\u00e4rse <strong>750mAh koobalt aku<\/strong>. . <strong>C-t\u00fc\u00fcpi kiirlaadimine<\/strong> port tagab minimaalse seisakuaja, samas kui uuenduslik alumine ekraan hoiab teid kursis <strong>reaalajas \u00f5litasemed<\/strong> ja <strong>aku olek<\/strong>. Valige oma eelistatud <strong>nikotiini tugevus<\/strong> (2%, 3% v\u00f5i 5%), mis vastavad teie vajadustele, mida t\u00e4iendab meie revolutsiooniline <strong>topeltv\u00f5rgum\u00e4histe tehnoloogia<\/strong> intensiivsema maitse ja aurutootmise jaoks.<\/p>\n<h3>V\u00f5rratu maitseelamus<\/h3>\n<p>Nautige meie esmaklassilist maitsekomplekti, mis on hoolikalt koostatud arvukate t\u00e4iustuste abil:<br \/><strong>Banaani piimakokteil<\/strong><br \/><strong>Maasika arbuus<\/strong><br \/><strong>Pink Burst<\/strong><br \/><strong>Mesimagusaj\u00e4\u00e4tis<\/strong><br \/><strong>Mustikas j\u00e4\u00e4l<\/strong><br \/><strong>Mustikas Bubblegum<\/strong><br \/><strong>Punase \u00f5una j\u00e4\u00e4<\/strong><br \/><strong>Rikkalik j\u00e4\u00e4<\/strong><br \/><strong>Ananassi j\u00e4\u00e4<\/strong><br \/><strong>Virsik Mango<\/strong><\/p>\n<h3>Nutikad funktsioonid t\u00e4iustatud kontrolli saavutamiseks<\/h3>\n<p>Lisaks erakordsele puhumisv\u00f5imsusele on Puffing 15000 integreeritud j\u00e4rgmise p\u00f5lvkonna funktsionaalsus. J\u00e4lgige oma kasutust integreeritud <strong>e-vedelik ja v\u00f5imsuse n\u00e4idiku ekraan<\/strong>, reguleerige auru intensiivsust <strong>v\u00f5imsuse reguleerimise funktsioon<\/strong>ja nautida meie t\u00e4iustatud spiraals\u00fcsteemi p\u00fcsivat j\u00f5udlust. Iga pakett sisaldab tasuta <strong>kaelarihma tarvik<\/strong> - sobib ideaalselt aktiivse eluviisi jaoks.<\/p>\n<h3>Premium konstruktsioon ja pakend<\/h3>\n<p>Meie tehnoloogia korpus on ergonoomilise disainiga, mis on optimeeritud pikaajaliseks kasutamiseks. \u00dcksusi tarnitakse 10 t\u00fckki karbi kohta, t\u00f5hus lahtiselt pakendatud <strong>160 seadet karbi kohta<\/strong> (60x32x23cm, 19kg). Laetav platvorm minimeerib j\u00e4\u00e4tmeid, maksimeerides samal ajal v\u00e4\u00e4rtust, kehtestades uue standardi keskkonnateadlikul aurutamisel, ohverdamata seejuures monumentaalset j\u00f5udlust. T\u00f5sta oma reisi - koge v\u00f5rratut pikaealisust ja maitsemeisterlikkust.<\/p>","protected":false},"excerpt":{"rendered":"<p><strong>Mrvi Puffing 15000<\/strong> \u00fchekordselt kasutatav vape pakub h\u00e4mmastavat <strong>15,000 puffid<\/strong> k\u00f5rgekvaliteediliste maitsetega. Omadused <strong>750mAh aku<\/strong>, <strong>C-t\u00fc\u00fcpi kiirlaadimine<\/strong>ja sisseehitatud <strong>\u00f5li\/v\u00f5imsuse n\u00e4idiku ekraan<\/strong>. Sisaldab mugavat kandmist <strong>pael<\/strong> ja kahekordse v\u00f5rgusilma m\u00e4hise tehnoloogia.<\/p>","protected":false},"featured_media":6355,"comment_status":"open","ping_status":"closed","template":"","meta":[],"product_brand":[174],"product_cat":[175],"product_tag":[429,94,626,115,271,627],"class_list":{"0":"post-6361","1":"product","2":"type-product","3":"status-publish","4":"has-post-thumbnail","6":"product_brand-mrvi","7":"product_cat-mrvi-vape","8":"product_tag-15000-puffs-disposable-vape","9":"product_tag-dual-mesh-coil-vape","10":"product_tag-mrvi-puffing-15000","11":"product_tag-rechargeable-vape","12":"product_tag-type-c-vape","13":"product_tag-vape-with-lanyard","15":"first","16":"outofstock","17":"sale","18":"shipping-taxable","19":"purchasable","20":"product-type-variable"},"jetpack_sharing_enabled":true,"tiered_pricing_type":"fixed","tiered_pricing_fixed_rules":[],"tiered_pricing_product_settings":{"layout":"default","base_unit_name":{"singular":null,"plural":null},"default_variation":null},"tiered_pricing_minimum_quantity":null,"tiered_pricing_roles_data":[],"tiered_pricing_percentage_rules":[],"tiered_pricing_maximum_quantity":null,"tiered_pricing_quantity_step":null,"_links":{"self":[{"href":"https:\/\/frvape.com\/et\/wp-json\/wp\/v2\/product\/6361","targetHints":{"allow":["GET"]}}],"collection":[{"href":"https:\/\/frvape.com\/et\/wp-json\/wp\/v2\/product"}],"about":[{"href":"https:\/\/frvape.com\/et\/wp-json\/wp\/v2\/types\/product"}],"replies":[{"embeddable":true,"href":"https:\/\/frvape.com\/et\/wp-json\/wp\/v2\/comments?post=6361"}],"wp:featuredmedia":[{"embeddable":true,"href":"https:\/\/frvape.com\/et\/wp-json\/wp\/v2\/media\/6355"}],"wp:attachment":[{"href":"https:\/\/frvape.com\/et\/wp-json\/wp\/v2\/media?parent=6361"}],"wp:term":[{"taxonomy":"product_brand","embeddable":true,"href":"https:\/\/frvape.com\/et\/wp-json\/wp\/v2\/product_brand?post=6361"},{"taxonomy":"product_cat","embeddable":true,"href":"https:\/\/frvape.com\/et\/wp-json\/wp\/v2\/product_cat?post=6361"},{"taxonomy":"product_tag","embeddable":true,"href":"https:\/\/frvape.com\/et\/wp-json\/wp\/v2\/product_tag?post=6361"}],"curies":[{"name":"wp","href":"https:\/\/api.w.org\/{rel}","templated":true}]}}