{"id":864,"date":"2025-10-11T15:49:11","date_gmt":"2025-10-11T15:49:11","guid":{"rendered":"https:\/\/frvape.com\/product\/zooy-zero-45000-puffs-vape-ice-nic-control-adjustable-airflow\/"},"modified":"2025-11-26T09:12:49","modified_gmt":"2025-11-26T09:12:49","slug":"zooy-zero-45000-puffs-vape-ice-nic-control-reguleeritav-ohuvooluga","status":"publish","type":"product","link":"https:\/\/frvape.com\/et\/product\/zooy-zero-45000-puffs-vape-ice-nic-control-reguleeritav-ohuvooluga\/","title":{"rendered":"Zooy Zero 45000 Puffs Vape: ICE-NIC Control &amp; reguleeritav \u00f5huvool"},"content":{"rendered":"<h3>Revolutsiooniline oma Vaping kogemus<\/h3>\n<p>The <strong>Zooy Zero 45000 Puffs<\/strong> m\u00e4\u00e4ratleb uuesti \u00fchekordsete e-sigarettide tehnoloogia, millel on murrangulised funktsioonid, mida turul varem ei ole n\u00e4htud. Erinevalt tavalistest \u00fchekordselt kasutatavatest seadmetest on sellel revolutsioonilisel seadmel eksklusiivne <strong>ICE-NIC kontroll<\/strong> s\u00fcsteem, mis v\u00f5imaldab teil koheselt muuta nikotiini intensiivsust (2% v\u00f5i 5%) ja jahutustunde taset s\u00f5rmeotstega.<\/p>\n<h3>Nutikas juhtimine teie s\u00f5rmeotstega<\/h3>\n<p>Integreeritud <strong>puutetundlik ekraan<\/strong> asub silmapaistvalt seadme esipaneelil, v\u00f5imaldades reaalajas j\u00e4lgida aku olekut, e-mahla taset ja jooksvaid ICE\/NIC-seadistusi. Kolme reguleeritava nikotiiniv\u00e4ljundi ja kolme j\u00e4\u00e4 intensiivsuse tasemega saate lihtsalt puudutada intuitiivset nutikat ekraani, et kohandada iga puff t\u00e4pselt oma eelistuste j\u00e4rgi.<\/p>\n<h3>Konstrueeritud j\u00f5udluse jaoks<\/h3>\n<p>Toetatud t\u00e4iustatud <strong>0,6+1,5kahe v\u00f5rgusilma m\u00e4his<\/strong> tehnoloogia abil pakub Zooy Zero v\u00f5rratut maitsekonsistentsi esimesest puhangust kuni viimaseni. . <strong>reguleeritav \u00f5huvool<\/strong> valik v\u00f5imaldab sujuvat \u00fcleminekut tihedate suust-kopsu ja otse-kopsu t\u00f5mmete vahel. Kombineerituna massiivse <strong>1000mAh aku<\/strong> (C-t\u00fc\u00fcpi laadimine), see meistriteos s\u00e4ilitab uskumatu <strong>45,000 puffid<\/strong> eluiga.<\/p>\n<h3>Premium maitse spektrile<\/h3>\n<p>Kogege esmaklassilisi Pod Juice'i e-vedelikke 10 asjatundlikult valmistatud maitsega: <br \/><strong>Sinine Razz Ice<\/strong><br \/><strong>Viinamarja \u00f5un<\/strong><br \/><strong>Bluberry Ice<\/strong><br \/><strong>Mustikas arbuus<\/strong><br \/><strong>Arbuusi j\u00e4\u00e4<\/strong><br \/><strong>Maasika arbuus<\/strong><br \/><strong>Mango Passion Guava<\/strong><br \/><strong>Lemon Cola<\/strong><br \/><strong>Maasika kiivi<\/strong><br \/><strong>Maasika apelsini pop<\/strong><br \/>Iga maitse sisaldab 5% nikotiinikontsentratsiooni, mis tagab rahuldust pakkuva kurguhoobi.<\/p>\n<h3>Ergonoomiline innovatsioon<\/h3>\n<p>Ainult kaalumine <strong>90g<\/strong> m\u00f5\u00f5tmetega <strong>51.1*21.5*106.96mm<\/strong>, \u00fchendab see l\u00e4ikiva viimistlusega seade tohutu mahutavuse ja taskukohase kaasaskantavuse. T\u00e4iustatud spiraalarhitektuur (<strong>130G 0.6+1.5 topeltv\u00f5rgustik<\/strong>) tagab optimaalse aurutootmise, samas kui <strong>sisseehitatud nutikas ekraan<\/strong> pakub kompromissitut funktsionaalsust \u00fchekordselt kasutatavas formaadis.<\/p>\n<h3>Tehnilised andmed<\/h3>\n<p><strong>NIC&amp;ICE kontroll:<\/strong> 3-tasemeline reguleerimine m\u00f5lema funktsiooni jaoks<br \/><strong>Puffide arv:<\/strong> 45,000 puhumist \u00fche seadme kohta<br \/><strong>M\u00e4hise tehnoloogia:<\/strong> Dual Mesh 0,6ohm + 1,5ohm<br \/><strong>Aku:<\/strong> Integreeritud 1000mAh laetav<br \/><strong>Laadimine:<\/strong> C-t\u00fc\u00fcpi kiirlaadimisport<br \/><strong>N\u00e4ita:<\/strong> Puutetundlik nutikas ekraan<br \/><strong>\u00d5huvoolus\u00fcsteem:<\/strong> Reguleeritav r\u00f5ngasjuhtimine<br \/><strong>M\u00f5\u00f5tmed:<\/strong> 51.1\u00d721.5\u00d7106.96mm<br \/><strong>Kaal:<\/strong> 90g (kerge konstruktsioon)<\/p>\n<h3>T\u00f6\u00f6stuse juhtiv innovatsioon<\/h3>\n<p>Zooy Zero seisab \u00fcksi ainsa \u00fchekordselt kasutatava reaalajas pakutava <strong>nikotiini ja j\u00e4\u00e4 kohandamine<\/strong> - paradigmamuutus v\u00f5rreldes \u00fcheainsaalsete alternatiividega. Seadme plastikust korpus kiirgab esmaklassilist esteetikat igale unikaalsele maitseprofiilile vastava elava v\u00e4rvikoodiga kujunduse kaudu. Koos enneolematu puhumisv\u00f5imsuse ja intelligentse diagnostikaga esindab see seade aurutamismugavuse tippu.<\/p>\n<p>Iga element - alates t\u00e4pselt kalibreeritud <strong>kahekordsete v\u00f5rgusilmadega m\u00e4hised<\/strong> kuni keerulise kiibistikuni, mis reguleerib aurutoodangut - on t\u00e4iustatud maksimaalse rahulolu saavutamiseks. . <strong>reguleeritav \u00f5huvool<\/strong> dial muudab f\u00fc\u00fcsiliselt t\u00f5mbetakistuse, pakkudes kohandatud tihedust, olenemata sellest, kas eelistate diskreetseid MTL- v\u00f5i mahukaid DTL-pilvi. Unustage tavalised \u00fchekordsed tarvikud; Zooy Zero 45000 koos <strong>ICE-NIC kontroll<\/strong> pakub laboratoorse t\u00e4psusega m\u00f5\u00f5teriistad teie peopesas.<\/p>","protected":false},"excerpt":{"rendered":"<p>Avastage revolutsiooniline <strong>Zooy Zero 45000<\/strong> \u00fchekordselt kasutatav vape koos t\u00f6\u00f6stusharu esimese <strong>ICE-NIC kontroll<\/strong> tehnoloogia.<br \/>Reguleerige nikotiini tugevust (2%\/5%) ja j\u00e4\u00e4 taset l\u00e4bi <strong>puutetundlik ekraan<\/strong> 45000-puhumise pikkusega.<br \/>Omadused topeltv\u00f5rguga m\u00e4hised ja <strong>reguleeritav \u00f5huvool<\/strong> kohandatud aurustamise jaoks.<\/p>","protected":false},"featured_media":858,"comment_status":"open","ping_status":"closed","template":"","meta":[],"product_brand":[97],"product_cat":[860],"product_tag":[162,163,112,161,164],"class_list":{"0":"post-864","1":"product","2":"type-product","3":"status-publish","4":"has-post-thumbnail","6":"product_brand-zooy","7":"product_cat-zooy","8":"product_tag-45000-puffs","9":"product_tag-adjustable-airflow","10":"product_tag-disposable-vape","11":"product_tag-ice-nic-control","12":"product_tag-touchscreen-vape","14":"first","15":"instock","16":"sale","17":"shipping-taxable","18":"purchasable","19":"product-type-variable"},"jetpack_sharing_enabled":true,"tiered_pricing_type":"fixed","tiered_pricing_fixed_rules":[],"tiered_pricing_product_settings":{"layout":"default","base_unit_name":{"singular":null,"plural":null},"default_variation":null},"tiered_pricing_minimum_quantity":null,"tiered_pricing_roles_data":[],"tiered_pricing_percentage_rules":[],"tiered_pricing_maximum_quantity":null,"tiered_pricing_quantity_step":null,"_links":{"self":[{"href":"https:\/\/frvape.com\/et\/wp-json\/wp\/v2\/product\/864","targetHints":{"allow":["GET"]}}],"collection":[{"href":"https:\/\/frvape.com\/et\/wp-json\/wp\/v2\/product"}],"about":[{"href":"https:\/\/frvape.com\/et\/wp-json\/wp\/v2\/types\/product"}],"replies":[{"embeddable":true,"href":"https:\/\/frvape.com\/et\/wp-json\/wp\/v2\/comments?post=864"}],"wp:featuredmedia":[{"embeddable":true,"href":"https:\/\/frvape.com\/et\/wp-json\/wp\/v2\/media\/858"}],"wp:attachment":[{"href":"https:\/\/frvape.com\/et\/wp-json\/wp\/v2\/media?parent=864"}],"wp:term":[{"taxonomy":"product_brand","embeddable":true,"href":"https:\/\/frvape.com\/et\/wp-json\/wp\/v2\/product_brand?post=864"},{"taxonomy":"product_cat","embeddable":true,"href":"https:\/\/frvape.com\/et\/wp-json\/wp\/v2\/product_cat?post=864"},{"taxonomy":"product_tag","embeddable":true,"href":"https:\/\/frvape.com\/et\/wp-json\/wp\/v2\/product_tag?post=864"}],"curies":[{"name":"wp","href":"https:\/\/api.w.org\/{rel}","templated":true}]}}