{"id":979,"date":"2025-10-11T15:59:06","date_gmt":"2025-10-11T15:59:06","guid":{"rendered":"https:\/\/frvape.com\/product\/bang-smart-screen-20000-disposable-vape-25ml-5-nicotine-20k-puffs-12-flavors\/"},"modified":"2025-11-26T09:18:49","modified_gmt":"2025-11-26T09:18:49","slug":"bang-smart-screen-20000-uhekordne-vape-25ml-5-nikotiini-20k-puffs-12-maitsed","status":"publish","type":"product","link":"https:\/\/frvape.com\/et\/product\/bang-smart-screen-20000-uhekordne-vape-25ml-5-nikotiini-20k-puffs-12-maitsed\/","title":{"rendered":"Bang Smart Screen 20000 \u00fchekordselt kasutatav Vape - 25mL 5% nikotiin, 20K Puffs, 12 maitset"},"content":{"rendered":"<h3>Revolutsiooniline Vaping kogemus<\/h3>\n<p>Tutvustame <strong>Bang Smart Screen 20000<\/strong> - m\u00e4ngu muutev \u00fchekordselt kasutatav e-sigaret, mis m\u00e4\u00e4ratleb uuesti mugavuse ja j\u00f5udluse. See tipptasemel tehnoloogiaga konstrueeritud j\u00f5useade pakub enneolematut <strong>20,000 puffid<\/strong> massiivsest <strong>25mL e-vedelik<\/strong> reservuaari, mis rahuldab isegi k\u00f5ige n\u00f5udlikumaid aurutajaid. Integreeritud <strong>nutika ekraani kuvamine<\/strong> pakub reaalajas aku ja e-mahla j\u00e4lgimist, k\u00f5rvaldades teie aurutamissessioonidelt arvamised.<\/p>\n<h3>V\u00f5imsad tehnilised n\u00e4itajad<\/h3>\n<p>- <strong>Aku mahutavus<\/strong>: Vastupidav 650mAh aku<br \/>- <strong>E-vedeliku maht<\/strong>: Suurep\u00e4rane 25,0mL eelt\u00e4idetud paak<br \/>- <strong>Nikotiini tugevus<\/strong>: Optimaalne rahulolu 5% nikotiinisoola valemiga<br \/>- <strong>Laadimine<\/strong>: \u00dclikiire C-t\u00fc\u00fcpi laadimisport<br \/>- <strong>Spiraaltehnoloogia<\/strong>: Edasij\u00f5udnud duaalne <strong>v\u00f5rgusilma spiraal<\/strong> s\u00fcsteem<br \/>- <strong>Vastupidavus<\/strong>: T\u00e4pne 1.1\u03a9 k\u00fcttekeha<br \/>- <strong>Puffide arv<\/strong>: T\u00f6\u00f6stuse juhtiv 20,000 t\u00f5mbamist seadme kohta<br \/>- <strong>Maitse valikud<\/strong>: 12 asjatundlikult valmistatud maitset<\/p>\n<h3>Premium maitsete portfell<\/h3>\n<p>Nautige meie hoolikalt kureeritud maitses\u00fcmfooniat, mis sisaldab:<br \/><strong>M\u00fcndi<\/strong> - Arktiline v\u00e4rskus, mis elavdab teie meeli.<br \/><strong>Maasika lit\u0161i<\/strong> - Troopiline fusion lilleliste alatoonidega<br \/><strong>Maasika kiivi<\/strong> - Elavatest punastest marjadest, mis on segatud v\u00fcrtsika kiiviga.<br \/><strong>Red Bull<\/strong> - Autentne energiajoogi tunne<br \/><strong>Arbuus<\/strong> - Mahlane suvine meloniplahvatus<br \/><strong>Viinamarja j\u00e4\u00e4<\/strong> - Purpurne l\u00f5hkemine j\u00e4ise kurguv\u00e4rviga viimistlusega<br \/><strong>Maasika arbuus<\/strong> - Topeltmarjade medley<br \/><strong>Mustikas arbuus<\/strong> - Julge marjane duo koos mahlase magususega<br \/><strong>Mustikas Vaarikas<\/strong> - Kirbe marjafusion<br \/><strong>Virsikuj\u00e4\u00e4tis<\/strong> - K\u00fclma efektiga mahlakad luuviljad<br \/><strong>Segatud puuviljad<\/strong> - Troopiliste maitsete karneval<br \/><strong>Mustika j\u00e4\u00e4<\/strong> - Lahe mustikapuhang koos karge l\u00f5puga<\/p>\n<h3>L\u00e4bimurdev Dual Mesh Coil tehnoloogia<\/h3>\n<p>Pioneeri- ja <strong>topeltv\u00f5rguga k\u00fcttem\u00e4his<\/strong> s\u00fcsteem tagab v\u00f5rratu aurutootmise ja maitse intensiivsuse. Erinevalt tavap\u00e4rastest m\u00e4histest loob meie uuenduslik v\u00f5rgusilma disain 220% suurema k\u00fcttepinna \u00fchtlase e-vedeliku aurustumise jaoks. See t\u00e4hendab rikkalikumaid maitseprofiile, tihedamaid aurupilvi ja \u00fchtlast j\u00f5udlust kuni viimase t\u00f5mbamiseni. Optimeeritud 1,1\u03a9 takistus s\u00e4ilitab ideaalse temperatuurikontrolli, v\u00e4ltides kuivi tabamusi ja maksimeerides samal ajal e-vedeliku t\u00f5husust.<\/p>\n<h3>Intelligentsed funktsioonid, mis t\u00f5stavad teie Vape'i<\/h3>\n<p>Integreeritud <strong>nutika ekraani kuvamine<\/strong> teeb revolutsiooni \u00fchekordseks kasutamiseks m\u00f5eldud aurustamisel, pakkudes elut\u00e4htsaid kasutusn\u00e4itajaid \u00fche pilguga. J\u00e4lgige aku j\u00e4relej\u00e4\u00e4nud kasutusaega protsentide n\u00e4itamisega, j\u00e4lgige e-vedeliku taset visuaalsete n\u00e4itajate abil ja kontrollige v\u00f5imsuse v\u00e4ljundseadistusi. Kombineerituna v\u00e4simusekindla <strong>650mAh aku<\/strong> ja kiire <strong>C-t\u00fc\u00fcpi laadimine<\/strong> v\u00f5ime, saate nautida katkematuid seansse, mis \u00fcletavad konkurentide tulemusi 3X.<\/p>\n<h3>\u00dclim \u00fchekordselt kasutatav Vape kogemus<\/h3>\n<p>Valmistatud aurutamise asjatundjatele, kes otsivad esmaklassilist rahulolu ilma hooldusteta, on see <strong>Bang 20000<\/strong> kasutab farmatseutilise kvaliteediga nikotiinisoolasid, mis tagavad sujuvama kurgutuleku ja kiirema nikotiini imendumise. Meie h\u00fcbriidne \u00f5huvoolus\u00fcsteem pakub reguleeritavat t\u00f5mbetakistust - nautige tihedat MTL t\u00f5mbamist v\u00f5i \u00f5hulisi DL-pilvi. Ergonoomiline \u0161assii sisaldab s\u00f5jav\u00e4e tasemel vooluahela kaitset \u00fclelaadimise, l\u00fchise ja \u00fclekuumenemise vastu, seades uued ohutusstandardid \u00fchekordsete aurude puhul.<\/p>\n<h3>Miks Vaperid valivad Bang 20000?<\/h3>\n<p>- Rekordilised 20 000 puhumist - kestab 5X kauem kui tavalised \u00fchekordsed pillid<br \/>- Revolutsiooniline v\u00f5rgusilma m\u00e4hise tehnoloogia - V\u00f5rratu maitse selgus<br \/>- Nutikas ekraanide innovatsioon - esimene \u00fchekordselt kasutatavas vape-kategoorias<br \/>- Premium-konstruktsioon - lekkekindel quad-seal tehnoloogia<br \/>- Tuleviku laadimine - C-t\u00fc\u00fcpi port universaalse \u00fchilduvuse tagamiseks<br \/>- Keskkonnateadlik disain - optimeeritud e-vedeliku kasutamine minimeerib j\u00e4\u00e4tmeid<\/p>\n<h3>\u00dclemaailmne innovatsioonikohustus<\/h3>\n<p>Aurustustehnoloogia pioneeridena oleme spetsialiseerunud k\u00f5rgekvaliteediliste \u00fchekordsete aurustite teadus- ja arendustegevusele, tootmisele ja \u00fclemaailmsele turustamisele. Meie ISO-sertifitseeritud rajatised kasutavad erandliku kvaliteedikontrolli tagamiseks lennundusklassi tootmisstandardeid. Pakume uhkusega OEM\/ODM-teenuseid, mis h\u00f5lmavad kohandatud maitsete arendamist, riistvara projekteerimist ja valge kaubam\u00e4rgi pakendilahendusi. Tehke koost\u00f6\u00f6d meie rahvusvahelise meeskonnaga, et saada p\u00fchendunud tuge meie 24\/7 klienditeenindusv\u00f5rgu ja tehase k\u00fclastusprogrammide kaudu.<\/p>","protected":false},"excerpt":{"rendered":"<p>Kogemused lisatasu <strong>Bang Smart Screen 20000<\/strong> \u00fchekordselt kasutatav vape koos massiivse <strong>25mL e-vedeliku mahutavus<\/strong> ja kuni <strong>20,000 puffid<\/strong>. Omadused <strong>5% nikotiini tugevus<\/strong>, <strong>C-t\u00fc\u00fcpi kiirlaadimine<\/strong>ja 12 plahvatusohtlikku maitset koos <strong>topeltv\u00f5rgum\u00e4his<\/strong> tehnoloogia intensiivse maitse edastamiseks.<\/p>","protected":false},"featured_media":973,"comment_status":"open","ping_status":"closed","template":"","meta":[],"product_brand":[107],"product_cat":[1072,1016],"product_tag":[183,184,181,182,77,185],"class_list":{"0":"post-979","1":"product","2":"type-product","3":"status-publish","4":"has-post-thumbnail","6":"product_brand-bang","7":"product_cat-bang","8":"product_cat-big-puffs-vapes","9":"product_tag-25ml-e-cigarette","10":"product_tag-5-nicotine-vape","11":"product_tag-bang-smart-screen-20000","12":"product_tag-disposable-vape-20000-puffs","13":"product_tag-mesh-coil-vape","14":"product_tag-type-c-charging-vape","16":"first","17":"instock","18":"sale","19":"shipping-taxable","20":"purchasable","21":"product-type-variable"},"jetpack_sharing_enabled":true,"tiered_pricing_type":"fixed","tiered_pricing_fixed_rules":[],"tiered_pricing_product_settings":{"layout":"default","base_unit_name":{"singular":null,"plural":null},"default_variation":null},"tiered_pricing_minimum_quantity":null,"tiered_pricing_roles_data":[],"tiered_pricing_percentage_rules":[],"tiered_pricing_maximum_quantity":null,"tiered_pricing_quantity_step":null,"_links":{"self":[{"href":"https:\/\/frvape.com\/et\/wp-json\/wp\/v2\/product\/979","targetHints":{"allow":["GET"]}}],"collection":[{"href":"https:\/\/frvape.com\/et\/wp-json\/wp\/v2\/product"}],"about":[{"href":"https:\/\/frvape.com\/et\/wp-json\/wp\/v2\/types\/product"}],"replies":[{"embeddable":true,"href":"https:\/\/frvape.com\/et\/wp-json\/wp\/v2\/comments?post=979"}],"wp:featuredmedia":[{"embeddable":true,"href":"https:\/\/frvape.com\/et\/wp-json\/wp\/v2\/media\/973"}],"wp:attachment":[{"href":"https:\/\/frvape.com\/et\/wp-json\/wp\/v2\/media?parent=979"}],"wp:term":[{"taxonomy":"product_brand","embeddable":true,"href":"https:\/\/frvape.com\/et\/wp-json\/wp\/v2\/product_brand?post=979"},{"taxonomy":"product_cat","embeddable":true,"href":"https:\/\/frvape.com\/et\/wp-json\/wp\/v2\/product_cat?post=979"},{"taxonomy":"product_tag","embeddable":true,"href":"https:\/\/frvape.com\/et\/wp-json\/wp\/v2\/product_tag?post=979"}],"curies":[{"name":"wp","href":"https:\/\/api.w.org\/{rel}","templated":true}]}}