{"id":7167,"date":"2025-10-13T07:12:26","date_gmt":"2025-10-13T07:12:26","guid":{"rendered":"https:\/\/frvape.com\/?page_id=7167"},"modified":"2025-10-13T07:13:43","modified_gmt":"2025-10-13T07:13:43","slug":"politique-dexpedition","status":"publish","type":"page","link":"https:\/\/frvape.com\/fr\/politique-dexpedition\/","title":{"rendered":"Politique d'exp\u00e9dition"},"content":{"rendered":"<div data-elementor-type=\"wp-page\" data-elementor-id=\"7167\" class=\"elementor elementor-7167\">\n\t\t\t\t<div class=\"elementor-element elementor-element-60995797 e-flex e-con-boxed e-con e-parent\" data-id=\"60995797\" data-element_type=\"container\">\n\t\t\t\t\t<div class=\"e-con-inner\">\n\t\t\t\t<div class=\"elementor-element elementor-element-2b1c4b14 elementor-widget elementor-widget-text-editor\" data-id=\"2b1c4b14\" data-element_type=\"widget\" data-widget_type=\"text-editor.default\">\n\t\t\t\t\t\t\t\t\t\t\t\t\t\t\t\t\t<\/div>\n\t\t\t\t\t<\/div>\n\t\t\t\t<\/div>\n\t\t<div class=\"elementor-element elementor-element-90603f5 e-flex e-con-boxed e-con e-parent\" data-id=\"90603f5\" data-element_type=\"container\">\n\t\t\t\t\t<div class=\"e-con-inner\">\n\t\t\t\t<div class=\"elementor-element elementor-element-9aec96a elementor-widget elementor-widget-text-editor\" data-id=\"9aec96a\" data-element_type=\"widget\" data-widget_type=\"text-editor.default\">\n\t\t\t\t\t\t\t\t\t<h3 data-start=\"77\" data-end=\"100\"><strong data-start=\"81\" data-end=\"100\">Politique d'exp\u00e9dition<\/strong><\/h3>\n<p data-start=\"102\" data-end=\"289\">Chez FR Vape, nous nous engageons \u00e0 livrer vos produits de vapotage rapidement et en toute s\u00e9curit\u00e9. Veuillez lire notre politique d'exp\u00e9dition pour plus de d\u00e9tails sur la fa\u00e7on dont nous g\u00e9rons l'exp\u00e9dition, les d\u00e9lais de livraison, et plus encore.<\/p>\n<hr data-start=\"291\" data-end=\"294\" \/>\n<h4 data-start=\"296\" data-end=\"320\"><strong data-start=\"301\" data-end=\"320\">D\u00e9lai de traitement<\/strong><\/h4>\n<ul data-start=\"322\" data-end=\"725\">\n<li data-start=\"322\" data-end=\"505\">\n<p data-start=\"324\" data-end=\"505\"><strong data-start=\"324\" data-end=\"345\">Traitement des commandes :<\/strong> Toutes les commandes sont trait\u00e9es dans un d\u00e9lai de <strong data-start=\"378\" data-end=\"399\">1-2 jours ouvrables<\/strong> (du lundi au vendredi). Les commandes pass\u00e9es le week-end ou les jours f\u00e9ri\u00e9s seront trait\u00e9es le jour ouvrable suivant.<\/p>\n<\/li>\n<li data-start=\"509\" data-end=\"725\">\n<p data-start=\"511\" data-end=\"725\"><strong data-start=\"511\" data-end=\"534\">Confirmation de la commande :<\/strong> Une fois votre commande pass\u00e9e, vous recevrez un <strong data-start=\"582\" data-end=\"604\">Confirmation de commande<\/strong> email. Une fois votre commande trait\u00e9e et exp\u00e9di\u00e9e, vous recevrez un <strong data-start=\"671\" data-end=\"696\">Confirmation d'exp\u00e9dition<\/strong> email avec les d\u00e9tails de suivi.<\/p>\n<\/li>\n<\/ul>\n<hr data-start=\"727\" data-end=\"730\" \/>\n<h4 data-start=\"732\" data-end=\"773\"><strong data-start=\"737\" data-end=\"773\">M\u00e9thodes d'exp\u00e9dition et d\u00e9lais de livraison<\/strong><\/h4>\n<p data-start=\"775\" data-end=\"946\">Nous offrons une vari\u00e9t\u00e9 de m\u00e9thodes d'exp\u00e9dition pour assurer la meilleure exp\u00e9rience de livraison. Les d\u00e9lais de livraison varient en fonction de votre lieu de r\u00e9sidence et de l'option de livraison choisie lors du paiement.<\/p>\n<ul data-start=\"948\" data-end=\"1410\">\n<li data-start=\"948\" data-end=\"1089\">\n<p data-start=\"950\" data-end=\"1089\"><strong data-start=\"950\" data-end=\"999\">Exp\u00e9dition standard (gratuite pour les commandes sup\u00e9rieures \u00e0 $50) :<\/strong><br data-start=\"999\" data-end=\"1002\" \/>Livraison estim\u00e9e : <strong data-start=\"1024\" data-end=\"1045\">3-7 jours ouvrables<\/strong><br data-start=\"1045\" data-end=\"1048\" \/>Disponible pour toutes les commandes int\u00e9rieures aux \u00c9tats-Unis.<\/p>\n<\/li>\n<li data-start=\"1093\" data-end=\"1222\">\n<p data-start=\"1095\" data-end=\"1222\"><strong data-start=\"1095\" data-end=\"1118\">Exp\u00e9dition acc\u00e9l\u00e9r\u00e9e :<\/strong><br data-start=\"1118\" data-end=\"1121\" \/>Livraison estim\u00e9e : <strong data-start=\"1143\" data-end=\"1164\">2-3 jours ouvrables<\/strong><br data-start=\"1164\" data-end=\"1167\" \/>Disponible pour les commandes nationales. Des frais suppl\u00e9mentaires s'appliquent.<\/p>\n<\/li>\n<li data-start=\"1224\" data-end=\"1410\">\n<p data-start=\"1226\" data-end=\"1410\"><strong data-start=\"1226\" data-end=\"1253\">Exp\u00e9dition internationale :<\/strong><br data-start=\"1253\" data-end=\"1256\" \/>Nous exp\u00e9dions \u00e9galement des produits \u00e0 l'\u00e9tranger. Les d\u00e9lais de livraison pour les commandes internationales d\u00e9pendent de votre lieu de r\u00e9sidence, mais en g\u00e9n\u00e9ral, elles arrivent dans un d\u00e9lai de <strong data-start=\"1387\" data-end=\"1409\">7-21 jours ouvrables<\/strong>.<\/p>\n<\/li>\n<\/ul>\n<hr data-start=\"1412\" data-end=\"1415\" \/>\n<h4 data-start=\"1417\" data-end=\"1440\"><strong data-start=\"1422\" data-end=\"1440\">Frais d'exp\u00e9dition<\/strong><\/h4>\n<ul data-start=\"1442\" data-end=\"1705\">\n<li data-start=\"1442\" data-end=\"1572\">\n<p data-start=\"1444\" data-end=\"1473\"><strong data-start=\"1444\" data-end=\"1471\">Exp\u00e9dition \u00e0 l'int\u00e9rieur des \u00c9tats-Unis :<\/strong><\/p>\n<ul data-start=\"1476\" data-end=\"1572\">\n<li data-start=\"1476\" data-end=\"1535\">\n<p data-start=\"1478\" data-end=\"1535\">Exp\u00e9dition standard : <strong data-start=\"1497\" data-end=\"1506\">$5.99<\/strong> (Gratuit \u00e0 partir de $50)<\/p>\n<\/li>\n<li data-start=\"1538\" data-end=\"1572\">\n<p data-start=\"1540\" data-end=\"1572\">Exp\u00e9dition acc\u00e9l\u00e9r\u00e9e : <strong data-start=\"1560\" data-end=\"1570\">$15.99<\/strong><\/p>\n<\/li>\n<\/ul>\n<\/li>\n<li data-start=\"1573\" data-end=\"1705\">\n<p data-start=\"1575\" data-end=\"1604\"><strong data-start=\"1575\" data-end=\"1602\">Exp\u00e9dition internationale :<\/strong><\/p>\n<ul data-start=\"1607\" data-end=\"1705\">\n<li data-start=\"1607\" data-end=\"1705\">\n<p data-start=\"1609\" data-end=\"1705\">Les tarifs varient en fonction de la localisation et du poids de la commande. Vous pouvez consulter les frais d'exp\u00e9dition au moment de passer \u00e0 la caisse.<\/p>\n<\/li>\n<\/ul>\n<\/li>\n<\/ul>\n<hr data-start=\"1707\" data-end=\"1710\" \/>\n<h4 data-start=\"1712\" data-end=\"1740\"><strong data-start=\"1717\" data-end=\"1740\">Suivi de votre commande<\/strong><\/h4>\n<p data-start=\"1742\" data-end=\"1931\">Une fois votre commande exp\u00e9di\u00e9e, vous recevrez une <strong data-start=\"1798\" data-end=\"1817\">Num\u00e9ro de suivi<\/strong> par courrier \u00e9lectronique. Vous pouvez suivre l'\u00e9volution de votre commande sur le site web du transporteur ou sur notre site web. <strong data-start=\"1905\" data-end=\"1925\">Suivre votre commande<\/strong> page.<\/p>\n<hr data-start=\"1933\" data-end=\"1936\" \/>\n<h4 data-start=\"1938\" data-end=\"1968\"><strong data-start=\"1943\" data-end=\"1968\">Restrictions d'exp\u00e9dition<\/strong><\/h4>\n<ul data-start=\"1970\" data-end=\"2391\">\n<li data-start=\"1970\" data-end=\"2174\">\n<p data-start=\"1972\" data-end=\"2174\"><strong data-start=\"1972\" data-end=\"1997\">Emplacements restreints :<\/strong> En raison des r\u00e9glementations locales, nous ne sommes pas en mesure de livrer dans certaines r\u00e9gions. Veuillez consulter la liste des lieux soumis \u00e0 des restrictions sur notre site Web. <strong data-start=\"2121\" data-end=\"2137\">FAQ sur l'exp\u00e9dition<\/strong> ou contactez-nous pour plus de d\u00e9tails.<\/p>\n<\/li>\n<li data-start=\"2178\" data-end=\"2391\">\n<p data-start=\"2180\" data-end=\"2391\"><strong data-start=\"2180\" data-end=\"2201\">V\u00e9rification de l'\u00e2ge :<\/strong> Toutes les commandes n\u00e9cessitent <strong data-start=\"2221\" data-end=\"2241\">v\u00e9rification de l'\u00e2ge<\/strong> \u00e0 la livraison. Vous devez \u00eatre \u00e2g\u00e9 de 21 ans ou plus pour acheter des produits de vapotage chez FR Vape. Veuillez vous assurer qu'une personne \u00e2g\u00e9e de plus de 21 ans est disponible pour signer la livraison.<\/p>\n<\/li>\n<\/ul>\n<hr data-start=\"2393\" data-end=\"2396\" \/>\n<h4 data-start=\"2398\" data-end=\"2431\"><strong data-start=\"2403\" data-end=\"2431\">Paquets perdus ou endommag\u00e9s<\/strong><\/h4>\n<ul data-start=\"2433\" data-end=\"2842\">\n<li data-start=\"2433\" data-end=\"2645\">\n<p data-start=\"2435\" data-end=\"2645\"><strong data-start=\"2435\" data-end=\"2453\">Paquets perdus :<\/strong> Si votre colis est marqu\u00e9 comme livr\u00e9 mais que vous ne l'avez pas re\u00e7u, veuillez contacter imm\u00e9diatement notre \u00e9quipe d'assistance \u00e0 l'adresse suivante <strong data-start=\"2570\" data-end=\"2592\"><a class=\"decorated-link cursor-pointer\" rel=\"noopener\" data-start=\"2572\" data-end=\"2590\">support@frvape.com<\/a><\/strong>. Nous travaillerons avec le transporteur pour r\u00e9soudre le probl\u00e8me.<\/p>\n<\/li>\n<li data-start=\"2649\" data-end=\"2842\">\n<p data-start=\"2651\" data-end=\"2842\"><strong data-start=\"2651\" data-end=\"2669\">Articles endommag\u00e9s :<\/strong> Si vous recevez un article endommag\u00e9, veuillez nous contacter dans les d\u00e9lais suivants <strong data-start=\"2726\" data-end=\"2736\">7 jours<\/strong> de la r\u00e9ception de votre colis. Joignez des photos du dommage et nous nous chargerons de le remplacer ou de le rembourser.<\/p>\n<\/li>\n<\/ul>\n<hr data-start=\"2844\" data-end=\"2847\" \/>\n<h4 data-start=\"2849\" data-end=\"2877\"><strong data-start=\"2854\" data-end=\"2877\">Retours et \u00e9changes<\/strong><\/h4>\n<p data-start=\"2879\" data-end=\"3002\">Veuillez vous r\u00e9f\u00e9rer \u00e0 notre <strong data-start=\"2899\" data-end=\"2927\">Politique de retour et d'\u00e9change<\/strong> pour savoir comment retourner ou \u00e9changer les articles achet\u00e9s chez FR Vape.<\/p>\t\t\t\t\t\t\t\t<\/div>\n\t\t\t\t\t<\/div>\n\t\t\t\t<\/div>\n\t\t\t\t<\/div>","protected":false},"excerpt":{"rendered":"<p>Shipping Policy At FR Vape, we are committed to delivering your vaping products quickly and securely. Please read our shipping policy for more details on how we handle shipping, delivery times, and more. Processing Time Order Processing: All orders are processed within 1\u20132 business days (Monday to Friday). Orders placed on weekends or public holidays [&#8230;]","protected":false},"author":1,"featured_media":0,"parent":0,"menu_order":0,"comment_status":"closed","ping_status":"closed","template":"","meta":{"footnotes":""},"class_list":["post-7167","page","type-page","status-publish","hentry"],"jetpack_sharing_enabled":true,"_links":{"self":[{"href":"https:\/\/frvape.com\/fr\/wp-json\/wp\/v2\/pages\/7167","targetHints":{"allow":["GET"]}}],"collection":[{"href":"https:\/\/frvape.com\/fr\/wp-json\/wp\/v2\/pages"}],"about":[{"href":"https:\/\/frvape.com\/fr\/wp-json\/wp\/v2\/types\/page"}],"author":[{"embeddable":true,"href":"https:\/\/frvape.com\/fr\/wp-json\/wp\/v2\/users\/1"}],"replies":[{"embeddable":true,"href":"https:\/\/frvape.com\/fr\/wp-json\/wp\/v2\/comments?post=7167"}],"version-history":[{"count":4,"href":"https:\/\/frvape.com\/fr\/wp-json\/wp\/v2\/pages\/7167\/revisions"}],"predecessor-version":[{"id":7171,"href":"https:\/\/frvape.com\/fr\/wp-json\/wp\/v2\/pages\/7167\/revisions\/7171"}],"wp:attachment":[{"href":"https:\/\/frvape.com\/fr\/wp-json\/wp\/v2\/media?parent=7167"}],"curies":[{"name":"wp","href":"https:\/\/api.w.org\/{rel}","templated":true}]}}