{"id":7241,"date":"2025-10-13T07:43:59","date_gmt":"2025-10-13T07:43:59","guid":{"rendered":"https:\/\/frvape.com\/?page_id=7241"},"modified":"2025-10-13T07:46:25","modified_gmt":"2025-10-13T07:46:25","slug":"acheter-des-vapes-avec-une-carte-de-credit","status":"publish","type":"page","link":"https:\/\/frvape.com\/fr\/acheter-des-vapes-avec-une-carte-de-credit\/","title":{"rendered":"Acheter des vapes avec une carte de cr\u00e9dit"},"content":{"rendered":"<div data-elementor-type=\"wp-page\" data-elementor-id=\"7241\" class=\"elementor elementor-7241\">\n\t\t\t\t<div class=\"elementor-element elementor-element-47de13bb e-flex e-con-boxed e-con e-parent\" data-id=\"47de13bb\" data-element_type=\"container\">\n\t\t\t\t\t<div class=\"e-con-inner\">\n\t\t\t\t<div class=\"elementor-element elementor-element-74ffe578 elementor-widget elementor-widget-text-editor\" data-id=\"74ffe578\" data-element_type=\"widget\" data-widget_type=\"text-editor.default\">\n\t\t\t\t\t\t\t\t\t\t\t\t\t\t\t\t\t<\/div>\n\t\t\t\t\t<\/div>\n\t\t\t\t<\/div>\n\t\t<div class=\"elementor-element elementor-element-16b46b0 e-flex e-con-boxed e-con e-parent\" data-id=\"16b46b0\" data-element_type=\"container\">\n\t\t\t\t\t<div class=\"e-con-inner\">\n\t\t\t\t<div class=\"elementor-element elementor-element-92ee1b7 elementor-widget elementor-widget-text-editor\" data-id=\"92ee1b7\" data-element_type=\"widget\" data-widget_type=\"text-editor.default\">\n\t\t\t\t\t\t\t\t\t<h3 data-start=\"87\" data-end=\"132\"><strong data-start=\"91\" data-end=\"132\">Acheter des Vapes avec une carte de cr\u00e9dit chez FR Vape<\/strong><\/h3>\n<p data-start=\"134\" data-end=\"381\">Au <strong data-start=\"137\" data-end=\"148\">FR Vape<\/strong>Nous offrons un moyen s\u00fbr et facile d'acheter vos produits de vapotage pr\u00e9f\u00e9r\u00e9s en utilisant votre carte de cr\u00e9dit. <strong data-start=\"234\" data-end=\"249\">carte de cr\u00e9dit<\/strong>. Que vous achetiez des e-liquides, des mods ou des accessoires, les paiements par carte de cr\u00e9dit garantissent une exp\u00e9rience de transaction rapide et fluide.<\/p>\n<hr data-start=\"383\" data-end=\"386\" \/>\n<h4 data-start=\"388\" data-end=\"433\"><strong data-start=\"393\" data-end=\"433\">Comment acheter des vapes avec une carte de cr\u00e9dit :<\/strong><\/h4>\n<ol data-start=\"435\" data-end=\"1591\">\n<li data-start=\"435\" data-end=\"580\">\n<p data-start=\"438\" data-end=\"580\"><strong data-start=\"438\" data-end=\"462\">Parcourir nos produits :<\/strong><br data-start=\"462\" data-end=\"465\" \/>Commencez par explorer notre large s\u00e9lection de vapes, e-liquides et accessoires. Ajoutez les articles souhait\u00e9s \u00e0 votre panier.<\/p>\n<\/li>\n<li data-start=\"582\" data-end=\"762\">\n<p data-start=\"585\" data-end=\"762\"><strong data-start=\"585\" data-end=\"606\">Examinez votre panier :<\/strong><br data-start=\"606\" data-end=\"609\" \/>Une fois que vous \u00eates pr\u00eat, cliquez sur le bouton <strong data-start=\"644\" data-end=\"652\">Chariot<\/strong> en haut de la page pour v\u00e9rifier les \u00e9l\u00e9ments que vous avez ajout\u00e9s. Assurez-vous que tout est correct avant de continuer.<\/p>\n<\/li>\n<li data-start=\"764\" data-end=\"876\">\n<p data-start=\"767\" data-end=\"876\"><strong data-start=\"767\" data-end=\"791\">Passez \u00e0 la caisse :<\/strong><br data-start=\"791\" data-end=\"794\" \/>Apr\u00e8s avoir confirm\u00e9 votre panier, cliquez sur <strong data-start=\"834\" data-end=\"846\">Sortie de caisse<\/strong> pour lancer la proc\u00e9dure de paiement.<\/p>\n<\/li>\n<li data-start=\"878\" data-end=\"1036\">\n<p data-start=\"881\" data-end=\"1036\"><strong data-start=\"881\" data-end=\"919\">S\u00e9lectionnez l'option de paiement par carte de cr\u00e9dit :<\/strong><br data-start=\"919\" data-end=\"922\" \/>Au moment de passer \u00e0 la caisse, vous serez invit\u00e9 \u00e0 choisir votre mode de paiement. S\u00e9lectionnez <strong data-start=\"997\" data-end=\"1012\">Carte de cr\u00e9dit<\/strong> comme option de paiement.<\/p>\n<\/li>\n<li data-start=\"1038\" data-end=\"1246\">\n<p data-start=\"1041\" data-end=\"1143\"><strong data-start=\"1041\" data-end=\"1076\">Entrez les d\u00e9tails de votre carte de cr\u00e9dit :<\/strong><br data-start=\"1076\" data-end=\"1079\" \/>Il vous sera demand\u00e9 de saisir les donn\u00e9es de votre carte de cr\u00e9dit, notamment :<\/p>\n<ul data-start=\"1147\" data-end=\"1246\">\n<li data-start=\"1147\" data-end=\"1164\">\n<p data-start=\"1149\" data-end=\"1164\"><strong data-start=\"1149\" data-end=\"1164\">Num\u00e9ro de la carte<\/strong><\/p>\n<\/li>\n<li data-start=\"1168\" data-end=\"1189\">\n<p data-start=\"1170\" data-end=\"1189\"><strong data-start=\"1170\" data-end=\"1189\">Date d'expiration<\/strong><\/p>\n<\/li>\n<li data-start=\"1193\" data-end=\"1246\">\n<p data-start=\"1195\" data-end=\"1246\"><strong data-start=\"1195\" data-end=\"1246\">CVV\/CVC (code \u00e0 3 chiffres au dos de votre carte)<\/strong><\/p>\n<\/li>\n<\/ul>\n<\/li>\n<li data-start=\"1248\" data-end=\"1365\">\n<p data-start=\"1251\" data-end=\"1365\"><strong data-start=\"1251\" data-end=\"1277\">Compl\u00e9tez votre paiement :<\/strong><br data-start=\"1277\" data-end=\"1280\" \/>Une fois vos coordonn\u00e9es saisies, cliquez sur <strong data-start=\"1320\" data-end=\"1331\">Payer maintenant<\/strong> pour traiter votre paiement en toute s\u00e9curit\u00e9.<\/p>\n<\/li>\n<li data-start=\"1367\" data-end=\"1591\">\n<p data-start=\"1370\" data-end=\"1591\"><strong data-start=\"1370\" data-end=\"1393\">Confirmation de la commande :<\/strong><br data-start=\"1393\" data-end=\"1396\" \/>Apr\u00e8s avoir effectu\u00e9 votre paiement, vous recevrez un <strong data-start=\"1450\" data-end=\"1472\">Confirmation de commande<\/strong> email. Nous commencerons \u00e0 traiter votre commande et vous recevrez un avis d'exp\u00e9dition lorsque vos articles seront en route.<\/p>\n<\/li>\n<\/ol>\n<hr data-start=\"1593\" data-end=\"1596\" \/>\n<h4 data-start=\"1598\" data-end=\"1640\"><strong data-start=\"1603\" data-end=\"1640\">Pourquoi utiliser une carte de cr\u00e9dit chez FR Vape ?<\/strong><\/h4>\n<ul data-start=\"1642\" data-end=\"2063\">\n<li data-start=\"1642\" data-end=\"1785\">\n<p data-start=\"1644\" data-end=\"1785\"><strong data-start=\"1644\" data-end=\"1664\">Paiements s\u00e9curis\u00e9s :<\/strong> Nous utilisons des connexions crypt\u00e9es pour garantir la s\u00e9curit\u00e9 et la confidentialit\u00e9 des informations relatives \u00e0 votre carte de cr\u00e9dit pendant le processus de paiement.<\/p>\n<\/li>\n<li data-start=\"1786\" data-end=\"1910\">\n<p data-start=\"1788\" data-end=\"1910\"><strong data-start=\"1788\" data-end=\"1810\">Transactions rapides :<\/strong> Les paiements par carte de cr\u00e9dit sont trait\u00e9s rapidement, ce qui signifie que votre commande peut \u00eatre ex\u00e9cut\u00e9e et exp\u00e9di\u00e9e plus vite.<\/p>\n<\/li>\n<li data-start=\"1911\" data-end=\"2063\">\n<p data-start=\"1913\" data-end=\"2063\"><strong data-start=\"1913\" data-end=\"1933\">Largement accept\u00e9 :<\/strong> La plupart des clients poss\u00e8dent d\u00e9j\u00e0 une carte de cr\u00e9dit, ce qui en fait l'un des moyens les plus faciles et les plus accessibles pour payer vos produits de vapotage.<\/p>\n<\/li>\n<\/ul>\n<hr data-start=\"2065\" data-end=\"2068\" \/>\n<h4 data-start=\"2070\" data-end=\"2101\"><strong data-start=\"2075\" data-end=\"2101\">Cartes de cr\u00e9dit accept\u00e9es :<\/strong><\/h4>\n<p data-start=\"2103\" data-end=\"2146\">Nous acceptons les principales cartes de cr\u00e9dit suivantes :<\/p>\n<ul data-start=\"2148\" data-end=\"2213\">\n<li data-start=\"2148\" data-end=\"2158\">\n<p data-start=\"2150\" data-end=\"2158\"><strong data-start=\"2150\" data-end=\"2158\">Visa<\/strong><\/p>\n<\/li>\n<li data-start=\"2159\" data-end=\"2175\">\n<p data-start=\"2161\" data-end=\"2175\"><strong data-start=\"2161\" data-end=\"2175\">MasterCard<\/strong><\/p>\n<\/li>\n<li data-start=\"2176\" data-end=\"2198\">\n<p data-start=\"2178\" data-end=\"2198\"><strong data-start=\"2178\" data-end=\"2198\">American Express<\/strong><\/p>\n<\/li>\n<li data-start=\"2199\" data-end=\"2213\">\n<p data-start=\"2201\" data-end=\"2213\"><strong data-start=\"2201\" data-end=\"2213\">D\u00e9couvrir<\/strong><\/p>\n<\/li>\n<\/ul>\n<hr data-start=\"2215\" data-end=\"2218\" \/>\n<h4 data-start=\"2220\" data-end=\"2245\"><strong data-start=\"2225\" data-end=\"2245\">Remarques importantes :<\/strong><\/h4>\n<ul data-start=\"2247\" data-end=\"2768\">\n<li data-start=\"2247\" data-end=\"2422\">\n<p data-start=\"2249\" data-end=\"2422\"><strong data-start=\"2249\" data-end=\"2273\">Informations sur la facturation :<\/strong> Assurez-vous que les informations de facturation que vous fournissez correspondent aux d\u00e9tails associ\u00e9s \u00e0 votre carte de cr\u00e9dit afin d'\u00e9viter tout probl\u00e8me de traitement des paiements.<\/p>\n<\/li>\n<li data-start=\"2423\" data-end=\"2590\">\n<p data-start=\"2425\" data-end=\"2590\"><strong data-start=\"2425\" data-end=\"2445\">Contr\u00f4les de s\u00e9curit\u00e9 :<\/strong> Pour \u00e9viter les fraudes, nous pouvons effectuer des contr\u00f4les de s\u00e9curit\u00e9 suppl\u00e9mentaires au cours du processus de paiement. Veuillez suivre les instructions de votre banque ou de l'\u00e9metteur de votre carte.<\/p>\n<\/li>\n<li data-start=\"2591\" data-end=\"2768\">\n<p data-start=\"2593\" data-end=\"2768\"><strong data-start=\"2593\" data-end=\"2606\">Monnaie :<\/strong> Tous les paiements sont trait\u00e9s en <strong data-start=\"2637\" data-end=\"2644\">USD<\/strong> (dollars am\u00e9ricains). Si vous effectuez un achat en dehors des \u00c9tats-Unis, l'\u00e9metteur de votre carte peut convertir le montant dans votre monnaie locale.<\/p>\n<\/li>\n<\/ul>\n<hr data-start=\"2770\" data-end=\"2773\" \/>\n<h4 data-start=\"2775\" data-end=\"2800\"><strong data-start=\"2780\" data-end=\"2800\">Besoin d'aide ?<\/strong><\/h4>\n<p data-start=\"2802\" data-end=\"2960\">Si vous rencontrez des probl\u00e8mes lors du paiement par carte de cr\u00e9dit ou si vous avez besoin d'aide pour tout aspect de votre achat, notre \u00e9quipe d'assistance \u00e0 la client\u00e8le est l\u00e0 pour vous aider :<\/p>\n<ul data-start=\"2962\" data-end=\"3090\">\n<li data-start=\"2996\" data-end=\"3025\">\n<p data-start=\"2998\" data-end=\"3025\"><strong data-start=\"2998\" data-end=\"3008\">T\u00e9l\u00e9phone :<\/strong> +86 133 6063 1532<\/p>\n<\/li>\n<\/ul>\t\t\t\t\t\t\t\t<\/div>\n\t\t\t\t\t<\/div>\n\t\t\t\t<\/div>\n\t\t\t\t<\/div>","protected":false},"excerpt":{"rendered":"<p>Buy Vapes with Credit Card at FR Vape At FR Vape, we offer a secure and easy way to purchase your favorite vaping products using your credit card. Whether you&#8217;re shopping for e-liquids, mods, or accessories, credit card payments ensure a smooth and fast transaction experience. How to Buy Vapes with a Credit Card: Browse [&#8230;]","protected":false},"author":1,"featured_media":0,"parent":0,"menu_order":0,"comment_status":"closed","ping_status":"closed","template":"","meta":{"footnotes":""},"class_list":["post-7241","page","type-page","status-publish","hentry"],"jetpack_sharing_enabled":true,"_links":{"self":[{"href":"https:\/\/frvape.com\/fr\/wp-json\/wp\/v2\/pages\/7241","targetHints":{"allow":["GET"]}}],"collection":[{"href":"https:\/\/frvape.com\/fr\/wp-json\/wp\/v2\/pages"}],"about":[{"href":"https:\/\/frvape.com\/fr\/wp-json\/wp\/v2\/types\/page"}],"author":[{"embeddable":true,"href":"https:\/\/frvape.com\/fr\/wp-json\/wp\/v2\/users\/1"}],"replies":[{"embeddable":true,"href":"https:\/\/frvape.com\/fr\/wp-json\/wp\/v2\/comments?post=7241"}],"version-history":[{"count":4,"href":"https:\/\/frvape.com\/fr\/wp-json\/wp\/v2\/pages\/7241\/revisions"}],"predecessor-version":[{"id":7253,"href":"https:\/\/frvape.com\/fr\/wp-json\/wp\/v2\/pages\/7241\/revisions\/7253"}],"wp:attachment":[{"href":"https:\/\/frvape.com\/fr\/wp-json\/wp\/v2\/media?parent=7241"}],"curies":[{"name":"wp","href":"https:\/\/api.w.org\/{rel}","templated":true}]}}