{"id":1090,"date":"2025-10-12T00:36:14","date_gmt":"2025-10-12T00:36:14","guid":{"rendered":"https:\/\/frvape.com\/product\/elfbox-rgb-14000-disposable-vape-14k-puffs-rechargeable-10-flavors\/"},"modified":"2025-11-26T09:17:37","modified_gmt":"2025-11-26T09:17:37","slug":"elfbox-rgb-14000-jetable-vape-14k-puffs-rechargeable-10-flavors","status":"publish","type":"product","link":"https:\/\/frvape.com\/fr\/produit\/elfbox-rgb-14000-jetable-vape-14k-puffs-rechargeable-10-flavors\/","title":{"rendered":"Elfbox Rgb 14000 Vape jetable - 14K bouff\u00e9es, rechargeable, 10 ar\u00f4mes"},"content":{"rendered":"<h3>Une exp\u00e9rience de vapotage r\u00e9volutionnaire : Elfbox Rgb 14000<\/h3>\n<p>Lancement de l'innovation ultime en mati\u00e8re de vapotage jetable - le <strong>Elfbox Rgb 14000<\/strong> Vapeur rechargeable et jetable. Con\u00e7u pour des performances de premier ordre, cet appareil de pointe offre une qualit\u00e9 de vaporisation sans pr\u00e9c\u00e9dent. <strong>14 000 bouff\u00e9es<\/strong> par unit\u00e9, red\u00e9finissant ainsi la long\u00e9vit\u00e9 sur le march\u00e9 de la vape jetable. Aliment\u00e9 par une batterie avanc\u00e9e de 18250-600mAh <strong>batterie rechargeable<\/strong> avec charge rapide Type-C, votre voyage de vapotage n'a jamais besoin d'\u00eatre interrompu. Le chargeur int\u00e9gr\u00e9 <strong>Syst\u00e8me d'\u00e9clairage RVB<\/strong> s'anime avec des couleurs personnalisables, transformant chaque session en un spectacle visuel, tandis que la lani\u00e8re incluse assure une portabilit\u00e9 s\u00fbre.<\/p>\n<h3>Une excellence technique sans compromis<\/h3>\n<p>Au c\u0153ur de l'Elfbox Rgb 14000 se trouve une technologie r\u00e9volutionnaire. <strong>technologie des bobines de maille<\/strong>. La bobine mesh de 1,0 ohm, construite avec pr\u00e9cision, assure une surface de contact optimale avec l'e-liquide, g\u00e9n\u00e9rant ainsi des saveurs riches et des nuages de vapeur volumineux. Le logement d'un g\u00e9n\u00e9reux <strong>Capacit\u00e9 de 25 ml d'e-liquide<\/strong>Gr\u00e2ce \u00e0 ce dispositif, il n'est plus n\u00e9cessaire de le recharger constamment tout en conservant l'int\u00e9grit\u00e9 de la saveur de la premi\u00e8re \u00e0 la derni\u00e8re bouff\u00e9e. Nous avons incorpor\u00e9 quatre <strong>taux de nicotine<\/strong> (0%\/2%\/3%\/5%) pour satisfaire \u00e0 la fois les amateurs de nicotine et ceux qui pr\u00e9f\u00e8rent les alternatives sans nicotine. Avec un profil compact de 35*36*133,5 mm et un poids l\u00e9ger de 100 g, il allie parfaitement la haute performance \u00e0 la commodit\u00e9 de la poche.<\/p>\n<h3>Spectre des saveurs : 10 vari\u00e9t\u00e9s exquises<\/h3>\n<p>Laissez-vous tenter par nos profils de saveurs m\u00e9ticuleusement \u00e9labor\u00e9s, con\u00e7us pour s\u00e9duire vos papilles :<br \/><strong>- Glace \u00e0 la fraise<\/strong> - Baies juteuses et menthol glac\u00e9 en fin de bouche<br \/><strong>- Red Bull<\/strong> - L'ivresse des boissons \u00e9nergisantes authentiques<br \/><strong>- Glace Blue Razz<\/strong> - Framboise bleue acidul\u00e9e + coup de fouet givr\u00e9<br \/><strong>- Glace luxuriante<\/strong> - \u00c9clat de past\u00e8que avec des notes froides<br \/><strong>- Double pomme<\/strong> - Fusion croustillante de deux pommes<br \/><strong>- P\u00eache Mangue<\/strong> - M\u00e9lange de soleil tropical<br \/><strong>- Past\u00e8que \u00e0 la fraise<\/strong> - M\u00e9daillon de fruits d'\u00e9t\u00e9<br \/><strong>- Glace de raisin<\/strong> - Raisins concordes audacieux + froid arctique<br \/><strong>- Glace \u00e0 la menthe<\/strong> - Fra\u00eecheur arctique revitalis\u00e9e<br \/><strong>- Soda \u00e0 la cerise<\/strong> - Effervescence de cerises<\/p>\n<h3>Con\u00e7u pour une performance durable<\/h3>\n<p>Les <strong>Elfbox Rgb 14000's<\/strong> La batterie 18250-600mAh repr\u00e9sente le summum de la technologie de la vape jetable. Contrairement aux produits jetables conventionnels, notre batterie 18250-600mAh repr\u00e9sente le summum de la technologie de la vape. <strong>batterie rechargeable<\/strong> via USB Type-C prolonge la dur\u00e9e de vie de l'appareil tout en r\u00e9duisant les d\u00e9chets environnementaux. Ce syst\u00e8me d'alimentation robuste assure une tension de sortie constante, emp\u00eachant la d\u00e9gradation de la saveur m\u00eame \u00e0 de faibles niveaux de charge. Associ\u00e9 \u00e0 un circuit intelligent de gestion de la batterie, les utilisateurs profitent de sessions stables sans fluctuations de puissance. La fen\u00eatre transparente pour l'e-liquide offre une visibilit\u00e9 en temps r\u00e9el, tandis que la conception structurelle r\u00e9sistante aux fuites garantit un fonctionnement sans d\u00e9sordre. La dynamique optimis\u00e9e du flux d'air offre une r\u00e9sistance parfaite \u00e0 l'aspiration, que vous pr\u00e9f\u00e9riez les styles de vapotage MTL (bouche \u00e0 poumon) ou DTL (direct \u00e0 poumon).<\/p>\n<h3>Sp\u00e9cifications Premium Wholesale<\/h3>\n<p>Con\u00e7ue pour un succ\u00e8s commercial, l'Elfbox Rgb 14000 est livr\u00e9e dans un emballage pr\u00eat \u00e0 l'emploi :<br \/><strong>- Poids du produit<\/strong>: 100g\/unit\u00e9<br \/><strong>- Dimensions du carton<\/strong>: 400x385x295mm<br \/><strong>- Quantit\u00e9<\/strong>: 200 appareils\/carton (10 bo\u00eetes individuelles \u00d7 20 pi\u00e8ces)<br \/><strong>- Poids brut<\/strong>20,7 kg\/carton<br \/>Chaque unit\u00e9 est soumise \u00e0 des tests de contr\u00f4le de qualit\u00e9 rigoureux, y compris des contr\u00f4les de pression, des tests de cycle et de multiples inspections d'assurance qualit\u00e9. Nos cartons sont renforc\u00e9s et dot\u00e9s de barri\u00e8res contre l'humidit\u00e9 pour une s\u00e9curit\u00e9 optimale lors du transport. L'emballage, adapt\u00e9 aux besoins des d\u00e9taillants, met en valeur l'appareil gr\u00e2ce \u00e0 des fen\u00eatres de visualisation, tout en incluant les informations relatives \u00e0 la conformit\u00e9 r\u00e9glementaire.<\/p>\n<h3>Pourquoi choisir Elfbox Rgb 14000 ?<\/h3>\n<p>Dans un march\u00e9 satur\u00e9, les <strong>Elfbox Rgb 14000<\/strong> se distingue par sa sup\u00e9riorit\u00e9 technologique. Les <strong>bobine de maille<\/strong> surpasse les coils traditionnels avec 30%, une m\u00e8che plus rapide et une clart\u00e9 de saveur in\u00e9gal\u00e9e. Notre syst\u00e8me de filtration d'e-liquide \u00e0 quadruple couche emp\u00eache les e-liquides secs tout en maximisant la puret\u00e9 des ingr\u00e9dients. L'embout ergonomique \u00e9pouse parfaitement les l\u00e8vres et l'ext\u00e9rieur textur\u00e9 assure une bonne prise en main. Les utilisateurs soucieux de l'environnement appr\u00e9cient la r\u00e9duction des d\u00e9chets gr\u00e2ce \u00e0 la capacit\u00e9 de recharge - une seule Elfbox remplace environ 14 produits jetables conventionnels. En tant que solution de vente en gros privil\u00e9gi\u00e9e \u00e0 l'\u00e9chelle mondiale, nous offrons une assistance commerciale in\u00e9gal\u00e9e, une documentation de certification et du mat\u00e9riel de marketing pour assurer le succ\u00e8s de votre entreprise de vapotage. D\u00e9couvrez d\u00e8s aujourd'hui l'avenir de la technologie du vapotage jetable.<\/p>","protected":false},"excerpt":{"rendered":"<p>D\u00e9couvrez le nec plus ultra en mati\u00e8re de vapotage avec le <strong>Elfbox Rgb 14000<\/strong> la vape jetable : <strong>14 000 bouff\u00e9es<\/strong>, <strong>batterie rechargeable<\/strong>et 10 saveurs explosives.<br \/>Avec <strong>technologie des bobines de maille<\/strong> et r\u00e9glable <strong>taux de nicotine<\/strong> (0%\/2%\/3%\/5%).<br \/><strong>\u00c9clairage RVB<\/strong> et une lani\u00e8re pour le style et la portabilit\u00e9.<\/p>","protected":false},"featured_media":1084,"comment_status":"open","ping_status":"closed","template":"","meta":[],"product_brand":[206],"product_cat":[207],"product_tag":[210,212,209,211,77,115],"class_list":{"0":"post-1090","1":"product","2":"type-product","3":"status-publish","4":"has-post-thumbnail","6":"product_brand-elfbox","7":"product_cat-elfbox-vape","8":"product_tag-14000-puffs-disposable-vape","9":"product_tag-disposable-vape-wholesale","10":"product_tag-elfbox-rgb-14000","11":"product_tag-elfbox-vape","12":"product_tag-mesh-coil-vape","13":"product_tag-rechargeable-vape","15":"first","16":"instock","17":"sale","18":"shipping-taxable","19":"purchasable","20":"product-type-variable"},"jetpack_sharing_enabled":true,"tiered_pricing_type":"fixed","tiered_pricing_fixed_rules":[],"tiered_pricing_product_settings":{"layout":"default","base_unit_name":{"singular":null,"plural":null},"default_variation":null},"tiered_pricing_minimum_quantity":null,"tiered_pricing_roles_data":[],"tiered_pricing_percentage_rules":[],"tiered_pricing_maximum_quantity":null,"tiered_pricing_quantity_step":null,"_links":{"self":[{"href":"https:\/\/frvape.com\/fr\/wp-json\/wp\/v2\/product\/1090","targetHints":{"allow":["GET"]}}],"collection":[{"href":"https:\/\/frvape.com\/fr\/wp-json\/wp\/v2\/product"}],"about":[{"href":"https:\/\/frvape.com\/fr\/wp-json\/wp\/v2\/types\/product"}],"replies":[{"embeddable":true,"href":"https:\/\/frvape.com\/fr\/wp-json\/wp\/v2\/comments?post=1090"}],"wp:featuredmedia":[{"embeddable":true,"href":"https:\/\/frvape.com\/fr\/wp-json\/wp\/v2\/media\/1084"}],"wp:attachment":[{"href":"https:\/\/frvape.com\/fr\/wp-json\/wp\/v2\/media?parent=1090"}],"wp:term":[{"taxonomy":"product_brand","embeddable":true,"href":"https:\/\/frvape.com\/fr\/wp-json\/wp\/v2\/product_brand?post=1090"},{"taxonomy":"product_cat","embeddable":true,"href":"https:\/\/frvape.com\/fr\/wp-json\/wp\/v2\/product_cat?post=1090"},{"taxonomy":"product_tag","embeddable":true,"href":"https:\/\/frvape.com\/fr\/wp-json\/wp\/v2\/product_tag?post=1090"}],"curies":[{"name":"wp","href":"https:\/\/api.w.org\/{rel}","templated":true}]}}