{"id":11129,"date":"2025-11-02T04:33:56","date_gmt":"2025-11-02T04:33:56","guid":{"rendered":"https:\/\/frvape.com\/product\/vopk-tornado-15000-puffs-disposable-vape-pen-10-flavors-rechargeable\/"},"modified":"2025-11-02T04:34:10","modified_gmt":"2025-11-02T04:34:10","slug":"vopk-tornado-15000-puffs-jetable-vape-pen-10-flavors-rechargeable","status":"publish","type":"product","link":"https:\/\/frvape.com\/fr\/produit\/vopk-tornado-15000-puffs-jetable-vape-pen-10-flavors-rechargeable\/","title":{"rendered":"VOPK TORNADO 15000 bouff\u00e9es Stylo \u00e0 Vape jetable - 10 ar\u00f4mes et rechargeable"},"content":{"rendered":"<h3>L'exp\u00e9rience ultime de vapotage longue dur\u00e9e<\/h3>\n<p>Pr\u00e9sentation de la <strong>VOPK TORNADO 15000<\/strong> - une r\u00e9volution dans la technologie de la vape jetable. Dot\u00e9 d'un <strong>bobine de maille avanc\u00e9e<\/strong> et massive <strong>Capacit\u00e9 de 25 ml d'e-liquide<\/strong>Ce dispositif offre une capacit\u00e9 sans pr\u00e9c\u00e9dent de 15 000 bouff\u00e9es riches et savoureuses. Fabriqu\u00e9 avec des mat\u00e9riaux de premi\u00e8re qualit\u00e9 <strong>PC + autocollant givr\u00e9<\/strong> il allie l'esth\u00e9tique et la durabilit\u00e9.<\/p>\n<h3>Sp\u00e9cifications de performance Premium<\/h3>\n<p>Aliment\u00e9 par un <strong>Batterie rechargeable de 850mAh<\/strong> (mod\u00e8le 17350) avec swift <strong>Chargement de type C<\/strong>Les sessions sont ininterrompues. Les <strong>1.00 bobine de maille<\/strong> garantit une production de vapeur constante tout en <strong>d\u00e9bit d'air r\u00e9glable<\/strong> vous permet de personnaliser votre tirage. Surveillez l'utilisation sans effort gr\u00e2ce \u00e0 la fonction <strong>double affichage<\/strong> indiquant en temps r\u00e9el les niveaux d'huile et de batterie.<\/p>\n<h3>Nicotine et ar\u00f4mes personnalisables<\/h3>\n<p>Choisissez votre id\u00e9al <strong>taux de nicotine<\/strong>: 0% (sans nic), 2%, 3%, ou 5%. Explorez 10 saveurs exquises gr\u00e2ce \u00e0 notre technologie mesh coil qui intensifie chaque note :<\/p>\n<p><strong>Myrtille Framboise<br \/>Limonade rose<br \/>P\u00eache Mangue<br \/>Pomme acide<br \/>M\u00e9lange de baies<br \/>Limonade Blue Razz<br \/>Fraise Framboise<br \/>Glace \u00e0 la past\u00e8que<br \/>Kiwi Fruit de la passion Goyave<br \/>Past\u00e8que \u00e0 la fraise<\/strong><\/p>\n<h3>Con\u00e7u pour l'excellence en mati\u00e8re de vapotage<\/h3>\n<p>Le TORNADO 15000 red\u00e9finit la commodit\u00e9 avec une conception \u00e9tanche et une portabilit\u00e9 de la taille d'une paume. Parfait pour le vapotage tout au long de la journ\u00e9e, son <strong>noyau de la bobine de maille<\/strong> \u00e9vite les coups secs tout en maximisant l'extraction des ar\u00f4mes. D\u00e9couvrez le summum des vapes jetables - o\u00f9 la capacit\u00e9 r\u00e9volutionnaire rencontre la sophistication. <strong>fonctionnalit\u00e9 de double affichage<\/strong> et une vari\u00e9t\u00e9 de saveurs in\u00e9gal\u00e9e.<\/p>","protected":false},"excerpt":{"rendered":"<p>Rencontrez les <strong>VOPK TORNADO 15000<\/strong> vape jetable avec <strong>15 000 bouff\u00e9es<\/strong>, <strong>Capacit\u00e9 de 25 ml<\/strong>et <strong>10 saveurs<\/strong>. Caract\u00e9ristiques <strong>d\u00e9bit d'air r\u00e9glable<\/strong>, <strong>Chargement de type C<\/strong>et <strong>double affichage<\/strong> pour le vapotage haut de gamme.<\/p>","protected":false},"featured_media":11123,"comment_status":"open","ping_status":"closed","template":"","meta":[],"product_brand":[787],"product_cat":[890],"product_tag":[429,892,102,77,84,891],"class_list":{"0":"post-11129","1":"product","2":"type-product","3":"status-publish","4":"has-post-thumbnail","6":"product_brand-vopk","7":"product_cat-vopk","8":"product_tag-15000-puffs-disposable-vape","9":"product_tag-25ml-e-liquid-capacity","10":"product_tag-adjustable-airflow-vape","11":"product_tag-mesh-coil-vape","12":"product_tag-rechargeable-vape-pen","13":"product_tag-vopk-tornado-15000","15":"first","16":"instock","17":"sale","18":"shipping-taxable","19":"purchasable","20":"product-type-variable"},"jetpack_sharing_enabled":true,"tiered_pricing_type":"fixed","tiered_pricing_fixed_rules":[],"tiered_pricing_product_settings":{"layout":"default","base_unit_name":{"singular":null,"plural":null},"default_variation":null},"tiered_pricing_minimum_quantity":null,"tiered_pricing_roles_data":[],"tiered_pricing_percentage_rules":[],"tiered_pricing_maximum_quantity":null,"tiered_pricing_quantity_step":null,"_links":{"self":[{"href":"https:\/\/frvape.com\/fr\/wp-json\/wp\/v2\/product\/11129","targetHints":{"allow":["GET"]}}],"collection":[{"href":"https:\/\/frvape.com\/fr\/wp-json\/wp\/v2\/product"}],"about":[{"href":"https:\/\/frvape.com\/fr\/wp-json\/wp\/v2\/types\/product"}],"replies":[{"embeddable":true,"href":"https:\/\/frvape.com\/fr\/wp-json\/wp\/v2\/comments?post=11129"}],"wp:featuredmedia":[{"embeddable":true,"href":"https:\/\/frvape.com\/fr\/wp-json\/wp\/v2\/media\/11123"}],"wp:attachment":[{"href":"https:\/\/frvape.com\/fr\/wp-json\/wp\/v2\/media?parent=11129"}],"wp:term":[{"taxonomy":"product_brand","embeddable":true,"href":"https:\/\/frvape.com\/fr\/wp-json\/wp\/v2\/product_brand?post=11129"},{"taxonomy":"product_cat","embeddable":true,"href":"https:\/\/frvape.com\/fr\/wp-json\/wp\/v2\/product_cat?post=11129"},{"taxonomy":"product_tag","embeddable":true,"href":"https:\/\/frvape.com\/fr\/wp-json\/wp\/v2\/product_tag?post=11129"}],"curies":[{"name":"wp","href":"https:\/\/api.w.org\/{rel}","templated":true}]}}