{"id":11389,"date":"2025-11-02T04:54:30","date_gmt":"2025-11-02T04:54:30","guid":{"rendered":"https:\/\/frvape.com\/product\/vapsolo-galaxy-30000-disposable-vape-30k-puffs-850mah-mesh-coil\/"},"modified":"2025-12-16T09:50:06","modified_gmt":"2025-12-16T09:50:06","slug":"vapsolo-galaxy-30000-jetable-vape-30k-puffs-850mah-mesh-coil","status":"publish","type":"product","link":"https:\/\/frvape.com\/fr\/produit\/vapsolo-galaxy-30000-jetable-vape-30k-puffs-850mah-mesh-coil\/","title":{"rendered":"Vapsolo Galaxy 30000 Vape jetable - 30K bouff\u00e9es, 850mAh, Mesh Coil"},"content":{"rendered":"<p>Les <strong>Vapsolo Galaxy 30000<\/strong> red\u00e9finit le vapotage haut de gamme gr\u00e2ce \u00e0 son \u00e9norme capacit\u00e9 de bouff\u00e9e et \u00e0 ses caract\u00e9ristiques sophistiqu\u00e9es. Con\u00e7u pour un plaisir durable, ce vapoteur haute performance <strong>vape jetable<\/strong> offre des services imbattables <strong>la consistance des ar\u00f4mes<\/strong> gr\u00e2ce \u00e0 la technologie avanc\u00e9e du mesh coil. Gr\u00e2ce \u00e0 sa conception compacte mais puissante, vous b\u00e9n\u00e9ficierez d'une commodit\u00e9 in\u00e9gal\u00e9e, que vous vous d\u00e9tendiez \u00e0 la maison ou en voyage.<\/p>\n<h3>Sp\u00e9cifications techniques avanc\u00e9es<\/h3>\n<p>Aliment\u00e9 par un <strong>Batterie rechargeable de 850mAh<\/strong> avec Type-C <strong>charge rapide<\/strong>Le Galaxy 30000 garantit un temps d'arr\u00eat minimal. L'affichage int\u00e9gr\u00e9 de l'e-liquide et de la puissance vous permet de contr\u00f4ler les ressources d'un seul coup d'\u0153il, tandis que les deux modes (<strong>Intelligent<\/strong> et <strong>Boost<\/strong>) pour personnaliser votre exp\u00e9rience. Con\u00e7u avec une pr\u00e9cision <strong>bobine de maille<\/strong> (r\u00e9sistance de 1,0\u03a9), chaque bouff\u00e9e g\u00e9n\u00e8re une production de vapeur exceptionnellement douce.<\/p>\n<h3>Collection d'ar\u00f4mes exclusive<\/h3>\n<p>D\u00e9couvrez notre gamme d'ar\u00f4mes haut de gamme con\u00e7ue pour les vapoteurs exigeants :<\/p>\n<p>P\u00eache au citron<br \/>\nFruit du dragon \u00e0 glace noire<br \/>\nFraise et banane<br \/>\nGlace fraise framboise cerise<br \/>\nGlace \u00e0 la past\u00e8que<br \/>\nFraise Kiwi<br \/>\nRedbull \u00e0 la fraise<br \/>\nBleu Razz<br \/>\nTriple melon<br \/>\nCitron vert<br \/>\nAnanas noix de coco<br \/>\nMelon d'eau \u00e0 la framboise<\/p>\n<h3>Excellence en mati\u00e8re de conception<\/h3>\n<p>Pesant seulement 120 g et dot\u00e9 d'une interface intuitive, cet appareil allie confort ergonomique et haute fonctionnalit\u00e9. Id\u00e9al pour une utilisation quotidienne ou pour la distribution, les cartons contiennent 200 unit\u00e9s (dimensions 62\u00d737,5x25cm) pour une exp\u00e9dition efficace. Chaque <strong>vape jetable<\/strong> est soumis \u00e0 des tests rigoureux afin de maintenir la <strong>Vapsolo<\/strong> La norme de qualit\u00e9 de l'EMC, o\u00f9 la richesse des ar\u00f4mes rencontre la densit\u00e9 des nuages de vapeur, est tr\u00e8s \u00e9lev\u00e9e.<\/p>\n<h3>Pourquoi Vapsolo Galaxy 30000 ?<\/h3>\n<p>Choisissez ce produit de pointe <strong>vape jetable<\/strong> pour son extraordinaire long\u00e9vit\u00e9 <strong>(30000 bouff\u00e9es)<\/strong>La qualit\u00e9 des composants est excellente et le fonctionnement est sans probl\u00e8me. La fusion parfaite de <strong>une technologie de pointe pour la vape<\/strong> et des profils de saveurs satisfaisants font du Galaxy 30000 un choix exceptionnel pour le plaisir personnel, les cadeaux ou les offres de vente au d\u00e9tail.<\/p>","protected":false},"excerpt":{"rendered":"<p>Faites l'exp\u00e9rience du haut de gamme <strong>Vapsolo Galaxy 30000<\/strong> <strong>vape jetable<\/strong> avec <strong>30 000 bouff\u00e9es<\/strong> par appareil. Dot\u00e9 d'un <strong>Batterie rechargeable de 850mAh<\/strong>, <strong>bobine de maille<\/strong> et des options de saveurs attrayantes pour une satisfaction durable.<\/p>","protected":false},"featured_media":11383,"comment_status":"open","ping_status":"closed","template":"","meta":[],"product_brand":[408],"product_cat":[863],"product_tag":[],"class_list":{"0":"post-11389","1":"product","2":"type-product","3":"status-publish","4":"has-post-thumbnail","6":"product_brand-vapsolo","7":"product_cat-vapsolo","9":"first","10":"instock","11":"sale","12":"shipping-taxable","13":"purchasable","14":"product-type-variable"},"jetpack_sharing_enabled":true,"tiered_pricing_type":"fixed","tiered_pricing_fixed_rules":[],"tiered_pricing_product_settings":{"layout":"default","base_unit_name":{"singular":null,"plural":null},"default_variation":null},"tiered_pricing_minimum_quantity":null,"tiered_pricing_roles_data":[],"tiered_pricing_percentage_rules":[],"tiered_pricing_maximum_quantity":null,"tiered_pricing_quantity_step":null,"_links":{"self":[{"href":"https:\/\/frvape.com\/fr\/wp-json\/wp\/v2\/product\/11389","targetHints":{"allow":["GET"]}}],"collection":[{"href":"https:\/\/frvape.com\/fr\/wp-json\/wp\/v2\/product"}],"about":[{"href":"https:\/\/frvape.com\/fr\/wp-json\/wp\/v2\/types\/product"}],"replies":[{"embeddable":true,"href":"https:\/\/frvape.com\/fr\/wp-json\/wp\/v2\/comments?post=11389"}],"wp:featuredmedia":[{"embeddable":true,"href":"https:\/\/frvape.com\/fr\/wp-json\/wp\/v2\/media\/11383"}],"wp:attachment":[{"href":"https:\/\/frvape.com\/fr\/wp-json\/wp\/v2\/media?parent=11389"}],"wp:term":[{"taxonomy":"product_brand","embeddable":true,"href":"https:\/\/frvape.com\/fr\/wp-json\/wp\/v2\/product_brand?post=11389"},{"taxonomy":"product_cat","embeddable":true,"href":"https:\/\/frvape.com\/fr\/wp-json\/wp\/v2\/product_cat?post=11389"},{"taxonomy":"product_tag","embeddable":true,"href":"https:\/\/frvape.com\/fr\/wp-json\/wp\/v2\/product_tag?post=11389"}],"curies":[{"name":"wp","href":"https:\/\/api.w.org\/{rel}","templated":true}]}}