{"id":11745,"date":"2025-11-02T09:07:27","date_gmt":"2025-11-02T09:07:27","guid":{"rendered":"https:\/\/frvape.com\/product\/bang-blaze-100k-puffs-triple-tank-disposable-vape-multiple-flavors\/"},"modified":"2025-12-16T08:38:13","modified_gmt":"2025-12-16T08:38:13","slug":"bang-blaze-100k-puffs-triple-tank-disposable-vape-multiple-flavors","status":"publish","type":"product","link":"https:\/\/frvape.com\/fr\/produit\/bang-blaze-100k-puffs-triple-tank-disposable-vape-multiple-flavors\/","title":{"rendered":"Bang Blaze 100K Puffs Triple Tank Disposable Vape - Multiple Flavors"},"content":{"rendered":"<h3>Pr\u00e9sentation du Bang Blaze 100K Puffs Vape jetable<\/h3>\n<p><strong>Exp\u00e9rience<\/strong> innovation in\u00e9gal\u00e9e dans le domaine du vaping avec le <strong>Bang Blaze 100K Puffs Vape jetable<\/strong>La vape de la s\u00e9rie B est un appareil de grande capacit\u00e9 con\u00e7u pour les amateurs s\u00e9rieux qui recherchent la performance, la vari\u00e9t\u00e9 et une long\u00e9vit\u00e9 extr\u00eame. Cette vape offre jusqu'\u00e0 <strong>100 000 bouff\u00e9es<\/strong> ainsi que <strong>six saveurs audacieuses et distinctes<\/strong> dans un seul appareil.<\/p>\n<h3>Caract\u00e9ristiques principales<\/h3>\n<p>Aliment\u00e9 par un <strong>Bobine \u00e0 mailles de 1,0\u03a9<\/strong>Il d\u00e9livre une vapeur douce, un ar\u00f4me riche et une sensation de gorge constante pour des milliers d'utilisations. Ses <strong>syst\u00e8me \u00e0 trois r\u00e9servoirs<\/strong> comprend trois chambres \u00e0 e-liquide ind\u00e9pendantes de 20 ml (pour une capacit\u00e9 totale de 60 ml), ce qui vous permet d'appr\u00e9cier des ar\u00f4mes en <strong>mode pur<\/strong> ou les combiner via <strong>deux modes<\/strong>. Avec un <strong>Batterie rechargeable de 850mAh<\/strong> et <strong>Chargement rapide de type C<\/strong>Il garantit une alimentation fiable en d\u00e9placement. Teneur en nicotine de <strong>0%, 2%, 3% ou 5% permettent de personnaliser l'intensit\u00e9 du vapotage, ce qui convient \u00e0 tous les utilisateurs.<\/strong><\/p>\n<h3>Options de saveurs<\/h3>\n<p>Le Bang Blaze propose six combinaisons d'ar\u00f4mes par appareil, ce qui permet une vari\u00e9t\u00e9 infinie.<br \/>Myrtilles\/melon d'eau\/Myrtilles et melon d'eau<br \/>P\u00eaches\/Mangue\/P\u00eache Mangue<br \/>Raisin glac\u00e9\/raisin bleuet\/raisin cerise<br \/>Fraises Mangue\/Mangue P\u00eache\/Mangue P\u00eache Past\u00e8que<br \/>Menthe myrtille\/framboise myrtille\/triple moule<br \/>Boissons fonctionnelles\/LV66\/Fruits m\u00e9lang\u00e9s<br \/>Banane glac\u00e9e\/framboise Banane\/framboise Glace<br \/>Fraise Kiwi\/Kiwi Goyave\/Dragon noir Ice<br \/>Fraise\/melon d'eau\/melon d'eau \u00e0 la fraise<br \/>Past\u00e8que Bubblegum\/Blueberry Bubblegum\/Blueberry Watermelon<br \/>Ananas\/Mangue\/Ananas Mangue<br \/>Coca Glace \/ Coca Vanille Fraise \/ Cacao Cerise<\/p>\n<h3>Pourquoi choisir Bang Blaze ?<\/h3>\n<p>Les <strong>conception d'un interrupteur intelligent<\/strong> permet de passer facilement d'un ar\u00f4me \u00e0 l'autre ou d'un m\u00e9lange cr\u00e9atif \u00e0 l'autre, garantissant ainsi une personnalisation sans faille. Compact et ergonomique, il est parfait pour une utilisation prolong\u00e9e \u00e0 la maison, en voyage ou en partage. R\u00e9duit les besoins de recharge gr\u00e2ce \u00e0 son syst\u00e8me de r\u00e9servoir innovant, <strong>cette vape jetable<\/strong> red\u00e9finit le vapotage haut de gamme pour les d\u00e9taillants ou les utilisateurs \u00e0 la recherche de polyvalence et de rentabilit\u00e9. Id\u00e9al pour les amateurs de fruits, de glace ou d'exotisme, <strong>Bang Blaze 100K offre une endurance et une richesse de go\u00fbt in\u00e9gal\u00e9es.<\/strong><\/p>","protected":false},"excerpt":{"rendered":"<p>D\u00e9couvrez le nec plus ultra en mati\u00e8re de vapotage avec le <strong>Bang Blaze 100K Puffs Vape jetable<\/strong>, qui comprend un <strong>syst\u00e8me \u00e0 trois r\u00e9servoirs<\/strong> jusqu'\u00e0 <strong>100 000 bouff\u00e9es<\/strong> et six saveurs personnalisables.<\/p>","protected":false},"featured_media":11740,"comment_status":"open","ping_status":"closed","template":"","meta":[],"product_brand":[385],"product_cat":[881,1016],"product_tag":[925,112,927,223,115,926],"class_list":{"0":"post-11745","1":"product","2":"type-product","3":"status-publish","4":"has-post-thumbnail","6":"product_brand-bangblaze","7":"product_cat-bangblaze","8":"product_cat-big-puffs-vapes","9":"product_tag-100k-puffs","10":"product_tag-disposable-vape","11":"product_tag-flavor-variety","12":"product_tag-nicotine-vape","13":"product_tag-rechargeable-vape","14":"product_tag-triple-tank","16":"first","17":"instock","18":"sale","19":"shipping-taxable","20":"purchasable","21":"product-type-variable"},"jetpack_sharing_enabled":true,"tiered_pricing_type":"fixed","tiered_pricing_fixed_rules":[],"tiered_pricing_product_settings":{"layout":"default","base_unit_name":{"singular":null,"plural":null},"default_variation":null},"tiered_pricing_minimum_quantity":null,"tiered_pricing_roles_data":[],"tiered_pricing_percentage_rules":[],"tiered_pricing_maximum_quantity":null,"tiered_pricing_quantity_step":null,"_links":{"self":[{"href":"https:\/\/frvape.com\/fr\/wp-json\/wp\/v2\/product\/11745","targetHints":{"allow":["GET"]}}],"collection":[{"href":"https:\/\/frvape.com\/fr\/wp-json\/wp\/v2\/product"}],"about":[{"href":"https:\/\/frvape.com\/fr\/wp-json\/wp\/v2\/types\/product"}],"replies":[{"embeddable":true,"href":"https:\/\/frvape.com\/fr\/wp-json\/wp\/v2\/comments?post=11745"}],"wp:featuredmedia":[{"embeddable":true,"href":"https:\/\/frvape.com\/fr\/wp-json\/wp\/v2\/media\/11740"}],"wp:attachment":[{"href":"https:\/\/frvape.com\/fr\/wp-json\/wp\/v2\/media?parent=11745"}],"wp:term":[{"taxonomy":"product_brand","embeddable":true,"href":"https:\/\/frvape.com\/fr\/wp-json\/wp\/v2\/product_brand?post=11745"},{"taxonomy":"product_cat","embeddable":true,"href":"https:\/\/frvape.com\/fr\/wp-json\/wp\/v2\/product_cat?post=11745"},{"taxonomy":"product_tag","embeddable":true,"href":"https:\/\/frvape.com\/fr\/wp-json\/wp\/v2\/product_tag?post=11745"}],"curies":[{"name":"wp","href":"https:\/\/api.w.org\/{rel}","templated":true}]}}