{"id":12180,"date":"2025-11-02T11:02:43","date_gmt":"2025-11-02T11:02:43","guid":{"rendered":"https:\/\/frvape.com\/product\/mr-goodie-speed-racer-dual-mode-disposable-vape-80k-puffs-50ml-e-liquid\/"},"modified":"2025-12-16T08:40:27","modified_gmt":"2025-12-16T08:40:27","slug":"mr-goodie-speed-racer-dual-mode-jetable-vape-80k-puffs-50ml-e-liquid","status":"publish","type":"product","link":"https:\/\/frvape.com\/fr\/produit\/mr-goodie-speed-racer-dual-mode-jetable-vape-80k-puffs-50ml-e-liquid\/","title":{"rendered":"Mr.Goodie Speed Racer Dual Mode Vape jetable - 80K bouff\u00e9es, 50ml E-liquide"},"content":{"rendered":"<h3>Une exp\u00e9rience r\u00e9volutionnaire de vaporisation \u00e0 deux modes<\/h3>\n<p>Les <strong>Mr.Goodie Speed Racer<\/strong> red\u00e9finit le vapotage jetable avec une polyvalence sans pr\u00e9c\u00e9dent. Con\u00e7u pour s'adapter, ce concentr\u00e9 de puissance prend en charge \u00e0 la fois le vapotage traditionnel et le vapotage \u00e0 l'unit\u00e9. <strong>MTL (bouche \u00e0 poumon)<\/strong> vaping \u00e0 une vitesse allant jusqu'\u00e0 <strong>80 000 bouff\u00e9es<\/strong> et intense <strong>DTL (Direct-to-Lung)<\/strong> sessions de formation <strong>40 000 bouff\u00e9es<\/strong>. Sa sophistication <strong>bobine \u00e0 double maille<\/strong> garantit une constance explosive des saveurs ainsi qu'une production volumineuse de vapeur \u00e0 chaque utilisation.<\/p>\n<h3>Syst\u00e8me de contr\u00f4le visuel avanc\u00e9<\/h3>\n<p>Contr\u00f4lez vos produits essentiels au vapotage \u00e0 l'aide d'un syst\u00e8me r\u00e9volutionnaire de contr\u00f4le de la consommation d'alcool. <strong>\u00c9cran LED incurv\u00e9 \u00e0 360<\/strong> qui fournit des donn\u00e9es instantan\u00e9es en temps r\u00e9el sur les <strong>niveaux d'e-liquide<\/strong>, <strong>dur\u00e9e de vie de la batterie<\/strong>et l'\u00e9tat de l'appareil. Associ\u00e9 \u00e0 la pr\u00e9cision <strong>d\u00e9bit d'air r\u00e9glable<\/strong> Cette fonction, adapt\u00e9e \u00e0 vos pr\u00e9f\u00e9rences en mati\u00e8re d'inhalation, garantit des performances optimales pour des tirages MTL discrets et des exp\u00e9riences DTL robustes et riches en nuages.<\/p>\n<h3>Une puissance et une capacit\u00e9 in\u00e9gal\u00e9es<\/h3>\n<p>Cette merveille du vapotage est aliment\u00e9e par un \u00e9norme syst\u00e8me d'alimentation en \u00e9nergie. <strong>Batterie rechargeable de 1 400 mAh<\/strong> associ\u00e9 \u00e0 un syst\u00e8me de gestion de l'information \u00e0 la pointe de l'industrie <strong>R\u00e9servoir e-liquide pr\u00e9-rempli de 50ml<\/strong>. Ce duo permet de cr\u00e9er des sessions d'une dur\u00e9e exceptionnelle tout en \u00e9liminant les interruptions de charge fr\u00e9quentes. Profitez de semaines de plaisir ininterrompu avec un seul appareil.<\/p>\n<h3>S\u00e9lection d'ar\u00f4mes Signature<\/h3>\n<p>Plongez dans un go\u00fbt de premi\u00e8re qualit\u00e9 gr\u00e2ce \u00e0 notre vaste gamme d'ar\u00f4mes :<br \/>\nGomme \u00e0 m\u00e2cher \u00e0 la past\u00e8que<br \/>\nFraise-citron<br \/>\nCola Gummy<br \/>\nBleu Razz<br \/>\nAirelles P. Citron<br \/>\nMin aux myrtilles et au citron<br \/>\nRaisin Menthe<br \/>\nAmour 66<br \/>\nGlace au melon de miel<br \/>\nM\u00e9lange de fruits<\/p>\n<h3>Pourquoi les vapoteurs choisissent Speed Racer<\/h3>\n<p>Cet appareil allie une long\u00e9vit\u00e9 de bouff\u00e9e extr\u00eame \u00e0 une technologie de vapotage de pointe que l'on trouve rarement dans les produits jetables. Le design ergonomique assure une portabilit\u00e9 facile et une manipulation confortable, tandis que la technologie de vapotage \u00e0 la pointe de la technologie permet d'obtenir des bouff\u00e9es de longue dur\u00e9e. <strong>bobine \u00e0 double maille<\/strong> L'architecture de l'appareil pr\u00e9serve les notes de saveurs d\u00e9licates jusqu'\u00e0 la derni\u00e8re bouff\u00e9e. Id\u00e9al pour les nouveaux vapoteurs \u00e0 la recherche de simplicit\u00e9 et pour les enthousiastes exigeant une polyvalence de haute performance dans leur appareil quotidien.<\/p>","protected":false},"excerpt":{"rendered":"<p>Exp\u00e9rience <strong>vaping bi-mode<\/strong> avec le Speed Racer de Mr. Goodie, qui permet d'atteindre jusqu'\u00e0 <strong>80 000 bouff\u00e9es MTL<\/strong> ou <strong>40 000 bouff\u00e9es DTL<\/strong>. Caract\u00e9ristiques a <strong>\u00c9cran LED incurv\u00e9 \u00e0 360<\/strong>, <strong>Batterie de 1 400 mAh<\/strong>et <strong>Capacit\u00e9 de 50 ml d'e-liquide<\/strong> pour des sessions prolong\u00e9es.<\/p>","protected":false},"featured_media":12174,"comment_status":"open","ping_status":"closed","template":"","meta":[],"product_brand":[769],"product_cat":[873],"product_tag":[1022,950,1126,799,77,948,115],"class_list":{"0":"post-12180","1":"product","2":"type-product","3":"status-publish","4":"has-post-thumbnail","6":"product_brand-mr-goodie","7":"product_cat-mr-goodie","8":"product_tag-000-puffs-vape","9":"product_tag-50ml-e-liquid-capacity","10":"product_tag-1126","11":"product_tag-dual-mode-disposable-vape","12":"product_tag-mesh-coil-vape","13":"product_tag-mr-goodie-speed-racer","14":"product_tag-rechargeable-vape","16":"first","17":"instock","18":"sale","19":"shipping-taxable","20":"purchasable","21":"product-type-variable"},"jetpack_sharing_enabled":true,"tiered_pricing_type":"fixed","tiered_pricing_fixed_rules":[],"tiered_pricing_product_settings":{"layout":"default","base_unit_name":{"singular":null,"plural":null},"default_variation":null},"tiered_pricing_minimum_quantity":null,"tiered_pricing_roles_data":[],"tiered_pricing_percentage_rules":[],"tiered_pricing_maximum_quantity":null,"tiered_pricing_quantity_step":null,"_links":{"self":[{"href":"https:\/\/frvape.com\/fr\/wp-json\/wp\/v2\/product\/12180","targetHints":{"allow":["GET"]}}],"collection":[{"href":"https:\/\/frvape.com\/fr\/wp-json\/wp\/v2\/product"}],"about":[{"href":"https:\/\/frvape.com\/fr\/wp-json\/wp\/v2\/types\/product"}],"replies":[{"embeddable":true,"href":"https:\/\/frvape.com\/fr\/wp-json\/wp\/v2\/comments?post=12180"}],"wp:featuredmedia":[{"embeddable":true,"href":"https:\/\/frvape.com\/fr\/wp-json\/wp\/v2\/media\/12174"}],"wp:attachment":[{"href":"https:\/\/frvape.com\/fr\/wp-json\/wp\/v2\/media?parent=12180"}],"wp:term":[{"taxonomy":"product_brand","embeddable":true,"href":"https:\/\/frvape.com\/fr\/wp-json\/wp\/v2\/product_brand?post=12180"},{"taxonomy":"product_cat","embeddable":true,"href":"https:\/\/frvape.com\/fr\/wp-json\/wp\/v2\/product_cat?post=12180"},{"taxonomy":"product_tag","embeddable":true,"href":"https:\/\/frvape.com\/fr\/wp-json\/wp\/v2\/product_tag?post=12180"}],"curies":[{"name":"wp","href":"https:\/\/api.w.org\/{rel}","templated":true}]}}