{"id":12388,"date":"2025-11-02T11:33:34","date_gmt":"2025-11-02T11:33:34","guid":{"rendered":"https:\/\/frvape.com\/product\/zooy-king-triple-70000-disposable-vape-with-3-in-1-flavors-70000-puffs\/"},"modified":"2025-11-04T02:50:42","modified_gmt":"2025-11-04T02:50:42","slug":"zooy-king-triple-70000-vape-jetable-avec-3-en-1-saveurs-70000-bouffees","status":"publish","type":"product","link":"https:\/\/frvape.com\/fr\/produit\/zooy-king-triple-70000-vape-jetable-avec-3-en-1-saveurs-70000-bouffees\/","title":{"rendered":"ZOOY King TRIPLE 70000 Vape jetable avec 3-in-1 Flavors | 70000 Puffs"},"content":{"rendered":"<p>Pr\u00e9sentation de la <strong>ZOOY King TRIPLE 70000<\/strong>Ce dispositif est un vaporisateur jetable de grande capacit\u00e9, con\u00e7u pour un plaisir prolong\u00e9 et des exp\u00e9riences gustatives diversifi\u00e9es. Con\u00e7u pour d\u00e9livrer jusqu'\u00e0 70 000 bouff\u00e9es puissantes, cet appareil associe l'innovation gustative 3-en-1 \u00e0 une technologie haut de gamme, offrant un parcours de vapotage fluide et riche aux passionn\u00e9s qui recherchent la polyvalence et la fiabilit\u00e9.<\/p>\n<h3>Fonctionnalit\u00e9s et conception am\u00e9lior\u00e9es<\/h3>\n<p>Les <strong>ZOOY King TRIPLE 70000<\/strong> int\u00e8gre un triple <strong>0,90 + 0,90 + 0,90 bobine de maille<\/strong> pour une vapeur constante et des saveurs audacieuses \u00e0 chaque inhalation. Sa taille compacte de <strong>48 \u00d7 48 \u00d7 117mm<\/strong> garantit la portabilit\u00e9, tandis que le design ergonomique s'adapte confortablement \u00e0 la main. Rechargez rapidement avec le <strong>Type-C<\/strong> et surveillez l'utilisation sans effort gr\u00e2ce \u00e0 l'interface utilisateur int\u00e9gr\u00e9e. <strong>\u00e9cran LED intelligent<\/strong>qui indique le nombre de bouff\u00e9es et le niveau de la batterie. Chaque unit\u00e9 p\u00e8se <strong>150g<\/strong>Les d\u00e9tails de l'emballage sont les suivants <strong>200pcs\/carton<\/strong> avec un poids brut de <strong>29,7 kg<\/strong> pour une efficacit\u00e9 globale.<\/p>\n<h3>Principaux avantages<\/h3>\n<p><strong>Capacit\u00e9 de bouff\u00e9e massive<\/strong>: Plus de 70 000 bouff\u00e9es garantissent des s\u00e9ances de longue dur\u00e9e sans remplacement constant.<br \/><strong>Fusion de saveurs 3 en 1<\/strong>: Passez en toute transparence d'une combinaison de go\u00fbts complexes \u00e0 l'autre dans un seul appareil pour une exp\u00e9rience sans cesse renouvel\u00e9e.<br \/><strong>Une commodit\u00e9 intelligente<\/strong>: L'\u00e9cran int\u00e9gr\u00e9 fournit des mises \u00e0 jour en temps r\u00e9el sur les mesures cl\u00e9s, optimisant le contr\u00f4le et la commodit\u00e9.<\/p>\n<h3>Options d'ar\u00f4mes disponibles<\/h3>\n<p>Choisissez parmi nos combinaisons de saveurs 3 en 1 m\u00e9ticuleusement \u00e9labor\u00e9es pour une d\u00e9licieuse vari\u00e9t\u00e9 :<br \/>Past\u00e8que &amp; Citron vert &amp; Cerise Cola<br \/>Glace \u00e0 la cerise et \u00e0 la myrtille<br \/>Mango ice &amp; Aloe Raisin &amp; Kiwi fruit de la passion<br \/>Fraise, kiwi, past\u00e8que et Red Bull<br \/>Mr. Blue &amp; Strawberry banana &amp; Lemon lime Mixed berry &amp; Strawberry Vanilla cola &amp; Lemoncola<br \/>Limonade rose et fraise framboise<br \/>Glace \u00e0 la fraise, menthe au citron et fruit de la passion au citron<br \/>Triple melon &amp; past\u00e8que fraise &amp; p\u00eache citron<br \/>Past\u00e8que \u00e0 la fraise &amp; glace \u00e0 la myrtille &amp; Love 666<br \/>Myrtille Bubblegum &amp; Love 666 &amp; Fraise kiwi<\/p>","protected":false},"excerpt":{"rendered":"<p>Am\u00e9liorez votre exp\u00e9rience de vapotage avec le <strong>ZOOY King TRIPLE 70000<\/strong>.<br \/>Avec des innovations <strong>Technologie d'ar\u00f4me 3 en 1<\/strong> et jusqu'\u00e0 70 000 bouff\u00e9es.<br \/>Rechargeable via Type-C avec une batterie int\u00e9gr\u00e9e <strong>\u00e9cran LED intelligent<\/strong><br \/>Pour une long\u00e9vit\u00e9 et une vari\u00e9t\u00e9 de saveurs in\u00e9gal\u00e9es.<\/p>","protected":false},"featured_media":12384,"comment_status":"open","ping_status":"closed","template":"","meta":[],"product_brand":[97],"product_cat":[1016,860],"product_tag":[965,966,968,967,159,964],"class_list":{"0":"post-12388","1":"product","2":"type-product","3":"status-publish","4":"has-post-thumbnail","6":"product_brand-zooy","7":"product_cat-big-puffs-vapes","8":"product_cat-zooy","9":"product_tag-3-in-1-flavors-vape","10":"product_tag-70000-puffs-disposable","11":"product_tag-smart-screen-e-cigarette","12":"product_tag-triple-mesh-coil","13":"product_tag-type-c-rechargeable-vape","14":"product_tag-zooy-king-triple-70000","16":"first","17":"instock","18":"sale","19":"shipping-taxable","20":"purchasable","21":"product-type-variable"},"jetpack_sharing_enabled":true,"tiered_pricing_type":"fixed","tiered_pricing_fixed_rules":[],"tiered_pricing_product_settings":{"layout":"default","base_unit_name":{"singular":null,"plural":null},"default_variation":null},"tiered_pricing_minimum_quantity":null,"tiered_pricing_roles_data":[],"tiered_pricing_percentage_rules":[],"tiered_pricing_maximum_quantity":null,"tiered_pricing_quantity_step":null,"_links":{"self":[{"href":"https:\/\/frvape.com\/fr\/wp-json\/wp\/v2\/product\/12388","targetHints":{"allow":["GET"]}}],"collection":[{"href":"https:\/\/frvape.com\/fr\/wp-json\/wp\/v2\/product"}],"about":[{"href":"https:\/\/frvape.com\/fr\/wp-json\/wp\/v2\/types\/product"}],"replies":[{"embeddable":true,"href":"https:\/\/frvape.com\/fr\/wp-json\/wp\/v2\/comments?post=12388"}],"wp:featuredmedia":[{"embeddable":true,"href":"https:\/\/frvape.com\/fr\/wp-json\/wp\/v2\/media\/12384"}],"wp:attachment":[{"href":"https:\/\/frvape.com\/fr\/wp-json\/wp\/v2\/media?parent=12388"}],"wp:term":[{"taxonomy":"product_brand","embeddable":true,"href":"https:\/\/frvape.com\/fr\/wp-json\/wp\/v2\/product_brand?post=12388"},{"taxonomy":"product_cat","embeddable":true,"href":"https:\/\/frvape.com\/fr\/wp-json\/wp\/v2\/product_cat?post=12388"},{"taxonomy":"product_tag","embeddable":true,"href":"https:\/\/frvape.com\/fr\/wp-json\/wp\/v2\/product_tag?post=12388"}],"curies":[{"name":"wp","href":"https:\/\/api.w.org\/{rel}","templated":true}]}}