{"id":1303,"date":"2025-10-12T00:48:22","date_gmt":"2025-10-12T00:48:22","guid":{"rendered":"https:\/\/frvape.com\/product\/doloda-pebble-6500-disposable-vape-6500-puffs-rechargeable-type-c\/"},"modified":"2025-11-26T09:18:05","modified_gmt":"2025-11-26T09:18:05","slug":"doloda-pebble-6500-jetable-vape-6500-bouffees-rechargeable-type-c","status":"publish","type":"product","link":"https:\/\/frvape.com\/fr\/produit\/doloda-pebble-6500-jetable-vape-6500-bouffees-rechargeable-type-c\/","title":{"rendered":"Doloda Pebble 6500 Vape jetable | 6500 bouff\u00e9es, rechargeable Type-C"},"content":{"rendered":"<h3>Pr\u00e9sentation du Doloda Pebble 6500<\/h3>\n<p>Les <strong>Doloda Pebble 6500<\/strong> est une cigarette \u00e9lectronique jetable de qualit\u00e9 sup\u00e9rieure con\u00e7ue pour les vapoteurs qui recherchent la commodit\u00e9, la durabilit\u00e9 et une exp\u00e9rience de vapotage prolong\u00e9e. Avec une remarquable <strong>6500 bouff\u00e9es<\/strong> cet appareil vous permet de profiter de vos e-liquides pr\u00e9f\u00e9r\u00e9s pendant des semaines sans avoir \u00e0 les recharger ou \u00e0 les remplacer fr\u00e9quemment. En tant que v\u00e9ritable <strong>vape jetable<\/strong>Il est livr\u00e9 pr\u00e9charg\u00e9 et pr\u00e9-rempli, ce qui le rend pr\u00eat \u00e0 l'emploi d\u00e8s sa sortie de l'emballage, parfait pour les modes de vie nomades ou les nouveaux adeptes du vapotage. Con\u00e7u dans un souci de portabilit\u00e9, son design \u00e9l\u00e9gant tient confortablement dans la main, ce qui facilite son utilisation, que vous soyez \u00e0 la maison, en voyage ou en train de vous d\u00e9tendre. Adoptez un syst\u00e8me de vapotage fiable et <strong>rechargeable Type-C<\/strong> avec le Doloda Pebble 6500 pour une exp\u00e9rience sup\u00e9rieure.<\/p>\n<h3>Principales caract\u00e9ristiques et avantages<\/h3>\n<p>Le Doloda Pebble 6500 se distingue par ses fonctions innovantes et ses sp\u00e9cifications performantes. Ses fonctions int\u00e9gr\u00e9es <strong>bobine de maille<\/strong> (1,2ohm) garantit un d\u00e9bit de vapeur r\u00e9gulier et constant, ainsi qu'une conservation intense des ar\u00f4mes, pour un r\u00e9sultat plus riche et plus satisfaisant \u00e0 chaque fois. Contrairement \u00e0 ses concurrents, cette e-cigarette offre une \u00e9norme capacit\u00e9 d'e-liquide de 13ml aux c\u00f4t\u00e9s d'une robuste batterie de 500mAh (Type-C USB rechargeable), permettant des sessions d'utilisation plus longues. Choisissez parmi les mod\u00e8les flexibles <strong>les options de la nicotine<\/strong> La gamme de produits comprend les mod\u00e8les 0%, 2% et 5% pour r\u00e9pondre \u00e0 vos pr\u00e9f\u00e9rences, que vous cherchiez \u00e0 arr\u00eater de fumer, \u00e0 r\u00e9duire votre consommation de nicotine ou \u00e0 profiter d'une alternative sans nicotine. De plus, l'appareil comprend trois embouts de filtre pour un entretien facile et une exp\u00e9rience hygi\u00e9nique. Dans l'ensemble, le Doloda Pebble 6500 minimise les interruptions, fait gagner du temps et maximise la satisfaction, tout en offrant un rapport qualit\u00e9-prix exceptionnel.<\/p>\n<h3>Une s\u00e9lection de saveurs exquises<\/h3>\n<p>Laissez-vous tenter par notre gamme vari\u00e9e d'e-liquides d\u00e9lectables, tous con\u00e7us pour vous offrir un voyage gustatif inoubliable ! Chaque <strong>dispositifs jetables aromatis\u00e9s<\/strong> est pr\u00e9-rempli de liquides de qualit\u00e9 sup\u00e9rieure, ce qui garantit des profils vibrants et authentiques. Du glac\u00e9 au sucr\u00e9, voici la gamme compl\u00e8te des saveurs du Doloda Pebble 6500 :<br \/><strong>Glace de raisin<\/strong><br \/><strong>Glace luxuriante<\/strong><br \/><strong>Glace Blue Razz<\/strong><br \/><strong>Caf\u00e9 Moka<\/strong><br \/><strong>Mangue de Malaisie<\/strong><br \/><strong>Glace \u00e0 la m\u00fbre<\/strong><br \/><strong>Menthe citronn\u00e9e<\/strong><br \/><strong>Soda \u00e0 la cerise<\/strong><br \/><strong>Ours en gomme<\/strong><br \/><strong>Past\u00e8que \u00e0 la fraise<\/strong><br \/>Ces saveurs r\u00e9pondent \u00e0 des go\u00fbts vari\u00e9s : les options \u00e0 base de glace offrent une touche de fra\u00eecheur, tandis que les choix plus fruit\u00e9s comme la mangue malaisienne et la past\u00e8que \u00e0 la fraise \u00e9quilibrent le go\u00fbt sucr\u00e9. Les classiques, comme le caf\u00e9 moka, donnent un coup de fouet agr\u00e9able et robuste, pour un plaisir quotidien.<\/p>\n<h3>Sp\u00e9cifications d\u00e9taill\u00e9es du produit<\/h3>\n<p>Voici les sp\u00e9cifications compl\u00e8tes du Doloda Pebble 6500 pour garantir la transparence et vous aider \u00e0 faire un achat en toute connaissance de cause :<br \/><strong>Puffs<\/strong>Le syst\u00e8me d'alimentation de l'appareil : 6500 bouff\u00e9es pour une utilisation de longue dur\u00e9e.<br \/><strong>C\u0153ur de m\u00e9tier<\/strong>: Bobine en maille, 1.2ohm pour une vapeur homog\u00e8ne<br \/><strong>E-liquide<\/strong>: Volume pr\u00e9-rempli de 13 ml<br \/><strong>Nicotine<\/strong>: 0%\/2%\/5% options pour un contr\u00f4le personnalis\u00e9<br \/><strong>Batterie<\/strong>: Centrale \u00e9lectrique rechargeable de 13350-500mAh<br \/><strong>Rechargeable<\/strong>: Interface USB de type C pour des recharges rapides.<br \/><strong>Pointe du filtre<\/strong>: *3pcs inclus pour plus d'hygi\u00e8ne<br \/><strong>Poids du produit<\/strong>: L\u00e9ger (60 g par pi\u00e8ce)<br \/><strong>Taille du produit<\/strong>: Dimensions compactes de 28,5*55*100mm, facilement transportable<br \/><strong>Taille du carton<\/strong>: Livraison ais\u00e9e \u00e0 575*300*225mm<br \/><strong>QT\u00c9<\/strong>: Efficacit\u00e9 en vrac \u00e0 200pcs par carton, 10pcs par bo\u00eete<br \/><strong>G.W.<\/strong>: Le poids total du carton est de 13,4 kg, ce qui facilite la manutention.<\/p>\n<h3>Pourquoi choisir le Doloda Pebble 6500 ?<\/h3>\n<p>Le Doloda Pebble 6500 red\u00e9finit les vapes jetables en mettant l'accent sur la commodit\u00e9, la long\u00e9vit\u00e9 et la vari\u00e9t\u00e9. Elle est id\u00e9ale pour les professionnels occup\u00e9s, les voyageurs ou les vapoteurs qui souhaitent des sessions sans tracas - pas de d\u00e9sordre d\u00fb \u00e0 la charge ou \u00e0 l'entretien constant, ce qui permet de se concentrer davantage sur sa vie. Sa conception \u00e9cologique et \u00e9conomique fait appel \u00e0 une technologie rechargeable pour prolonger la dur\u00e9e de vie, contribuant ainsi \u00e0 r\u00e9duire l'empreinte \u00e9cologique. La s\u00e9curit\u00e9 est une priorit\u00e9 gr\u00e2ce \u00e0 des caract\u00e9ristiques de r\u00e9sistance aux fuites et \u00e0 des mat\u00e9riaux de haute qualit\u00e9 qui r\u00e9pondent aux normes industrielles. En fin de compte, investir dans cet appareil, c'est avoir l'esprit tranquille : une option haut de gamme abordable qui offre constamment des tirages fluides et des performances fiables pour des sessions prolong\u00e9es. Rejoignez les milliers d'utilisateurs satisfaits qui font l'exp\u00e9rience de la r\u00e9volution en mati\u00e8re de <strong>vape jetable<\/strong> satisfaction !<\/p>","protected":false},"excerpt":{"rendered":"<p>D\u00e9couvrez le syst\u00e8me r\u00e9volutionnaire <strong>Doloda Pebble 6500<\/strong>, a <strong>vape jetable<\/strong> qui d\u00e9livre un nombre impressionnant de 6500 bouff\u00e9es.<br \/>Gr\u00e2ce \u00e0 des <strong>bobine de maille<\/strong> technologie et <strong>rechargeable Type-C<\/strong>Les utilisateurs peuvent ainsi profiter d'une diffusion ininterrompue et de longue dur\u00e9e.<br \/>Disponible en plusieurs <strong>les options de la nicotine<\/strong> (0%, 2%, 5%) et d'une s\u00e9rie d'options de rafra\u00eechissement. <strong>saveurs<\/strong> pour une plus grande commodit\u00e9.<\/p>","protected":false},"featured_media":1297,"comment_status":"open","ping_status":"closed","template":"","meta":[],"product_brand":[224],"product_cat":[225],"product_tag":[228,112,227,230,77,229],"class_list":{"0":"post-1303","1":"product","2":"type-product","3":"status-publish","4":"has-post-thumbnail","6":"product_brand-doloda","7":"product_cat-doloda-vape","8":"product_tag-6500-puffs","9":"product_tag-disposable-vape","10":"product_tag-doloda-pebble-6500","11":"product_tag-flavors-disposable-device","12":"product_tag-mesh-coil-vape","13":"product_tag-rechargeable-electronic-cigarette","15":"first","16":"instock","17":"sale","18":"shipping-taxable","19":"purchasable","20":"product-type-variable"},"jetpack_sharing_enabled":true,"tiered_pricing_type":"fixed","tiered_pricing_fixed_rules":[],"tiered_pricing_product_settings":{"layout":"default","base_unit_name":{"singular":null,"plural":null},"default_variation":null},"tiered_pricing_minimum_quantity":null,"tiered_pricing_roles_data":[],"tiered_pricing_percentage_rules":[],"tiered_pricing_maximum_quantity":null,"tiered_pricing_quantity_step":null,"_links":{"self":[{"href":"https:\/\/frvape.com\/fr\/wp-json\/wp\/v2\/product\/1303","targetHints":{"allow":["GET"]}}],"collection":[{"href":"https:\/\/frvape.com\/fr\/wp-json\/wp\/v2\/product"}],"about":[{"href":"https:\/\/frvape.com\/fr\/wp-json\/wp\/v2\/types\/product"}],"replies":[{"embeddable":true,"href":"https:\/\/frvape.com\/fr\/wp-json\/wp\/v2\/comments?post=1303"}],"wp:featuredmedia":[{"embeddable":true,"href":"https:\/\/frvape.com\/fr\/wp-json\/wp\/v2\/media\/1297"}],"wp:attachment":[{"href":"https:\/\/frvape.com\/fr\/wp-json\/wp\/v2\/media?parent=1303"}],"wp:term":[{"taxonomy":"product_brand","embeddable":true,"href":"https:\/\/frvape.com\/fr\/wp-json\/wp\/v2\/product_brand?post=1303"},{"taxonomy":"product_cat","embeddable":true,"href":"https:\/\/frvape.com\/fr\/wp-json\/wp\/v2\/product_cat?post=1303"},{"taxonomy":"product_tag","embeddable":true,"href":"https:\/\/frvape.com\/fr\/wp-json\/wp\/v2\/product_tag?post=1303"}],"curies":[{"name":"wp","href":"https:\/\/api.w.org\/{rel}","templated":true}]}}