{"id":13131,"date":"2025-11-02T12:22:08","date_gmt":"2025-11-02T12:22:08","guid":{"rendered":"https:\/\/frvape.com\/product\/mr-goodie-adjust-flavor-king-long-lasting-3-in-1-adjustable-disposable-vape\/"},"modified":"2025-12-16T09:48:44","modified_gmt":"2025-12-16T09:48:44","slug":"mr-goodie-adjust-flavor-king-long-lasting-3-in-1-adjustable-disposable-vape","status":"publish","type":"product","link":"https:\/\/frvape.com\/fr\/produit\/mr-goodie-adjust-flavor-king-long-lasting-3-in-1-adjustable-disposable-vape\/","title":{"rendered":"Mr. Goodie Adjust Flavor King - Vape jetable ajustable 3-en-1 de longue dur\u00e9e"},"content":{"rendered":"<h3>Une exp\u00e9rience de vapotage r\u00e9volutionnaire<\/h3>\n<p>Les <strong>Mr. Goodie Adjust Flavor King<\/strong> est une vape jetable de haute performance con\u00e7ue pour les vapoteurs \u00e0 la recherche de vari\u00e9t\u00e9, de personnalisation et de long\u00e9vit\u00e9. Cette <strong>Appareil 3 en 1<\/strong> permet de basculer en toute transparence entre le mode ar\u00f4me unique et le mode ar\u00f4me mixte, offrant ainsi une exp\u00e9rience in\u00e9gal\u00e9e gr\u00e2ce \u00e0 une technologie de pointe. <strong>iDuomesh<\/strong> pour une production de vapeur homog\u00e8ne et r\u00e9guli\u00e8re. Con\u00e7u pour une utilisation prolong\u00e9e, il est dot\u00e9 d'un <strong>20ml + 20ml<\/strong> Capacit\u00e9 en e-liquides, a <strong>batterie rechargeable 950mAh<\/strong>et <strong>Chargement rapide de type C<\/strong> pour un maximum de commodit\u00e9.<\/p>\n<h3>Saveurs disponibles<\/h3>\n<p>D\u00e9couvrez une large gamme de saveurs, y compris des options simples et mixtes :<br \/>\nBleu framboise cerise citron (m\u00e9lange),<br \/>\nBonbons arc-en-ciel (B),<br \/>\nRaisin (B),<br \/>\nMonnaie de Miami (A),<br \/>\nMenthe citronn\u00e9e (m\u00e9lange),<br \/>\nFraise (A),<br \/>\nCitron (B),<br \/>\nPast\u00e8que (B),<br \/>\nOurs en gomme (B),<br \/>\nGlace \u00e9nerg\u00e9tique (B),<br \/>\nCola Ice (B),<br \/>\nPomme verte raisin (m\u00e9lange),<br \/>\nPeach Cola Ice (Mix),<br \/>\nGlace \u00e0 la past\u00e8que (A),<br \/>\nFramboise bleue (A),<br \/>\nP\u00eache juteuse glac\u00e9e (A),<br \/>\nRaisin framboise (m\u00e9lange),<br \/>\nWatermelon Bubble Gum (Mix),<br \/>\nLemon Rainbow Candy (Mix),<br \/>\nFramboise (B),<br \/>\nBoisson \u00e9nerg\u00e9tique \u00e0 la noix de coco (m\u00e9lange),<br \/>\nBubble Gum (B),<br \/>\nOMG Blow-Pop (Mix),<br \/>\nOrange Mangue Goyave (A),<br \/>\nFraise Past\u00e8que (M\u00e9lange),<br \/>\nAnanas noix de coco (A),<br \/>\nCitron cerise (B),<br \/>\nPomme verte (A).<\/p>\n<h3>Caract\u00e9ristiques principales<\/h3>\n<p>B\u00e9n\u00e9ficiez de performances robustes avec <strong>bobines \u00e0 double maille<\/strong> qui procurent un effet de gorge dense et satisfaisant.<br \/>\nL'innovation <strong>r\u00e9glage du commutateur \u00e0 glissi\u00e8re<\/strong> vous donne un contr\u00f4le total sur le m\u00e9lange des saveurs, tandis que le <strong>Affichage \u00e0 3 LED<\/strong> surveille l'autonomie de la batterie et les niveaux d'e-liquide d'un seul coup d'\u0153il.<br \/>\nAvec un nombre impressionnant de <strong>60 000 bouff\u00e9es<\/strong> en mode saveur unique ou <strong>30 000 bouff\u00e9es<\/strong> en mode m\u00e9lange, vous b\u00e9n\u00e9ficiez d'une utilisation de longue dur\u00e9e avec un minimum de recharges.<br \/>\nL'appareil offre \u00e9galement <strong>20 mg ou 50 mg de sel de nicotine<\/strong> en fonction de vos pr\u00e9f\u00e9rences.<\/p>\n<h3>Pourquoi choisir Adjust Flavor King ?<\/h3>\n<p>Parfait pour les vapoteurs qui aiment la personnalisation, son design compact et son <strong>syst\u00e8me \u00e0 double r\u00e9servoir<\/strong> permettent des combinaisons de saveurs cr\u00e9atives pour une exp\u00e9rience sur mesure.<br \/>\n<strong>Technologie iDuomesh<\/strong> garantit une qualit\u00e9 de vapeur constante et une conservation robuste des ar\u00f4mes tout au long de sa dur\u00e9e de vie, ce qui le rend id\u00e9al pour un usage personnel ou une distribution en gros.<br \/>\nAjoutez la commodit\u00e9 avec des capacit\u00e9s rechargeables et une forme portable pour le vapotage en d\u00e9placement.<\/p>","protected":false},"excerpt":{"rendered":"<p>Les <strong>Mr. Goodie Adjust Flavor King<\/strong> est une vape jetable polyvalente qui offre <strong>3 en 1<\/strong> contr\u00f4le des ar\u00f4mes avec jusqu'\u00e0 <strong>60 000 bouff\u00e9es<\/strong> en mode unique pour une utilisation prolong\u00e9e.<br \/>\nDot\u00e9 de bobines \u00e0 double maille, d'un interrupteur \u00e0 glissi\u00e8re et d'un syst\u00e8me d'alimentation en eau. <strong>Chargement de type C<\/strong>Il d\u00e9livre une vapeur riche avec <strong>20 mg ou 50 mg de sel de nicotine<\/strong> options.<br \/>\nProfitez d'une personnalisation facile des ar\u00f4mes et d'un plaisir durable dans un design compact et rechargeable.<\/p>","protected":false},"featured_media":13125,"comment_status":"open","ping_status":"closed","template":"","meta":[],"product_brand":[769],"product_cat":[873],"product_tag":[990,987,112,154,988,989],"class_list":{"0":"post-13131","1":"product","2":"type-product","3":"status-publish","4":"has-post-thumbnail","6":"product_brand-mr-goodie","7":"product_cat-mr-goodie","8":"product_tag-3-in-1-vape","9":"product_tag-adjustable-flavor","10":"product_tag-disposable-vape","11":"product_tag-high-puff-vape","12":"product_tag-mr-goodie-flavor-king","13":"product_tag-salt-nicotine-e-cig","15":"first","16":"instock","17":"sale","18":"shipping-taxable","19":"purchasable","20":"product-type-variable"},"jetpack_sharing_enabled":true,"tiered_pricing_type":"fixed","tiered_pricing_fixed_rules":[],"tiered_pricing_product_settings":{"layout":"default","base_unit_name":{"singular":null,"plural":null},"default_variation":null},"tiered_pricing_minimum_quantity":null,"tiered_pricing_roles_data":[],"tiered_pricing_percentage_rules":[],"tiered_pricing_maximum_quantity":null,"tiered_pricing_quantity_step":null,"_links":{"self":[{"href":"https:\/\/frvape.com\/fr\/wp-json\/wp\/v2\/product\/13131","targetHints":{"allow":["GET"]}}],"collection":[{"href":"https:\/\/frvape.com\/fr\/wp-json\/wp\/v2\/product"}],"about":[{"href":"https:\/\/frvape.com\/fr\/wp-json\/wp\/v2\/types\/product"}],"replies":[{"embeddable":true,"href":"https:\/\/frvape.com\/fr\/wp-json\/wp\/v2\/comments?post=13131"}],"wp:featuredmedia":[{"embeddable":true,"href":"https:\/\/frvape.com\/fr\/wp-json\/wp\/v2\/media\/13125"}],"wp:attachment":[{"href":"https:\/\/frvape.com\/fr\/wp-json\/wp\/v2\/media?parent=13131"}],"wp:term":[{"taxonomy":"product_brand","embeddable":true,"href":"https:\/\/frvape.com\/fr\/wp-json\/wp\/v2\/product_brand?post=13131"},{"taxonomy":"product_cat","embeddable":true,"href":"https:\/\/frvape.com\/fr\/wp-json\/wp\/v2\/product_cat?post=13131"},{"taxonomy":"product_tag","embeddable":true,"href":"https:\/\/frvape.com\/fr\/wp-json\/wp\/v2\/product_tag?post=13131"}],"curies":[{"name":"wp","href":"https:\/\/api.w.org\/{rel}","templated":true}]}}