{"id":13216,"date":"2025-11-02T12:30:49","date_gmt":"2025-11-02T12:30:49","guid":{"rendered":"https:\/\/frvape.com\/product\/aivono-aim-fatbear-80k-disposable-vape-80000-puffs-58ml-capacity-dual-mesh-coil\/"},"modified":"2025-11-04T02:51:24","modified_gmt":"2025-11-04T02:51:24","slug":"aivono-aim-fatbear-80k-jetable-vape-80000-puffs-58ml-capacity-dual-mesh-coil","status":"publish","type":"product","link":"https:\/\/frvape.com\/fr\/produit\/aivono-aim-fatbear-80k-jetable-vape-80000-puffs-58ml-capacity-dual-mesh-coil\/","title":{"rendered":"Aivono AIM FATBEAR 80K Vape jetable : 80 000 bouff\u00e9es, capacit\u00e9 de 58mL, bobine \u00e0 double maille"},"content":{"rendered":"<h3>Une centrale de vapotage r\u00e9volutionnaire<\/h3>\n<p>Rencontrez les <strong>Aivono AIM FATBEAR 80K<\/strong> - une vape jetable qui change la donne et qui associe une capacit\u00e9 colossale \u00e0 des performances de premier ordre. Con\u00e7ue pour les amateurs d'endurance, elle d\u00e9livre jusqu'\u00e0 <strong>80 000 bouff\u00e9es<\/strong> par le biais d'une <strong>0.8\u03a9 Dual Mesh Coil<\/strong> qui garantit des saveurs intenses et des nuages de vapeur volumineux de la premi\u00e8re \u00e0 la derni\u00e8re bouff\u00e9e. Le smart <strong>Affichage LED<\/strong> vous informe en permanence de l'\u00e9tat de l'e-liquide et de la batterie pour des sessions ininterrompues.<\/p>\n<h3>Sp\u00e9cifications in\u00e9gal\u00e9es<\/h3>\n<p>\u00c9quip\u00e9 d'un \u00e9norme <strong>58ml e-liquide<\/strong> r\u00e9servoir et <strong>Batterie rechargeable de 650mAh<\/strong> en vedette <strong>Chargement rapide de type C<\/strong>Le FATBEAR 80K minimise les temps d'arr\u00eat. Personnalisez votre exp\u00e9rience avec des taux de nicotine flexibles : 0%, 2%, 3% ou 5%. Son corps compact de 40x40x115mm int\u00e8gre une technologie de niveau professionnel dans un design portable, red\u00e9finissant les attentes dans le segment de la vape jetable.<\/p>\n<h3>Spectre d'ar\u00f4mes<\/h3>\n<p>Red Bull + past\u00e8que \u00e0 la fraise + bonbon \u00e0 la framboise<br \/>Glace raisin + menthe + fraise<br \/>Glace \u00e0 la mangue + ananas noix de coco + glace \u00e0 la p\u00eache<br \/>Glace \u00e0 la fraise + glace \u00e0 la past\u00e8que + chewing-gum<br \/>Myrtille framboise + glace au citron + glace \u00e0 l'ananas<br \/>Kiwi Passion + Love 66 + Mango Ice<br \/>Berriy mixte + Kiwi fraise + Past\u00e8que fraise<br \/>Glace \u00e0 la past\u00e8que + Baie \u00e0 la p\u00eache + Cola \u00e0 la cerise<br \/>Glace au soda \u00e0 la cerise + glace au cola + melon Honeydew<br \/>Pomme acide + Fraise Banane + Mangue acide Ananas<\/p>\n<h3>Pourquoi choisir FATBEAR 80K ?<\/h3>\n<p>Cet appareil \u00e9tablit de nouvelles r\u00e9f\u00e9rences en mati\u00e8re de production de vapeur et de long\u00e9vit\u00e9 gr\u00e2ce \u00e0 sa grande capacit\u00e9. <strong>R\u00e9servoir de 58 ml<\/strong> et d'une ing\u00e9nierie de pr\u00e9cision <strong>bobine \u00e0 double maille<\/strong>. Id\u00e9al pour les d\u00e9taillants et les grossistes, chaque carton contient 150 unit\u00e9s (20kg) avec des dimensions d'emballage optimis\u00e9es (685x380x240mm). Pour les amateurs de sessions prolong\u00e9es, de saveurs constantes et de contr\u00f4le intelligent, la FATBEAR 80K offre les avantages suivants <strong>une fiabilit\u00e9 in\u00e9gal\u00e9e<\/strong> et une exp\u00e9rience haut de gamme.<\/p>","protected":false},"excerpt":{"rendered":"<p>L'exp\u00e9rience de la <strong>Aivono AIM FATBEAR 80K<\/strong> vape jetable d\u00e9livrant une <strong>80 000 bouff\u00e9es<\/strong> par le biais d'un <strong>0.8\u03a9 Dual Mesh Coil<\/strong>. Caract\u00e9ristiques <strong>58ml d'e-liquide pr\u00e9-rempli<\/strong>La nicotine peut \u00eatre r\u00e9gl\u00e9e en fonction des niveaux de nicotine (0%\/2%\/3%\/5%), <strong>Chargement rapide de type C<\/strong>et en temps r\u00e9el <strong>Affichage LED<\/strong> le contr\u00f4le.<\/p>","protected":false},"featured_media":13210,"comment_status":"open","ping_status":"closed","template":"","meta":[],"product_brand":[165],"product_cat":[951,1016],"product_tag":[735,992,991,112,244,115],"class_list":{"0":"post-13216","1":"product","2":"type-product","3":"status-publish","4":"has-post-thumbnail","6":"product_brand-aivono","7":"product_cat-aivono","8":"product_cat-big-puffs-vapes","9":"product_tag-58ml-e-liquid","10":"product_tag-80000-puffs","11":"product_tag-aivono-fatbear-80k","12":"product_tag-disposable-vape","13":"product_tag-dual-mesh-coil","14":"product_tag-rechargeable-vape","16":"first","17":"instock","18":"sale","19":"shipping-taxable","20":"purchasable","21":"product-type-variable"},"jetpack_sharing_enabled":true,"tiered_pricing_type":"fixed","tiered_pricing_fixed_rules":[],"tiered_pricing_product_settings":{"layout":"default","base_unit_name":{"singular":null,"plural":null},"default_variation":null},"tiered_pricing_minimum_quantity":null,"tiered_pricing_roles_data":[],"tiered_pricing_percentage_rules":[],"tiered_pricing_maximum_quantity":null,"tiered_pricing_quantity_step":null,"_links":{"self":[{"href":"https:\/\/frvape.com\/fr\/wp-json\/wp\/v2\/product\/13216","targetHints":{"allow":["GET"]}}],"collection":[{"href":"https:\/\/frvape.com\/fr\/wp-json\/wp\/v2\/product"}],"about":[{"href":"https:\/\/frvape.com\/fr\/wp-json\/wp\/v2\/types\/product"}],"replies":[{"embeddable":true,"href":"https:\/\/frvape.com\/fr\/wp-json\/wp\/v2\/comments?post=13216"}],"wp:featuredmedia":[{"embeddable":true,"href":"https:\/\/frvape.com\/fr\/wp-json\/wp\/v2\/media\/13210"}],"wp:attachment":[{"href":"https:\/\/frvape.com\/fr\/wp-json\/wp\/v2\/media?parent=13216"}],"wp:term":[{"taxonomy":"product_brand","embeddable":true,"href":"https:\/\/frvape.com\/fr\/wp-json\/wp\/v2\/product_brand?post=13216"},{"taxonomy":"product_cat","embeddable":true,"href":"https:\/\/frvape.com\/fr\/wp-json\/wp\/v2\/product_cat?post=13216"},{"taxonomy":"product_tag","embeddable":true,"href":"https:\/\/frvape.com\/fr\/wp-json\/wp\/v2\/product_tag?post=13216"}],"curies":[{"name":"wp","href":"https:\/\/api.w.org\/{rel}","templated":true}]}}