{"id":13297,"date":"2025-11-02T12:41:25","date_gmt":"2025-11-02T12:41:25","guid":{"rendered":"https:\/\/frvape.com\/product\/bang-box-80000-disposable-vape-80000-puffs-triple-mesh-coil-60ml-juice\/"},"modified":"2025-11-04T02:51:23","modified_gmt":"2025-11-04T02:51:23","slug":"bang-box-80000-jetable-vape-80000-puffs-triple-mesh-coil-60ml-juice","status":"publish","type":"product","link":"https:\/\/frvape.com\/fr\/produit\/bang-box-80000-jetable-vape-80000-puffs-triple-mesh-coil-60ml-juice\/","title":{"rendered":"Bang Box 80000 Vape jetable - 80000 bouff\u00e9es, bobine Triple Mesh, 60ml de jus"},"content":{"rendered":"<h3>Long\u00e9vit\u00e9 et puissance in\u00e9gal\u00e9es<\/h3>\n<p>Les <strong>Bang Box 80000<\/strong> La vape jetable \u00e9tablit une nouvelle norme dans l'industrie avec sa capacit\u00e9 extraordinaire de 80 000 bouff\u00e9es. Aliment\u00e9 par un syst\u00e8me de <strong>Batterie au cobalt pur 17350<\/strong> (850mAh, d\u00e9charge 5A), il maintient une tension stable pour des performances constantes de la premi\u00e8re \u00e0 la derni\u00e8re bouff\u00e9e. Profitez de sessions de vapotage prolong\u00e9es sans compromis.<\/p>\n<h3>Technologie des ar\u00f4mes de premi\u00e8re qualit\u00e9<\/h3>\n<p>Avec un <strong>c\u00e2ble chauffant unique de 0,8\u03a9<\/strong> jumel\u00e9 \u00e0 un programme avanc\u00e9 de <strong>Bobine \u00e0 triple maille<\/strong>Gr\u00e2ce \u00e0 la technologie de l'e-liquide, cet appareil transforme chaque inhalation en profils d'ar\u00f4mes riches et nuanc\u00e9s avec une production de vapeur exceptionnellement douce. La conception optimis\u00e9e de la bobine garantit une utilisation efficace de l'e-liquide tout en g\u00e9n\u00e9rant une densit\u00e9 de nuage remarquable.<\/p>\n<h3>Options de saveurs<\/h3>\n<p>Explorez notre s\u00e9lection de 12 saveurs exotiques avec plusieurs taux de nicotine (0%, 2%, 3%, 5%) :<br \/>Fraise, banane, framboise, past\u00e8que et amour 666<br \/>Soda au citron et au cola, chewing-gum \u00e0 la past\u00e8que et glace au dragon noir<br \/>Double raisin et fraise Mangue et myrtille Glace framboise acidul\u00e9e<br \/>Ananas noix de coco, fraise, framboise, bonbon et glace bleue<br \/>Past\u00e8que Ice &amp; Red Bull &amp; Fraise Kiwi<br \/>Fruits tropicaux et fraises Past\u00e8que et p\u00eache au citron<br \/>Glace \u00e0 la past\u00e8que, glace \u00e0 la fraise et triple melon<br \/>Red Bull fraise, kiwi, mangue acide, ananas et fraise<br \/>Glace \u00e0 la fraise &amp; fraise Past\u00e8que &amp; ananas Mangue P\u00eache<br \/>Glace aux trois baies, p\u00eache \u00e0 la mangue, fraise et kiwi<br \/>Citron vert et mangue P\u00eache Past\u00e8que et myrtille Ice<br \/>Fraise Vanille Cola &amp; Pomme acide Framboise &amp; Citron vert<\/p>\n<h3>Conception ergonomique<\/h3>\n<p>Con\u00e7ue pour un confort optimal lors d'une utilisation prolong\u00e9e, la <strong>Bang Box 80000<\/strong> pr\u00e9sente un profil de 46\u00d746\u00d7128mm adapt\u00e9 \u00e0 la paume de la main avec une r\u00e9partition \u00e9quilibr\u00e9e du poids (135g). L'ext\u00e9rieur textur\u00e9 assure une bonne prise en main, tandis que le syst\u00e8me de circulation d'air optimis\u00e9 garantit des tirages sans effort.<\/p>\n<h3>Emballage pr\u00eat pour la vente en gros<\/h3>\n<p>Emballage de vente au d\u00e9tail : bo\u00eete de 10 appareils (236\u00d795\u00d7131mm, 1,411kg)<br \/>Options de cartons :<br \/>- 100pcs : 49.5\u00d730.5\u00d728.5cm (15kg poids brut)<br \/>- 200pcs : 49.5\u00d749.5\u00d728.5cm (29kg poids brut)<\/p>\n<h3>Vaping de qualit\u00e9 professionnelle<\/h3>\n<p>Id\u00e9al pour les distributeurs et les vapoteurs exigeants, le <strong>Bang Box 80000<\/strong> associe des composants de qualit\u00e9 industrielle \u00e0 une conception m\u00e9ticuleuse des ar\u00f4mes. Le r\u00e9servoir d'e-liquide surdimensionn\u00e9, le syst\u00e8me de bobine \u00e0 temp\u00e9rature contr\u00f4l\u00e9e et les options de nicotine de qualit\u00e9 pharmaceutique cr\u00e9ent une exp\u00e9rience imbattable. <strong>exp\u00e9rience de vapotage \u00e0 haute capacit\u00e9<\/strong> qui pr\u00e9serve l'int\u00e9grit\u00e9 des saveurs tout au long des 80 000 bouff\u00e9es.<\/p>","protected":false},"excerpt":{"rendered":"<p><strong>Bang Box 80000<\/strong> La vape jetable d\u00e9livre une \u00e9tonnante <strong>80 000 bouff\u00e9es<\/strong> avec son \u00e9norme <strong>Capacit\u00e9 de 60 ml d'e-liquide<\/strong> et <strong>Batterie au cobalt pur de 850mAh<\/strong>.<br \/>D\u00e9couvrez des saveurs audacieuses gr\u00e2ce \u00e0 son <strong>Bobine \u00e0 triple maille<\/strong> en 12 vari\u00e9t\u00e9s de qualit\u00e9 sup\u00e9rieure.<\/p>","protected":false},"featured_media":13291,"comment_status":"open","ping_status":"closed","template":"","meta":[],"product_brand":[108],"product_cat":[995,1016],"product_tag":[997,551,996,346,400,967],"class_list":{"0":"post-13297","1":"product","2":"type-product","3":"status-publish","4":"has-post-thumbnail","6":"product_brand-bangbox","7":"product_cat-bangbox","8":"product_cat-big-puffs-vapes","9":"product_tag-80000-puffs-disposable-vape","10":"product_tag-850mah-battery","11":"product_tag-bang-box-80000","12":"product_tag-high-capacity-vape","13":"product_tag-long-lasting-vape","14":"product_tag-triple-mesh-coil","16":"first","17":"instock","18":"sale","19":"shipping-taxable","20":"purchasable","21":"product-type-variable"},"jetpack_sharing_enabled":true,"tiered_pricing_type":"fixed","tiered_pricing_fixed_rules":[],"tiered_pricing_product_settings":{"layout":"default","base_unit_name":{"singular":null,"plural":null},"default_variation":null},"tiered_pricing_minimum_quantity":null,"tiered_pricing_roles_data":[],"tiered_pricing_percentage_rules":[],"tiered_pricing_maximum_quantity":null,"tiered_pricing_quantity_step":null,"_links":{"self":[{"href":"https:\/\/frvape.com\/fr\/wp-json\/wp\/v2\/product\/13297","targetHints":{"allow":["GET"]}}],"collection":[{"href":"https:\/\/frvape.com\/fr\/wp-json\/wp\/v2\/product"}],"about":[{"href":"https:\/\/frvape.com\/fr\/wp-json\/wp\/v2\/types\/product"}],"replies":[{"embeddable":true,"href":"https:\/\/frvape.com\/fr\/wp-json\/wp\/v2\/comments?post=13297"}],"wp:featuredmedia":[{"embeddable":true,"href":"https:\/\/frvape.com\/fr\/wp-json\/wp\/v2\/media\/13291"}],"wp:attachment":[{"href":"https:\/\/frvape.com\/fr\/wp-json\/wp\/v2\/media?parent=13297"}],"wp:term":[{"taxonomy":"product_brand","embeddable":true,"href":"https:\/\/frvape.com\/fr\/wp-json\/wp\/v2\/product_brand?post=13297"},{"taxonomy":"product_cat","embeddable":true,"href":"https:\/\/frvape.com\/fr\/wp-json\/wp\/v2\/product_cat?post=13297"},{"taxonomy":"product_tag","embeddable":true,"href":"https:\/\/frvape.com\/fr\/wp-json\/wp\/v2\/product_tag?post=13297"}],"curies":[{"name":"wp","href":"https:\/\/api.w.org\/{rel}","templated":true}]}}