{"id":1360,"date":"2025-10-12T01:08:41","date_gmt":"2025-10-12T01:08:41","guid":{"rendered":"https:\/\/frvape.com\/product\/elfbox-pulse-x-25000-disposable-vape-25k-puffs-rechargeable-design\/"},"modified":"2025-11-26T09:17:37","modified_gmt":"2025-11-26T09:17:37","slug":"elfbox-pulse-x-25000-jetable-vape-25k-puffs-rechargeable-design","status":"publish","type":"product","link":"https:\/\/frvape.com\/fr\/produit\/elfbox-pulse-x-25000-jetable-vape-25k-puffs-rechargeable-design\/","title":{"rendered":"ElfBox Pulse-x 25000 Vape jetable | 25K bouff\u00e9es | Design rechargeable"},"content":{"rendered":"<h3>Pr\u00e9sentation de l'ElfBox Pulse-x 25000 : r\u00e9volutionner votre exp\u00e9rience de vapotage<\/h3>\n<p>Les <strong>ElfBox Pulse-x 25000<\/strong> est con\u00e7u pour transformer votre exp\u00e9rience du vapotage gr\u00e2ce \u00e0 ses performances in\u00e9gal\u00e9es, sa long\u00e9vit\u00e9 impressionnante et ses caract\u00e9ristiques innovantes. Con\u00e7u pour les utilisateurs occasionnels et les acheteurs en gros, cet appareil est dot\u00e9 d'une puissance de vaporisation stup\u00e9fiante. <strong>25 000 bouff\u00e9es<\/strong> capacit\u00e9 et <strong>rechargeable<\/strong> Type-C, ce qui en fait un choix \u00e9cologique et rentable sur le march\u00e9 du vapotage. Avec ses <strong>bobine \u00e0 double maille<\/strong> la technologie et les multiples <strong>taux de nicotine<\/strong>Ce stylo \u00e0 vape offre une saveur riche et constante du d\u00e9but \u00e0 la fin, ce qui est parfait pour satisfaire vos envies.<\/p>\n<h3>Pourquoi choisir ElfBox Pulse-x 25000 ?<\/h3>\n<p>Optez pour le <strong>ElfBox Pulse-x<\/strong> pour combiner la technologie de pointe et la commodit\u00e9 d'utilisation. Avec ses <strong>durable<\/strong> Gr\u00e2ce \u00e0 sa conception et \u00e0 ses caract\u00e9ristiques polyvalentes, il s'impose comme un choix de premier ordre :<\/p>\n<p><strong>Dur\u00e9e de vie prolong\u00e9e :<\/strong> Exp\u00e9rience jusqu'\u00e0 <strong>25 000 bouff\u00e9es<\/strong> en mode r\u00e9gulier, ce qui vous permet de vaper en continu sans avoir \u00e0 le remplacer fr\u00e9quemment. Les <strong>18ml e-liquide<\/strong> maximise l'utilisation et r\u00e9duit les d\u00e9chets.<\/p>\n<p><strong>Syst\u00e8me de chauffage avanc\u00e9 :<\/strong> Con\u00e7ue avec un <strong>bobine \u00e0 double maille<\/strong> configuration (<strong>0,8ohm+0,8ohm<\/strong>), l'appareil fournit une vapeur douce et dense et intensifie les ar\u00f4mes \u00e0 chaque bouff\u00e9e. Associ\u00e9 \u00e0 <strong>R\u00e9glage de la puissance de l'IA<\/strong>Cette technologie s'adapte \u00e0 vos habitudes de vapotage pour une performance optimale.<\/p>\n<p><strong>Options de nicotine flexibles :<\/strong> Personnalisez votre vapotage gr\u00e2ce \u00e0 des <strong>nicotine<\/strong> choix - choisir parmi <strong>0%, 2%, 3% et 5%<\/strong>. Que vous pr\u00e9f\u00e9riez une exp\u00e9rience l\u00e9g\u00e8re sans nicotine ou un coup de fouet plus fort, le <strong>ElfBox Pulse-x<\/strong> r\u00e9pond \u00e0 toutes les pr\u00e9f\u00e9rences.<\/p>\n<p><strong>Caract\u00e9ristiques intelligentes et \u00e9cologiques :<\/strong> \u00c9quip\u00e9 d'un <strong>\u00c9cran incurv\u00e9 3D<\/strong> et <strong>VPU Inside<\/strong> le panneau affiche les informations essentielles, tandis que l'\u00e9cran de contr\u00f4le affiche les informations essentielles, tandis que l'\u00e9cran de contr\u00f4le affiche les informations essentielles. <strong>rechargeable<\/strong> La batterie de 750mAh garantit la durabilit\u00e9 via la charge Type-C. <strong>Puissance d'impulsion<\/strong> et <strong>Super Boost<\/strong> permettent de personnaliser le vapotage, en augmentant le volume de vapeur \u00e0 la demande.<\/p>\n<h3>Une gamme vari\u00e9e de saveurs \u00e0 savourer<\/h3>\n<p>Laissez-vous tenter par notre vaste collection d'e-juices, soigneusement \u00e9labor\u00e9s pour ravir vos papilles. Chaque e-juice <strong>ElfBox Pulse-x<\/strong> offre un go\u00fbt riche et constant, compl\u00e9t\u00e9 par des nuances glac\u00e9es ou une fra\u00eecheur fruit\u00e9e :<\/p>\n<p><strong>Glace \u00e0 la fraise<\/strong><br \/><strong>Glace luxuriante<\/strong><br \/><strong>Past\u00e8que \u00e0 la fraise<\/strong><br \/><strong>Soda \u00e0 la cerise<\/strong><br \/><strong>Fraise et banane<\/strong><br \/><strong>Glace Blue Razz<\/strong><br \/><strong>Kiwi Fruit de la passion<\/strong><br \/><strong>Glace de raisin<\/strong><br \/><strong>Red Bull<\/strong><br \/><strong>Glace \u00e0 la p\u00eache<\/strong><\/p>\n<p>Avec <strong>10 saveurs distinctes<\/strong>Vous pouvez alterner entre des boissons rafra\u00eechissantes et des m\u00e9langes de fruits exotiques pour une aventure personnalis\u00e9e.<\/p>\n<h3>Sp\u00e9cifications d\u00e9taill\u00e9es du produit<\/h3>\n<p>Les <strong>ElfBox Pulse-x 25000<\/strong> donne la priorit\u00e9 \u00e0 la qualit\u00e9 de construction et \u00e0 l'excellence technologique. D\u00e9couvrez pourquoi ses sp\u00e9cifications sont les meilleures de l'industrie :<\/p>\n<p><strong>Capacit\u00e9 de bouff\u00e9e<\/strong>: Mode normal (25 000 bouff\u00e9es), mode puls\u00e9 (15 000 bouff\u00e9es)<br \/><strong>Configuration de la bobine<\/strong>: <strong>Bobine \u00e0 double maille<\/strong>Configuration 0,8ohm+0,8ohm<br \/><strong>Volume d'e-liquide<\/strong>: Capacit\u00e9 g\u00e9n\u00e9reuse de 18 ml<br \/><strong>Points forts de la nicotine<\/strong>: Options \u00e0 <strong>0%, 2%, 3%, 5%<\/strong><br \/><strong>Batterie<\/strong>: Puissant 750mAh <strong>rechargeable<\/strong> batterie (\u00e9quivalent estim\u00e9 \u00e0 13500mAh), interface de charge de type C<br \/><strong>Affichage<\/strong>: Innovant <strong>\u00c9cran incurv\u00e9 3D<\/strong> pour un suivi en temps r\u00e9el<br \/><strong>Caract\u00e9ristiques techniques<\/strong>: Comprend <strong>R\u00e9glage de la puissance de l'IA<\/strong>, <strong>Puissance d'impulsion<\/strong>, <strong>Super Boost<\/strong>et VPU Inside pour un meilleur contr\u00f4le<br \/><strong>Dimensions et poids<\/strong>: Taille compacte de 91,5*56,5*28,5mm et poids l\u00e9ger de 100g par unit\u00e9.<br \/><strong>D\u00e9tails de l'emballage<\/strong>: Dispositifs individuels inclus dans des bo\u00eetes principales (5pcs par bo\u00eete) ; quantit\u00e9s de carton \u00e0 100pcs par carton, avec des dimensions de carton 375*370*226mm, poids brut 12.55kg<\/p>\n<h3>Id\u00e9al pour les vapoteurs et les acheteurs en gros<\/h3>\n<p>Avec son <strong>nombre \u00e9lev\u00e9 de bouff\u00e9es<\/strong> et <strong>rechargeable<\/strong> la fonctionnalit\u00e9 <strong>ElfBox Pulse-x<\/strong> minimise les co\u00fbts de remplacement et l'impact sur l'environnement, ce qui le rend id\u00e9al pour un usage personnel ou pour des commandes en masse. Ses <strong>bobine \u00e0 double maille<\/strong> assure une diffusion homog\u00e8ne des ar\u00f4mes, tandis que le <strong>flexibilit\u00e9 de la nicotine<\/strong> r\u00e9pond aux diverses exigences des utilisateurs. Investissez d\u00e8s aujourd'hui dans ce stylo \u00e0 vape haut de gamme - que ce soit pour votre plaisir personnel ou pour la vente au d\u00e9tail, il promet une satisfaction sup\u00e9rieure, soutenue par une technologie de pointe.<\/p>","protected":false},"excerpt":{"rendered":"<p>Obtenir le <strong>ElfBox Pulse-x 25000<\/strong> stylo \u00e0 vape rechargeable et jetable, d\u00e9livrant jusqu'\u00e0 <strong>25 000 bouff\u00e9es<\/strong> par appareil avec <strong>bobine \u00e0 double maille<\/strong> technologie. Disponible en <strong>0%\/2%\/3%\/5% nicotine<\/strong> des forces et des saveurs diverses.<\/p>","protected":false},"featured_media":1354,"comment_status":"open","ping_status":"closed","template":"","meta":[],"product_brand":[206],"product_cat":[207],"product_tag":[245,246,112,244,243,115],"class_list":{"0":"post-1360","1":"product","2":"type-product","3":"status-publish","4":"has-post-thumbnail","6":"product_brand-elfbox","7":"product_cat-elfbox-vape","8":"product_tag-25k-puffs","9":"product_tag-adjustable-nicotine","10":"product_tag-disposable-vape","11":"product_tag-dual-mesh-coil","12":"product_tag-elfbox-pulse-x-25000","13":"product_tag-rechargeable-vape","15":"first","16":"instock","17":"sale","18":"shipping-taxable","19":"purchasable","20":"product-type-variable"},"jetpack_sharing_enabled":true,"tiered_pricing_type":"fixed","tiered_pricing_fixed_rules":[],"tiered_pricing_product_settings":{"layout":"default","base_unit_name":{"singular":null,"plural":null},"default_variation":null},"tiered_pricing_minimum_quantity":null,"tiered_pricing_roles_data":[],"tiered_pricing_percentage_rules":[],"tiered_pricing_maximum_quantity":null,"tiered_pricing_quantity_step":null,"_links":{"self":[{"href":"https:\/\/frvape.com\/fr\/wp-json\/wp\/v2\/product\/1360","targetHints":{"allow":["GET"]}}],"collection":[{"href":"https:\/\/frvape.com\/fr\/wp-json\/wp\/v2\/product"}],"about":[{"href":"https:\/\/frvape.com\/fr\/wp-json\/wp\/v2\/types\/product"}],"replies":[{"embeddable":true,"href":"https:\/\/frvape.com\/fr\/wp-json\/wp\/v2\/comments?post=1360"}],"wp:featuredmedia":[{"embeddable":true,"href":"https:\/\/frvape.com\/fr\/wp-json\/wp\/v2\/media\/1354"}],"wp:attachment":[{"href":"https:\/\/frvape.com\/fr\/wp-json\/wp\/v2\/media?parent=1360"}],"wp:term":[{"taxonomy":"product_brand","embeddable":true,"href":"https:\/\/frvape.com\/fr\/wp-json\/wp\/v2\/product_brand?post=1360"},{"taxonomy":"product_cat","embeddable":true,"href":"https:\/\/frvape.com\/fr\/wp-json\/wp\/v2\/product_cat?post=1360"},{"taxonomy":"product_tag","embeddable":true,"href":"https:\/\/frvape.com\/fr\/wp-json\/wp\/v2\/product_tag?post=1360"}],"curies":[{"name":"wp","href":"https:\/\/api.w.org\/{rel}","templated":true}]}}