{"id":13730,"date":"2025-11-02T13:05:15","date_gmt":"2025-11-02T13:05:15","guid":{"rendered":"https:\/\/frvape.com\/product\/bang-box-15000-disposable-vape-25ml-15k-puffs-mesh-coil-device\/"},"modified":"2025-11-02T13:05:35","modified_gmt":"2025-11-02T13:05:35","slug":"bang-box-15000-disposable-vape-25ml-15k-puffs-mesh-coil-device","status":"publish","type":"product","link":"https:\/\/frvape.com\/fr\/produit\/bang-box-15000-disposable-vape-25ml-15k-puffs-mesh-coil-device\/","title":{"rendered":"Bang Box 15000 Vape jetable 25ml 15K Puffs Mesh Coil Device"},"content":{"rendered":"<h3>Solution de vapotage haute performance<\/h3>\n<p>Les <strong>Bang Box 15000<\/strong> Le vaporisateur jetable Puffs allie une long\u00e9vit\u00e9 exceptionnelle \u00e0 une technologie de pointe. Con\u00e7ue pour les distributeurs et les utilisateurs exigeants, sa <strong>Batterie 13450 pur cobalt 650mAh<\/strong> avec <strong>Taux de d\u00e9charge de 5A<\/strong> garantit des performances in\u00e9branlables tout au long de sa dur\u00e9e de vie.<\/p>\n<h3>Sp\u00e9cifications technologiques avanc\u00e9es<\/h3>\n<p>1. Batterie : <strong>13450 - 650mAh<\/strong>cobalt pur, d\u00e9charge 5A<br \/>2. Serpentin de chauffage : <strong>Bobine \u00e0 mailles de 0,8\u03a9<\/strong>, c\u0153ur unique, chauffage unique<br \/>3. Capacit\u00e9 en e-liquide : <strong>25ml<\/strong><br \/>4. Poids net : <strong>78g<\/strong> par appareil | Taille : <strong>118 \u00d7 60 \u00d7 21mm<\/strong><br \/>5. Contenu de la bo\u00eete : <strong>10 pi\u00e8ces\/bo\u00eete<\/strong> (800g)<br \/>6. Carton : <strong>200 pi\u00e8ces<\/strong> (16.7kg) | Taille : <strong>64,5 \u00d7 24 \u00d7 26cm<\/strong><\/p>\n<h3>Une exp\u00e9rience gustative riche<\/h3>\n<p>Profitez de nuages toujours doux et d'un go\u00fbt intense gr\u00e2ce \u00e0 notre gamme d'ar\u00f4mes haut de gamme :<br \/>Fraise raisin, glace triple baie, glace p\u00eache, fraise kiwi<br \/>Mangue p\u00eache past\u00e8que, Fraise mangue, Glace dragon noir<br \/>Glace past\u00e8que, fraise past\u00e8que framboise, glace Blue razz, Mr blue<\/p>\n<h3>Con\u00e7u pour la commodit\u00e9<\/h3>\n<p>Les <strong>bobine de maille \u00e0 noyau unique<\/strong> produit une densit\u00e9 de vapeur et une pr\u00e9cision des ar\u00f4mes in\u00e9gal\u00e9es, tandis que la g\u00e9n\u00e9reuse <strong>Capacit\u00e9 de 25 ml<\/strong> \u00e9limine les remplacements fr\u00e9quents. \u00c0 seulement <strong>78g<\/strong> avec des dimensions ultra-portables, cet appareil offre <strong>15 000 bouff\u00e9es<\/strong> de satisfaction ininterrompue. Optimis\u00e9 pour la vente en gros gr\u00e2ce \u00e0 un emballage protecteur et \u00e0 des cartons de grande taille.<\/p>","protected":false},"excerpt":{"rendered":"<p><strong>Bang Box 15000<\/strong> livraisons de vape jetables <strong>15 000 bouff\u00e9es<\/strong> avec des <strong>Bobine \u00e0 mailles de 0,8\u03a9<\/strong> technologie.<br \/>Caract\u00e9ristiques <strong>Batterie cobalt 650mAh<\/strong> &amp; <strong>Capacit\u00e9 de 25 ml d'e-liquide<\/strong> dans un design compact.<br \/>Disponible dans les taux de nicotine 0%\/2%\/3%\/5%.<\/p>","protected":false},"featured_media":13726,"comment_status":"open","ping_status":"closed","template":"","meta":[],"product_brand":[108],"product_cat":[995],"product_tag":[255,508,1009,112,77],"class_list":{"0":"post-13730","1":"product","2":"type-product","3":"status-publish","4":"has-post-thumbnail","6":"product_brand-bangbox","7":"product_cat-bangbox","8":"product_tag-15000-puffs-vape","9":"product_tag-25ml-e-liquid","10":"product_tag-bang-box-15000","11":"product_tag-disposable-vape","12":"product_tag-mesh-coil-vape","14":"first","15":"instock","16":"sale","17":"shipping-taxable","18":"purchasable","19":"product-type-variable"},"jetpack_sharing_enabled":true,"tiered_pricing_type":"fixed","tiered_pricing_fixed_rules":[],"tiered_pricing_product_settings":{"layout":"default","base_unit_name":{"singular":null,"plural":null},"default_variation":null},"tiered_pricing_minimum_quantity":null,"tiered_pricing_roles_data":[],"tiered_pricing_percentage_rules":[],"tiered_pricing_maximum_quantity":null,"tiered_pricing_quantity_step":null,"_links":{"self":[{"href":"https:\/\/frvape.com\/fr\/wp-json\/wp\/v2\/product\/13730","targetHints":{"allow":["GET"]}}],"collection":[{"href":"https:\/\/frvape.com\/fr\/wp-json\/wp\/v2\/product"}],"about":[{"href":"https:\/\/frvape.com\/fr\/wp-json\/wp\/v2\/types\/product"}],"replies":[{"embeddable":true,"href":"https:\/\/frvape.com\/fr\/wp-json\/wp\/v2\/comments?post=13730"}],"wp:featuredmedia":[{"embeddable":true,"href":"https:\/\/frvape.com\/fr\/wp-json\/wp\/v2\/media\/13726"}],"wp:attachment":[{"href":"https:\/\/frvape.com\/fr\/wp-json\/wp\/v2\/media?parent=13730"}],"wp:term":[{"taxonomy":"product_brand","embeddable":true,"href":"https:\/\/frvape.com\/fr\/wp-json\/wp\/v2\/product_brand?post=13730"},{"taxonomy":"product_cat","embeddable":true,"href":"https:\/\/frvape.com\/fr\/wp-json\/wp\/v2\/product_cat?post=13730"},{"taxonomy":"product_tag","embeddable":true,"href":"https:\/\/frvape.com\/fr\/wp-json\/wp\/v2\/product_tag?post=13730"}],"curies":[{"name":"wp","href":"https:\/\/api.w.org\/{rel}","templated":true}]}}