{"id":1411,"date":"2025-10-12T01:15:08","date_gmt":"2025-10-12T01:15:08","guid":{"rendered":"https:\/\/frvape.com\/product\/mrvi-arting-18000-disposable-vape-with-dual-mesh-coil-and-4-heating-modes\/"},"modified":"2026-02-06T03:27:03","modified_gmt":"2026-02-06T03:27:03","slug":"mrvi-arting-18000-vape-jetable-avec-dual-mesh-coil-et-4-modes-de-chauffe","status":"publish","type":"product","link":"https:\/\/frvape.com\/fr\/produit\/mrvi-arting-18000-vape-jetable-avec-dual-mesh-coil-et-4-modes-de-chauffe\/","title":{"rendered":"Mrvi Arting 18000 Vape jetable avec Dual Mesh Coil et 4 modes de chauffe"},"content":{"rendered":"<h3>R\u00e9volutionnez votre exp\u00e9rience de vapotage avec Mrvi Arting 18000<\/h3>\n<p>Pr\u00e9sentation de la technologie de pointe <strong>Mrvi Arting 18000<\/strong>La vapoteuse de qualit\u00e9 sup\u00e9rieure, con\u00e7ue pour une commodit\u00e9 et une satisfaction ultimes, est un produit de pointe. Cet appareil \u00e0 la pointe de la technologie combine <strong>technologie de pointe<\/strong> avec un design sophistiqu\u00e9, s'adressant aussi bien aux fumeurs d\u00e9butants qu'aux amateurs chevronn\u00e9s. Ses <strong>grande capacit\u00e9 de 26mL de liquide<\/strong> garantit une utilisation prolong\u00e9e sans remplacements fr\u00e9quents, tandis que la taille ultra-l\u00e9g\u00e8re du <strong>43*23,7*99mm<\/strong> le rend parfaitement portable pour un usage quotidien. Aliment\u00e9 par un robuste <strong>Batterie de 600mAh<\/strong> et \u00e9quip\u00e9 d'un <strong>affichage plein \u00e9cran<\/strong>Il guide visuellement votre parcours de vapoteur avec clart\u00e9. De plus, le <strong>dispositif de verrouillage des enfants<\/strong> s'active par une simple pression de 5 secondes sur le bouton du bas, ce qui renforce la s\u00e9curit\u00e9.<br \/>Chaque bo\u00eete contient une seule vape, emball\u00e9e efficacement dans des bo\u00eetes pr\u00e9sentoirs de 10 pi\u00e8ces par bo\u00eete pr\u00e9sentoir, avec une option de carton en vrac de 200 pi\u00e8ces. Faites l'exp\u00e9rience de la r\u00e9volution d\u00e8s aujourd'hui !<\/p>\n<h3>Performance et innovation in\u00e9gal\u00e9es<\/h3>\n<p>Con\u00e7ue pour l'excellence, la <strong>Mrvi Arting 18000<\/strong> comprend un <strong>bobine \u00e0 double maille<\/strong> syst\u00e8me avec <strong>1,0\u03a9 + 1,0\u03a9 r\u00e9sistance<\/strong>La production de vapeur est donc constante et la qualit\u00e9 de l'air est in\u00e9gal\u00e9e. <strong>intensit\u00e9 de la saveur<\/strong>. Contrairement aux vapes classiques, son <strong>quatre modes de chauffage<\/strong> s'adapter \u00e0 vos pr\u00e9f\u00e9rences sans effort : changez de mode en appuyant une fois sur le bouton du bas, en passant par les r\u00e9glages ECO, PLUS, PRO et MAX. Les modes ECO et PLUS utilisent un seul mesh coil pour une meilleure combustion. <strong>profil gustatif plus doux<\/strong>Id\u00e9al pour les d\u00e9butants \u00e0 la recherche de transitions plus douces.<br \/>Les modes PRO et MAX activent le serpentin \u00e0 double maille. Le mode PRO permet de chauffer \u00e0 faible puissance \u00e0 une temp\u00e9rature d'environ 1,5\u00b0C. <strong>10W de sortie<\/strong> pour des saveurs douces et subtiles, tandis que MAX d\u00e9livre une puissance \u00e9lev\u00e9e \u00e0 environ 1,5 million d'euros. <strong>20W de sortie<\/strong>Le produit ainsi obtenu est d'une saveur intense. <strong>coup de gorge<\/strong> bien-aim\u00e9e par les fumeurs chevronn\u00e9s. Cette polyvalence dynamique rehausse chaque bouff\u00e9e, ce qui change la donne sur le march\u00e9 de la vape jetable.<\/p>\n<h3>Des vari\u00e9t\u00e9s de saveurs qui ravissent les papilles<\/h3>\n<p>Plongez dans un monde de sensations fortes gr\u00e2ce \u00e0 nos divers programmes de formation. <strong>ar\u00f4mes de vapeur \u00e9lectronique<\/strong>Le site propose des e-liquides de qualit\u00e9 sup\u00e9rieure \u00e0 base de <strong>2% ou 5% taux de nicotine<\/strong> pour satisfaire vos envies. Chaque saveur est m\u00e9ticuleusement \u00e9labor\u00e9e pour offrir un go\u00fbt authentique, <strong>sensations gustatives durables<\/strong>Les produits de cette cat\u00e9gorie sont des boissons rafra\u00eechissantes, glac\u00e9es ou fruit\u00e9es.<br \/>Explorez tout l'\u00e9ventail des choix possibles :<br \/><strong>Ananas Fraise Banane<\/strong> - Un m\u00e9lange fusion tropical<br \/><strong>Glace de Fuji<\/strong> - Sensation de pomme fra\u00eeche avec une finale glac\u00e9e<br \/><strong>Glace \u00e0 la past\u00e8que<\/strong> - Past\u00e8que juteuse avec un froid glacial<br \/><strong>P\u00eache Mangue<\/strong> - Association de sucreries exotiques<br \/><strong>Glace Blue Razz<\/strong> - Explosion de baies avec effet de glace vive<br \/><strong>Past\u00e8que \u00e0 la cerise<\/strong> - Cerise sucr\u00e9e m\u00e9lang\u00e9e \u00e0 un melon rafra\u00eechissant<br \/><strong>Glace \u00e0 la fraise et au kiwi<\/strong> - Piquant de baies vertes et coup de fouet glac\u00e9<br \/><strong>Glace de raisin<\/strong> - Essence de raisin riche avec une note fra\u00eeche<br \/><strong>Citron vert<\/strong> - \u00c9clat d'agrumes piquant<br \/><strong>M\u00fbre Canneberge<\/strong> - Une acidit\u00e9 audacieuse avec une profondeur de baies<\/p>\n<h3>Sp\u00e9cifications compl\u00e8tes et confort d'utilisation<\/h3>\n<p><strong>Mrvi Arting 18000<\/strong> est dot\u00e9 de sp\u00e9cifications de haut niveau con\u00e7ues pour <strong>vaping en toute s\u00e9r\u00e9nit\u00e9<\/strong>: 18000 bouff\u00e9es fiables, un \u00e9norme <strong>Capacit\u00e9 de 26 ml de liquide<\/strong>et <strong>Chargement de type C<\/strong> pour une compatibilit\u00e9 rapide et universelle. La robustesse de la batterie <strong>Capacit\u00e9 de 600mAh<\/strong> dure pendant des sessions prolong\u00e9es, tandis que le syst\u00e8me dual-mesh <strong>1.0\u03a9 r\u00e9sistance<\/strong> maintient l'int\u00e9grit\u00e9 de la saveur.<br \/>Cet appareil donne la priorit\u00e9 \u00e0 la facilit\u00e9 d'utilisation gr\u00e2ce \u00e0 la <strong>verrouillage de s\u00e9curit\u00e9 pour les enfants<\/strong>Le syst\u00e8me de contr\u00f4le de l'acc\u00e8s \u00e0 l'Internet, qui emp\u00eache toute activation accidentelle, et le syst\u00e8me intuitif de contr\u00f4le de l'acc\u00e8s \u00e0 l'Internet, qui permet de contr\u00f4ler l'acc\u00e8s \u00e0 l'Internet. <strong>syst\u00e8me de chauffage \u00e0 quatre interrupteurs<\/strong> qui permet de personnaliser la chaleur instantan\u00e9ment. Id\u00e9al pour les nouveaux utilisateurs comme pour les professionnels, il est pr\u00eat \u00e0 l'emploi et ne n\u00e9cessite aucune recharge en raison de sa nature jetable.<\/p>\n<h3>Assurance de l'emballage et de la durabilit\u00e9<\/h3>\n<p>Chaque <strong>Mrvi Arting 18000<\/strong> Le produit est emball\u00e9 individuellement pour garantir la fra\u00eecheur et l'hygi\u00e8ne, dans des bo\u00eetes de pr\u00e9sentation de 10 unit\u00e9s, ou dans des cartons de 200 pi\u00e8ces pour la distribution de masse. Con\u00e7ue pour r\u00e9sister aux exigences quotidiennes, sa structure compacte mais r\u00e9sistante vous permet de profiter pleinement des avantages de l'emballage. <strong>18000 bouff\u00e9es<\/strong> dur\u00e9e de vie sans inqui\u00e9tude.<\/p>\n<h3>Pourquoi Mrvi Arting 18000 est-il le choix id\u00e9al ?<\/h3>\n<p>Choisir <strong>Mrvi Arting 18000<\/strong> pour une aventure de vapotage in\u00e9gal\u00e9e et riche en innovations. Que vous soyez un d\u00e9butant attir\u00e9 par des produits de vapotage faciles \u00e0 utiliser, vous trouverez ici des informations sur les produits de vapotage. <strong>Modes ECO et PLUS<\/strong> ou un expert souhaitant une exp\u00e9rience intense <strong>PRO et MAX<\/strong> Cette vape offre une satisfaction constante et personnalisable. Tous les ar\u00f4mes sont fabriqu\u00e9s avec les meilleurs ingr\u00e9dients et \u00e9quilibr\u00e9s. <strong>taux de nicotine<\/strong>La qualit\u00e9 et la s\u00e9curit\u00e9 sont garanties. Profitez d'une performance de premier ordre \u00e0 chaque tirage.<\/p>","protected":false},"excerpt":{"rendered":"<p>D\u00e9couvrez le peloton de t\u00eate <strong>Mrvi Arting 18000<\/strong> jetable, d\u00e9livrant une incroyable <strong>18000 bouff\u00e9es<\/strong> avec un <strong>26mL e-liquide<\/strong> sous une forme compacte.<br \/>Avec <strong>bobine \u00e0 double maille<\/strong> technologie, <strong>quatre modes de chauffage<\/strong> pour les exp\u00e9riences personnalis\u00e9es, la s\u00e9curit\u00e9 enfant et le syst\u00e8me d'alerte rapide. <strong>Chargement de type C<\/strong> le soutien.<\/p>","protected":false},"featured_media":1405,"comment_status":"open","ping_status":"closed","template":"","meta":[],"product_brand":[174],"product_cat":[175],"product_tag":[248,112,244,247,190,249],"class_list":{"0":"post-1411","1":"product","2":"type-product","3":"status-publish","4":"has-post-thumbnail","6":"product_brand-mrvi","7":"product_cat-mrvi-vape","8":"product_tag-18000-puff","9":"product_tag-disposable-vape","10":"product_tag-dual-mesh-coil","11":"product_tag-mrvi-arting-18000","12":"product_tag-type-c-charging","13":"product_tag-vaping-flavors","15":"first","16":"outofstock","17":"sale","18":"shipping-taxable","19":"purchasable","20":"product-type-variable"},"jetpack_sharing_enabled":true,"tiered_pricing_type":"fixed","tiered_pricing_fixed_rules":[],"tiered_pricing_product_settings":{"layout":"default","base_unit_name":{"singular":null,"plural":null},"default_variation":null},"tiered_pricing_minimum_quantity":null,"tiered_pricing_roles_data":[],"tiered_pricing_percentage_rules":[],"tiered_pricing_maximum_quantity":null,"tiered_pricing_quantity_step":null,"_links":{"self":[{"href":"https:\/\/frvape.com\/fr\/wp-json\/wp\/v2\/product\/1411","targetHints":{"allow":["GET"]}}],"collection":[{"href":"https:\/\/frvape.com\/fr\/wp-json\/wp\/v2\/product"}],"about":[{"href":"https:\/\/frvape.com\/fr\/wp-json\/wp\/v2\/types\/product"}],"replies":[{"embeddable":true,"href":"https:\/\/frvape.com\/fr\/wp-json\/wp\/v2\/comments?post=1411"}],"wp:featuredmedia":[{"embeddable":true,"href":"https:\/\/frvape.com\/fr\/wp-json\/wp\/v2\/media\/1405"}],"wp:attachment":[{"href":"https:\/\/frvape.com\/fr\/wp-json\/wp\/v2\/media?parent=1411"}],"wp:term":[{"taxonomy":"product_brand","embeddable":true,"href":"https:\/\/frvape.com\/fr\/wp-json\/wp\/v2\/product_brand?post=1411"},{"taxonomy":"product_cat","embeddable":true,"href":"https:\/\/frvape.com\/fr\/wp-json\/wp\/v2\/product_cat?post=1411"},{"taxonomy":"product_tag","embeddable":true,"href":"https:\/\/frvape.com\/fr\/wp-json\/wp\/v2\/product_tag?post=1411"}],"curies":[{"name":"wp","href":"https:\/\/api.w.org\/{rel}","templated":true}]}}