{"id":1641,"date":"2025-10-12T02:08:58","date_gmt":"2025-10-12T02:08:58","guid":{"rendered":"https:\/\/frvape.com\/product\/doloda-mini-bar-800-puffs-rechargeable-disposable-vape\/"},"modified":"2025-10-12T02:09:04","modified_gmt":"2025-10-12T02:09:04","slug":"doloda-mini-bar-800-puffs-rechargeable-jetable-vape","status":"publish","type":"product","link":"https:\/\/frvape.com\/fr\/produit\/doloda-mini-bar-800-puffs-rechargeable-jetable-vape\/","title":{"rendered":"Doloda Mini Bar 800 Puffs Vape jetable rechargeable"},"content":{"rendered":"<h3>Introduction \u00e0 Doloda Mini Bar 800<\/h3>\n<p>Voici le DOLODA Mini Bar 800 Puffs Disposable Vape, une solution de vapotage compacte et efficace con\u00e7ue pour les personnes qui recherchent la commodit\u00e9 et la haute performance dans leurs routines quotidiennes. Cet appareil a une capacit\u00e9 impressionnante de 800 bouff\u00e9es, ce qui permet de prolonger les sessions de vapotage sans avoir besoin de recharges constantes. Id\u00e9al pour les modes de vie occup\u00e9s, il combine <strong>une production de vapeur sup\u00e9rieure<\/strong> avec <strong>une grande autonomie de la batterie<\/strong> pour offrir une exp\u00e9rience douce et savoureuse. Fabriqu\u00e9 \u00e0 partir de mat\u00e9riaux de premi\u00e8re qualit\u00e9, l'appareil est l\u00e9ger pour la portabilit\u00e9 tout en \u00e9tant durable pour une utilisation fiable. Son design moderne et \u00e9l\u00e9gant tient confortablement dans la main ou dans la poche, ce qui en fait un compagnon id\u00e9al pour les voyages, le travail ou les loisirs. L'appareil <strong>fonction rechargeable<\/strong> ajoute une touche \u00e9cologique, en r\u00e9duisant les d\u00e9chets par rapport aux alternatives non rechargeables.<\/p>\n<h3>Sp\u00e9cifications des produits<\/h3>\n<p>D\u00e9couvrez l'ing\u00e9nierie pr\u00e9cise du DOLODA Mini Bar 800 pour comprendre pourquoi il se distingue sur le march\u00e9 de la vape jetable.<br \/>Puffs : <strong>800 bouff\u00e9es<\/strong><br \/>R\u00e9sistance de base : <strong>1,6ohm<\/strong><br \/>Capacit\u00e9 d'e-liquide : <strong>2.5ml<\/strong><br \/>Options d'intensit\u00e9 de la nicotine : <strong>2%<\/strong> et <strong>5%<\/strong> (\u00e9galement disponible en 0%)<br \/>Batterie : <strong>801640-480mah<\/strong> rechargeable<br \/>Poids du produit : <strong>35,5 g par pi\u00e8ce<\/strong><br \/>Taille du produit : <strong>121,5*24,5*24,5 mm<\/strong><br \/>Dimensions du carton : <strong>546*265*270 mm<\/strong><br \/>Quantit\u00e9 par bo\u00eete : <strong>10pcs\/bo\u00eete<\/strong><br \/>Quantit\u00e9 par carton : <strong>400pcs\/ctn<\/strong><br \/>Poids brut : <strong>15.5KG<\/strong><br \/>Ces sp\u00e9cifications mettent en \u00e9vidence les caract\u00e9ristiques suivantes de l'appareil <strong>une technologie de bobine efficace<\/strong> et <strong>utilisation optimis\u00e9e de l'e-juice<\/strong>La mise en place d'un syst\u00e8me de contr\u00f4le de la qualit\u00e9 permet de s'assurer que chaque bouff\u00e9e est coh\u00e9rente et riche.<\/p>\n<h3>Vari\u00e9t\u00e9 d'ar\u00f4mes<\/h3>\n<p>Choisissez parmi une large s\u00e9lection de <strong>10 saveurs exquises<\/strong> en fonction de vos pr\u00e9f\u00e9rences personnelles.<br \/>Saveurs : <strong>Glace Blue Razz<\/strong>, <strong>Yogourt \u00e0 la fraise<\/strong>, <strong>Pina Colada<\/strong>, <strong>Alo\u00e8s raisin<\/strong>, <strong>Glace luxuriante<\/strong>, <strong>Glace \u00e0 la menthe<\/strong>, <strong>Glace \u00e0 la p\u00eache<\/strong>, <strong>Pomme acide<\/strong>, <strong>Banane glac\u00e9e<\/strong>, <strong>Glace \u00e0 la mangue et au melon<\/strong><br \/>Chaque saveur est \u00e9labor\u00e9e avec <strong>ingr\u00e9dients de qualit\u00e9 sup\u00e9rieure<\/strong> pour \u00e9voquer des sensations rafra\u00eechissantes - par exemple, <strong>Glace \u00e0 la menthe<\/strong> allie fra\u00eecheur et notes apaisantes, tandis que <strong>Alo\u00e8s raisin<\/strong> offre une \u00e9vasion juteuse et tropicale. Cette vaste gamme de produits permet \u00e0 tous les utilisateurs de trouver la solution id\u00e9ale \u00e0 leur probl\u00e8me de sant\u00e9. <strong>un voyage de vapotage agr\u00e9able<\/strong>.<\/p>\n<h3>Performances et caract\u00e9ristiques<\/h3>\n<p>Aliment\u00e9 par un <strong>batterie fiable de 500mAh<\/strong> et d'une <strong>R\u00e9sistance de la bobine de 1,6 ohm<\/strong>Le Mini Bar DOLODA garantit <strong>production r\u00e9guli\u00e8re de vapeur<\/strong> et <strong>livraison de saveurs intenses<\/strong>. Contrairement \u00e0 ses concurrents, sa technologie mesh coil optimise l'\u00e9vaporation de l'e-liquide pour des inhalations plus douces et des nuages plus volumineux. L'e-liquide <strong>Capacit\u00e9 g\u00e9n\u00e9reuse de 2,5 ml<\/strong> Les taux de nicotine allant de 0% \u00e0 5% s'adressent \u00e0 la fois aux utilisateurs occasionnels et aux utilisateurs occasionnels. <strong>Vapoteurs d\u00e9di\u00e9s<\/strong>. Une conception innovante du flux d'air am\u00e9liore la satisfaction du tirage, rendant chaque bouff\u00e9e agr\u00e9able et sans effort. L'appareil est rechargeable via l'USB-C standard, ce qui permet d'ajouter des <strong>rentabilit\u00e9<\/strong> car elle permet de prolonger la dur\u00e9e d'utilisation sans avoir \u00e0 remplacer les piles pr\u00e9matur\u00e9ment.<\/p>\n<h3>Personnalisation et disponibilit\u00e9<\/h3>\n<p>Le DOLODA Mini Bar 800 excelle dans la personnalisation gr\u00e2ce \u00e0 son <strong>Compatibilit\u00e9 avec les projets OEM<\/strong>Les entreprises peuvent ainsi personnaliser leurs appareils avec des logos ou des marques personnalis\u00e9es pour un montant de 1,5 million d'euros. <strong>une identit\u00e9 unique pour le vapotage<\/strong>. Les acheteurs en gros b\u00e9n\u00e9ficient d'un emballage simplifi\u00e9 : les appareils sont livr\u00e9s par bo\u00eetes de 10, chaque carton contenant 400 appareils, ce qui simplifie le processus d'achat. <strong>distribution au d\u00e9tail<\/strong>. Il s'agit donc d'une excellente option pour les magasins, les grossistes ou les \u00e9v\u00e9nements \u00e0 la recherche de solutions de marque. Dans l'ensemble, l'appareil fusionne <strong>performance<\/strong> et <strong>commodit\u00e9<\/strong>et offre une exp\u00e9rience sans tracas.<\/p>\n<h3>Pourquoi choisir Doloda Mini Bar 800 ?<\/h3>\n<p>Leader dans le domaine du vaping jetable, le DOLODA Mini Bar combine <strong>nombre de bouff\u00e9es durable<\/strong> et <strong>polyvalence des saveurs<\/strong> en une seule unit\u00e9 \u00e9l\u00e9gante. Il prend en charge un <strong>m\u00e9canisme rechargeable<\/strong> pour promouvoir la durabilit\u00e9, tandis que la <strong>large gamme de nicotine<\/strong> assure une flexibilit\u00e9 pour toutes les pr\u00e9f\u00e9rences de l'utilisateur. Avec sa batterie et son syst\u00e8me de bobines robustes, il promet une fiabilit\u00e9 in\u00e9gal\u00e9e et un plaisir \u00e0 chaque utilisation. Que vous soyez un nouveau venu ou un passionn\u00e9 de vapotage, ce produit est une r\u00e9f\u00e9rence en mati\u00e8re de vapotage. <strong>solution ultime<\/strong> pour les besoins quotidiens, soutenu par une accessibilit\u00e9 mondiale et des opportunit\u00e9s OEM. Adoptez cet appareil innovant pour red\u00e9finir votre exp\u00e9rience du vapotage d\u00e8s aujourd'hui !<\/p>","protected":false},"excerpt":{"rendered":"<p>D\u00e9couvrez les <strong>DOLODA Mini Bar 800 Puffs<\/strong> vape jetable avec un <strong>800 bouff\u00e9es de longue dur\u00e9e<\/strong> compter et <strong>conception rechargeable<\/strong>.<br \/>Il est dot\u00e9 d'une impressionnante <strong>Capacit\u00e9 de 2,5 ml d'e-liquide<\/strong> et les options de nicotine de <strong>0% \u00e0 5%<\/strong> pour une exp\u00e9rience satisfaisante.<br \/>Profitez d'une gamme vari\u00e9e de <strong>10 saveurs d\u00e9licieuses<\/strong> comme la glace \u00e0 la menthe et la glace \u00e0 la banane.<\/p>","protected":false},"featured_media":1635,"comment_status":"open","ping_status":"closed","template":"","meta":[],"product_brand":[224],"product_cat":[225],"product_tag":[274,184,273,272,75,275],"class_list":{"0":"post-1641","1":"product","2":"type-product","3":"status-publish","4":"has-post-thumbnail","6":"product_brand-doloda","7":"product_cat-doloda-vape","8":"product_tag-2-nicotine-e-cig","9":"product_tag-5-nicotine-vape","10":"product_tag-800-puffs-vape","11":"product_tag-doloda-mini-bar-800","12":"product_tag-rechargeable-disposable-vape","13":"product_tag-vape-flavor-variety","15":"first","16":"instock","17":"sale","18":"shipping-taxable","19":"purchasable","20":"product-type-variable"},"jetpack_sharing_enabled":true,"tiered_pricing_type":"fixed","tiered_pricing_fixed_rules":[],"tiered_pricing_product_settings":{"layout":"default","base_unit_name":{"singular":null,"plural":null},"default_variation":null},"tiered_pricing_minimum_quantity":null,"tiered_pricing_roles_data":[],"tiered_pricing_percentage_rules":[],"tiered_pricing_maximum_quantity":null,"tiered_pricing_quantity_step":null,"_links":{"self":[{"href":"https:\/\/frvape.com\/fr\/wp-json\/wp\/v2\/product\/1641","targetHints":{"allow":["GET"]}}],"collection":[{"href":"https:\/\/frvape.com\/fr\/wp-json\/wp\/v2\/product"}],"about":[{"href":"https:\/\/frvape.com\/fr\/wp-json\/wp\/v2\/types\/product"}],"replies":[{"embeddable":true,"href":"https:\/\/frvape.com\/fr\/wp-json\/wp\/v2\/comments?post=1641"}],"wp:featuredmedia":[{"embeddable":true,"href":"https:\/\/frvape.com\/fr\/wp-json\/wp\/v2\/media\/1635"}],"wp:attachment":[{"href":"https:\/\/frvape.com\/fr\/wp-json\/wp\/v2\/media?parent=1641"}],"wp:term":[{"taxonomy":"product_brand","embeddable":true,"href":"https:\/\/frvape.com\/fr\/wp-json\/wp\/v2\/product_brand?post=1641"},{"taxonomy":"product_cat","embeddable":true,"href":"https:\/\/frvape.com\/fr\/wp-json\/wp\/v2\/product_cat?post=1641"},{"taxonomy":"product_tag","embeddable":true,"href":"https:\/\/frvape.com\/fr\/wp-json\/wp\/v2\/product_tag?post=1641"}],"curies":[{"name":"wp","href":"https:\/\/api.w.org\/{rel}","templated":true}]}}