{"id":1673,"date":"2025-10-12T02:15:02","date_gmt":"2025-10-12T02:15:02","guid":{"rendered":"https:\/\/frvape.com\/product\/wga-crystal-pro-max-eetra-15000-disposable-vape-15000-puffs-type-c-charging\/"},"modified":"2025-11-03T05:34:04","modified_gmt":"2025-11-03T05:34:04","slug":"wga-crystal-pro-max-eetra-15000-jetable-vape-15000-puffs-type-c-charging","status":"publish","type":"product","link":"https:\/\/frvape.com\/fr\/produit\/wga-crystal-pro-max-eetra-15000-jetable-vape-15000-puffs-type-c-charging\/","title":{"rendered":"Wga Crystal Pro Max Eetra 15000 Vape jetable - 15000 bouff\u00e9es, chargement Type-C"},"content":{"rendered":"<h3>Pr\u00e9sentation du Wga Crystal Pro Max Eetra 15000 Vape<\/h3>\n<p>Faites l'exp\u00e9rience de la vaporisation jetable haut de gamme avec le tout nouveau <strong>Wga Crystal Pro Max Eetra 15000<\/strong>. Ce dispositif jetable \u00e0 la pointe de la technologie allie style, innovation et fiabilit\u00e9 pour offrir un voyage sans pr\u00e9c\u00e9dent \u00e0 tous les amateurs de vapotage. Con\u00e7u dans le cadre de la <strong>CRYSTA Pro Max Extra<\/strong> Il s'agit d'une s\u00e9rie de produits qui se vantent d'\u00eatre <strong>tendances en mati\u00e8re de couleurs riches<\/strong> et un <strong>mince et classique<\/strong> qui r\u00e9pond aux go\u00fbts modernes tout en garantissant une utilisation sans effort. Parfait pour un usage quotidien ou en voyage, il red\u00e9finit la notion de commodit\u00e9 gr\u00e2ce \u00e0 ses capacit\u00e9s rechargeables et \u00e0 son grand nombre de bouff\u00e9es, ce qui en fait un choix exceptionnel dans le monde en pleine expansion du <strong>cigarettes \u00e9lectroniques<\/strong>. Chaque aspect est con\u00e7u pour garantir une exp\u00e9rience coh\u00e9rente, savoureuse et sans probl\u00e8me du d\u00e9but \u00e0 la fin.<\/p>\n<h3>Des sp\u00e9cifications imbattables pour des performances de pointe<\/h3>\n<p>Optimis\u00e9 pour un rendement maximal et la satisfaction de l'utilisateur, le Wga Crystal Pro Max Eetra 15000 int\u00e8gre des sp\u00e9cifications avanc\u00e9es con\u00e7ues pour am\u00e9liorer votre exp\u00e9rience de vapotage :<br \/>- Fournit une extraordinaire <strong>Capacit\u00e9 de plus de 15 000 bouff\u00e9es<\/strong>Il est donc id\u00e9al pour les utilisateurs intensifs qui souhaitent des sessions de longue dur\u00e9e sans interruption.<br \/>- \u00c9quip\u00e9 d'un puissant <strong>Batterie de 650mAh<\/strong>Il permet une recharge rapide et efficace gr\u00e2ce \u00e0 son syst\u00e8me d'alimentation en \u00e9nergie. <strong>Chargement de type C<\/strong> \u00e9liminez les temps d'arr\u00eat et continuez \u00e0 vaper \u00e0 tout moment, o\u00f9 que vous soyez.<br \/>- Comprend le r\u00e9glage <strong>2%\/5% nicotine<\/strong> Les options permettent une personnalisation en fonction de vos envies, tout en garantissant une qualit\u00e9 optimale. <strong>une exp\u00e9rience de vapotage en douceur<\/strong>.<br \/>- Elle est dot\u00e9e d'une g\u00e9n\u00e9reuse <strong>Capacit\u00e9 de 25 ml d'e-liquide<\/strong>ce qui minimise les probl\u00e8mes de recharge et prolonge consid\u00e9rablement la dur\u00e9e d'utilisation entre deux recharges.<br \/>- Construit avec des \u00e9l\u00e9ments compacts <strong>dimensions de 46*23*105mm<\/strong> et con\u00e7u pour <strong>portabilit\u00e9 extr\u00eame<\/strong>Il se glisse facilement dans une poche ou un sac pour faciliter les d\u00e9placements.<br \/>Tous ces \u00e9l\u00e9ments travaillent en synergie pour tenir la promesse de la <strong>une meilleure satisfaction<\/strong> \u00e0 chaque bouff\u00e9e, et ce, gr\u00e2ce \u00e0 des tests rigoureux de fiabilit\u00e9 et de durabilit\u00e9 dans les conditions de la vie quotidienne.<\/p>\n<h3>Des saveurs vari\u00e9es et impressionnantes<\/h3>\n<p>Plongez dans une s\u00e9lection exceptionnelle d'e-juices pr\u00e9-remplis, con\u00e7us pour satisfaire vos papilles gustatives. Chaque saveur est con\u00e7ue de mani\u00e8re experte pour offrir une exp\u00e9rience rafra\u00eechissante et satisfaisante, en r\u00e9pondant \u00e0 un large \u00e9ventail de pr\u00e9f\u00e9rences et en respectant les principes de l'e-juice. <strong>une meilleure satisfaction<\/strong> qui distingue le Crystal Pro Max. Des d\u00e9lices fruit\u00e9s aux sensations glac\u00e9es, notre gamme garantit que chaque inhalation d\u00e9clenche la joie :<\/p>\n<p>Litchi Mogu Mogu<br \/>Glace \u00e0 la fraise<br \/>Wga Blue<br \/>Myrtille Framboise<br \/>Glace \u00e0 l'ananas<br \/>Glace \u00e0 la framboise et \u00e0 la cerise<br \/>Glace fraise framboise cerise<br \/>Menthe fra\u00eeche<br \/>Cerise p\u00e9tillante<br \/>Hubba Bubba<br \/>Skittles<br \/>Triple mangue<br \/>Myrtille framboise acidul\u00e9e<br \/>Myrtille Cerise Canneberge<br \/>Fraise Cerise Bubblegum<br \/>Glace \u00e0 la myrtille<br \/>P\u00eache juteuse<br \/>Glace \u00e0 la cerise<br \/>M. Bleu<br \/>M\u00fbre Bleuet Framboise<br \/>Ours en gomme<br \/>Banane glac\u00e9e<br \/>Oasia Slush<br \/>Prime Fraise Past\u00e8que<br \/>Wga Pink<br \/>Past\u00e8que<br \/>R\u00eave d'\u00e9t\u00e9<br \/>Glace \u00e0 la fraise<br \/>Glace Blue Razz<br \/>Citron vert<\/p>\n<p>Avec une telle vari\u00e9t\u00e9, vous \u00eates assur\u00e9 d'obtenir un service de qualit\u00e9. <strong>des saveurs riches<\/strong> \u00e0 explorer et \u00e0 savourer \u00e0 tout moment, en transformant vos moments en un pur d\u00e9lice, sans aucun effort.<\/p>\n<h3>L\u00e9ger et \u00e9l\u00e9gant pour une utilisation quotidienne<\/h3>\n<p>Entrez dans un monde de confort et d'esth\u00e9tique in\u00e9gal\u00e9s avec le <strong>conception ultra-l\u00e9g\u00e8re<\/strong> du Wga Crystal Pro Max Eetra 15000. Pesant seulement <strong>100 grammes<\/strong>Gr\u00e2ce \u00e0 cette vape jetable, vous ne vous sentirez jamais encombr\u00e9 en d\u00e9placement. Sa forme \u00e9lanc\u00e9e et classique en fait non seulement un accessoire de choix, mais elle facilite \u00e9galement la consommation de tabac. <strong>libre circulation<\/strong>qui incarne la notion de <em>\"Libre de circuler, libre de fumer<\/em>. Les <strong>vape jetable extr\u00eamement portable<\/strong> mesures <strong>43*23*105mm<\/strong>La Commission europ\u00e9enne a \u00e9galement adopt\u00e9 un plan d'action pour les <strong>conception tr\u00e8s pratique pour la poche<\/strong>. Que vous soyez en d\u00e9placement, en voyage ou \u00e0 la maison, sa structure ergonomique et ses teintes vives s'adaptent parfaitement \u00e0 votre style de vie, am\u00e9liorant votre exp\u00e9rience avec une touche de sophistication et de praticit\u00e9 qui se d\u00e9marque.<\/p>\n<h3>Fonctionnement par inhalation sans effort<\/h3>\n<p>La simplicit\u00e9 r\u00e8gne en ma\u00eetre gr\u00e2ce \u00e0 l'interface utilisateur de l'appareil. <strong>activ\u00e9 par inhalation<\/strong> con\u00e7u pour une facilit\u00e9 d'utilisation optimale. Sans boutons, interrupteurs ou complications, profitez d'une satisfaction instantan\u00e9e : il vous suffit d'inspirer doucement \u00e0 partir de l'embout buccal pour activer le syst\u00e8me de vapotage. <strong>e-liquide pr\u00e9-rempli<\/strong> syst\u00e8me de chauffage. Ce m\u00e9canisme innovant convertit l'e-liquide en <strong>nuages savoureux<\/strong> rapidement et efficacement, produisant une vapeur r\u00e9guli\u00e8re avec un minimum d'effort. Parfait pour les d\u00e9butants comme pour les vapoteurs chevronn\u00e9s, le <strong>processus d'inhalation<\/strong> garantit une rencontre fluide et satisfaisante \u00e0 chaque fois, en \u00e9liminant les courbes d'apprentissage et en se concentrant uniquement sur le plaisir de vaper \u00e0 votre fa\u00e7on.<\/p>\n<h3>Commodit\u00e9 du pr\u00e9-remplissage et absence de salissures<\/h3>\n<p>Dites adieu aux pr\u00e9parations et aux d\u00e9bordements gr\u00e2ce \u00e0 l'ensemble de l'appareil. <strong>e-liquide pr\u00e9-rempli<\/strong> configuration du Wga Crystal Pro Max Eetra 15000. Fid\u00e8le \u00e0 son <em>\"Pas de probl\u00e8me, pas de d\u00e9sordre<\/em> Avec sa philosophie, cette vape ne n\u00e9cessite pas de recharge, de r\u00e9glage ou d'entretien. Chaque appareil est pr\u00eat \u00e0 \u00eatre utilis\u00e9 imm\u00e9diatement - il suffit de le d\u00e9baller et de le vaper. Cette approche minimise le gaspillage et garantit <em>\"pas de d\u00e9sordre, pas d'installation, pas de remplissage et absolument pas de d\u00e9versement\".<\/em>, d\u00e9livrant le <strong>le plaisir de vaper \u00e0 l'\u00e9tat pur<\/strong> instantan\u00e9ment. Combin\u00e9 avec le <strong>Capacit\u00e9 de 25 ml<\/strong>Il maximise l'int\u00e9grit\u00e9 des saveurs et r\u00e9duit l'impact sur l'environnement, offrant une solution durable et centr\u00e9e sur l'utilisateur qui r\u00e9pond vraiment aux attentes.<\/p>\n<h3>Indicateur intelligent pour un meilleur contr\u00f4le<\/h3>\n<p>Restez inform\u00e9 et ma\u00eetre de la situation gr\u00e2ce au syst\u00e8me int\u00e9gr\u00e9 de gestion de l'information de la Commission europ\u00e9enne. <strong>indicateur de batterie et d'e-liquide<\/strong>. Au premier plan, cet \u00e9cran de pointe surveille les niveaux critiques en temps r\u00e9el, vous alertant en cas de <strong>puissance restante et e-liquide<\/strong> sans interruption. Lorsque le <strong>l'appareil cesse de fonctionner<\/strong> en raison de ressources faibles, l'\u00e9cran d\u00e9clenche un rappel visuel, ce qui vous permet de ne jamais \u00eatre pris au d\u00e9pourvu. Cette fonction intelligente favorise l'optimisation de la batterie et prolonge la dur\u00e9e de vie de votre t\u00e9l\u00e9phone portable. <strong>exp\u00e9rience de vapotage<\/strong>Le syst\u00e8me de gestion de l'information de l'Union europ\u00e9enne (UE) est un syst\u00e8me de gestion de l'information qui renforce la fiabilit\u00e9 et la s\u00e9r\u00e9nit\u00e9. En \u00e9vitant les interruptions inattendues, il confirme l'engagement d'un voyage fluide et ininterrompu o\u00f9 <strong>une meilleure satisfaction<\/strong> a toujours la priorit\u00e9.<\/p>\n<h3>Une exp\u00e9rience de bouff\u00e9e coh\u00e9rente<\/h3>\n<p>Chaque inhalation est accompagn\u00e9e de l'assurance de la perfection, gr\u00e2ce \u00e0 l'ing\u00e9nierie qui se cache derri\u00e8re <strong>1500+ bouff\u00e9es coh\u00e9rentes et harmonieuses<\/strong>. Sp\u00e9cifiquement con\u00e7u pour fournir <strong>des bouff\u00e9es \u00e9quilibr\u00e9es et r\u00e9guli\u00e8res<\/strong>chaque tirage reproduit l'exquisit\u00e9 <strong>intensit\u00e9 de la saveur<\/strong> de la premi\u00e8re. Cette harmonie d\u00e9coule d'un contr\u00f4le avanc\u00e9 de la temp\u00e9rature qui maintient une production de vapeur uniforme, garantissant qu'aucune bouff\u00e9e n'est en de\u00e7\u00e0 de la r\u00e9alit\u00e9. R\u00e9aliser <strong>la satisfaction de vaper en douceur<\/strong> sans perte de qualit\u00e9, que vous soyez \u00e0 la moiti\u00e9 de la session ou \u00e0 la derni\u00e8re bouff\u00e9e, ce qui en fait un compagnon fiable pour un plaisir continu qui d\u00e9finit l'excellence.<\/p>\n<h3>Conclusion : Votre solution de vapotage ultime<\/h3>\n<p>Adoptez un nouveau paysage de vapotage avec le <strong>Wga Crystal Pro Max Eetra 15000<\/strong>o\u00f9 la performance et la commodit\u00e9 se rejoignent en toute transparence. De sa vaste gamme de <strong>options de saveurs<\/strong> et <strong>Chargement de type C<\/strong> \u00e0 l'imbattable <strong>15000 bouff\u00e9es<\/strong> et <strong>conception l\u00e9g\u00e8re<\/strong>Il incarne l'innovation pour les utilisateurs modernes. Parfaite pour les voyageurs, les adeptes du quotidien et tous ceux qui recherchent une qualit\u00e9 sup\u00e9rieure, cette vape jetable transforme chaque instant en une exp\u00e9rience inoubliable. <strong>lisse<\/strong>Une \u00e9vasion fiable. Am\u00e9liorez votre exp\u00e9rience de vapotage d\u00e8s aujourd'hui et profitez de la quintessence de l'exp\u00e9rience de vapotage. <strong>une meilleure satisfaction<\/strong> qui red\u00e9finit la technologie du jetable pour le meilleur.<\/p>","protected":false},"excerpt":{"rendered":"<p>D\u00e9couvrez les <strong>Wga Crystal Pro Max Eetra 15000<\/strong> vaping jetable featuring <strong>15000+ bouff\u00e9es<\/strong> et <strong>Chargement de type C<\/strong> pour une utilisation continue.<br \/>Profitez de 30 <strong>saveurs e-liquides riches<\/strong> dans un appareil ultra-portable et rechargeable dot\u00e9 d'un syst\u00e8me d'alarme. <strong>Capacit\u00e9 de 25 ml<\/strong> et <strong>Batterie de 650mAh<\/strong>.<\/p>","protected":false},"featured_media":1667,"comment_status":"open","ping_status":"closed","template":"","meta":[],"product_brand":[276],"product_cat":[277,1017],"product_tag":[280,112,281,190,155],"class_list":{"0":"post-1673","1":"product","2":"type-product","3":"status-publish","4":"has-post-thumbnail","6":"product_brand-wga","7":"product_cat-wga-vape","8":"product_cat-crystal-vapes","9":"product_tag-15000-puffs","10":"product_tag-disposable-vape","11":"product_tag-electronic-cigarettes","12":"product_tag-type-c-charging","13":"product_tag-vape-flavors","15":"first","16":"instock","17":"sale","18":"shipping-taxable","19":"purchasable","20":"product-type-variable"},"jetpack_sharing_enabled":true,"tiered_pricing_type":"fixed","tiered_pricing_fixed_rules":[],"tiered_pricing_product_settings":{"layout":"default","base_unit_name":{"singular":null,"plural":null},"default_variation":null},"tiered_pricing_minimum_quantity":null,"tiered_pricing_roles_data":[],"tiered_pricing_percentage_rules":[],"tiered_pricing_maximum_quantity":null,"tiered_pricing_quantity_step":null,"_links":{"self":[{"href":"https:\/\/frvape.com\/fr\/wp-json\/wp\/v2\/product\/1673","targetHints":{"allow":["GET"]}}],"collection":[{"href":"https:\/\/frvape.com\/fr\/wp-json\/wp\/v2\/product"}],"about":[{"href":"https:\/\/frvape.com\/fr\/wp-json\/wp\/v2\/types\/product"}],"replies":[{"embeddable":true,"href":"https:\/\/frvape.com\/fr\/wp-json\/wp\/v2\/comments?post=1673"}],"wp:featuredmedia":[{"embeddable":true,"href":"https:\/\/frvape.com\/fr\/wp-json\/wp\/v2\/media\/1667"}],"wp:attachment":[{"href":"https:\/\/frvape.com\/fr\/wp-json\/wp\/v2\/media?parent=1673"}],"wp:term":[{"taxonomy":"product_brand","embeddable":true,"href":"https:\/\/frvape.com\/fr\/wp-json\/wp\/v2\/product_brand?post=1673"},{"taxonomy":"product_cat","embeddable":true,"href":"https:\/\/frvape.com\/fr\/wp-json\/wp\/v2\/product_cat?post=1673"},{"taxonomy":"product_tag","embeddable":true,"href":"https:\/\/frvape.com\/fr\/wp-json\/wp\/v2\/product_tag?post=1673"}],"curies":[{"name":"wp","href":"https:\/\/api.w.org\/{rel}","templated":true}]}}