{"id":1742,"date":"2025-10-12T02:18:55","date_gmt":"2025-10-12T02:18:55","guid":{"rendered":"https:\/\/frvape.com\/product\/aivono-aim-puffstar-6500-puffs-disposable-vape-13ml-rechargeable-device\/"},"modified":"2025-11-03T02:42:40","modified_gmt":"2025-11-03T02:42:40","slug":"aivono-aim-puffstar-6500-puffs-disposable-vape-13ml-rechargeable-device","status":"publish","type":"product","link":"https:\/\/frvape.com\/fr\/produit\/aivono-aim-puffstar-6500-puffs-disposable-vape-13ml-rechargeable-device\/","title":{"rendered":"Aivono Aim Puffstar 6500 Puffs Vape jetable : 13mL Dispositif rechargeable"},"content":{"rendered":"<h3>Exp\u00e9rience r\u00e9volutionnaire de vapotage \u00e0 usage unique<\/h3>\n<p>Les <strong>AIVONO AIM PUFFSTAR 6500<\/strong> transforme le vapotage jetable avec une endurance et des performances sans pr\u00e9c\u00e9dent. Con\u00e7u pour une satisfaction maximale, cet appareil de pointe d\u00e9livre 6500 bouff\u00e9es, ce qui \u00e9limine les remplacements constants tout en offrant une r\u00e9gularit\u00e9 exceptionnelle.<\/p>\n<h3>Caract\u00e9ristiques techniques<\/h3>\n<p>Aliment\u00e9e par un <strong>Batterie au cobalt pur 13400<\/strong> cette vape garantit une alimentation stable tout au long de sa dur\u00e9e de vie. Le syst\u00e8me avanc\u00e9 de <strong>Bobine \u00e0 mailles de 1,2\u03a9<\/strong> optimise la distribution de la chaleur pour intensifier les saveurs et produire une vapeur dense. Avec sa g\u00e9n\u00e9reuse <strong>Capacit\u00e9 de 13mL d'e-liquide<\/strong> et ses dimensions compactes de 50 x 80 mm (pesant seulement 75 g), il concilie parfaitement performance et portabilit\u00e9.<\/p>\n<h3>Conception intelligente et personnalisation<\/h3>\n<p>La recharge s'effectue en toute transparence gr\u00e2ce \u00e0 l'unit\u00e9 de commande int\u00e9gr\u00e9e. <strong>Interface de type C<\/strong>Les entreprises b\u00e9n\u00e9ficient d'une gamme compl\u00e8te de produits et de services, qui leur permet d'am\u00e9liorer la convivialit\u00e9 tout en r\u00e9duisant les d\u00e9chets. Les entreprises b\u00e9n\u00e9ficient d'une <strong>Support OEM\/ODM<\/strong>ce qui permet de personnaliser la marque et les sp\u00e9cifications. La flexibilit\u00e9 des emballages comprend de petites bo\u00eetes de protection (28x27x126mm) et de grandes caisses d'exp\u00e9dition (60x141x129mm) pouvant contenir 200 unit\u00e9s.<\/p>\n<h3>Contr\u00f4le pr\u00e9cis de la nicotine<\/h3>\n<p>R\u00e9pondre \u00e0 des pr\u00e9f\u00e9rences diverses gr\u00e2ce \u00e0 des <strong>sel de nicotine<\/strong> concentrations : <strong>0%<\/strong> pour un plaisir sans nicotine, <strong>2%<\/strong> pour les utilisateurs mod\u00e9r\u00e9s, et puissant <strong>5%<\/strong> pour satisfaire les envies de fumer. Cette polyvalence rend l'appareil id\u00e9al pour les fumeurs en transition comme pour les vapoteurs exp\u00e9riment\u00e9s.<\/p>\n<h3>Gamme d'ar\u00f4mes Premium<\/h3>\n<p>D\u00e9couvrez les saveurs d'Aivono, \u00e9labor\u00e9es par des experts, pour un voyage sensoriel :<br \/>- <strong>Mangue mixte<\/strong><br \/>- <strong>Bonbons au menthol<\/strong><br \/>- <strong>Jus de p\u00eache<\/strong><br \/>- <strong>Bleu Razz Berry<\/strong><br \/>- <strong>Baies m\u00e9lang\u00e9es<\/strong><br \/>- <strong>Glace \u00e0 la fraise<\/strong><br \/>- <strong>Past\u00e8que<\/strong><br \/>- <strong>Melon de Coco<\/strong><br \/>- <strong>Fraise Kiwi<\/strong><br \/>- <strong>Boisson \u00e9nerg\u00e9tique<\/strong><\/p>\n<h3>Des avantages in\u00e9gal\u00e9s en termes de performances<\/h3>\n<p>Les <strong>Batterie rechargeable de 400mAh<\/strong> garantit des performances soutenues pour toutes les bouff\u00e9es de 6500, tandis que la <strong>technologie du noyau maill\u00e9<\/strong> pr\u00e9vient les coups secs et maintient l'int\u00e9grit\u00e9 de l'e-liquide. Des tests rigoureux garantissent une construction \u00e9tanche, ce qui le rend fiable pendant les voyages ou les trajets quotidiens. Le design ergonomique de l'embout favorise des sessions prolong\u00e9es et confortables.<\/p>\n<h3>Innovation \u00e9co-consciente<\/h3>\n<p>En tant qu'appareil rechargeable jetable, le Puffstar r\u00e9duit consid\u00e9rablement l'impact sur l'environnement par rapport aux appareils \u00e0 cycle unique. La chimie de la batterie au cobalt pur am\u00e9liore l'efficacit\u00e9 du cycle de vie tout en minimisant les demandes de fr\u00e9quence de charge - une caract\u00e9ristique remarquable dans le domaine du vapotage de grande capacit\u00e9.<\/p>\n<h3>D\u00e9tails de l'emballage commercial<\/h3>\n<p>L'emballage en vrac pr\u00eat \u00e0 \u00eatre distribu\u00e9 (58x35x35cm pour un poids de 16kg) assure un transport s\u00e9curis\u00e9 et une pr\u00e9sentation au d\u00e9tail. Chaque unit\u00e9 fait l'objet d'une v\u00e9rification individuelle par code QR pour garantir l'authenticit\u00e9 et la conformit\u00e9 aux normes de s\u00e9curit\u00e9. La conception de l'emballage permet de personnaliser les \u00e9l\u00e9ments de la marque gr\u00e2ce \u00e0 des \u00e9tiquettes flexibles. <strong>Solutions OEM\/ODM<\/strong>.<\/p>\n<h3>Les sp\u00e9cifications techniques en un coup d'\u0153il<\/h3>\n<p>- Nombre de bouff\u00e9es : <strong>6500<\/strong><br \/>- Volume de l'e-liquide : <strong>13ml<\/strong><br \/>- Batterie : <strong>400mAh rechargeable<\/strong> (noyau de cobalt)<br \/>- R\u00e9sistance : <strong>Maille de 1,2\u03a9<\/strong><br \/>- Chargement : Type-C USB<br \/>- Dimensions : 50x80mm<br \/>- Nicotine : <strong>0% \/ 2% \/ 5%<\/strong> concentrations de sel<br \/>- Poids : <strong>75g<\/strong> par appareil<\/p>\n<p>Faites l'exp\u00e9rience de la fusion de l'endurance, de la richesse des saveurs et de la sophistication technologique avec les produits Aivono qui d\u00e9finissent l'industrie de l'alimentation. <strong>PUFFSTAR 6500<\/strong> - o\u00f9 l'innovation rencontre la commodit\u00e9 dans la perfection de la taille d'une paume de main.<\/p>","protected":false},"excerpt":{"rendered":"<p>Les <strong>Aivono Aim Puffstar 6500<\/strong> offre une exp\u00e9rience de vapotage de premi\u00e8re qualit\u00e9 avec <strong>6500 bouff\u00e9es<\/strong> par appareil. Dot\u00e9 d'un <strong>13mL e-liquide<\/strong> capacit\u00e9, <strong>batterie rechargeable de 400mAh<\/strong>et le choix de <strong>0%\/2%\/5% nicotine<\/strong>. Conception compacte avec options OEM\/ODM personnalis\u00e9es.<\/p>","protected":false},"featured_media":1736,"comment_status":"open","ping_status":"closed","template":"","meta":[],"product_brand":[165],"product_cat":[951],"product_tag":[284,283,282,285,173,75],"class_list":{"0":"post-1742","1":"product","2":"type-product","3":"status-publish","4":"has-post-thumbnail","6":"product_brand-aivono","7":"product_cat-aivono","8":"product_tag-13ml-e-cigarette","9":"product_tag-6500-puff-vape","10":"product_tag-aivono-aim-puffstar-6500","11":"product_tag-nicotine-salt-vape","12":"product_tag-oem-vape-device","13":"product_tag-rechargeable-disposable-vape","15":"first","16":"instock","17":"sale","18":"shipping-taxable","19":"purchasable","20":"product-type-variable"},"jetpack_sharing_enabled":true,"tiered_pricing_type":"fixed","tiered_pricing_fixed_rules":[],"tiered_pricing_product_settings":{"layout":"default","base_unit_name":{"singular":null,"plural":null},"default_variation":null},"tiered_pricing_minimum_quantity":null,"tiered_pricing_roles_data":[],"tiered_pricing_percentage_rules":[],"tiered_pricing_maximum_quantity":null,"tiered_pricing_quantity_step":null,"_links":{"self":[{"href":"https:\/\/frvape.com\/fr\/wp-json\/wp\/v2\/product\/1742","targetHints":{"allow":["GET"]}}],"collection":[{"href":"https:\/\/frvape.com\/fr\/wp-json\/wp\/v2\/product"}],"about":[{"href":"https:\/\/frvape.com\/fr\/wp-json\/wp\/v2\/types\/product"}],"replies":[{"embeddable":true,"href":"https:\/\/frvape.com\/fr\/wp-json\/wp\/v2\/comments?post=1742"}],"wp:featuredmedia":[{"embeddable":true,"href":"https:\/\/frvape.com\/fr\/wp-json\/wp\/v2\/media\/1736"}],"wp:attachment":[{"href":"https:\/\/frvape.com\/fr\/wp-json\/wp\/v2\/media?parent=1742"}],"wp:term":[{"taxonomy":"product_brand","embeddable":true,"href":"https:\/\/frvape.com\/fr\/wp-json\/wp\/v2\/product_brand?post=1742"},{"taxonomy":"product_cat","embeddable":true,"href":"https:\/\/frvape.com\/fr\/wp-json\/wp\/v2\/product_cat?post=1742"},{"taxonomy":"product_tag","embeddable":true,"href":"https:\/\/frvape.com\/fr\/wp-json\/wp\/v2\/product_tag?post=1742"}],"curies":[{"name":"wp","href":"https:\/\/api.w.org\/{rel}","templated":true}]}}