{"id":1782,"date":"2025-10-12T02:22:24","date_gmt":"2025-10-12T02:22:24","guid":{"rendered":"https:\/\/frvape.com\/product\/elfbox-digital-12000-puffs-disposable-vape-with-customizable-nicotine-digital-display\/"},"modified":"2025-11-02T03:50:44","modified_gmt":"2025-11-02T03:50:44","slug":"elfbox-digital-12000-bouffees-vape-jetable-avec-nicotine-personnalisable-affichage-digital","status":"publish","type":"product","link":"https:\/\/frvape.com\/fr\/produit\/elfbox-digital-12000-bouffees-vape-jetable-avec-nicotine-personnalisable-affichage-digital\/","title":{"rendered":"ElfBox Digital 12000 bouff\u00e9es Vape jetable avec nicotine personnalisable et affichage num\u00e9rique"},"content":{"rendered":"<h3>Exp\u00e9rience de vapotage de premi\u00e8re qualit\u00e9<\/h3>\n<p>Les <strong>ELF Box Digital 12000 bouff\u00e9es<\/strong> red\u00e9finit le vapotage gr\u00e2ce \u00e0 son design m\u00e9tallique \u00e9pur\u00e9 et \u00e0 son syst\u00e8me de vapotage int\u00e9gr\u00e9. <strong>Technologie Apple<\/strong>Il offre une durabilit\u00e9 et une \u00e9l\u00e9gance in\u00e9gal\u00e9es aux vapoteurs exigeants. Il allie luxe et efficacit\u00e9, offrant une exp\u00e9rience sur mesure qui s'adresse aussi bien aux utilisateurs occasionnels qu'aux passionn\u00e9s gr\u00e2ce \u00e0 ses fonctionnalit\u00e9s avanc\u00e9es.<\/p>\n<h3>Options de vaporisation personnalisables<\/h3>\n<p>Personnalisez votre exp\u00e9rience du vapotage avec <strong>niveaux de nicotine personnalisables<\/strong> \u00e0 0%, 2%, 3% ou 5%, ce qui vous permet d'obtenir l'intensit\u00e9 parfaite en fonction de vos pr\u00e9f\u00e9rences. Associ\u00e9 \u00e0 un <strong>syst\u00e8me e-liquide<\/strong>Ce dispositif garantit une saveur et une <strong>production de vapeur en douceur<\/strong>Chaque bouff\u00e9e est ainsi facile \u00e0 r\u00e9aliser et satisfaisante.<\/p>\n<h3>Caract\u00e9ristiques techniques avanc\u00e9es<\/h3>\n<p>L'exp\u00e9rience d'une utilisation prolong\u00e9e avec le <strong>Bobine \u00e0 mailles de 0,8 ohm<\/strong> qui optimise le flux de vapeur et la diffusion des ar\u00f4mes, tandis que le <strong>Capacit\u00e9 de 25 ml d'e-liquide<\/strong> supporte des milliers de bouff\u00e9es sans compromis. Les <strong>batterie rechargeable<\/strong> (13350-500mAh) avec chargeur Type-C pour des recharges rapides et des performances durables, coupl\u00e9 \u00e0 un syst\u00e8me d'alimentation en \u00e9nergie de type <strong>affichage num\u00e9rique<\/strong> qui affiche des statistiques vitales comme la dur\u00e9e de vie de la batterie et le nombre de bouff\u00e9es, pour un suivi sans faille.<\/p>\n<h3>S\u00e9lection d'ar\u00f4mes vari\u00e9s<\/h3>\n<p>Laissez-vous tenter par une gamme passionnante de <strong>saveurs e-liquide<\/strong> con\u00e7us pour r\u00e9pondre \u00e0 tous les go\u00fbts, des m\u00e9langes fruit\u00e9s rafra\u00eechissants aux sensations glac\u00e9es. Les options d'ar\u00f4mes disponibles sont les suivantes :<br \/>Explosion de fraises<br \/>Glace \u00e0 la m\u00fbre<br \/>P\u00eache et baies<br \/>M\u00e9lange de fruits<br \/>Glace \u00e0 la p\u00eache<br \/>Glace \u00e0 la fraise<br \/>Fraise et banane<br \/>M. Bleu<br \/>Past\u00e8que \u00e0 la fraise<br \/>Myrtille framboise acidul\u00e9e<br \/>Glace \u00e0 la mangue<br \/>Glace Blue Razz<br \/>Cola \u00e0 la cerise<br \/>Melon \u00e0 la noix de coco<br \/>Glace \u00e0 la past\u00e8que<br \/>Past\u00e8que Bubblegum<br \/>Glace de raisin<br \/>Kiwi Fruit de la passion<br \/>Double pomme<br \/>Fraise Kiwi<\/p>\n<h3>Sp\u00e9cifications compl\u00e8tes des produits<\/h3>\n<p>1. Bouff\u00e9es : 12 000 bouff\u00e9es<br \/>2. Le noyau : <strong>Bobine en maille 0.8ohm<\/strong><br \/>3. E-liquide : 25ml<br \/>4. La nicotine : <strong>Niveaux de nicotine personnalisables<\/strong> de 0%\/2%\/3%\/5%<br \/>5. Batterie : 13350-500mAh<br \/>6. Rechargeable : Type-C<br \/>7. Affichage num\u00e9rique<br \/>8. Poids du produit : 82g<br \/>9. Taille du produit : 30*57*101mm<br \/>10. Taille du carton : 615*223*330mm<br \/>11. QT\u00c9 : 200pcs\/ctn, 10pcs\/box<br \/>12. Poids : 17,7 kg<\/p>\n<h3>Id\u00e9al pour tous les utilisateurs<\/h3>\n<p>Avec son <strong>conception rechargeable<\/strong> et une construction durable, cette vape est parfaite pour une utilisation quotidienne, tandis que les d\u00e9taillants peuvent tirer parti de la technologie de la vape. <strong>vente en gros en vrac<\/strong> pour r\u00e9pondre \u00e0 la forte demande. Investir dans l'ELF Box Digital, c'est s'assurer de la satisfaction du client en mettant l'accent sur les points suivants <strong>affichage num\u00e9rique<\/strong> am\u00e9lioration et <strong>vari\u00e9t\u00e9 d'e-liquides<\/strong>Ce qui en fait un choix de premier ordre sur le march\u00e9 de la vape jetable.<\/p>\n<h3>Valeur et fiabilit\u00e9 accrues<\/h3>\n<p>Con\u00e7ue pour durer, la ELF Box Digital allie l'innovation \u00e0 la praticit\u00e9, en offrant un service d'assistance \u00e0 la client\u00e8le de qualit\u00e9. <strong>produit de qualit\u00e9 sup\u00e9rieure<\/strong> qui r\u00e9duit le besoin de remplacements fr\u00e9quents. Sa taille compacte et son design l\u00e9ger le rendent portable, tandis que le syst\u00e8me de cartouche robuste permet un plaisir ininterrompu. Am\u00e9liorez vos habitudes de vapotage d\u00e8s aujourd'hui avec cet appareil qui offre une constance de go\u00fbt exceptionnelle et une technologie centr\u00e9e sur l'utilisateur.<\/p>","protected":false},"excerpt":{"rendered":"<p><strong>ELF Box Digital 12000 bouff\u00e9es Vape jetable<\/strong> offre une exp\u00e9rience de vapotage haut de gamme gr\u00e2ce \u00e0 des <strong>Technologie Apple<\/strong>personnalisable <strong>taux de nicotine<\/strong> de 0% \u00e0 5%, et un \u00e9cran num\u00e9rique \u00e9l\u00e9gant. Appr\u00e9ciez jusqu'\u00e0 12 000 bouff\u00e9es, aliment\u00e9es par un syst\u00e8me d'alimentation en \u00e9nergie. <strong>batterie rechargeable<\/strong> et une bobine de 0,8 ohm pour une vapeur douce.<\/p>","protected":false},"featured_media":1776,"comment_status":"open","ping_status":"closed","template":"","meta":[],"product_brand":[206],"product_cat":[207],"product_tag":[287,288,112,222,286,103],"class_list":{"0":"post-1782","1":"product","2":"type-product","3":"status-publish","4":"has-post-thumbnail","6":"product_brand-elfbox","7":"product_cat-elfbox-vape","8":"product_tag-customizable-nicotine-vape","9":"product_tag-digital-display-vape","10":"product_tag-disposable-vape","11":"product_tag-e-liquid-flavors","12":"product_tag-elfbox-digital-12000","13":"product_tag-rechargeable-e-cigarette","15":"first","16":"instock","17":"sale","18":"shipping-taxable","19":"purchasable","20":"product-type-variable"},"jetpack_sharing_enabled":true,"tiered_pricing_type":"fixed","tiered_pricing_fixed_rules":[],"tiered_pricing_product_settings":{"layout":"default","base_unit_name":{"singular":null,"plural":null},"default_variation":null},"tiered_pricing_minimum_quantity":null,"tiered_pricing_roles_data":[],"tiered_pricing_percentage_rules":[],"tiered_pricing_maximum_quantity":null,"tiered_pricing_quantity_step":null,"_links":{"self":[{"href":"https:\/\/frvape.com\/fr\/wp-json\/wp\/v2\/product\/1782","targetHints":{"allow":["GET"]}}],"collection":[{"href":"https:\/\/frvape.com\/fr\/wp-json\/wp\/v2\/product"}],"about":[{"href":"https:\/\/frvape.com\/fr\/wp-json\/wp\/v2\/types\/product"}],"replies":[{"embeddable":true,"href":"https:\/\/frvape.com\/fr\/wp-json\/wp\/v2\/comments?post=1782"}],"wp:featuredmedia":[{"embeddable":true,"href":"https:\/\/frvape.com\/fr\/wp-json\/wp\/v2\/media\/1776"}],"wp:attachment":[{"href":"https:\/\/frvape.com\/fr\/wp-json\/wp\/v2\/media?parent=1782"}],"wp:term":[{"taxonomy":"product_brand","embeddable":true,"href":"https:\/\/frvape.com\/fr\/wp-json\/wp\/v2\/product_brand?post=1782"},{"taxonomy":"product_cat","embeddable":true,"href":"https:\/\/frvape.com\/fr\/wp-json\/wp\/v2\/product_cat?post=1782"},{"taxonomy":"product_tag","embeddable":true,"href":"https:\/\/frvape.com\/fr\/wp-json\/wp\/v2\/product_tag?post=1782"}],"curies":[{"name":"wp","href":"https:\/\/api.w.org\/{rel}","templated":true}]}}