{"id":2101,"date":"2025-10-12T02:55:50","date_gmt":"2025-10-12T02:55:50","guid":{"rendered":"https:\/\/frvape.com\/product\/uzy-crystal-pro-max-10000-puffs-disposable-vape-rechargeable-disposable\/"},"modified":"2025-11-04T01:54:08","modified_gmt":"2025-11-04T01:54:08","slug":"uzy-crystal-pro-max-10000-puffs-jetable-vape-rechargeable-jetable","status":"publish","type":"product","link":"https:\/\/frvape.com\/fr\/produit\/uzy-crystal-pro-max-10000-puffs-jetable-vape-rechargeable-jetable\/","title":{"rendered":"UZY Crystal Pro Max 10000 bouff\u00e9es Vape jetable - Rechargeable Jetable"},"content":{"rendered":"<h3>Premium Vaping Revolution<\/h3>\n<p>D\u00e9couvrez le summum de la commodit\u00e9 et de la puissance avec le <strong>UZY Crystal Pro Max 10000 bouff\u00e9es Vape jetable<\/strong>. Con\u00e7u pour les vapoteurs \u00e0 la recherche de performances, ce dispositif l\u00e9ger mais avanc\u00e9 offre une grande souplesse d'utilisation. <strong>une exp\u00e9rience de vapotage sur mesure<\/strong> avec des sp\u00e9cifications r\u00e9volutionnaires. Con\u00e7u pour un plaisir durable et une portabilit\u00e9 sans effort.<\/p>\n<h3>Ing\u00e9nierie \u00e9nerg\u00e9tique avanc\u00e9e<\/h3>\n<p>\u00c9quip\u00e9 d'un robuste <strong>Batterie rechargeable de 650mAh<\/strong>Le Crystal Pro Max offre une qualit\u00e9 de service in\u00e9gal\u00e9e dans l'industrie. <strong>10 000 bouff\u00e9es par charge compl\u00e8te<\/strong>. Le syst\u00e8me int\u00e9gr\u00e9 <strong>Port de charge de type C (entr\u00e9e 5V\/1A)<\/strong> permet une recharge ultra-rapide, garantissant un temps d'arr\u00eat minimal entre les sessions. Profitez d'un usage prolong\u00e9 sans vous soucier de la batterie.<\/p>\n<h3>Capacit\u00e9 massive d'e-liquide<\/h3>\n<p>Savourez une saveur ininterrompue gr\u00e2ce \u00e0 son large \u00e9ventail d'accessoires. <strong>R\u00e9servoir d'e-juice pr\u00e9-rempli de 16ml<\/strong>. La capacit\u00e9 g\u00e9n\u00e9reuse r\u00e9duit consid\u00e9rablement la fr\u00e9quence de remplissage tout en maximisant la satisfaction. Associ\u00e9 \u00e0 une technologie de pr\u00e9cision, le <strong>Bobines mesh 1.0ohm<\/strong>Il assure une production de vapeur constante et une pr\u00e9cision optimale des ar\u00f4mes \u00e0 chaque bouff\u00e9e.<\/p>\n<h3>Contr\u00f4le de la nicotine sur mesure<\/h3>\n<p>Personnalisez votre exp\u00e9rience gr\u00e2ce \u00e0 la flexibilit\u00e9 <strong>options de sel de nicotine : 0%, 2%, 3%, ou 5%<\/strong>. Qu'il s'agisse de r\u00e9duire la consommation ou de rechercher l'intensit\u00e9, le Crystal Pro Max s'adapte \u00e0 vos besoins. Profitez de coups de gorge plus doux et d'une distribution efficace pour une satisfaction personnalis\u00e9e.<\/p>\n<h3>Construction robuste et caract\u00e9ristiques pratiques<\/h3>\n<p><strong>Mat\u00e9riaux PC de premi\u00e8re qualit\u00e9<\/strong> garantissent la durabilit\u00e9 tout en conservant une esth\u00e9tique \u00e9l\u00e9gante. Le design futuriste <strong>Conception de l'\u00e9clairage RVB<\/strong> ajoute une touche de sophistication et sert \u00e9galement d'indicateur d'utilisation. Soutenu par un <strong>garantie compl\u00e8te d'un an<\/strong>nous garantissons la fiabilit\u00e9 du produit et la constance des performances.<\/p>\n<h3>S\u00e9lection exclusive d'ar\u00f4mes<\/h3>\n<p>D\u00e9couvrez 20 profils de go\u00fbt haut de gamme con\u00e7us pour une exp\u00e9rience de vapotage exceptionnelle :<br \/><strong>P\u00eache, baie, myrtille, framboise, triple raisin, glace au cola, glace \u00e0 la fraise, glace \u00e0 la past\u00e8que, triple baie, past\u00e8que \u00e0 la fraise, Mr Blue, p\u00eache, mangue, ananas, glace \u00e0 la myrtille, glace \u00e0 la cerise, glace \u00e0 l'\u00e9nergie rouge, quilles, kiwi, fruit de la passion, goyave, p\u00eache, glace \u00e0 la fraise, kiwi, triple mangue, mangue \u00e0 la fraise, past\u00e8que, bubblegum.<\/strong><br \/>Trouvez la saveur qui vous convient gr\u00e2ce \u00e0 notre vaste palette.<\/p>\n<h3>Avantage de l'emballage en vrac<\/h3>\n<p>Exp\u00e9di\u00e9 en <strong>bo\u00eetes pratiques de 10 pi\u00e8ces<\/strong>Cette offre group\u00e9e vous permet d'\u00eatre toujours \u00e9quip\u00e9. Id\u00e9al pour une sauvegarde personnelle ou pour partager une technologie de pointe avec d'autres vapoteurs. D\u00e9couvrez la fusion harmonieuse de l'ing\u00e9nierie de pointe et de la commodit\u00e9 du style de vie.<\/p>\n<p>Con\u00e7u pour les utilisateurs exigeants, le UZY Crystal Pro Max 10000 est un exemple d'innovation gr\u00e2ce \u00e0 ses caract\u00e9ristiques suivantes <strong>dur\u00e9e de vie extra-longue<\/strong>, <strong>recharge rapide<\/strong>, <strong>options de nicotine personnalisables<\/strong>et <strong>une grande diversit\u00e9 de saveurs<\/strong>. Transformez le vapotage quotidien en un rituel haut de gamme gr\u00e2ce \u00e0 une qualit\u00e9 de vapeur in\u00e9gal\u00e9e et \u00e0 un confort ergonomique.<\/p>\n<p>Gr\u00e2ce \u00e0 une attention m\u00e9ticuleuse port\u00e9e \u00e0 la dynamique du flux d'air et \u00e0 la puret\u00e9 des mat\u00e9riaux, chaque composant contribue \u00e0 des aspirations douces et savoureuses. L'embout conique offre une sensation naturelle sur les l\u00e8vres tout en optimisant la diffusion de la vapeur. Un compagnon essentiel pour les voyages et les routines quotidiennes, alliant des performances de haut niveau \u00e0 une convivialit\u00e9 in\u00e9gal\u00e9e.<\/p>","protected":false},"excerpt":{"rendered":"<p>Faites l'exp\u00e9rience de 10 000 bouff\u00e9es gr\u00e2ce \u00e0 la batterie rechargeable. <strong>UZY Crystal Pro Max<\/strong> vape jetable contenant 16ml d'e-liquide. Comprend une puissante batterie de 650mAh, <strong>Chargement de type C<\/strong>, <strong>technologie des bobines de maille<\/strong>et personnalisable <strong>taux de nicotine<\/strong> (0%\/2%\/3%\/5%). L'alliance parfaite de la portabilit\u00e9 et de la haute performance.<\/p>","protected":false},"featured_media":2095,"comment_status":"open","ping_status":"closed","template":"","meta":[],"product_brand":[237],"product_cat":[846,1017],"product_tag":[128,316,197,75,315,314],"class_list":{"0":"post-2101","1":"product","2":"type-product","3":"status-publish","4":"has-post-thumbnail","6":"product_brand-uzy","7":"product_cat-uzy","8":"product_cat-crystal-vapes","9":"product_tag-10000-puffs-disposable-vape","10":"product_tag-crystal-pro-max-flavors","11":"product_tag-mesh-coil-e-cigarette","12":"product_tag-rechargeable-disposable-vape","13":"product_tag-salt-nicotine-vape","14":"product_tag-uzy-crystal-pro-max-10000","16":"first","17":"instock","18":"sale","19":"shipping-taxable","20":"purchasable","21":"product-type-variable"},"jetpack_sharing_enabled":true,"tiered_pricing_type":"fixed","tiered_pricing_fixed_rules":[],"tiered_pricing_product_settings":{"layout":"default","base_unit_name":{"singular":null,"plural":null},"default_variation":null},"tiered_pricing_minimum_quantity":null,"tiered_pricing_roles_data":[],"tiered_pricing_percentage_rules":[],"tiered_pricing_maximum_quantity":null,"tiered_pricing_quantity_step":null,"_links":{"self":[{"href":"https:\/\/frvape.com\/fr\/wp-json\/wp\/v2\/product\/2101","targetHints":{"allow":["GET"]}}],"collection":[{"href":"https:\/\/frvape.com\/fr\/wp-json\/wp\/v2\/product"}],"about":[{"href":"https:\/\/frvape.com\/fr\/wp-json\/wp\/v2\/types\/product"}],"replies":[{"embeddable":true,"href":"https:\/\/frvape.com\/fr\/wp-json\/wp\/v2\/comments?post=2101"}],"wp:featuredmedia":[{"embeddable":true,"href":"https:\/\/frvape.com\/fr\/wp-json\/wp\/v2\/media\/2095"}],"wp:attachment":[{"href":"https:\/\/frvape.com\/fr\/wp-json\/wp\/v2\/media?parent=2101"}],"wp:term":[{"taxonomy":"product_brand","embeddable":true,"href":"https:\/\/frvape.com\/fr\/wp-json\/wp\/v2\/product_brand?post=2101"},{"taxonomy":"product_cat","embeddable":true,"href":"https:\/\/frvape.com\/fr\/wp-json\/wp\/v2\/product_cat?post=2101"},{"taxonomy":"product_tag","embeddable":true,"href":"https:\/\/frvape.com\/fr\/wp-json\/wp\/v2\/product_tag?post=2101"}],"curies":[{"name":"wp","href":"https:\/\/api.w.org\/{rel}","templated":true}]}}