{"id":2199,"date":"2025-10-12T03:04:37","date_gmt":"2025-10-12T03:04:37","guid":{"rendered":"https:\/\/frvape.com\/product\/aivono-aim-fatpro-22000-disposable-vape-up-to-22000-puffs-with-direct-lung-design\/"},"modified":"2025-12-16T09:37:01","modified_gmt":"2025-12-16T09:37:01","slug":"aivono-aim-fatpro-22000-disposable-vape-up-to-22000-puffs-with-direct-lung-design","status":"publish","type":"product","link":"https:\/\/frvape.com\/fr\/produit\/aivono-aim-fatpro-22000-disposable-vape-up-to-22000-puffs-with-direct-lung-design\/","title":{"rendered":"Aivono Aim Fatpro 22000 Vape jetable - Jusqu'\u00e0 22 000 bouff\u00e9es avec le design Direct Lung"},"content":{"rendered":"<h3>Aper\u00e7u du produit<\/h3>\n<p>D\u00e9couvrez le summum de la commodit\u00e9 et du plaisir avec le <strong>Aivono Aim Fatpro 22000 vape jetable<\/strong>. Con\u00e7u pour la puissance et l'endurance, cet appareil d\u00e9livre jusqu'\u00e0 <strong>22 000 bouff\u00e9es<\/strong> pour des sessions de vapotage ininterrompues, ce qui en fait un choix de premier ordre pour les amateurs de nuages et les aficionados du narguil\u00e9.<br \/>Avec un <strong>Batterie robuste de 600mAh en cobalt pur<\/strong> et <strong>Chargement rapide Type-C<\/strong>Il garantit une r\u00e9utilisation fiable, tandis que le syst\u00e8me de gestion de l'information de l'Union europ\u00e9enne (UE) est un syst\u00e8me de gestion de l'information. <strong>DTL (poumon direct)<\/strong> produit des nuages de vapeur volumineux pour une immersion semblable \u00e0 celle d'un narguil\u00e9.<\/p>\n<h3>Caract\u00e9ristiques principales<\/h3>\n<p><strong>Nombre \u00e9lev\u00e9 de bouff\u00e9es :<\/strong> Cette vape procure une sensation de bien-\u00eatre in\u00e9gal\u00e9e. <strong>22 000 bouff\u00e9es par appareil<\/strong>et d\u00e9passent les options jetables habituelles.<br \/>Son <strong>une endurance exceptionnelle<\/strong> r\u00e9pond aux besoins des utilisateurs intensifs en \u00e9liminant les recharges et les frais fr\u00e9quents.<br \/><strong>Dessin direct du poumon (DTL) :<\/strong> Optimis\u00e9 pour <strong>inhalation pulmonaire<\/strong> pour cr\u00e9er d'\u00e9normes nuages de vapeur, cette fonction est id\u00e9ale pour les utilisateurs qui recherchent une satisfaction profonde, semblable \u00e0 celle d'un narguil\u00e9.<br \/><strong>Saveurs inspir\u00e9es du narguil\u00e9 :<\/strong> D\u00e9couvrez des go\u00fbts riches et aromatiques qui reproduisent les sensations traditionnelles du narguil\u00e9.<br \/>La technologie avanc\u00e9e des ar\u00f4mes garantit que chaque bouff\u00e9e d\u00e9livre une vapeur homog\u00e8ne et douce, adapt\u00e9e aux besoins de l'utilisateur. <strong>les amateurs de narguil\u00e9<\/strong>.<br \/><strong>Fonctionnement sans huile :<\/strong> M\u00eame en cas d'\u00e9puisement <strong>niveaux d'e-liquide<\/strong>L'appareil continue \u00e0 fonctionner sans probl\u00e8me.<br \/>Cette innovation permet d'\u00e9viter les interruptions impr\u00e9vues, bien qu'il soit recommand\u00e9 de faire le plein en temps voulu pour prot\u00e9ger l'appareil. <strong>noyau de l'atomiseur<\/strong> et prolonger la dur\u00e9e de vie de l'appareil.<br \/><strong>Capacit\u00e9 substantielle en E-Liquide :<\/strong> Avec une g\u00e9n\u00e9reuse <strong>Capacit\u00e9 de 28 ml d'e-liquide<\/strong>Il minimise la fr\u00e9quence des recharges.<br \/>Ce grand volume permet de tirer des milliers de bouff\u00e9es sans compromettre la qualit\u00e9 de l'air. <strong>qualit\u00e9 de la vapeur<\/strong>.<br \/><strong>Batterie robuste :<\/strong> B\u00e9n\u00e9ficiez d'une puissance constante gr\u00e2ce \u00e0 l'alimentation int\u00e9gr\u00e9e <strong>pile au cobalt pur<\/strong>.<br \/>Les <strong>Capacit\u00e9 de 600mAh<\/strong> permet une recharge efficace gr\u00e2ce au syst\u00e8me moderne <strong>Port de type C<\/strong> pour des recharges rapides dans n'importe quel contexte.<br \/><strong>Technologie de la bobine de maille :<\/strong> Les <strong>Bobine \u00e0 maille de r\u00e9sistance de 0,6\u03a9<\/strong> garantit une production de vapeur sup\u00e9rieure avec une clart\u00e9 de go\u00fbt am\u00e9lior\u00e9e.<br \/>Il fonctionne efficacement pour maintenir <strong>go\u00fbt riche consistance<\/strong> m\u00eame lorsque le nombre de bouff\u00e9es est \u00e9lev\u00e9.<\/p>\n<h3>Fonctionnalit\u00e9 avanc\u00e9e<\/h3>\n<p>Faites l'exp\u00e9rience d'innovations conviviales gr\u00e2ce \u00e0 un <strong>affichage num\u00e9rique<\/strong> qui montre clairement <strong>puissance restante de la batterie<\/strong> et <strong>niveaux d'e-liquide<\/strong>.<br \/><strong>Portabilit\u00e9 l\u00e9g\u00e8re<\/strong> est un avantage essentiel \u00e0 seulement <strong>96g poids net<\/strong>permettant de vaper facilement en d\u00e9placement.<br \/>En outre, les nicotines personnalisables r\u00e9pondent aux pr\u00e9f\u00e9rences personnelles, avec des options pour <strong>0%, 2%, 3% ou 5% teneur en sel de nicotine<\/strong> en fonction de votre tol\u00e9rance.<\/p>\n<h3>Saveurs disponibles<\/h3>\n<p><strong>Liste des saveurs :<\/strong> Explorer <strong>go\u00fbt de narguil\u00e9<\/strong> avec une riche s\u00e9lection pour satisfaire tous les palais :<br \/><strong>Glace luxuriante<\/strong><br \/><strong>R\u00eave lucide<\/strong><br \/><strong>Deux pommes<\/strong><br \/><strong>Raisin Min<\/strong><br \/><strong>Cerise Framboise<\/strong><br \/><strong>Glace aux baies<\/strong><br \/><strong>Glace \u00e0 la p\u00eache<\/strong><br \/><strong>Amour 66<\/strong><br \/><strong>Punch aux fraises<\/strong><br \/><strong>Gomme \u00e0 la myrtille<\/strong><br \/>Chaque <strong>option de saveur<\/strong> reproduit la profondeur traditionnelle du narguil\u00e9 tout en d\u00e9livrant une vapeur douce et intense.<\/p>\n<h3>Sp\u00e9cifications des produits<\/h3>\n<p><strong>Sp\u00e9cifications essentielles :<\/strong> Nombre de bouff\u00e9es : <strong>22 000 bouff\u00e9es DTL<\/strong><br \/>Capacit\u00e9 d'e-liquide : <strong>28ml<\/strong><br \/>Technologie de la batterie : <strong>Batterie au cobalt pur 18250<\/strong> avec <strong>Capacit\u00e9 de 600mAh<\/strong> (rechargeable)<br \/>Chargement : <strong>Port de type C<\/strong> soutenu<br \/>Fil chauffant : <strong>Bobine \u00e0 mailles de 0,6\u03a9<\/strong> pour une vapeur optimale<br \/>Dimensions de l'appareil : <strong>32\u00d7126mm<\/strong><br \/>Simple Poids : <strong>96g<\/strong><br \/>Options de sel de nicotine : <strong>0%, 2%, 3%, 5%<\/strong><br \/>Fonctions essentielles : <strong>Inhalation pulmonaire<\/strong>Affichage num\u00e9rique de la batterie et de l'huile, <strong>simulation d'ar\u00f4me de narguil\u00e9<\/strong><br \/>D\u00e9tails de l'emballage : Petite bo\u00eete (<strong>40\u00d740\u00d7140mm<\/strong>), Grande taille de bo\u00eete (<strong>83\u00d7140\u00d7120mm<\/strong>), la bo\u00eete standard contient <strong>200 pi\u00e8ces par bo\u00eete<\/strong>avec les dimensions globales de la bo\u00eete (<strong>68.5\u00d738\u00d724cm<\/strong>) et le poids (<strong>20 kg<\/strong>) pour la manutention en vrac.<br \/>Support OEM\/ODM : Options de personnalisation compl\u00e8tes pour les clients en gros.<\/p>\n<h3>Valeur et qualit\u00e9<\/h3>\n<p>Les <strong>Aivono Aim Fatpro 22000<\/strong> livre <strong>une valeur exceptionnelle<\/strong> en conciliant caract\u00e9ristiques haut de gamme et prix abordable.<br \/>Ses prix comp\u00e9titifs conviennent aux vapoteurs soucieux de leur budget et d\u00e9sireux de r\u00e9aliser des \u00e9conomies \u00e0 long terme.<br \/>Soutenu par <strong>une assurance de haute qualit\u00e9<\/strong>Chaque appareil r\u00e9pond \u00e0 des normes de production rigoureuses pour garantir sa fiabilit\u00e9.<br \/>Notre <strong>un service client\u00e8le d\u00e9di\u00e9<\/strong> garantit une exp\u00e9rience d'achat sans faille, et <strong>exp\u00e9dition rapide<\/strong> garantissent aux entreprises des r\u00e9approvisionnements en temps voulu.<br \/>Parfaite pour les partenariats de gros, elle est \u00e9volutive. <strong>Personnalisation OEM\/ODM<\/strong>.<\/p>","protected":false},"excerpt":{"rendered":"<p>Les <strong>Aivono Aim Fatpro 22000<\/strong> offre un nombre impressionnant de <strong>22 000 bouff\u00e9es<\/strong> dans un endroit pratique <strong>vape jetable<\/strong>, avec <strong>DTL design<\/strong> et authentique <strong>saveurs de narguil\u00e9<\/strong> pour une exp\u00e9rience de vapotage am\u00e9lior\u00e9e.<br \/>Profitez d'une performance durable avec un <strong>Capacit\u00e9 de 28 ml d'e-liquide<\/strong> et r\u00e9utilisable <strong>Chargement de type C<\/strong> en plusieurs dosages de nicotine.<\/p>","protected":false},"featured_media":2193,"comment_status":"open","ping_status":"closed","template":"","meta":[],"product_brand":[165],"product_cat":[951],"product_tag":[1022,1121,321,112,319,320,84],"class_list":{"0":"post-2199","1":"product","2":"type-product","3":"status-publish","4":"has-post-thumbnail","6":"product_brand-aivono","7":"product_cat-aivono","8":"product_tag-000-puffs-vape","9":"product_tag-1121","10":"product_tag-aivono-fatpro-22000","11":"product_tag-disposable-vape","12":"product_tag-dtl-electronic-cigarette","13":"product_tag-hookah-flavor-vape","14":"product_tag-rechargeable-vape-pen","16":"first","17":"instock","18":"sale","19":"shipping-taxable","20":"purchasable","21":"product-type-variable"},"jetpack_sharing_enabled":true,"tiered_pricing_type":"fixed","tiered_pricing_fixed_rules":[],"tiered_pricing_product_settings":{"layout":"default","base_unit_name":{"singular":null,"plural":null},"default_variation":null},"tiered_pricing_minimum_quantity":null,"tiered_pricing_roles_data":[],"tiered_pricing_percentage_rules":[],"tiered_pricing_maximum_quantity":null,"tiered_pricing_quantity_step":null,"_links":{"self":[{"href":"https:\/\/frvape.com\/fr\/wp-json\/wp\/v2\/product\/2199","targetHints":{"allow":["GET"]}}],"collection":[{"href":"https:\/\/frvape.com\/fr\/wp-json\/wp\/v2\/product"}],"about":[{"href":"https:\/\/frvape.com\/fr\/wp-json\/wp\/v2\/types\/product"}],"replies":[{"embeddable":true,"href":"https:\/\/frvape.com\/fr\/wp-json\/wp\/v2\/comments?post=2199"}],"wp:featuredmedia":[{"embeddable":true,"href":"https:\/\/frvape.com\/fr\/wp-json\/wp\/v2\/media\/2193"}],"wp:attachment":[{"href":"https:\/\/frvape.com\/fr\/wp-json\/wp\/v2\/media?parent=2199"}],"wp:term":[{"taxonomy":"product_brand","embeddable":true,"href":"https:\/\/frvape.com\/fr\/wp-json\/wp\/v2\/product_brand?post=2199"},{"taxonomy":"product_cat","embeddable":true,"href":"https:\/\/frvape.com\/fr\/wp-json\/wp\/v2\/product_cat?post=2199"},{"taxonomy":"product_tag","embeddable":true,"href":"https:\/\/frvape.com\/fr\/wp-json\/wp\/v2\/product_tag?post=2199"}],"curies":[{"name":"wp","href":"https:\/\/api.w.org\/{rel}","templated":true}]}}