{"id":2322,"date":"2025-10-12T03:15:44","date_gmt":"2025-10-12T03:15:44","guid":{"rendered":"https:\/\/frvape.com\/product\/waspe-60000-triple-flavor-disposable-vape-54ml-e-liquid-60000-puffs-rechargeable\/"},"modified":"2025-12-16T09:42:52","modified_gmt":"2025-12-16T09:42:52","slug":"waspe-60000-triple-flavor-jetable-vape-54ml-e-liquid-60000-puffs-rechargeable","status":"publish","type":"product","link":"https:\/\/frvape.com\/fr\/produit\/waspe-60000-triple-flavor-jetable-vape-54ml-e-liquid-60000-puffs-rechargeable\/","title":{"rendered":"Waspe 60000 Triple Flavor Disposable Vape - 54ml E-liquide, 60000 Puffs, Rechargeable"},"content":{"rendered":"<h3>L'exp\u00e9rience r\u00e9volutionnaire de la triple saveur<\/h3>\n<p>Les <strong>Waspe Aiviou 3in1 60000<\/strong> La vape jetable red\u00e9finit la commodit\u00e9 et la performance. Solution tout-en-un par excellence, cet appareil combine trois chambres d'ar\u00f4mes s\u00e9par\u00e9es dans un design compact et portable mesurant seulement 47x47x116mm et pesant 130g. Con\u00e7u pour les gros consommateurs et les amateurs d'ar\u00f4mes, il contient 18 ml d'e-liquide par compartiment d'ar\u00f4me (54 ml au total), ce qui permet d'obtenir un taux de consommation de pointe. <strong>60 000 bouff\u00e9es satisfaisantes<\/strong>.<\/p>\n<h3>Sp\u00e9cifications techniques avanc\u00e9es<\/h3>\n<p>- <strong>Nombre de bouff\u00e9es :<\/strong> 60 000 bouff\u00e9es<br \/>\n- <strong>Capacit\u00e9 d'e-liquide :<\/strong> 54ml (18ml+18ml+18ml)<br \/>\n- <strong>Points forts de la nicotine :<\/strong> 0%, 2% ou 5% sel de nicotine<br \/>\n- <strong>Technologie de la bobine :<\/strong> Triple bobines de 0,9\u03a9<br \/>\n- <strong>Batterie :<\/strong> 650mAh rechargeable avec port Type-C<br \/>\n- <strong>Affichage :<\/strong> Indicateur LED intelligent d'e-juice et de batterie<br \/>\n- <strong>Chargement :<\/strong> Syst\u00e8me de recharge rapide Type-C<br \/>\n- <strong>Dimensions :<\/strong> 47\u00d747\u00d7116mm (130g)<\/p>\n<h3>Technologie de pointe Triple Mesh Coil<\/h3>\n<p>Exp\u00e9rience <strong>une pr\u00e9cision de go\u00fbt in\u00e9gal\u00e9e<\/strong> avec nos triples bobines de 0,9\u03a9. Ce syst\u00e8me innovant utilise trois \u00e9l\u00e9ments chauffants ind\u00e9pendants qui travaillent en harmonie pour optimiser l'efficacit\u00e9 de la vaporisation. Contrairement aux appareils \u00e0 simple bobine, notre technologie \u00e0 triple bobine cr\u00e9e des nuages de vapeur plus denses tout en pr\u00e9servant le profil de go\u00fbt authentique de chaque e-liquide. Le design du mesh offre 300% plus de surface de chauffe que les coils traditionnels, garantissant une performance constante jusqu'\u00e0 la derni\u00e8re goutte.<\/p>\n<h3>Un portefeuille complet d'ar\u00f4mes<\/h3>\n<p>Choisissez parmi 12 combinaisons de trois saveurs s\u00e9lectionn\u00e9es par des experts. Chaque <strong>Waspe 60000<\/strong> offre trois exp\u00e9riences gustatives simultan\u00e9es :<\/p>\n<p><strong>Option 1 :<\/strong> Fraise Framboise Cerise<br \/>\nAmour 666<br \/>\nGlace \u00e0 la cerise<\/p>\n<p><strong>Option 2 :<\/strong> Glace \u00e0 la p\u00eache<br \/>\nAnanas Mangue P\u00eache<br \/>\nCranberry Lemon<\/p>\n<p><strong>Option 3 :<\/strong> Myrtille Framboise<br \/>\nBarbe \u00e0 papa aux myrtilles<br \/>\nGlace double pomme<\/p>\n<p><strong>Option 4 :<\/strong> Cerise Cola Ice<br \/>\nCola \u00e0 la fraise<br \/>\nCola Ice<\/p>\n<p><strong>Option 5 :<\/strong> Glace de raisin<br \/>\nBonbons \u00e0 la fraise<br \/>\nFraise Framboise Cerise<\/p>\n<p><strong>Option 6 :<\/strong> Baies m\u00e9lang\u00e9es<br \/>\nOurs en gomme<br \/>\nM\u00e9lange de fruits<\/p>\n<p><strong>Option 7 :<\/strong> Glace triple melon<br \/>\nBonbons arc-en-ciel<br \/>\nBonbons \u00e0 la myrtille<\/p>\n<p><strong>Option 8 :<\/strong> Glace aux myrtilles<br \/>\nGlace du dragon noir<br \/>\nGlace \u00e0 la cerise p\u00e9tillante<\/p>\n<p><strong>Option 9 :<\/strong> Red Bull Ice<br \/>\nFraise Mangue<br \/>\nFraise Past\u00e8que Bubblegum<\/p>\n<p><strong>Option 10 :<\/strong> Glace \u00e0 la past\u00e8que<br \/>\nFraise Kiwi<br \/>\nCitron vert<\/p>\n<p><strong>Option 11 :<\/strong> Fraise et banane<br \/>\nGlace \u00e0 l'ananas et \u00e0 la noix de coco<br \/>\nGlace \u00e0 la mangue<\/p>\n<p><strong>Option 12 :<\/strong> Past\u00e8que \u00e0 la fraise<br \/>\nBonbons \u00e0 la fraise et \u00e0 la framboise<br \/>\nGlace de raisin<\/p>\n<h3>Caract\u00e9ristiques de l'utilisateur intelligent<\/h3>\n<p>Le syst\u00e8me int\u00e9gr\u00e9 <strong>Affichage LED<\/strong> permet de contr\u00f4ler en temps r\u00e9el <strong>niveaux d'e-liquide<\/strong> et l'\u00e9tat de la batterie, \u00e9liminant ainsi les conjectures et \u00e9vitant les coups secs. Le syst\u00e8me d'affichage par le bas <strong>Port de charge de type C<\/strong> permet des recharges rapides lors de cycles d'utilisation prolong\u00e9s, garantissant que vous extrayez chaque goutte de l'e-liquide d'une capacit\u00e9 de 54 ml. La batterie optimis\u00e9e de 650mAh d\u00e9livre une puissance stable tout au long de la dur\u00e9e de vie de l'appareil, maintenant une production de vapeur constante de la premi\u00e8re \u00e0 la derni\u00e8re bouff\u00e9e.<\/p>\n<h3>Avantages pour le commerce de gros et emballage<\/h3>\n<p>En tant que produit de gros de premier ordre, le <strong>Waspe 60000<\/strong> est conditionn\u00e9 dans des bo\u00eetes pratiques pr\u00eates \u00e0 la vente (10 appareils\/bo\u00eete) avec des cartons principaux contenant 160 unit\u00e9s (16 bo\u00eetes). Chaque carton d'exp\u00e9dition ne p\u00e8se que 21 kg, ce qui optimise l'espace de stockage et l'efficacit\u00e9 logistique. Nos prix directs de fabricant offrent des marges exceptionnelles, tandis que l'exp\u00e9dition rapide minimise les ruptures de stock. Que vous \u00e9quipiez des boutiques de vape ou que vous fournissiez des distributeurs, ce produit tr\u00e8s demand\u00e9 promet une rotation rapide et une fid\u00e9lisation de la client\u00e8le.<\/p>\n<h3>Une assurance qualit\u00e9 sans compromis<\/h3>\n<p>Chaque <strong>Waspe Aiviou 3in1<\/strong> subit des tests de qualit\u00e9 rigoureux, depuis la pr\u00e9vention des fuites jusqu'aux certifications de s\u00e9curit\u00e9 des piles. L'emballage \u00e0 l'\u00e9preuve des enfants et l'\u00e9tiquetage conforme \u00e0 la nicotine garantissent le respect des exigences r\u00e9glementaires en mati\u00e8re de vente au d\u00e9tail. Fabriqu\u00e9s avec des mat\u00e9riaux de qualit\u00e9 alimentaire et des bobines test\u00e9es avec soin, nous garantissons un fonctionnement sans faille tout au long du cycle de vie de l'appareil.<\/p>","protected":false},"excerpt":{"rendered":"<p>Faites l'exp\u00e9rience d'un vaping sans pr\u00e9c\u00e9dent avec le <strong>Waspe Aiviou 3in1 60000<\/strong> vaping jetable featuring <strong>bobines \u00e0 triple maille<\/strong> et un \u00e9norme <strong>Capacit\u00e9 de 54 ml d'e-liquide<\/strong>. Profitez de jusqu'\u00e0 <strong>60 000 bouff\u00e9es<\/strong> avec <strong>Rechargeabilit\u00e9 de type C<\/strong> et <strong>Indicateurs d'affichage LED<\/strong>. Choisissez parmi 12 d\u00e9licieuses combinaisons \u00e0 triple saveur pour satisfaire tous les palais.<\/p>","protected":false},"featured_media":2316,"comment_status":"open","ping_status":"closed","template":"","meta":[],"product_brand":[332],"product_cat":[1068],"product_tag":[337,197,229,336,335,338],"class_list":{"0":"post-2322","1":"product","2":"type-product","3":"status-publish","4":"has-post-thumbnail","6":"product_brand-waspe","7":"product_cat-waspe","8":"product_tag-60000-puffs-vape","9":"product_tag-mesh-coil-e-cigarette","10":"product_tag-rechargeable-electronic-cigarette","11":"product_tag-triple-flavor-disposable","12":"product_tag-waspe-60000-vape","13":"product_tag-wholesale-disposable-vape","15":"first","16":"instock","17":"sale","18":"shipping-taxable","19":"purchasable","20":"product-type-variable"},"jetpack_sharing_enabled":true,"tiered_pricing_type":"fixed","tiered_pricing_fixed_rules":[],"tiered_pricing_product_settings":{"layout":"default","base_unit_name":{"singular":null,"plural":null},"default_variation":null},"tiered_pricing_minimum_quantity":null,"tiered_pricing_roles_data":[],"tiered_pricing_percentage_rules":[],"tiered_pricing_maximum_quantity":null,"tiered_pricing_quantity_step":null,"_links":{"self":[{"href":"https:\/\/frvape.com\/fr\/wp-json\/wp\/v2\/product\/2322","targetHints":{"allow":["GET"]}}],"collection":[{"href":"https:\/\/frvape.com\/fr\/wp-json\/wp\/v2\/product"}],"about":[{"href":"https:\/\/frvape.com\/fr\/wp-json\/wp\/v2\/types\/product"}],"replies":[{"embeddable":true,"href":"https:\/\/frvape.com\/fr\/wp-json\/wp\/v2\/comments?post=2322"}],"wp:featuredmedia":[{"embeddable":true,"href":"https:\/\/frvape.com\/fr\/wp-json\/wp\/v2\/media\/2316"}],"wp:attachment":[{"href":"https:\/\/frvape.com\/fr\/wp-json\/wp\/v2\/media?parent=2322"}],"wp:term":[{"taxonomy":"product_brand","embeddable":true,"href":"https:\/\/frvape.com\/fr\/wp-json\/wp\/v2\/product_brand?post=2322"},{"taxonomy":"product_cat","embeddable":true,"href":"https:\/\/frvape.com\/fr\/wp-json\/wp\/v2\/product_cat?post=2322"},{"taxonomy":"product_tag","embeddable":true,"href":"https:\/\/frvape.com\/fr\/wp-json\/wp\/v2\/product_tag?post=2322"}],"curies":[{"name":"wp","href":"https:\/\/api.w.org\/{rel}","templated":true}]}}