{"id":2623,"date":"2025-10-12T03:50:38","date_gmt":"2025-10-12T03:50:38","guid":{"rendered":"https:\/\/frvape.com\/product\/bang-king-13000-disposable-vape-13000-puffs-mesh-coil-16-flavors\/"},"modified":"2025-11-04T01:45:07","modified_gmt":"2025-11-04T01:45:07","slug":"bang-king-13000-jetable-vape-13000-puffs-mesh-coil-16-flavors","status":"publish","type":"product","link":"https:\/\/frvape.com\/fr\/produit\/bang-king-13000-jetable-vape-13000-puffs-mesh-coil-16-flavors\/","title":{"rendered":"Bang King 13000 Vape jetable - 13 000 bouff\u00e9es, bobine en maille et 16 ar\u00f4mes"},"content":{"rendered":"<p>Les <strong>Bang King 13000<\/strong> \u00e9l\u00e8ve le vaping jetable \u00e0 de nouveaux sommets, en combinant <strong>caract\u00e9ristiques exclusives<\/strong> avec un <strong>conception durable<\/strong> parfait pour les sessions prolong\u00e9es et le plaisir \u00e0 la vol\u00e9e. Con\u00e7u avec un puissant <strong>650mAh<\/strong> batterie et <strong>Type-C<\/strong> il maintient des performances constantes sans avoir \u00e0 \u00eatre constamment recharg\u00e9. Caract\u00e9ristiques <strong>23ml<\/strong> la capacit\u00e9 des e-liquides et <strong>0,6\u03a9 r\u00e9sistance<\/strong>Ce dispositif s'appuie sur des technologies de pointe en mati\u00e8re d'information et de communication. <strong>bobine de maille<\/strong> <strong>technologie<\/strong> pour intensifier les saveurs \u00e0 chaque bouff\u00e9e. Choisissez parmi plusieurs taux de nicotine -<strong>0%<\/strong>, <strong>2%<\/strong>, <strong>3%<\/strong>ou <strong>5%<\/strong>-pour s'adapter \u00e0 vos pr\u00e9f\u00e9rences.<\/p>\n<h3>Ergonomie du stylo<\/h3>\n<p>Savourez le confort de sa finesse, <strong>inspir\u00e9 d'un stylo<\/strong> La structure de l'appareil est minutieusement con\u00e7ue pour une prise en main s\u00fbre lors d'une utilisation prolong\u00e9e. Mesurant juste <strong>113 mm x 32 mm<\/strong> et pesant \u00e0 peine <strong>85g<\/strong>Il se glisse sans effort dans les poches ou les sacs et se fond dans la masse. <strong>portabilit\u00e9<\/strong> avec une esth\u00e9tique sophistiqu\u00e9e pour un vapotage discret.<\/p>\n<h3>Performance avanc\u00e9e de la bobine en maille<\/h3>\n<p>Boostez votre exp\u00e9rience du vapotage avec le syst\u00e8me int\u00e9gr\u00e9 <strong>bobine de maille<\/strong>qui transforme chaque bouff\u00e9e en une exp\u00e9rience plus douce et plus riche. Cette technologie innovante am\u00e9liore l'intensit\u00e9 des saveurs et la production de vapeur, garantissant des bouff\u00e9es toujours satisfaisantes, tant pour les fumeurs que pour les vapoteurs. <strong>nouveaux vapers<\/strong> et les connaisseurs.<\/p>\n<h3>Capacit\u00e9 de bouff\u00e9e massive<\/h3>\n<p>Profitez d'une valeur sans pr\u00e9c\u00e9dent avec <strong>13 000 bouff\u00e9es<\/strong> qui r\u00e9duisent la fr\u00e9quence de remplacement. Con\u00e7ue pour durer, elle offre une solution rentable pour vous permettre de vaper plus longtemps avec moins de rejets, ce qui est id\u00e9al pour les utilisateurs intensifs qui privil\u00e9gient la long\u00e9vit\u00e9.<\/p>\n<h3>Grande vari\u00e9t\u00e9 d'ar\u00f4mes<\/h3>\n<p>Se laisser tenter par 16 produits curatifs <strong>saveurs de vape<\/strong>La gamme de produits de l'Union europ\u00e9enne comprend des options int\u00e9ressantes pour les profils de fruits, de glace et de desserts :<\/p>\n<ul>\n<li>P\u00eache BLUEBERRY<\/li>\n<li>Glace \u00e0 la p\u00eache<\/li>\n<li>Baies m\u00e9lang\u00e9es<\/li>\n<li>GLACE AU MELON D'EAU<\/li>\n<li>Fraise kiwi<\/li>\n<li>Fraise et banane<\/li>\n<li>Past\u00e8que aux framboises<\/li>\n<li>glace \u00e0 la fraise<\/li>\n<li>Kiwi fruit de la passion goyave<\/li>\n<li>FRAISE PAST\u00c8QUE<\/li>\n<li>Alo\u00e8s raisin<\/li>\n<li>Mangue P\u00eache<\/li>\n<li>PASSION KISS<\/li>\n<li>glace bleue<\/li>\n<li>COLA DE CERISIER<\/li>\n<li>Barbe \u00e0 papa<\/li>\n<\/ul>\n<p>Cette gamme vari\u00e9e r\u00e9pond \u00e0 tous les go\u00fbts, des m\u00e9langes audacieux aux classiques rafra\u00eechissants.<\/p>\n<h3>La portabilit\u00e9 ultime<\/h3>\n<p>La mobilit\u00e9 en toute transparence dans un <strong>compact<\/strong> qui allie puissance de sortie et facilit\u00e9 d'utilisation. Parfait pour les voyages ou les sessions rapides, il garantit une exp\u00e9rience de premier ordre en d\u00e9placement sans compromettre la qualit\u00e9 de la vapeur ou la profondeur des ar\u00f4mes.<\/p>","protected":false},"excerpt":{"rendered":"<p>D\u00e9couvrez les <strong>Bang King 13000<\/strong>La vapoteuse est un produit jetable de grande capacit\u00e9 dot\u00e9 d'un syst\u00e8me de vaporisation avanc\u00e9. <strong>bobine de maille<\/strong> et jusqu'\u00e0 <strong>13 000 bouff\u00e9es<\/strong>Le vapoteur est disponible en 16 saveurs diff\u00e9rentes pour une exp\u00e9rience de vapotage am\u00e9lior\u00e9e. \u00c9l\u00e9gant, portable et rentable pour une utilisation quotidienne.<\/p>","protected":false},"featured_media":2617,"comment_status":"open","ping_status":"closed","template":"","meta":[],"product_brand":[133],"product_cat":[856],"product_tag":[361,360,112,77,115,155],"class_list":{"0":"post-2623","1":"product","2":"type-product","3":"status-publish","4":"has-post-thumbnail","6":"product_brand-bangking","7":"product_cat-bangking","8":"product_tag-13000-puff-vape","9":"product_tag-bang-king-13000","10":"product_tag-disposable-vape","11":"product_tag-mesh-coil-vape","12":"product_tag-rechargeable-vape","13":"product_tag-vape-flavors","15":"first","16":"instock","17":"sale","18":"shipping-taxable","19":"purchasable","20":"product-type-variable"},"jetpack_sharing_enabled":true,"tiered_pricing_type":"fixed","tiered_pricing_fixed_rules":[],"tiered_pricing_product_settings":{"layout":"default","base_unit_name":{"singular":null,"plural":null},"default_variation":null},"tiered_pricing_minimum_quantity":null,"tiered_pricing_roles_data":[],"tiered_pricing_percentage_rules":[],"tiered_pricing_maximum_quantity":null,"tiered_pricing_quantity_step":null,"_links":{"self":[{"href":"https:\/\/frvape.com\/fr\/wp-json\/wp\/v2\/product\/2623","targetHints":{"allow":["GET"]}}],"collection":[{"href":"https:\/\/frvape.com\/fr\/wp-json\/wp\/v2\/product"}],"about":[{"href":"https:\/\/frvape.com\/fr\/wp-json\/wp\/v2\/types\/product"}],"replies":[{"embeddable":true,"href":"https:\/\/frvape.com\/fr\/wp-json\/wp\/v2\/comments?post=2623"}],"wp:featuredmedia":[{"embeddable":true,"href":"https:\/\/frvape.com\/fr\/wp-json\/wp\/v2\/media\/2617"}],"wp:attachment":[{"href":"https:\/\/frvape.com\/fr\/wp-json\/wp\/v2\/media?parent=2623"}],"wp:term":[{"taxonomy":"product_brand","embeddable":true,"href":"https:\/\/frvape.com\/fr\/wp-json\/wp\/v2\/product_brand?post=2623"},{"taxonomy":"product_cat","embeddable":true,"href":"https:\/\/frvape.com\/fr\/wp-json\/wp\/v2\/product_cat?post=2623"},{"taxonomy":"product_tag","embeddable":true,"href":"https:\/\/frvape.com\/fr\/wp-json\/wp\/v2\/product_tag?post=2623"}],"curies":[{"name":"wp","href":"https:\/\/api.w.org\/{rel}","templated":true}]}}