{"id":3215,"date":"2025-10-12T04:37:42","date_gmt":"2025-10-12T04:37:42","guid":{"rendered":"https:\/\/frvape.com\/product\/bang-50000-disposable-vape-12-flavors-50k-puffs-rechargeable-mesh-coil-device\/"},"modified":"2025-12-16T08:52:13","modified_gmt":"2025-12-16T08:52:13","slug":"bang-50000-disposable-vape-12-flavors-50k-puffs-rechargeable-mesh-coil-device","status":"publish","type":"product","link":"https:\/\/frvape.com\/fr\/produit\/bang-50000-disposable-vape-12-flavors-50k-puffs-rechargeable-mesh-coil-device\/","title":{"rendered":"Bang 50000 Vape jetable - 12 ar\u00f4mes, 50K bouff\u00e9es, appareil rechargeable Mesh Coil"},"content":{"rendered":"<h3>Une puissance de vapotage ininterrompue<\/h3>\n<p>Les <strong>BANG 50000 Puffs Vape jetable<\/strong> red\u00e9finit le vapotage d'endurance avec une capacit\u00e9 r\u00e9volutionnaire. Con\u00e7u pour les vapoteurs qui exigent des performances de marathon, cet appareil offre <strong>jusqu'\u00e0 50 000 bouff\u00e9es satisfaisantes<\/strong> par unit\u00e9 - r\u00e9duisant les remplacements et maximisant le plaisir. Profitez de sessions ininterrompues gr\u00e2ce \u00e0 son syst\u00e8me int\u00e9gr\u00e9 d'alimentation en eau. <strong>Batterie rechargeable de 650mAh<\/strong> associ\u00e9 \u00e0 un syst\u00e8me de gestion de l'information de pointe <strong>Chargement rapide de type C<\/strong> technologie.<\/p>\n<h3>Ing\u00e9nierie de pr\u00e9cision<\/h3>\n<p>L'innovation \u00e0 double c\u0153ur est \u00e0 l'origine de chaque bouff\u00e9e : La technologie avanc\u00e9e <strong>Bobine de 1,09ohm<\/strong> optimise la distribution de la chaleur pour un r\u00e9sultat exceptionnel <strong>production de vapeur dense<\/strong> et une clart\u00e9 de go\u00fbt intense. Combin\u00e9 \u00e0 notre <strong>36mL d'e-liquide premium<\/strong> Le r\u00e9servoir contenant des ingr\u00e9dients fabriqu\u00e9s aux \u00c9tats-Unis, ce syst\u00e8me garantit l'int\u00e9grit\u00e9 de la saveur tout au long de votre voyage de vapotage. Personnalisez votre tirage avec le <strong>cadran de d\u00e9bit d'air r\u00e9glable<\/strong> pour un effet de gorge et une densit\u00e9 de nuage personnalis\u00e9s.<\/p>\n<h3>Contr\u00f4le de la nicotine sur mesure<\/h3>\n<p>Pour r\u00e9pondre \u00e0 toutes les pr\u00e9f\u00e9rences, le BANG B50000 est disponible en plusieurs versions. <strong>taux de nicotine : 0%, 2%, 3% et 5%<\/strong>. Qu'il s'agisse d'une transition \u00e0 partir de cigarettes traditionnelles ou d'un pur plaisir gustatif, vous trouverez l'\u00e9quilibre parfait entre satisfaction et douceur. Le syst\u00e8me intuitif de tirage ne n\u00e9cessite aucun bouton - il suffit d'inhaler pour obtenir une vaporisation instantan\u00e9e.<\/p>\n<h3>Catalogue de saveurs \u00e9lectrisantes<\/h3>\n<p>D\u00e9couvrez notre symphonie de 12 saveurs, compos\u00e9e de m\u00e9langes \u00e9labor\u00e9s par des experts :<\/p>\n<p>1. <strong>Past\u00e8que Cerise<\/strong>\/<strong>Coca-Cola \u00e0 la cerise<\/strong><br \/>2. <strong>Ananas noix de coco<\/strong>\/<strong>Glace \u00e0 l'ananas<\/strong><br \/>3. <strong>Mangue<\/strong>\/<strong>Fraise Mangue<\/strong><br \/>4. <strong>Glace \u00e0 la fraise<\/strong>\/<strong>Fraise et banane<\/strong><br \/>5. <strong>Glace de raisin<\/strong>\/<strong>Myrtille Raisin<\/strong><br \/>6. <strong>Boisson \u00e9nerg\u00e9tique<\/strong>\/<strong>Glace \u00e0 la past\u00e8que<\/strong><br \/>7. <strong>Glace \u00e0 la p\u00eache<\/strong>\/<strong>Mangue P\u00eache<\/strong><br \/>8. <strong>Past\u00e8que<\/strong>\/<strong>Past\u00e8que \u00e0 la myrtille<\/strong><br \/>9. <strong>Glace aux myrtilles<\/strong>\/<strong>Myrtille Menthe<\/strong><br \/>10. <strong>Past\u00e8que<\/strong>\/<strong>Past\u00e8que \u00e0 la fraise<\/strong><br \/>11. <strong>M\u00e9lange de fruits<\/strong>\/<strong>Triple baie<\/strong><br \/>12. <strong>Glace aux myrtilles<\/strong>\/<strong>Myrtille Framboise<\/strong><\/p>\n<h3>Technologie de vapotage intelligente<\/h3>\n<p>Le BANG B50000 int\u00e8gre de nombreuses fonctions intelligentes : Le flux d'air vertical en spirale cr\u00e9e une vapeur refroidie par vortex, tandis que la fen\u00eatre d'observation transparente de l'e-liquide vous permet de contr\u00f4ler les niveaux de jus. Les m\u00e9canismes de s\u00e9curit\u00e9 comprennent la protection contre la surcharge, la pr\u00e9vention des courts-circuits et la technologie d'arr\u00eat automatique. Son ch\u00e2ssis ergonomique adapt\u00e9 \u00e0 la paume de la main est dot\u00e9 d'une technologie anti-fuite et d'une finition mate anti-rayures.<\/p>\n<h3>Pourquoi les fumeurs choisissent Bang 50000<\/h3>\n<p>Plus qu'un produit jetable, il s'agit d'une ing\u00e9nierie de la performance perfectionn\u00e9e : <strong>30% : temps de mont\u00e9e en puissance de la bobine plus rapide<\/strong> par rapport aux produits jetables standard, <strong>20% canaux de vapeur internes plus larges<\/strong>et <strong>15% augmentation de la concentration d'ar\u00f4mes<\/strong> dans nos sels de nicotine. Compar\u00e9 aux dispositifs \u00e0 10 000 bouff\u00e9es n\u00e9cessitant plusieurs achats, notre syst\u00e8me \u00e0 haute capacit\u00e9 permet une utilisation 5 fois plus longue avec une qualit\u00e9 constante. Chaque unit\u00e9 subit 23 contr\u00f4les de qualit\u00e9, dont un test de production de vapeur et une validation des fuites.<\/p>\n<h3>Exp\u00e9rience premium garantie<\/h3>\n<p>Des explosions fruit\u00e9es aux sensations menthol\u00e9es glac\u00e9es, les <strong>Bang 50000<\/strong> offre en permanence des saveurs authentiques et vari\u00e9es gr\u00e2ce \u00e0 la technologie de liaison mol\u00e9culaire des saveurs. Faites l'exp\u00e9rience du summum de la <strong>innovation en mati\u00e8re de vape jetable<\/strong> o\u00f9 la production exceptionnelle de nuages rencontre la long\u00e9vit\u00e9 du marathon. Rejoignez les milliers de vapoteurs satisfaits qui ont fait de BANG leur appareil pour toute la journ\u00e9e - pas d'entretien, pas de recharge, juste une pure satisfaction de vapoter.<\/p>","protected":false},"excerpt":{"rendered":"<p>Vivez l'exp\u00e9rience d'un vaping \u00e9pique avec <strong>Bang B50000<\/strong>L'\u00e9norme <strong>50 000 bouff\u00e9es<\/strong> capacit\u00e9 &amp; <strong>36mL e-liquide<\/strong>. Caract\u00e9ristiques <strong>Chargement rapide de type C<\/strong>, <strong>Bobine de 1,09ohm<\/strong>et <strong>12 saveurs qui font envie<\/strong>. Choisissez parmi <strong>0%-5% nicotine<\/strong> points forts.<\/p>","protected":false},"featured_media":3209,"comment_status":"open","ping_status":"closed","template":"","meta":[],"product_brand":[107],"product_cat":[1072],"product_tag":[415,305,413,86,229,416],"class_list":{"0":"post-3215","1":"product","2":"type-product","3":"status-publish","4":"has-post-thumbnail","6":"product_brand-bang","7":"product_cat-bang","8":"product_tag-36ml-vape-device","9":"product_tag-50000-puffs-vape","10":"product_tag-bang-50000-disposable-vape","11":"product_tag-mesh-coil-disposable","12":"product_tag-rechargeable-electronic-cigarette","13":"product_tag-type-c-fast-charging","15":"first","16":"instock","17":"sale","18":"shipping-taxable","19":"purchasable","20":"product-type-variable"},"jetpack_sharing_enabled":true,"tiered_pricing_type":"fixed","tiered_pricing_fixed_rules":[],"tiered_pricing_product_settings":{"layout":"default","base_unit_name":{"singular":null,"plural":null},"default_variation":null},"tiered_pricing_minimum_quantity":null,"tiered_pricing_roles_data":[],"tiered_pricing_percentage_rules":[],"tiered_pricing_maximum_quantity":null,"tiered_pricing_quantity_step":null,"_links":{"self":[{"href":"https:\/\/frvape.com\/fr\/wp-json\/wp\/v2\/product\/3215","targetHints":{"allow":["GET"]}}],"collection":[{"href":"https:\/\/frvape.com\/fr\/wp-json\/wp\/v2\/product"}],"about":[{"href":"https:\/\/frvape.com\/fr\/wp-json\/wp\/v2\/types\/product"}],"replies":[{"embeddable":true,"href":"https:\/\/frvape.com\/fr\/wp-json\/wp\/v2\/comments?post=3215"}],"wp:featuredmedia":[{"embeddable":true,"href":"https:\/\/frvape.com\/fr\/wp-json\/wp\/v2\/media\/3209"}],"wp:attachment":[{"href":"https:\/\/frvape.com\/fr\/wp-json\/wp\/v2\/media?parent=3215"}],"wp:term":[{"taxonomy":"product_brand","embeddable":true,"href":"https:\/\/frvape.com\/fr\/wp-json\/wp\/v2\/product_brand?post=3215"},{"taxonomy":"product_cat","embeddable":true,"href":"https:\/\/frvape.com\/fr\/wp-json\/wp\/v2\/product_cat?post=3215"},{"taxonomy":"product_tag","embeddable":true,"href":"https:\/\/frvape.com\/fr\/wp-json\/wp\/v2\/product_tag?post=3215"}],"curies":[{"name":"wp","href":"https:\/\/api.w.org\/{rel}","templated":true}]}}