{"id":3297,"date":"2025-10-12T04:44:58","date_gmt":"2025-10-12T04:44:58","guid":{"rendered":"https:\/\/frvape.com\/product\/fizzy-pandora-12000-rechargeable-disposable-vape-with-12000-puffs\/"},"modified":"2025-11-04T01:47:12","modified_gmt":"2025-11-04T01:47:12","slug":"fizzy-pandora-12000-rechargeable-jetable-avec-12000-bouffees","status":"publish","type":"product","link":"https:\/\/frvape.com\/fr\/produit\/fizzy-pandora-12000-rechargeable-jetable-avec-12000-bouffees\/","title":{"rendered":"Fizzy Pandora 12000 Vape jetable rechargeable avec 12000 bouff\u00e9es"},"content":{"rendered":"<h3>Voici le Fizzy Pandora 12000 : R\u00e9volutionnez votre exp\u00e9rience de vapotage<\/h3>\n<p>En tant que chef de file de l <strong>plateforme de vente en gros en ligne de vapes jetables<\/strong> Aux Pays-Bas, en Allemagne, en Belgique et en Espagne, nous sommes fiers de pr\u00e9senter le Fizzy Pandora 12000 Puffs. Ce stylo \u00e0 vape \u00e9l\u00e9gant et performant s'adresse aussi bien aux particuliers qu'aux revendeurs, alliant un design moderne \u00e0 une technologie de pointe. Id\u00e9al pour les achats en gros, il associe une configuration rechargeable \u00e0 la commodit\u00e9 des produits jetables, garantissant ainsi une satisfaction prolong\u00e9e sans compromis.<\/p>\n<h3>Sp\u00e9cifications et caract\u00e9ristiques principales<\/h3>\n<p>Con\u00e7u pour \u00eatre durable et efficace, le Fizzy Pandora 12000 offre une fiabilit\u00e9 imbattable. Sa construction robuste, avec des mat\u00e9riaux m\u00e9talliques haut de gamme, est dot\u00e9e d'un trou de lani\u00e8re pour une portabilit\u00e9 ais\u00e9e, ce qui en fait l'outil id\u00e9al pour les modes de vie nomades. Avec un <strong>Capacit\u00e9 en liquide de 20ML<\/strong> et un <strong>conception rechargeable \u00e0 l'huile<\/strong>Gr\u00e2ce \u00e0 la technologie de l'eau, ce dispositif minimise les d\u00e9chets tout en maximisant l'utilisation. D\u00e9couvrez ses principaux avantages :<\/p>\n<p>&#8211; <strong>Sel de Nicotine<\/strong>: Choisissez entre <strong>Points forts 2% ou 5%<\/strong> pour une satisfaction sur mesure.<br \/>&#8211; <strong>Puffs<\/strong>: Profitez de jusqu'\u00e0 <strong>12000 bouff\u00e9es<\/strong> par unit\u00e9, ce qui r\u00e9duit le besoin de remplacements fr\u00e9quents.<br \/>&#8211; <strong>Rechargeable<\/strong>: Aliment\u00e9 par un <strong>Batterie de 650mAh<\/strong> pour une utilisation durable, compl\u00e9t\u00e9e par une <strong>Port de charge de type C<\/strong>.<br \/>&#8211; <strong>Bobine de maille<\/strong>: Avanc\u00e9es <strong>technologie des bobines de maille<\/strong> assure une saveur constante et une production de vapeur r\u00e9guli\u00e8re.<br \/>&#8211; <strong>\u00c9cran LCD<\/strong>: Surveillez l'autonomie de la batterie et l'e-liquide restant gr\u00e2ce \u00e0 un \u00e9cran intuitif.<br \/>&#8211; <strong>Emballage<\/strong>: Vendu en vrac avec <strong>200 pi\u00e8ces par carton<\/strong>ce qui en fait un excellent choix pour le commerce de gros.<\/p>\n<h3>Une exp\u00e9rience gustative in\u00e9gal\u00e9e<\/h3>\n<p>Plongez dans notre portefeuille d'ar\u00f4mes vari\u00e9s avec 12 options uniques pour satisfaire tous les palais. Chaque go\u00fbt est con\u00e7u pour \u00eatre riche et durable, gr\u00e2ce \u00e0 l'int\u00e9gration de la bobine de maille :<\/p>\n<p> &#8211; <strong>Myrtille Framboise<\/strong><br \/> &#8211; <strong>Past\u00e8que Myrtille<\/strong><br \/> &#8211; <strong>Fraise Kiwi Grenade<\/strong><br \/> &#8211; <strong>P\u00eache<\/strong><br \/> &#8211; <strong>Past\u00e8que<\/strong><br \/> &#8211; <strong>Myrtille<\/strong><br \/> &#8211; <strong>Raisin<\/strong><br \/> &#8211; <strong>Orange Mangue Past\u00e8que<\/strong><br \/> &#8211; <strong>Mangue<\/strong><br \/> &#8211; <strong>Menthe glac\u00e9e<\/strong><br \/> &#8211; <strong>Grenade<\/strong><br \/> &#8211; <strong>Fraise<\/strong><\/p>\n<h3>Con\u00e7u pour la commodit\u00e9 et l'excellence de la vente en gros<\/h3>\n<p>Vivez l'exp\u00e9rience d'un vapotage sans souci gr\u00e2ce \u00e0 des caract\u00e9ristiques adapt\u00e9es aux utilisateurs modernes. Le portable, <strong>stylo \u00e0 vape jetable<\/strong> Le format Fizzy Pandora 12000, rehauss\u00e9 par son bo\u00eetier m\u00e9tallique durable et l'int\u00e9gration d'un cordon, s'int\u00e8gre parfaitement dans la vie de tous les jours. Que vous soyez un particulier \u00e0 la recherche d'une bouff\u00e9e de qualit\u00e9 sup\u00e9rieure ou un d\u00e9taillant en train de s'approvisionner, le Fizzy Pandora 12000 excelle dans les domaines suivants <strong>vapes en gros<\/strong>. Son <strong>rechargeable<\/strong> La nature et la conception efficace prolongent la dur\u00e9e de vie de l'appareil, ce qui est parfait pour les march\u00e9s \u00e0 forte demande en Europe.<\/p>\n<p>Am\u00e9liorez votre exp\u00e9rience du vapotage d\u00e8s aujourd'hui - optez pour un appareil qui allie innovation, diversit\u00e9 des ar\u00f4mes et charge \u00e9co-consciente. Avec ses <strong>12000 bouff\u00e9es<\/strong> et des options de nicotine polyvalentes, Fizzy Pandora 12000 red\u00e9finit ce qu'est un cigare. <strong>vape jetable<\/strong> peut atteindre.<\/p>","protected":false},"excerpt":{"rendered":"<p>Le Fizzy Pandora 12000 est un produit haut de gamme. <strong>stylo \u00e0 vape jetable<\/strong> avec un <strong>Batterie rechargeable de 650mAh<\/strong>Le programme d'\u00e9ducation et de formation des adultes de l'Union europ\u00e9enne (UE), qui fournit jusqu'\u00e0 <strong>12000 bouff\u00e9es<\/strong>. En vedette <strong>technologie des bobines de maille<\/strong> et un <strong>\u00c9cran LCD<\/strong>Il offre des possibilit\u00e9s de personnalisation <strong>2% ou 5%, taux de nicotine<\/strong> \u00e0 travers 12 saveurs rafra\u00eechissantes.<\/p>","protected":false},"featured_media":3291,"comment_status":"open","ping_status":"closed","template":"","meta":[],"product_brand":[124],"product_cat":[868],"product_tag":[371,112,422,77,84,368],"class_list":{"0":"post-3297","1":"product","2":"type-product","3":"status-publish","4":"has-post-thumbnail","6":"product_brand-fizzy","7":"product_cat-fizzy","8":"product_tag-12000-puffs","9":"product_tag-disposable-vape","10":"product_tag-fizzy-pandora-12000","11":"product_tag-mesh-coil-vape","12":"product_tag-rechargeable-vape-pen","13":"product_tag-wholesale-vapes","15":"first","16":"instock","17":"sale","18":"shipping-taxable","19":"purchasable","20":"product-type-variable"},"jetpack_sharing_enabled":true,"tiered_pricing_type":"fixed","tiered_pricing_fixed_rules":[],"tiered_pricing_product_settings":{"layout":"default","base_unit_name":{"singular":null,"plural":null},"default_variation":null},"tiered_pricing_minimum_quantity":null,"tiered_pricing_roles_data":[],"tiered_pricing_percentage_rules":[],"tiered_pricing_maximum_quantity":null,"tiered_pricing_quantity_step":null,"_links":{"self":[{"href":"https:\/\/frvape.com\/fr\/wp-json\/wp\/v2\/product\/3297","targetHints":{"allow":["GET"]}}],"collection":[{"href":"https:\/\/frvape.com\/fr\/wp-json\/wp\/v2\/product"}],"about":[{"href":"https:\/\/frvape.com\/fr\/wp-json\/wp\/v2\/types\/product"}],"replies":[{"embeddable":true,"href":"https:\/\/frvape.com\/fr\/wp-json\/wp\/v2\/comments?post=3297"}],"wp:featuredmedia":[{"embeddable":true,"href":"https:\/\/frvape.com\/fr\/wp-json\/wp\/v2\/media\/3291"}],"wp:attachment":[{"href":"https:\/\/frvape.com\/fr\/wp-json\/wp\/v2\/media?parent=3297"}],"wp:term":[{"taxonomy":"product_brand","embeddable":true,"href":"https:\/\/frvape.com\/fr\/wp-json\/wp\/v2\/product_brand?post=3297"},{"taxonomy":"product_cat","embeddable":true,"href":"https:\/\/frvape.com\/fr\/wp-json\/wp\/v2\/product_cat?post=3297"},{"taxonomy":"product_tag","embeddable":true,"href":"https:\/\/frvape.com\/fr\/wp-json\/wp\/v2\/product_tag?post=3297"}],"curies":[{"name":"wp","href":"https:\/\/api.w.org\/{rel}","templated":true}]}}