{"id":33749,"date":"2026-03-25T10:07:53","date_gmt":"2026-03-25T10:07:53","guid":{"rendered":"https:\/\/frvape.com\/product\/poco-sc30000-disposable-vape-30000-puffs-30ml-e-liquid-rechargeable\/"},"modified":"2026-03-25T10:08:01","modified_gmt":"2026-03-25T10:08:01","slug":"poco-sc30000-disposable-vape-30000-puffs-30ml-e-liquid-rechargeable","status":"publish","type":"product","link":"https:\/\/frvape.com\/fr\/produit\/poco-sc30000-disposable-vape-30000-puffs-30ml-e-liquid-rechargeable\/","title":{"rendered":"POCO SC30000 Disposable Vape: 30,000 Puffs, 30ML E-Liquid, Rechargeable"},"content":{"rendered":"<h3>Sp\u00e9cifications des produits<\/h3>\n<table>\n<tr>\n<th>Specification<\/th>\n<th>Value<\/th>\n<\/tr>\n<tr>\n<td>Capacit\u00e9 de la batterie<\/td>\n<td>650mAh (Type-C Charging)<\/td>\n<\/tr>\n<tr>\n<td>Capacit\u00e9 en e-liquide<\/td>\n<td>30ML<\/td>\n<\/tr>\n<tr>\n<td>R\u00e9sistance de la bobine<\/td>\n<td>0.70 Mesh Coil<\/td>\n<\/tr>\n<tr>\n<td>Puffs<\/td>\n<td>Up to 30,000 puffs<\/td>\n<\/tr>\n<tr>\n<td>Saveurs<\/td>\n<td>15 flavors available<\/td>\n<\/tr>\n<tr>\n<td>Intensit\u00e9 de la nicotine<\/td>\n<td>50mg (5%)<\/td>\n<\/tr>\n<tr>\n<td>Poids du produit<\/td>\n<td>98g<\/td>\n<\/tr>\n<tr>\n<td>Emballage<\/td>\n<td>10 pi\u00e8ces par bo\u00eete<\/td>\n<\/tr>\n<tr>\n<td>Carton Quantity<\/td>\n<td>200 pi\u00e8ces<\/td>\n<\/tr>\n<tr>\n<td>Carton Size<\/td>\n<td>562 x 297 x 247 mm<\/td>\n<\/tr>\n<tr>\n<td>Carton Weight<\/td>\n<td>To be confirmed<\/td>\n<\/tr>\n<\/table>\n<h3>Saveurs disponibles<\/h3>\n<p>Ananas noix de coco<br \/>Fraise Framboise Cerise<br \/>Limonade \u00e0 la p\u00eache et \u00e0 la cerise<br \/>Past\u00e8que \u00e0 la fraise<br \/>Gomme \u00e0 m\u00e2cher \u00e0 la past\u00e8que<br \/>Myrtille Framboise Citron<br \/>Strawberry Raspberry Kiwi<br \/>Menthe fra\u00eeche<br \/>Blueberry Dragon Fruit<br \/>Alo\u00e8s raisin<br \/>Blacklce Dragon Fruit Strawvberry<br \/>Banana Milk<br \/>Pomme acide<br \/>Triple melon<br \/>Cola \u00e0 la cerise<\/p>\n<h3>Why You&#8217;ll Love It<\/h3>\n<p>Say hello to the POCO SC30000 disposable vape \u2013 it&#8217;s a game-changer for vapers craving power and flavor all in one sleek wrap! \ud83d\ude80 Packed with a <strong>Batterie rechargeable de 650mAh<\/strong> and fast Type-C charging, you get reliability that keeps pace with your busiest days. Think of it as your go-to for smooth, consistent clouds without interruptions, anytime, anywhere.<\/p>\n<p>Dive into that massive <strong>30ML e-liquid tank<\/strong> \ud83d\udca7 backed by a top-tier <strong>0.7\u03a9 mesh coil<\/strong>, locking in rich flavor from start to finish. Seriously, up to <strong>30 000 bouff\u00e9es<\/strong>? That&#8217;s a marathon in your pocket! Plus, with 15 mouth-watering options like Pineapple Coconut and Cool Mint, every draw feels like a treat.<\/p>\n<p>And it&#8217;s not just about endurance. At 98g, this little powerhouse stays feather-light \u2728 \u2013 portable yet packed. Boxed up 10 at a time in efficient cartons, it&#8217;s ideal for stocking up. Ready for the <strong>exp\u00e9rience de vapotage haut de gamme<\/strong> you deserve? The POCO SC30000 delivers. \ud83d\ude0e<\/p>","protected":false},"excerpt":{"rendered":"<p>Experience unparalleled vaping with the POCO SC30000 Disposable Vape, featuring <strong>30 000 bouff\u00e9es<\/strong> et un \u00e9norme <strong>30ML e-liquid capacity<\/strong>. Enjoy premium flavors and a long-lasting rechargeable battery, perfect for intense daily use!<\/p>","protected":false},"featured_media":33743,"comment_status":"open","ping_status":"closed","template":"","meta":[],"product_brand":[1689],"product_cat":[1690],"product_tag":[496,1705,1706,112,1704,115],"class_list":{"0":"post-33749","1":"product","2":"type-product","3":"status-publish","4":"has-post-thumbnail","6":"product_brand-poco","7":"product_cat-poco","8":"product_tag-30000-puffs-2","9":"product_tag-30ml-e-liquid","10":"product_tag-disposable-pod","11":"product_tag-disposable-vape","12":"product_tag-poco-sc30000","13":"product_tag-rechargeable-vape","15":"first","16":"instock","17":"sale","18":"shipping-taxable","19":"purchasable","20":"product-type-variable"},"jetpack_sharing_enabled":true,"tiered_pricing_type":"fixed","tiered_pricing_fixed_rules":[],"tiered_pricing_product_settings":{"layout":"default","base_unit_name":{"singular":null,"plural":null},"default_variation":null},"tiered_pricing_minimum_quantity":null,"tiered_pricing_roles_data":[],"tiered_pricing_percentage_rules":[],"tiered_pricing_maximum_quantity":null,"tiered_pricing_quantity_step":null,"_links":{"self":[{"href":"https:\/\/frvape.com\/fr\/wp-json\/wp\/v2\/product\/33749","targetHints":{"allow":["GET"]}}],"collection":[{"href":"https:\/\/frvape.com\/fr\/wp-json\/wp\/v2\/product"}],"about":[{"href":"https:\/\/frvape.com\/fr\/wp-json\/wp\/v2\/types\/product"}],"replies":[{"embeddable":true,"href":"https:\/\/frvape.com\/fr\/wp-json\/wp\/v2\/comments?post=33749"}],"wp:featuredmedia":[{"embeddable":true,"href":"https:\/\/frvape.com\/fr\/wp-json\/wp\/v2\/media\/33743"}],"wp:attachment":[{"href":"https:\/\/frvape.com\/fr\/wp-json\/wp\/v2\/media?parent=33749"}],"wp:term":[{"taxonomy":"product_brand","embeddable":true,"href":"https:\/\/frvape.com\/fr\/wp-json\/wp\/v2\/product_brand?post=33749"},{"taxonomy":"product_cat","embeddable":true,"href":"https:\/\/frvape.com\/fr\/wp-json\/wp\/v2\/product_cat?post=33749"},{"taxonomy":"product_tag","embeddable":true,"href":"https:\/\/frvape.com\/fr\/wp-json\/wp\/v2\/product_tag?post=33749"}],"curies":[{"name":"wp","href":"https:\/\/api.w.org\/{rel}","templated":true}]}}