{"id":3720,"date":"2025-10-12T05:11:31","date_gmt":"2025-10-12T05:11:31","guid":{"rendered":"https:\/\/frvape.com\/product\/bang-smart-screen-15000-disposable-vape-with-15000-puffs-rechargeable\/"},"modified":"2025-11-25T03:17:11","modified_gmt":"2025-11-25T03:17:11","slug":"bang-smart-screen-15000-vape-jetable-avec-15000-bouffees-rechargeable","status":"publish","type":"product","link":"https:\/\/frvape.com\/fr\/produit\/bang-smart-screen-15000-vape-jetable-avec-15000-bouffees-rechargeable\/","title":{"rendered":"Bang Smart Screen 15000 Vape jetable avec 15000 bouff\u00e9es Rechargeable"},"content":{"rendered":"<h3>Pr\u00e9sentation du Bang Smart Screen 15000 Vape jetable<\/h3>\n<p>D\u00e9couvrez l'avenir de l'innovation en mati\u00e8re de vapotage gr\u00e2ce \u00e0 nos produits de pointe. <strong>\u00c9cran intelligent Bang 15000<\/strong> vape jetable. Con\u00e7u pour une commodit\u00e9 et des performances optimales, cet appareil associe une ing\u00e9nierie de haute qualit\u00e9 \u00e0 des fonctions conviviales pour offrir une exp\u00e9rience extraordinaire. En tant que leader mondial dans le domaine de la <strong>industrie de la cigarette \u00e9lectronique<\/strong>Nous sommes fiers de cr\u00e9er des produits qui red\u00e9finissent les normes et permettent aux consommateurs de profiter d'une alternative plus saine au tabac traditionnel. Avec une mission centr\u00e9e sur l'innovation, notre objectif est de fournir des produits de vapotage transparents et agr\u00e9ables qui r\u00e9pondent aux besoins des utilisateurs du monde entier, soutenus par un service client de premier ordre et des pratiques de fabrication durables.<\/p>\n<h3>Principales caract\u00e9ristiques et sp\u00e9cifications<\/h3>\n<p>Le Bang Smart Screen 15000 se distingue par ses sp\u00e9cifications impressionnantes qui garantissent des performances de premier ordre. Il est dot\u00e9 d'un puissant <strong>Batterie de 650mAh<\/strong>Le syst\u00e8me d'alimentation en \u00e9lectricit\u00e9 de l'appareil permet une utilisation prolong\u00e9e sans avoir \u00e0 le recharger constamment. L'appareil contient un g\u00e9n\u00e9reux <strong>Capacit\u00e9 de 25,0 ml d'e-liquide<\/strong>, ce qui permet d'obtenir un nombre impressionnant d'euros par an. <strong>15000 bouff\u00e9es<\/strong> par unit\u00e9 pour une long\u00e9vit\u00e9 in\u00e9gal\u00e9e. \u00c9quip\u00e9 d'un moteur \u00e0 haut rendement <strong>Bobine \u00e0 mailles de 1,2\u03a9<\/strong>Il permet une production de vapeur riche et r\u00e9guli\u00e8re et renforce l'intensit\u00e9 des saveurs. Cette <strong>vape jetable<\/strong> est con\u00e7u pour \u00eatre facilement transportable avec une taille compacte de 90*47mm, id\u00e9al pour les amateurs de vapotage en d\u00e9placement. Le rechargement est rapide et sans effort gr\u00e2ce \u00e0 l'adaptateur int\u00e9gr\u00e9. <strong>Chargement de type C<\/strong> \u00e9liminant ainsi les temps d'arr\u00eat. De plus, avec un <strong>5% concentration de nicotine<\/strong>Il offre un effet de gorge satisfaisant qui imite les cigarettes traditionnelles tout en r\u00e9duisant les effets nocifs.<\/p>\n<h3>D\u00e9couvrez nos 12 s\u00e9lections de saveurs exquises<\/h3>\n<p>Plongez dans un monde de saveurs all\u00e9chantes avec notre collection de 12 e-liquides vari\u00e9s, tous infus\u00e9s de <strong>5% taux de nicotine<\/strong> pour une exp\u00e9rience de vapotage \u00e9quilibr\u00e9e. Chaque saveur est \u00e9labor\u00e9e \u00e0 partir d'ingr\u00e9dients de premi\u00e8re qualit\u00e9 pour une sensation douce et rafra\u00eechissante :<\/p>\n<p><strong>Berry BLAST, peach Berry, peach freeze, strawberry watermelon, tropical fruit, lush ice, grape freeze, blue freeze, Strawberry Lychee, Cool Mint, blue Cherry lemon, sour Apple blueberry.<\/strong><\/p>\n<p>Cette gamme \u00e9tendue garantit qu'il y en a pour tous les palais, des m\u00e9langes sucr\u00e9s et fruit\u00e9s aux notes glac\u00e9es et rafra\u00eechissantes, faisant du Bang Smart Screen 15000 un choix polyvalent pour le plaisir quotidien.<\/p>\n<h3>Engagement en faveur de l'innovation et du soutien \u00e0 la client\u00e8le<\/h3>\n<p>Nous sommes sp\u00e9cialis\u00e9s dans la recherche, le d\u00e9veloppement et la distribution mondiale des produits suivants <strong>vape jetable<\/strong> Notre objectif est de r\u00e9volutionner le paysage du vapotage. Notre engagement en faveur de l'innovation permanente a fait de nous un fabricant de premier ordre, qui fid\u00e9lise massivement les consommateurs gr\u00e2ce \u00e0 des offres fiables et de grande qualit\u00e9, allant des produits d'entr\u00e9e de gamme aux solutions de vapotage les plus sophistiqu\u00e9es. En nous concentrant sur <strong>OEM et ODM<\/strong> N'h\u00e9sitez pas \u00e0 visiter notre usine \u00e0 tout moment pour voir de vos propres yeux notre processus de production. Nous maintenons un syst\u00e8me complet de service \u00e0 la client\u00e8le pour garantir des partenariats fluides et efficaces, en donnant la priorit\u00e9 non seulement \u00e0 une conception et \u00e0 une qualit\u00e9 exceptionnelles, mais aussi \u00e0 une assistance de premier ordre afin d'obtenir des r\u00e9sultats gagnant-gagnant pour toutes les parties prenantes dans le monde entier. Rejoignez-nous pour explorer des alternatives plus saines et plus heureuses au tabac gr\u00e2ce \u00e0 nos produits en constante \u00e9volution. <strong>technologie de vapotage<\/strong>.<\/p>","protected":false},"excerpt":{"rendered":"<p>Faites l'exp\u00e9rience du vaping haut de gamme avec le <strong>\u00c9cran intelligent Bang 15000<\/strong> vape jetable, avec <strong>15000 bouff\u00e9es<\/strong> et <strong>rechargeable<\/strong> Capacit\u00e9 de type C.<br \/>Appr\u00e9ciez <strong>12 saveurs diff\u00e9rentes<\/strong> avec <strong>5% taux de nicotine<\/strong> pour une satisfaction durable.<\/p>","protected":false},"featured_media":3715,"comment_status":"open","ping_status":"closed","template":"","meta":[],"product_brand":[107],"product_cat":[1072],"product_tag":[280,446,445,112,372,229],"class_list":{"0":"post-3720","1":"product","2":"type-product","3":"status-publish","4":"has-post-thumbnail","6":"product_brand-bang","7":"product_cat-bang","8":"product_tag-15000-puffs","9":"product_tag-5-nicotine","10":"product_tag-bang-smart-screen-15000","11":"product_tag-disposable-vape","12":"product_tag-mesh-coil","13":"product_tag-rechargeable-electronic-cigarette","15":"first","16":"instock","17":"sale","18":"shipping-taxable","19":"purchasable","20":"product-type-variable"},"jetpack_sharing_enabled":true,"tiered_pricing_type":"fixed","tiered_pricing_fixed_rules":[],"tiered_pricing_product_settings":{"layout":"default","base_unit_name":{"singular":null,"plural":null},"default_variation":null},"tiered_pricing_minimum_quantity":null,"tiered_pricing_roles_data":[],"tiered_pricing_percentage_rules":[],"tiered_pricing_maximum_quantity":null,"tiered_pricing_quantity_step":null,"_links":{"self":[{"href":"https:\/\/frvape.com\/fr\/wp-json\/wp\/v2\/product\/3720","targetHints":{"allow":["GET"]}}],"collection":[{"href":"https:\/\/frvape.com\/fr\/wp-json\/wp\/v2\/product"}],"about":[{"href":"https:\/\/frvape.com\/fr\/wp-json\/wp\/v2\/types\/product"}],"replies":[{"embeddable":true,"href":"https:\/\/frvape.com\/fr\/wp-json\/wp\/v2\/comments?post=3720"}],"wp:featuredmedia":[{"embeddable":true,"href":"https:\/\/frvape.com\/fr\/wp-json\/wp\/v2\/media\/3715"}],"wp:attachment":[{"href":"https:\/\/frvape.com\/fr\/wp-json\/wp\/v2\/media?parent=3720"}],"wp:term":[{"taxonomy":"product_brand","embeddable":true,"href":"https:\/\/frvape.com\/fr\/wp-json\/wp\/v2\/product_brand?post=3720"},{"taxonomy":"product_cat","embeddable":true,"href":"https:\/\/frvape.com\/fr\/wp-json\/wp\/v2\/product_cat?post=3720"},{"taxonomy":"product_tag","embeddable":true,"href":"https:\/\/frvape.com\/fr\/wp-json\/wp\/v2\/product_tag?post=3720"}],"curies":[{"name":"wp","href":"https:\/\/api.w.org\/{rel}","templated":true}]}}