{"id":4211,"date":"2025-10-12T05:57:58","date_gmt":"2025-10-12T05:57:58","guid":{"rendered":"https:\/\/frvape.com\/product\/doloda-db-7000-7000-puffs-disposable-vape-with-airflow-control-8-flavors\/"},"modified":"2025-10-12T05:58:06","modified_gmt":"2025-10-12T05:58:06","slug":"doloda-db-7000-7000-puffs-jetable-avec-controle-dairflow-8-flavors","status":"publish","type":"product","link":"https:\/\/frvape.com\/fr\/produit\/doloda-db-7000-7000-puffs-jetable-avec-controle-dairflow-8-flavors\/","title":{"rendered":"Doloda Db 7000 : 7000 bouff\u00e9es jetables avec contr\u00f4le de l'airflow et 8 ar\u00f4mes"},"content":{"rendered":"<h3>Exp\u00e9rience r\u00e9volutionnaire de vaporisation longue dur\u00e9e<\/h3>\n<p>Les <strong>Doloda Db 7000<\/strong> red\u00e9finit la commodit\u00e9 du vaping jetable gr\u00e2ce \u00e0 son extraordinaire <strong>Capacit\u00e9 de 7000 bouff\u00e9es<\/strong>. Con\u00e7u pour les personnes en qu\u00eate d'endurance, ce dispositif \u00e9limine les remplacements constants tout en offrant des performances constantes. Contrairement aux produits jetables conventionnels, notre <strong>Batterie rechargeable de 500mAh<\/strong> permet une utilisation prolong\u00e9e gr\u00e2ce \u00e0 <strong>Chargement de type C<\/strong>La technologie de l'air comprim\u00e9, qui permet d'extraire chaque bouff\u00e9e de l'air g\u00e9n\u00e9reux. <strong>14ML e-liquide pr\u00e9-rempli<\/strong> r\u00e9servoir.<\/p>\n<h3>Contr\u00f4le de pr\u00e9cision et ar\u00f4mes de premi\u00e8re qualit\u00e9<\/h3>\n<p>Personnalisez vos sessions gr\u00e2ce \u00e0 des fonctions avanc\u00e9es <strong>contr\u00f4le du d\u00e9bit d'air<\/strong> qui permet une transition sans effort entre les tirages serr\u00e9s de type cigarette et les inhalations a\u00e9riennes de type nuage. Nos <strong>formule de sel de nicotine<\/strong> (options 0%\/2%\/3%\/5%) garantit une satisfaction rapide et des bruits de gorge plus doux. Laissez-vous tenter par 8 saveurs \u00e9labor\u00e9es par des experts :<\/p>\n<p><strong>Ours en gomme<\/strong> | <strong>Glace luxuriante<\/strong> | <strong>Pina Colada<\/strong> | <strong>Fraise et banane<\/strong><br \/><strong>Pommes doubles<\/strong> | <strong>Glace Blue Razz<\/strong> | <strong>Glace de raisin<\/strong> | <strong>Past\u00e8que \u00e0 la fraise<\/strong><\/p>\n<h3>Sp\u00e9cifications techniques in\u00e9gal\u00e9es<\/h3>\n<p>Chaque <strong>Doloda Db 7000<\/strong> int\u00e8gre une technologie sophistiqu\u00e9e dans un appareil facile \u00e0 utiliser : <strong>7000 bouff\u00e9es<\/strong> par unit\u00e9 - <strong>14ML e-liquide \u00e0 la nicotine sal\u00e9e<\/strong> - <strong>Batterie rechargeable de 500mAh<\/strong> - Brevet\u00e9e <strong>contr\u00f4le du d\u00e9bit d'air<\/strong> cadran - Ultra-rapide <strong>Type-C recgarge<\/strong> port - Emballage de pr\u00e9sentation compact pour 10 appareils. Le syst\u00e8me de bobines optimis\u00e9 \u00e9vite les coups secs tout en maximisant l'int\u00e9grit\u00e9 de la saveur dans les 8 variantes.<\/p>\n<h3>Pourquoi les vapoteurs choisissent-ils Doloda Db 7000 ?<\/h3>\n<p>Solution ultime \u00e0 emporter, cette e-cigarette jetable ne n\u00e9cessite AUCUN entretien - pas de recharge, de changement de bobine ou de r\u00e9glages complexes. L'extraordinaire <strong>nombre de bouff\u00e9es<\/strong> le rend id\u00e9al pour les voyageurs, les vapoteurs d'un jour et ceux qui passent du tabac \u00e0 la cigarette. Chaque tirage d\u00e9livre une vapeur riche et satur\u00e9e avec la signature de la cigarette. <strong>sel de nicotine<\/strong> L'embout ergonomique garantit des sessions prolong\u00e9es et confortables. Achetez d\u00e8s aujourd'hui nos saveurs m\u00e9ticuleusement test\u00e9es.<\/p>\n<h3>Con\u00e7u pour la fiabilit\u00e9<\/h3>\n<p>Construit avec des mat\u00e9riaux PCTG de qualit\u00e9 m\u00e9dicale et de multiples protections de s\u00e9curit\u00e9 (pr\u00e9vention de la surcharge\/d\u00e9charge, protection contre les courts-circuits), le <strong>Doloda Db 7000<\/strong> garantit un fonctionnement sans souci. Le syst\u00e8me intelligent de gestion de la batterie maintient une puissance constante jusqu'\u00e0 la derni\u00e8re bouff\u00e9e. Combinez cette fiabilit\u00e9 avec l'incroyable <strong>Long\u00e9vit\u00e9 de 7000 bouff\u00e9es<\/strong>et vous obtenez un produit jetable qui surpasse ses concurrents tout en r\u00e9duisant les d\u00e9chets environnementaux. Faites l'exp\u00e9rience de la simplicit\u00e9 du vapotage perfectionn\u00e9e.<\/p>","protected":false},"excerpt":{"rendered":"<p>Les <strong>Doloda Db 7000<\/strong> La vape jetable offre une qualit\u00e9 d'\u00e9coute in\u00e9gal\u00e9e. <strong>7000 bouff\u00e9es<\/strong> sans aucune maintenance. Caract\u00e9ristiques <strong>contr\u00f4le du d\u00e9bit d'air r\u00e9glable<\/strong>, int\u00e9gr\u00e9 <strong>Batterie rechargeable de 500mAh<\/strong>et <strong>8 saveurs de premier choix<\/strong> \u00e0 2%\/3%\/5% de nicotine. Parfait pour un usage prolong\u00e9 sans recharge ni tracas.<\/p>","protected":false},"featured_media":4205,"comment_status":"open","ping_status":"closed","template":"","meta":[],"product_brand":[224],"product_cat":[225],"product_tag":[494,495,493,285,103,172],"class_list":{"0":"post-4211","1":"product","2":"type-product","3":"status-publish","4":"has-post-thumbnail","6":"product_brand-doloda","7":"product_cat-doloda-vape","8":"product_tag-7000-puffs-disposable-vape","9":"product_tag-airflow-control-vape","10":"product_tag-doloda-db-7000","11":"product_tag-nicotine-salt-vape","12":"product_tag-rechargeable-e-cigarette","13":"product_tag-type-c-vape-pen","15":"first","16":"instock","17":"sale","18":"shipping-taxable","19":"purchasable","20":"product-type-variable"},"jetpack_sharing_enabled":true,"tiered_pricing_type":"fixed","tiered_pricing_fixed_rules":[],"tiered_pricing_product_settings":{"layout":"default","base_unit_name":{"singular":null,"plural":null},"default_variation":null},"tiered_pricing_minimum_quantity":null,"tiered_pricing_roles_data":[],"tiered_pricing_percentage_rules":[],"tiered_pricing_maximum_quantity":null,"tiered_pricing_quantity_step":null,"_links":{"self":[{"href":"https:\/\/frvape.com\/fr\/wp-json\/wp\/v2\/product\/4211","targetHints":{"allow":["GET"]}}],"collection":[{"href":"https:\/\/frvape.com\/fr\/wp-json\/wp\/v2\/product"}],"about":[{"href":"https:\/\/frvape.com\/fr\/wp-json\/wp\/v2\/types\/product"}],"replies":[{"embeddable":true,"href":"https:\/\/frvape.com\/fr\/wp-json\/wp\/v2\/comments?post=4211"}],"wp:featuredmedia":[{"embeddable":true,"href":"https:\/\/frvape.com\/fr\/wp-json\/wp\/v2\/media\/4205"}],"wp:attachment":[{"href":"https:\/\/frvape.com\/fr\/wp-json\/wp\/v2\/media?parent=4211"}],"wp:term":[{"taxonomy":"product_brand","embeddable":true,"href":"https:\/\/frvape.com\/fr\/wp-json\/wp\/v2\/product_brand?post=4211"},{"taxonomy":"product_cat","embeddable":true,"href":"https:\/\/frvape.com\/fr\/wp-json\/wp\/v2\/product_cat?post=4211"},{"taxonomy":"product_tag","embeddable":true,"href":"https:\/\/frvape.com\/fr\/wp-json\/wp\/v2\/product_tag?post=4211"}],"curies":[{"name":"wp","href":"https:\/\/api.w.org\/{rel}","templated":true}]}}