{"id":4607,"date":"2025-10-12T06:22:39","date_gmt":"2025-10-12T06:22:39","guid":{"rendered":"https:\/\/frvape.com\/product\/razz-bar-10000-puffs-disposable-vape-oil-refillable-with-mesh-coil\/"},"modified":"2025-11-24T09:11:06","modified_gmt":"2025-11-24T09:11:06","slug":"razz-bar-10000-puffs-jetable-vape-oil-refillable-with-mesh-coil","status":"publish","type":"product","link":"https:\/\/frvape.com\/fr\/produit\/razz-bar-10000-puffs-jetable-vape-oil-refillable-with-mesh-coil\/","title":{"rendered":"Razz Bar 10000 Puffs Vape jetable - huile rechargeable avec Mesh Coil"},"content":{"rendered":"<h3>Introduction<\/h3>\n<p>Les <strong>Razz Bar 10000<\/strong> red\u00e9finit la commodit\u00e9 sur le march\u00e9 de la vape jetable, con\u00e7u pour les vapoteurs adultes \u00e0 la recherche d'une technologie haut de gamme et d'une saveur exceptionnelle.<br \/>Avec ses 10 000 bouff\u00e9es et son design rechargeable, cette e-cigarette garantit une exp\u00e9rience transparente et durable dans un appareil de poche.<\/p>\n<h3>Sp\u00e9cifications des produits<\/h3>\n<p>Lib\u00e9rez la puissance de l'innovation gr\u00e2ce \u00e0 ces fonctionnalit\u00e9s essentielles :<br \/>- <strong>Puffs<\/strong>: Environ 10 000 bouff\u00e9es pour des sessions de vapotage prolong\u00e9es.<br \/>- <strong>Capacit\u00e9<\/strong>: 20ml, en s'appuyant sur une <strong>huile rechargeable<\/strong> afin de minimiser les d\u00e9chets et de maximiser la valeur.<br \/>- <strong>Emballage<\/strong>Les produits de cette cat\u00e9gorie sont les suivants : 200 unit\u00e9s par carton, id\u00e9al pour les achats en vrac.<br \/>- <strong>Saveurs<\/strong>: Choisissez parmi 16 go\u00fbts distincts pour satisfaire votre palais.<br \/>- <strong>Batterie<\/strong>Dur\u00e9e de vie de la batterie : 650mAh <strong>rechargeable<\/strong> via USB Type-C, ce qui garantit une alimentation rapide et fiable.<br \/>- <strong>Technologie des bobines<\/strong>: Haute performance <strong>bobine de maille<\/strong> pour une vapeur plus riche et une diffusion constante des ar\u00f4mes.<br \/>- <strong>Taux de nicotine<\/strong>: Disponible en 2% ou 5%, pour r\u00e9pondre \u00e0 des pr\u00e9f\u00e9rences vari\u00e9es.<\/p>\n<h3>Collection d'ar\u00f4mes<\/h3>\n<p>Laissez-vous tenter par une symphonie de go\u00fbts qui \u00e9l\u00e8vent votre exp\u00e9rience du vapotage.<br \/>Les <strong>Razz Bar 10000<\/strong> est pr\u00e9-rempli d'une gamme vari\u00e9e de 16 parfums, chacun con\u00e7u pour une explosion glac\u00e9e, fruit\u00e9e ou classique.<br \/>Liste compl\u00e8te des saveurs :<br \/>Glace \u00e0 la p\u00eache<br \/>Glace aux myrtilles<br \/>Fraise Kiwi<br \/>Glace \u00e0 la past\u00e8que<br \/>Mamba<br \/>P\u00eache Mangue Ananas<br \/>Kiwi Fruit de la passion Goyave<br \/>Cola Ice<br \/>Red Bull Ice<br \/>Glace \u00e0 la fraise<br \/>Glace luxuriante<br \/>Myrtille Cerise Canneberge<br \/>Limonade Blue Razz<br \/>Baies m\u00e9lang\u00e9es<br \/>Ours en gomme<br \/>Glace \u00e0 la cerise<br \/>Gr\u00e2ce \u00e0 cette vaste s\u00e9lection, chaque vapoteur peut trouver son bonheur.<\/p>\n<h3>Performance de vaporisation sup\u00e9rieure<\/h3>\n<p>Faites l'exp\u00e9rience d'une qualit\u00e9 in\u00e9gal\u00e9e avec le <strong>bobine de maille<\/strong> con\u00e7ue pour produire une vapeur dense et savoureuse \u00e0 chaque bouff\u00e9e.<br \/>Les <strong>rechargeable<\/strong> La batterie de 650mAh et le port USB Type-C assurent une charge rapide, permettant une utilisation continue sans temps d'arr\u00eat.<br \/>De plus, le <strong>huile rechargeable<\/strong> vous permet de recharger votre vape en d\u00e9placement, ce qui en fait un produit plus respectueux de l'environnement. <strong>vape jetable<\/strong> choix.<\/p>\n<h3>\u00c0 propos du Razz Bar<\/h3>\n<p>Fi\u00e8rement \u00e9tabli en 2017, <strong>Razz Bar<\/strong> est un acteur de premier plan dans le domaine de l'\u00e9ducation et de la formation. <strong>e-cigarette<\/strong> sp\u00e9cialis\u00e9e dans les solutions jetables de pointe.<br \/>Gr\u00e2ce \u00e0 notre usine professionnelle et \u00e0 nos \u00e9quipes d\u00e9vou\u00e9es - comprenant des ing\u00e9nieurs, des sp\u00e9cialistes du marketing, des concepteurs et des experts commerciaux - nous avons cr\u00e9\u00e9 notre propre marque pour fournir des produits de vapotage innovants qui r\u00e9pondent aux exigences des consommateurs du monde entier.<br \/>Chaque <strong>Razz Bar<\/strong> est soumis \u00e0 des processus de contr\u00f4le de qualit\u00e9 rigoureux tels que IQC, IPQC et FQC, ce qui garantit sa s\u00e9curit\u00e9 et sa fiabilit\u00e9.<br \/>Certifi\u00e9s par des normes internationales telles que CE et RoHS, nous garantissons l'excellence.<br \/>Dans le cadre de notre engagement, nous offrons de solides services OEM et ODM, soutenus par notre r\u00e9putation de fid\u00e9lit\u00e9 de la client\u00e8le sur le march\u00e9 mondial.<\/p>\n<h3>Pourquoi choisir le Razz Bar 10000 ?<\/h3>\n<p>Adoptez un mode de vie sans tracas gr\u00e2ce \u00e0 ce sac \u00e0 dos haut de gamme. <strong>vape jetable<\/strong> qui rivalisent avec les dispositifs r\u00e9utilisables.<br \/>La capacit\u00e9 g\u00e9n\u00e9reuse de 20 ml et la <strong>rechargeable<\/strong> r\u00e9duisent les remplacements fr\u00e9quents, tandis que la fonction <strong>bobine de maille<\/strong> augmente l'intensit\u00e9 des saveurs avec des tirages doux et satisfaisants.<br \/>Parfait pour les vapoteurs de tous niveaux, le Razz Bar 10000 combine commodit\u00e9, performance et une pl\u00e9thore de saveurs pour \u00e9lever votre routine.<\/p>","protected":false},"excerpt":{"rendered":"<p>D\u00e9couvrez les <strong>Razz Bar 10000<\/strong>une prime <strong>vape jetable<\/strong> d\u00e9livrant jusqu'\u00e0 10 000 bouff\u00e9es gr\u00e2ce \u00e0 sa grande capacit\u00e9 de 20 ml. <strong>huile rechargeable<\/strong> capacit\u00e9.<br \/>Avec un <strong>rechargeable<\/strong> Batterie de 650mAh, avanc\u00e9e <strong>bobine de maille<\/strong>et 16 saveurs excitantes pour une exp\u00e9rience douce et satisfaisante.<\/p>","protected":false},"featured_media":4601,"comment_status":"open","ping_status":"closed","template":"","meta":[],"product_brand":[70],"product_cat":[893],"product_tag":[517,112,372,515,514,516],"class_list":{"0":"post-4607","1":"product","2":"type-product","3":"status-publish","4":"has-post-thumbnail","6":"product_brand-razzbar","7":"product_cat-razzbar","8":"product_tag-10000-puffs","9":"product_tag-disposable-vape","10":"product_tag-mesh-coil","11":"product_tag-oil-refillable","12":"product_tag-razz-bar-10000","13":"product_tag-rechargeable","15":"first","16":"instock","17":"sale","18":"shipping-taxable","19":"purchasable","20":"product-type-variable"},"jetpack_sharing_enabled":true,"tiered_pricing_type":"fixed","tiered_pricing_fixed_rules":[],"tiered_pricing_product_settings":{"layout":"default","base_unit_name":{"singular":null,"plural":null},"default_variation":null},"tiered_pricing_minimum_quantity":null,"tiered_pricing_roles_data":[],"tiered_pricing_percentage_rules":[],"tiered_pricing_maximum_quantity":null,"tiered_pricing_quantity_step":null,"_links":{"self":[{"href":"https:\/\/frvape.com\/fr\/wp-json\/wp\/v2\/product\/4607","targetHints":{"allow":["GET"]}}],"collection":[{"href":"https:\/\/frvape.com\/fr\/wp-json\/wp\/v2\/product"}],"about":[{"href":"https:\/\/frvape.com\/fr\/wp-json\/wp\/v2\/types\/product"}],"replies":[{"embeddable":true,"href":"https:\/\/frvape.com\/fr\/wp-json\/wp\/v2\/comments?post=4607"}],"wp:featuredmedia":[{"embeddable":true,"href":"https:\/\/frvape.com\/fr\/wp-json\/wp\/v2\/media\/4601"}],"wp:attachment":[{"href":"https:\/\/frvape.com\/fr\/wp-json\/wp\/v2\/media?parent=4607"}],"wp:term":[{"taxonomy":"product_brand","embeddable":true,"href":"https:\/\/frvape.com\/fr\/wp-json\/wp\/v2\/product_brand?post=4607"},{"taxonomy":"product_cat","embeddable":true,"href":"https:\/\/frvape.com\/fr\/wp-json\/wp\/v2\/product_cat?post=4607"},{"taxonomy":"product_tag","embeddable":true,"href":"https:\/\/frvape.com\/fr\/wp-json\/wp\/v2\/product_tag?post=4607"}],"curies":[{"name":"wp","href":"https:\/\/api.w.org\/{rel}","templated":true}]}}