{"id":4678,"date":"2025-10-12T06:29:45","date_gmt":"2025-10-12T06:29:45","guid":{"rendered":"https:\/\/frvape.com\/product\/razz-bar-15000-puffs-disposable-vape-high-capacity-rechargeable-e-cig-with-mesh-coil\/"},"modified":"2026-01-26T05:21:45","modified_gmt":"2026-01-26T05:21:45","slug":"razz-bar-15000-puffs-jetable-vape-high-capacity-rechargeable-e-cig-avec-mesh-coil","status":"publish","type":"product","link":"https:\/\/frvape.com\/fr\/produit\/razz-bar-15000-puffs-jetable-vape-high-capacity-rechargeable-e-cig-avec-mesh-coil\/","title":{"rendered":"Razz Bar 15000 Puffs Disposable Vape - E-Cig rechargeable de haute capacit\u00e9 avec Mesh Coil"},"content":{"rendered":"<h3>Pr\u00e9sentation du Razz Bar 15000 Vape jetable<\/h3>\n<p>R\u00e9volutionnez votre parcours de vapoteur avec le <strong>Razz Bar 15000 bouff\u00e9es Vape jetable<\/strong>, un syst\u00e8me d'information de pointe <strong>e-cigarette<\/strong> con\u00e7u pour une commodit\u00e9 et une satisfaction optimales. Cette <strong>vape jetable<\/strong> associe des performances \u00e9lev\u00e9es \u00e0 des fonctionnalit\u00e9s conviviales, garantissant une exp\u00e9rience transparente. En tant que leader de l'industrie depuis 2017, Razz Bar offre <strong>qualit\u00e9 sup\u00e9rieure<\/strong> et sont soutenus par des tests et des certifications rigoureuses. Explorez un monde de saveurs avec le <strong>razz bar vape<\/strong>. Parfait pour les vapoteurs adultes \u00e0 la recherche d'un produit fiable et innovant. <strong>e-cig jetable<\/strong> solution.<\/p>\n<h3>Sp\u00e9cifications des produits<\/h3>\n<p>Le Razz Bar 15000 pr\u00e9sente des caract\u00e9ristiques impressionnantes adapt\u00e9es \u00e0 une utilisation quotidienne. Les principales caract\u00e9ristiques sont les suivantes <strong>dur\u00e9e de vie prolong\u00e9e de 15 000 bouff\u00e9es<\/strong>r\u00e9duisant ainsi la n\u00e9cessit\u00e9 d'une recharge constante. Les <strong>Capacit\u00e9 de 28mL d'e-liquide<\/strong> garantit un plaisir prolong\u00e9 entre les recharges. Conditionn\u00e9 pour la vente en gros, chaque <strong>Le carton contient 200 unit\u00e9s<\/strong>Il est donc id\u00e9al pour les d\u00e9taillants et les acheteurs en gros. L'appareil est aliment\u00e9 par un <strong>Batterie rechargeable de 650mAh<\/strong>L'h\u00f4tel est dot\u00e9 d'une salle de bains moderne et d'une salle de sport. <strong>Port de charge de type C<\/strong> pour des recharges rapides et efficaces. Une meilleure diffusion des ar\u00f4mes est garantie gr\u00e2ce \u00e0 la technologie <strong>technologie des bobines de maille<\/strong>qui permet d'obtenir des nuages de vapeur riches et doux. Disponible avec <strong>des taux de nicotine de 2% ou 5%<\/strong>, notre <strong>vape jetable<\/strong> r\u00e9pond aux diff\u00e9rentes pr\u00e9f\u00e9rences pour une exp\u00e9rience nicotinique sur mesure.<\/p>\n<h3>Palette de saveurs extraordinaires<\/h3>\n<p>Plongez dans une gamme vari\u00e9e de saveurs haut de gamme avec le Razz Bar 15000. Chaque option est m\u00e9ticuleusement con\u00e7ue pour offrir un go\u00fbt et une satisfaction exceptionnels, gr\u00e2ce \u00e0 <strong>technologie des bobines de maille<\/strong> pour une meilleure qualit\u00e9 de vapeur. Nos ar\u00f4mes comprennent des choix de premi\u00e8re qualit\u00e9 comme :<\/p>\n<p>Gomme \u00e0 m\u00e2cher \u00e0 la past\u00e8que<br \/>Glace \u00e0 la fraise<br \/>Fraise Kiwi<br \/>Red Bull Ice<br \/>Myrtille Framboise Citron<br \/>Myrtille sur glace<br \/>Fudge \u00e0 la framboise<br \/>Baies m\u00e9lang\u00e9es<br \/>Citron vert<br \/>Glace \u00e0 la past\u00e8que<br \/>Glace \u00e0 la p\u00eache<br \/>P\u00eache Mangue Ananas<br \/>Mamba<br \/>Cola Ice<br \/>Double pomme<br \/>Kiwi Fruit de la passion Goyave<\/p>\n<p>Avec <strong>16 options distinctes<\/strong>Notre portefeuille d'ar\u00f4mes offre quelque chose pour tout le monde, des m\u00e9langes de fruits sucr\u00e9s aux sensations menthol\u00e9es glaciales.<\/p>\n<h3>Pourquoi le Razz Bar se d\u00e9marque-t-il ?<\/h3>\n<p>Depuis son lancement en 2017, <strong>Razz Bar<\/strong> s'est impos\u00e9e comme un nom de confiance dans le domaine de la <strong>e-cigarette<\/strong> l'industrie. Nous sommes fiers d'innover et de produire dans notre propre usine afin de garantir un contr\u00f4le de qualit\u00e9 de premier ordre. Notre \u00e9quipe d'ing\u00e9nieurs exp\u00e9riment\u00e9s utilise des processus tels que l'IQC, l'IPQC et le FQC pour des contr\u00f4les de s\u00e9curit\u00e9 complets, garantissant que chaque unit\u00e9 r\u00e9pond aux normes internationales. Certifications telles que <strong>CE<\/strong> et <strong>RoHS<\/strong> affirment notre engagement en mati\u00e8re de conformit\u00e9 et de fiabilit\u00e9. Au-del\u00e0 de notre offre de marques, nous fournissons une expertise <strong>Services OEM et ODM<\/strong>aider les clients \u00e0 personnaliser <strong>produits de vapotage<\/strong> \u00e0 leurs besoins uniques. En cons\u00e9quence, nos <strong>vape jetable<\/strong> a acquis une popularit\u00e9 mondiale, gr\u00e2ce \u00e0 la fid\u00e9lit\u00e9 de ses clients et \u00e0 son excellente r\u00e9putation.<\/p>\n<h3>Une exp\u00e9rience de vapotage sans faille<\/h3>\n<p>Notre <strong>Razz Bar 15000<\/strong> met l'accent sur la commodit\u00e9 et l'accessibilit\u00e9 pour l'utilisateur. Con\u00e7u pour la portabilit\u00e9, il est l\u00e9ger et se glisse parfaitement dans une poche ou un sac. Le <strong>Chargement de type C<\/strong> assure une recharge rapide, ce qui vous permet de vaper en d\u00e9placement sans interruption. De plus, le m\u00e9canisme plug-and-play simple ne n\u00e9cessite aucun entretien, ce qui le rend parfait pour les d\u00e9butants comme pour les vapoteurs chevronn\u00e9s. Avec plus de <strong>15000 bouff\u00e9es<\/strong>Il offre un rapport qualit\u00e9-prix exceptionnel et dure plus longtemps que de nombreux concurrents tout en offrant une saveur constante. Ce syst\u00e8me de <strong>e-cigarette<\/strong> garantit une alternative satisfaisante pour ceux qui abandonnent le tabagisme traditionnel.<\/p>\n<h3>Engagement en faveur de la qualit\u00e9 et de la satisfaction<\/h3>\n<p>Chez Razz Bar, nous privil\u00e9gions la confiance des clients en nous concentrant sur la production durable et les pratiques \u00e9thiques. Nos \u00e9quipes de marketing, de conception et de vente travaillent en collaboration pour rester \u00e0 la pointe des tendances du march\u00e9. Des tests rigoureux \u00e0 chaque \u00e9tape permettent d'\u00e9liminer les d\u00e9fauts et de garantir un fonctionnement s\u00fbr et efficace des appareils. En offrant une double <strong>les options de la nicotine<\/strong> et un large \u00e9ventail de saveurs, le <strong>razz bar vape<\/strong> r\u00e9pond aux diverses pr\u00e9f\u00e9rences des adultes dans le monde entier. Adoptez l'avenir du vapotage avec nos produits fiables et agr\u00e9ables \u00e0 utiliser. <strong>e-cig jetable<\/strong>. Pour les commandes personnalis\u00e9es, notre <strong>Capacit\u00e9s OEM et ODM<\/strong> Nous vous invitons \u00e0 nous contacter d\u00e8s aujourd'hui afin d'am\u00e9liorer votre exp\u00e9rience en mati\u00e8re de vapotage.<\/p>","protected":false},"excerpt":{"rendered":"<p>Faites l'exp\u00e9rience du vaping haut de gamme avec le <strong>Razz Bar 15000 bouff\u00e9es Vape jetable<\/strong>. Dot\u00e9 d'un \u00e9norme <strong>Capacit\u00e9 de 28 ml<\/strong>, <strong>batterie rechargeable de 650mAh<\/strong>, <strong>technologie des bobines de maille<\/strong>et <strong>options de nicotine de 2% ou 5%<\/strong>. Profitez d'une satisfaction gustative durable dans un appareil compact et facile \u00e0 utiliser.<\/p>","protected":false},"featured_media":4672,"comment_status":"open","ping_status":"closed","template":"","meta":[],"product_brand":[70],"product_cat":[893],"product_tag":[280,112,153,223,522,115],"class_list":{"0":"post-4678","1":"product","2":"type-product","3":"status-publish","4":"has-post-thumbnail","6":"product_brand-razzbar","7":"product_cat-razzbar","8":"product_tag-15000-puffs","9":"product_tag-disposable-vape","10":"product_tag-e-cigarette","11":"product_tag-nicotine-vape","12":"product_tag-razz-bar-vape","13":"product_tag-rechargeable-vape","15":"first","16":"instock","17":"sale","18":"shipping-taxable","19":"purchasable","20":"product-type-variable"},"jetpack_sharing_enabled":true,"tiered_pricing_type":"fixed","tiered_pricing_fixed_rules":[],"tiered_pricing_product_settings":{"layout":"default","base_unit_name":{"singular":null,"plural":null},"default_variation":null},"tiered_pricing_minimum_quantity":null,"tiered_pricing_roles_data":[],"tiered_pricing_percentage_rules":[],"tiered_pricing_maximum_quantity":null,"tiered_pricing_quantity_step":null,"_links":{"self":[{"href":"https:\/\/frvape.com\/fr\/wp-json\/wp\/v2\/product\/4678","targetHints":{"allow":["GET"]}}],"collection":[{"href":"https:\/\/frvape.com\/fr\/wp-json\/wp\/v2\/product"}],"about":[{"href":"https:\/\/frvape.com\/fr\/wp-json\/wp\/v2\/types\/product"}],"replies":[{"embeddable":true,"href":"https:\/\/frvape.com\/fr\/wp-json\/wp\/v2\/comments?post=4678"}],"wp:featuredmedia":[{"embeddable":true,"href":"https:\/\/frvape.com\/fr\/wp-json\/wp\/v2\/media\/4672"}],"wp:attachment":[{"href":"https:\/\/frvape.com\/fr\/wp-json\/wp\/v2\/media?parent=4678"}],"wp:term":[{"taxonomy":"product_brand","embeddable":true,"href":"https:\/\/frvape.com\/fr\/wp-json\/wp\/v2\/product_brand?post=4678"},{"taxonomy":"product_cat","embeddable":true,"href":"https:\/\/frvape.com\/fr\/wp-json\/wp\/v2\/product_cat?post=4678"},{"taxonomy":"product_tag","embeddable":true,"href":"https:\/\/frvape.com\/fr\/wp-json\/wp\/v2\/product_tag?post=4678"}],"curies":[{"name":"wp","href":"https:\/\/api.w.org\/{rel}","templated":true}]}}