{"id":5046,"date":"2025-10-12T06:52:34","date_gmt":"2025-10-12T06:52:34","guid":{"rendered":"https:\/\/frvape.com\/product\/waspe-20000-disposable-vape-with-dual-mesh-coil-and-rechargeable-battery\/"},"modified":"2025-11-26T08:59:47","modified_gmt":"2025-11-26T08:59:47","slug":"waspe-20000-jetable-vape-avec-dual-mesh-coil-et-batterie-rechargeable","status":"publish","type":"product","link":"https:\/\/frvape.com\/fr\/produit\/waspe-20000-jetable-vape-avec-dual-mesh-coil-et-batterie-rechargeable\/","title":{"rendered":"WASPE 20000 Vape jetable avec Dual Mesh Coil et batterie rechargeable"},"content":{"rendered":"<h3>Vue d'ensemble<\/h3>\n<p>Les <strong>WASPE 20000 PUFFS Bo\u00eete \u00e0 double maille<\/strong> red\u00e9finit le vapotage jetable haut de gamme en offrant une exp\u00e9rience in\u00e9gal\u00e9e en termes de luxe et de performance. En tant que produit de pointe <strong>vape jetable<\/strong>Il allie un design \u00e9l\u00e9gant \u00e0 une technologie de pointe. <strong>technologie de la bobine \u00e0 double maille<\/strong> pour garantir une production de vapeur optimale et une diffusion de saveurs riches. Dot\u00e9 d'une interface intuitive <strong>Affichage LED<\/strong> pour un contr\u00f4le en temps r\u00e9el, cet appareil s'adresse aux vapoteurs qui recherchent \u00e0 la fois le style et la substance. Avec une capacit\u00e9 g\u00e9n\u00e9reuse de 20000 bouff\u00e9es et un syst\u00e8me de vapotage polyvalent, cet appareil est id\u00e9al pour le vapotage. <strong>les options de la nicotine<\/strong> allant de 0% \u00e0 5%, le WASPE 20000 r\u00e9pond \u00e0 diverses pr\u00e9f\u00e9rences, que vous soyez d\u00e9butant ou enthousiaste et que vous souhaitiez profiter d'une exp\u00e9rience de vapotage durable et sans probl\u00e8me.<\/p>\n<h3>Sp\u00e9cifications des produits<\/h3>\n<p>1. Les bouff\u00e9es : <strong>20000 bouff\u00e9es<\/strong><br \/>\n2. Bobine \u00e0 double maille : <strong>1ohm<\/strong> + <strong>1ohm<\/strong><br \/>\n3. E-liquide : <strong>24ml<\/strong><br \/>\n4. La nicotine : <strong>0%<\/strong>\/<strong>2%<\/strong>\/<strong>3%<\/strong>\/<strong>5%<\/strong><br \/>\n5. Batterie : <strong>900mAh<\/strong> <strong>batterie rechargeable<\/strong><br \/>\n6. Rechargeable : <strong>Type-C<\/strong> pour un chargement rapide et pratique<br \/>\n7. Affichage LED : Int\u00e9gr\u00e9 pour faciliter le suivi de l'utilisation et de l'\u00e9tat de la batterie<br \/>\n8. Poids du produit : <strong>98g<\/strong> par pi\u00e8ce<br \/>\n9. Taille du produit : <strong>52mm<\/strong> \u00d7 <strong>33 mm<\/strong> \u00d7 <strong>107mm<\/strong><br \/>\n10. Taille du carton : <strong>545mm<\/strong> \u00d7 <strong>335mm<\/strong> \u00d7 <strong>235mm<\/strong><br \/>\n11. QT\u00c9 : <strong>200 pi\u00e8ces par carton<\/strong>, emball\u00e9 comme <strong>10 pi\u00e8ces par bo\u00eete<\/strong><br \/>\n12. G.W. : Environ <strong>21 kg<\/strong> par carton<\/p>\n<h3>Principales caract\u00e9ristiques et avantages<\/h3>\n<p>Vivez l'exp\u00e9rience d'un vapotage sans faille avec le <strong>WASPE 20000<\/strong> gr\u00e2ce \u00e0 son syst\u00e8me innovant de <strong>bobine \u00e0 double maille<\/strong> qui am\u00e9liore la distribution de la chaleur et l'intensit\u00e9 de la saveur \u00e0 chaque inhalation. Les <strong>Batterie robuste de 900mAh<\/strong> permet une utilisation prolong\u00e9e et se recharge efficacement gr\u00e2ce \u00e0 la batterie int\u00e9gr\u00e9e. <strong>Type-C<\/strong> pour que vous ne soyez jamais priv\u00e9 d'\u00e9lectricit\u00e9. Cette <strong>vape jetable<\/strong> est parfait pour les achats en gros, chaque carton contenant 200 pi\u00e8ces, id\u00e9al pour le plaisir personnel ou la distribution commerciale. Les <strong>Capacit\u00e9 de 24 ml d'e-liquide<\/strong> Les cartouches de recharge garantissent une session de vapotage prolong\u00e9e, r\u00e9duisant ainsi le besoin de remplacements fr\u00e9quents, tandis que la l\u00e9g\u00e8ret\u00e9 et l'ergonomie de l'appareil en font un produit tr\u00e8s portable. Con\u00e7u pour \u00eatre fiable, il am\u00e9liore votre routine gr\u00e2ce \u00e0 un m\u00e9lange de durabilit\u00e9, de commodit\u00e9 et de technologie avanc\u00e9e.<\/p>\n<h3>Options de saveurs<\/h3>\n<p>Laissez-vous tenter par une gamme vari\u00e9e de <strong>de d\u00e9licieuses saveurs<\/strong> adapt\u00e9s \u00e0 tous les palais. Chaque option offre un profil de go\u00fbt unique, con\u00e7u pour am\u00e9liorer votre satisfaction de vapoter. Appr\u00e9ciez ces e-liquides premium <strong>saveurs<\/strong>: Fraise Framboise Cerise<br \/>\nGlace double pomme<br \/>\nGlace aux myrtilles<br \/>\nLimonade \u00e0 la myrtille et \u00e0 la framboise<br \/>\nPast\u00e8que \u00e0 la fraise<br \/>\nPast\u00e8que Bubblegum<br \/>\nGlace luxuriante<br \/>\nFraise Kiwi<br \/>\nBaies m\u00e9lang\u00e9es<br \/>\nGlace de raisin<br \/>\nKiwi Fruit de la passion Goyave<br \/>\nGlace \u00e0 la p\u00eache<\/p>\n<h3>Performances d\u00e9taill\u00e9es<\/h3>\n<p>Les <strong>WASPE 20000<\/strong> se distingue par sa grande capacit\u00e9 <strong>nombre de bouff\u00e9es<\/strong>Il s'agit donc d'un choix rentable qui maximise la valeur pour les vapoteurs. La configuration \u00e0 double maillage, fonctionnant \u00e0 <strong>1ohm + 1ohm<\/strong>Le syst\u00e8me de contr\u00f4le de la temp\u00e9rature, qui garantit un contr\u00f4le constant de la temp\u00e9rature et des nuages de vapeur \u00e9pais sans risque de s\u00e9cheresse. Que vous pr\u00e9f\u00e9riez la nicotine pour un effet de gorge ou une exp\u00e9rience douce sans nicotine, cet appareil offre une satisfaction personnalisable. Le <strong>Affichage LED<\/strong> vous informe en temps r\u00e9el de l'autonomie de la batterie et de l'utilisation de la bouff\u00e9e, ajoutant une touche de sophistication moderne. Les utilisateurs soucieux de l'environnement appr\u00e9cient le <strong>rechargeable<\/strong> La bo\u00eete \u00e0 maille double permet de r\u00e9duire les d\u00e9chets par rapport aux alternatives \u00e0 usage unique. Pour une vape de qualit\u00e9 sup\u00e9rieure qui combine performance, vari\u00e9t\u00e9 et design convivial, la WASPE 20000 PUFFS Dual Mesh Box est votre choix ultime.<\/p>\n<h3>Pourquoi choisir WASPE 20000 ?<\/h3>\n<p>Cet \u00e9v\u00e9nement exceptionnel <strong>vape jetable<\/strong> offre une solution durable gr\u00e2ce \u00e0 son <strong>20000 bouff\u00e9es massives<\/strong> id\u00e9al pour les voyages prolong\u00e9s ou l'utilisation quotidienne. Sa taille compacte et son <strong>l\u00e9ger 98g<\/strong> facile \u00e0 transporter, tout en \u00e9tant tr\u00e8s performant. <strong>une production de vapeur puissante<\/strong> des doubles bobines. Pour les d\u00e9taillants, la commodit\u00e9 de l'emballage avec <strong>200 pi\u00e8ces par carton<\/strong> simplifie la gestion des stocks et les ventes. Les vapoteurs peuvent explorer les <strong>riche m\u00e9lange de saveurs<\/strong>Il y en a pour tous les go\u00fbts, du fruit\u00e9 au glac\u00e9. La fiabilit\u00e9 de la <strong>Batterie de 900mAh<\/strong> moins d'interruptions et la rapidit\u00e9 d'ex\u00e9cution des <strong>Type-C<\/strong> Le syst\u00e8me de charge WASPE 20000 vous permet d'\u00eatre toujours pr\u00eat \u00e0 vaper. Passez \u00e0 la WASPE 20000 pour un voyage am\u00e9lior\u00e9 d\u00e9fini par le luxe, l'innovation et le plaisir pur.<\/p>","protected":false},"excerpt":{"rendered":"<p>Pr\u00e9sentation de la <strong>WASPE 20000<\/strong> vape jetable, dot\u00e9e d'un <strong>Capacit\u00e9 impressionnante de 20000 bouff\u00e9es<\/strong> et <strong>technologie de pointe de la bobine \u00e0 double maille<\/strong> pour une saveur et une vapeur sup\u00e9rieures. Choisissez parmi plusieurs <strong>taux de nicotine<\/strong> (0% \u00e0 5%) et profiter d'un design \u00e9l\u00e9gant avec <strong>affichage LCD en temps r\u00e9el<\/strong>. Aliment\u00e9 par un <strong>batterie rechargeable<\/strong> via le port Type-C, il offre des performances durables et une grande commodit\u00e9 pour le vapotage de luxe.<\/p>","protected":false},"featured_media":5040,"comment_status":"open","ping_status":"closed","template":"","meta":[],"product_brand":[332],"product_cat":[1016,1068],"product_tag":[512,112,244,541,342,540],"class_list":{"0":"post-5046","1":"product","2":"type-product","3":"status-publish","4":"has-post-thumbnail","6":"product_brand-waspe","7":"product_cat-big-puffs-vapes","8":"product_cat-waspe","9":"product_tag-20000-puffs","10":"product_tag-disposable-vape","11":"product_tag-dual-mesh-coil","12":"product_tag-flavored-e-cig","13":"product_tag-rechargeable-battery","14":"product_tag-waspe-20000","16":"first","17":"instock","18":"sale","19":"shipping-taxable","20":"purchasable","21":"product-type-variable"},"jetpack_sharing_enabled":true,"tiered_pricing_type":"fixed","tiered_pricing_fixed_rules":[],"tiered_pricing_product_settings":{"layout":"default","base_unit_name":{"singular":null,"plural":null},"default_variation":null},"tiered_pricing_minimum_quantity":null,"tiered_pricing_roles_data":[],"tiered_pricing_percentage_rules":[],"tiered_pricing_maximum_quantity":null,"tiered_pricing_quantity_step":null,"_links":{"self":[{"href":"https:\/\/frvape.com\/fr\/wp-json\/wp\/v2\/product\/5046","targetHints":{"allow":["GET"]}}],"collection":[{"href":"https:\/\/frvape.com\/fr\/wp-json\/wp\/v2\/product"}],"about":[{"href":"https:\/\/frvape.com\/fr\/wp-json\/wp\/v2\/types\/product"}],"replies":[{"embeddable":true,"href":"https:\/\/frvape.com\/fr\/wp-json\/wp\/v2\/comments?post=5046"}],"wp:featuredmedia":[{"embeddable":true,"href":"https:\/\/frvape.com\/fr\/wp-json\/wp\/v2\/media\/5040"}],"wp:attachment":[{"href":"https:\/\/frvape.com\/fr\/wp-json\/wp\/v2\/media?parent=5046"}],"wp:term":[{"taxonomy":"product_brand","embeddable":true,"href":"https:\/\/frvape.com\/fr\/wp-json\/wp\/v2\/product_brand?post=5046"},{"taxonomy":"product_cat","embeddable":true,"href":"https:\/\/frvape.com\/fr\/wp-json\/wp\/v2\/product_cat?post=5046"},{"taxonomy":"product_tag","embeddable":true,"href":"https:\/\/frvape.com\/fr\/wp-json\/wp\/v2\/product_tag?post=5046"}],"curies":[{"name":"wp","href":"https:\/\/api.w.org\/{rel}","templated":true}]}}