{"id":6288,"date":"2025-10-12T09:22:09","date_gmt":"2025-10-12T09:22:09","guid":{"rendered":"https:\/\/frvape.com\/product\/bang-king-36000-disposable-vape-long-lasting-features-diverse-flavors\/"},"modified":"2025-11-04T01:45:05","modified_gmt":"2025-11-04T01:45:05","slug":"bang-king-36000-disposable-vape-long-lasting-features-diverse-flavors","status":"publish","type":"product","link":"https:\/\/frvape.com\/fr\/produit\/bang-king-36000-disposable-vape-long-lasting-features-diverse-flavors\/","title":{"rendered":"Bang King 36000 Vape jetable - Caract\u00e9ristiques de longue dur\u00e9e et saveurs vari\u00e9es"},"content":{"rendered":"<h3>Introduction<\/h3>\n<p>Bienvenue dans le nec plus ultra <strong>Bang King 36000<\/strong> <strong>vape jetable<\/strong>Un appareil \u00e0 la pointe de la technologie, con\u00e7u pour des performances et une commodit\u00e9 exceptionnelles. Avec ses 36 000 bouff\u00e9es impressionnantes et son design \u00e9l\u00e9gant, il red\u00e9finit votre parcours de vapoteur en offrant une douceur et une fiabilit\u00e9 in\u00e9gal\u00e9es.<\/p>\n<h3>Caract\u00e9ristiques principales<\/h3>\n<p>Les <strong>Bang King 36000<\/strong> b\u00e9n\u00e9ficie d'innovations avanc\u00e9es pour personnaliser votre vape. Les <strong>double \u00e9cran<\/strong> offre une visibilit\u00e9 claire de la capacit\u00e9 de la batterie et des niveaux d'e-liquide, ce qui vous permet de ne jamais \u00eatre \u00e0 court de mani\u00e8re inattendue. <strong>Puissance r\u00e9glable<\/strong> vous permettent d'affiner l'exp\u00e9rience, en trouvant l'\u00e9quilibre parfait entre l'intensit\u00e9 de la saveur et la puissance de la vapeur. Gr\u00e2ce \u00e0 cette flexibilit\u00e9, chaque bouff\u00e9e est adapt\u00e9e \u00e0 vos pr\u00e9f\u00e9rences.<\/p>\n<h3>Technologie de performance am\u00e9lior\u00e9e<\/h3>\n<p>Faites l'exp\u00e9rience d'un go\u00fbt sup\u00e9rieur et d'une production en nuage avec le syst\u00e8me int\u00e9gr\u00e9 <strong>double bobine<\/strong> avec un capteur de 0,6ohm <strong>bobine \u00e0 double maille<\/strong>. Cette technologie permet d'obtenir une saveur riche et constante tout en maximisant l'\u00e9paisseur de la vapeur. Combin\u00e9 avec <strong>d\u00e9bit d'air r\u00e9glable<\/strong>En outre, vous pouvez facilement ajuster la r\u00e9sistance \u00e0 l'\u00e9tirement pour une frappe plus ou moins forte selon votre humeur. Les <strong>double mode<\/strong> ajoute de la polyvalence, vous permettant de changer de fonction sans effort - optez pour plus de bouff\u00e9es en mode Eco ou pour des nuages plus denses en mode Power.<\/p>\n<h3>Vari\u00e9t\u00e9 d'ar\u00f4mes rafra\u00eechissants<\/h3>\n<p>Laissez-vous tenter par une vaste s\u00e9lection de 12 d\u00e9licieuses <strong>plusieurs saveurs<\/strong>Chaque e-liquide est soigneusement con\u00e7u pour satisfaire votre palais. Notre portefeuille d'e-liquides comprend :<br \/>Glace p\u00eache juteuse<br \/>Kiwi Fruit de la passion Goyave<br \/>Fraise et banane<br \/>M. Bleu<br \/>Glace triple baie<br \/>Raisin Pomme<br \/>Fraise Kiwi<br \/>Fruits tropicaux<br \/>Glace Blue Razz<br \/>Past\u00e8que \u00e0 la fraise<br \/>Glace \u00e0 la past\u00e8que<br \/>P\u00eache Mangue Past\u00e8que<\/p>\n<p>Que vous ayez envie de notes fruit\u00e9es ou de fra\u00eecheur glac\u00e9e, ces saveurs garantissent que chaque bouff\u00e9e sera satisfaisante et m\u00e9morable.<\/p>\n<h3>Sp\u00e9cifications compl\u00e8tes<\/h3>\n<p>Con\u00e7u pour l'endurance et la facilit\u00e9 d'utilisation, le <strong>Bang King 36000<\/strong> comprend une batterie robuste de 650mAh pour des sessions prolong\u00e9es. Profitez d'une capacit\u00e9 d'e-liquide de 30 ml dans un cadre compact, le tout emball\u00e9 dans un bo\u00eetier en aluminium. <strong>vape jetable<\/strong> pour une utilisation sans probl\u00e8me. Les autres caract\u00e9ristiques principales sont les suivantes :<br \/>Nicotine : 0%\/2%\/3%\/5% options pour r\u00e9pondre \u00e0 vos pr\u00e9f\u00e9rences<br \/>Puffs : Jusqu'\u00e0 36 000 par unit\u00e9<br \/>Bobine : Bobine Dual Mesh 0,6ohm avanc\u00e9e pour des performances optimis\u00e9es<br \/>Commandes tactiles : Interface conviviale avec param\u00e8tres r\u00e9glables et \u00e9cran de verrouillage pour la s\u00e9curit\u00e9<br \/>Connectivit\u00e9 : Chargement de type C pour une r\u00e9utilisation rapide<br \/>Emballage : 10 pi\u00e8ces par bo\u00eete, avec des cartons en vrac disponibles \u00e0 200 pi\u00e8ces par carton.<\/p>\n<h3>Pourquoi choisir le Bang King 36000<\/h3>\n<p>Id\u00e9al pour les d\u00e9butants comme pour les passionn\u00e9s, cet appareil allie innovation et fiabilit\u00e9. Son r\u00e9glage ergonomique du flux d'air et son <strong>double mode<\/strong> Le syst\u00e8me d'alimentation en eau potable et les capacit\u00e9s d'absorption de l'eau font qu'il s'adapte \u00e0 tous les environnements. Faites l'exp\u00e9rience d'une satisfaction durable et explorez un monde de saveurs - commandez le <strong>Bang King 36000<\/strong> aujourd'hui pour une vape qui d\u00e9passe les attentes.<\/p>","protected":false},"excerpt":{"rendered":"<p>D\u00e9couvrez les <strong>Bang King 36000<\/strong> vape jetable avec <strong>36000 bouff\u00e9es<\/strong> et des fonctions personnalisables telles que <strong>double \u00e9cran<\/strong> et <strong>d\u00e9bit d'air r\u00e9glable<\/strong>.<br \/>Profitez de 12 saveurs rafra\u00eechissantes pour une exp\u00e9rience de vapotage de premier ordre.<\/p>","protected":false},"featured_media":6282,"comment_status":"open","ping_status":"closed","template":"","meta":[],"product_brand":[133],"product_cat":[856],"product_tag":[221,624,488,112,622,623],"class_list":{"0":"post-6288","1":"product","2":"type-product","3":"status-publish","4":"has-post-thumbnail","6":"product_brand-bangking","7":"product_cat-bangking","8":"product_tag-36000-puffs","9":"product_tag-adjustable-power","10":"product_tag-bang-king-36000","11":"product_tag-disposable-vape","12":"product_tag-dual-coil","13":"product_tag-multiple-flavors","15":"first","16":"instock","17":"sale","18":"shipping-taxable","19":"purchasable","20":"product-type-variable"},"jetpack_sharing_enabled":true,"tiered_pricing_type":"fixed","tiered_pricing_fixed_rules":[],"tiered_pricing_product_settings":{"layout":"default","base_unit_name":{"singular":null,"plural":null},"default_variation":null},"tiered_pricing_minimum_quantity":null,"tiered_pricing_roles_data":[],"tiered_pricing_percentage_rules":[],"tiered_pricing_maximum_quantity":null,"tiered_pricing_quantity_step":null,"_links":{"self":[{"href":"https:\/\/frvape.com\/fr\/wp-json\/wp\/v2\/product\/6288","targetHints":{"allow":["GET"]}}],"collection":[{"href":"https:\/\/frvape.com\/fr\/wp-json\/wp\/v2\/product"}],"about":[{"href":"https:\/\/frvape.com\/fr\/wp-json\/wp\/v2\/types\/product"}],"replies":[{"embeddable":true,"href":"https:\/\/frvape.com\/fr\/wp-json\/wp\/v2\/comments?post=6288"}],"wp:featuredmedia":[{"embeddable":true,"href":"https:\/\/frvape.com\/fr\/wp-json\/wp\/v2\/media\/6282"}],"wp:attachment":[{"href":"https:\/\/frvape.com\/fr\/wp-json\/wp\/v2\/media?parent=6288"}],"wp:term":[{"taxonomy":"product_brand","embeddable":true,"href":"https:\/\/frvape.com\/fr\/wp-json\/wp\/v2\/product_brand?post=6288"},{"taxonomy":"product_cat","embeddable":true,"href":"https:\/\/frvape.com\/fr\/wp-json\/wp\/v2\/product_cat?post=6288"},{"taxonomy":"product_tag","embeddable":true,"href":"https:\/\/frvape.com\/fr\/wp-json\/wp\/v2\/product_tag?post=6288"}],"curies":[{"name":"wp","href":"https:\/\/api.w.org\/{rel}","templated":true}]}}