{"id":8183,"date":"2025-10-14T02:44:10","date_gmt":"2025-10-14T02:44:10","guid":{"rendered":"https:\/\/frvape.com\/product\/randm-tornado-7000-disposable-vape-with-airflow-control-rechargeable\/"},"modified":"2025-12-16T09:11:48","modified_gmt":"2025-12-16T09:11:48","slug":"randm-tornado-7000-jetable-avec-controle-dairflow-rechargeable","status":"publish","type":"product","link":"https:\/\/frvape.com\/fr\/produit\/randm-tornado-7000-jetable-avec-controle-dairflow-rechargeable\/","title":{"rendered":"RandM Tornado 7000 Vape jetable avec contr\u00f4le du flux d'air et rechargeable"},"content":{"rendered":"<h3>Vue d'ensemble<\/h3>\n<p>D\u00e9couvrez le RandM Tornado 7000, une vape jetable innovante con\u00e7ue pour des performances et une commodit\u00e9 exceptionnelles. Cet appareil combine <strong>grande capacit\u00e9 de bouff\u00e9e<\/strong> avec des fonctionnalit\u00e9s avanc\u00e9es telles que <strong>d\u00e9bit d'air r\u00e9glable<\/strong> et un <strong>Port rechargeable de type C<\/strong>Le r\u00e9servoir d'e-liquide de 14 ml est dot\u00e9 de niveaux de nicotine de 0%, 2%, 3% ou 5%. Parfait pour les vapoteurs \u00e0 la recherche d'une exp\u00e9rience durable et personnalisable.<\/p>\n<h3>Principales sp\u00e9cifications<\/h3>\n<p>Le Tornado 7000 dispose d'un volume substantiel de 14 ml d'e-liquide pr\u00e9-rempli avec des options de sels de nicotine pour un effet de gorge doux. Il comprend un <strong>d\u00e9bit d'air r\u00e9glable<\/strong> pour adapter l'intensit\u00e9 de votre tirage, <strong>technologie des bobines de maille<\/strong> pour une saveur sup\u00e9rieure, et un superbe affichage lumineux RGB \u00e0 6 couleurs pour l'attrait visuel. Aliment\u00e9 par un robuste <strong>Batterie rechargeable de 1000mAh<\/strong> avec la charge USB-C, il garantit la fiabilit\u00e9 et \u00e9limine les pannes de batterie en milieu d'utilisation pour que vous puissiez atteindre les 7000 bouff\u00e9es compl\u00e8tes. L'emballage comprend 10 unit\u00e9s par bo\u00eete de pr\u00e9sentation avec des options en vrac de 240 unit\u00e9s par carton, pesant 17kg et mesurant 46,2*26,9*30,6 CM.<\/p>\n<h3>Technologie avanc\u00e9e d'enroulement en maille<\/h3>\n<p>Dot\u00e9 d'une technologie de pointe <strong>bobine de maille<\/strong> Le Tornado 7000 assure une vapeur plus froide, des nuages plus riches et une qualit\u00e9 d'ar\u00f4me in\u00e9gal\u00e9e par rapport aux coils standards. Cette technologie maximise la vaporisation de l'e-juice pour une meilleure efficacit\u00e9. <strong>vape plus douce<\/strong>Il am\u00e9liore l'efficacit\u00e9 de la batterie et permet d'obtenir un r\u00e9sultat toujours satisfaisant. Dites adieu aux go\u00fbts de br\u00fbl\u00e9 et bonjour \u00e0 la qualit\u00e9 sup\u00e9rieure. <strong>plaisir de la vaporisation<\/strong>.<\/p>\n<h3>Port rechargeable de type C<\/h3>\n<p>Gr\u00e2ce \u00e0 son syst\u00e8me int\u00e9gr\u00e9 de <strong>Port de type C<\/strong>Le Tornado 7000 se recharge rapidement et de mani\u00e8re fiable en utilisant les derni\u00e8res normes USB-C. Cette <strong>fonction rechargeable<\/strong> signifie qu'il n'y a pas de gaspillage d'e-liquide, car vous pouvez alimenter l'appareil plusieurs fois avant de le jeter, ce qui en fait une option jetable plus respectueuse de l'environnement qui permet une utilisation prolong\u00e9e.<\/p>\n<h3>\u00c9clairage RVB vibrant<\/h3>\n<p>Illuminez vos sessions avec des <strong>Lumi\u00e8res RVB<\/strong> qui brillent \u00e0 chaque bouff\u00e9e, cr\u00e9ant un effet visuel cool dans n'importe quel environnement. Cet \u00e9l\u00e9ment de style ajoute non seulement du plaisir mais rend \u00e9galement le vapotage plus engageant, distinguant le RandM Tornado 7000 des appareils standard.<\/p>\n<h3>Personnalisation du flux d'air<\/h3>\n<p>Personnalisez votre vape avec le <strong>d\u00e9bit d'air r\u00e9glable<\/strong> qui vous permet de modifier la densit\u00e9 et la fra\u00eecheur de la vapeur. Un d\u00e9bit d'air plus \u00e9lev\u00e9 permet d'obtenir un nuage plus frais et plus doux avec une saveur moins intense pour ceux qui pr\u00e9f\u00e8rent une l\u00e9g\u00e8re tra\u00een\u00e9e. Cette fonction garantit une exp\u00e9rience sur mesure qui am\u00e9liore la qualit\u00e9 de vie des vapoteurs. <strong>production en nuage<\/strong> et le confort.<\/p>\n<h3>Batterie \u00e0 haute capacit\u00e9<\/h3>\n<p>Le syst\u00e8me int\u00e9gr\u00e9 <strong>Batterie de 1000mAh<\/strong> ne se contente pas d'offrir 7 000 bouff\u00e9es, mais peut \u00eatre recharg\u00e9e pour une dur\u00e9e de vie prolong\u00e9e. Sa grande capacit\u00e9 garantit une puissance constante, en particulier en cas d'utilisation intensive, de sorte que vous n'aurez jamais \u00e0 vous inqui\u00e9ter d'une d\u00e9faillance pr\u00e9matur\u00e9e.<\/p>\n<h3>Options de saveurs \u00e9tendues<\/h3>\n<p>Le RandM Tornado 7000 offre une vari\u00e9t\u00e9 in\u00e9gal\u00e9e de 57 saveurs all\u00e9chantes, r\u00e9pondant \u00e0 tous les palais, des m\u00e9langes fruit\u00e9s aux m\u00e9langes glac\u00e9s. Faites votre choix dans notre vaste catalogue pour trouver votre bonheur : Berry Lemonade, Apple Berry Blast, Strawberry Watermelon Lemonade, Pina Colada Rum, Grape Ice, Strawberry Banana, Strawberry Ice, Red Energy Ice, Pacific Cooler, Pink Lemonade, Blueberry Cherry Cranberry, Skittles, Pineapple Ice, Blueberry Pomegranate, Fizzy Cherry, Strawberry Kiwi, Cola Ice, Peach Ice, Blueberry Bubblegum, Banana Milkshake, Strawberry Grape, Mango On Ice, Lush Ice, Vimto, Blueberry On Ice, Blue Razz Cherry, Bingo Crush, Dr. Blue, Banane glac\u00e9e, Fraise past\u00e8que, Tabac, Pomme acide, Pomme p\u00eache poire, Pomme rouge citron, Pomme rouge glac\u00e9e, Barbe \u00e0 papa, Menthe fra\u00eeche, Myrtille framboise, Baies m\u00e9lang\u00e9es, Blue Razz limonade, Ice Pop, Cerise, Bluesour framboise, Pink Burst, Lemon &amp; Lime, Peach Mango, Peach Blueberry Candy, Gummy Bear, Vimto Crush, Blackcurrant Ice, Cherry Cola, Kiwi Passion Fruit Guava, Tiger Blood, Strawberry Donut, Tangerine Ice, Strawberry Red Bull, Blackcurrant Menthol.<\/p>\n<p>Avec sa combinaison de caract\u00e9ristiques innovantes et sa large gamme d'ar\u00f4mes, le Tornado 7000 promet une exp\u00e9rience de vapotage de haut niveau pour tous les utilisateurs.<\/p>","protected":false},"excerpt":{"rendered":"<p>D\u00e9couvrez le Randm Tornado 7000, une vape jetable de grande capacit\u00e9 avec <strong>d\u00e9bit d'air r\u00e9glable<\/strong> et <strong>batterie rechargeable<\/strong> d\u00e9livrant jusqu'\u00e0 7000 bouff\u00e9es. Caract\u00e9ristiques <strong>14ml e-liquide<\/strong> dans 0%, 2%, 3%, ou 5% <strong>sel de nicotine<\/strong>plus des lumi\u00e8res RGB vibrantes. Choisissez parmi 57 saveurs d\u00e9licieuses.<\/p>","protected":false},"featured_media":8177,"comment_status":"open","ping_status":"closed","template":"","meta":[],"product_brand":[326],"product_cat":[844],"product_tag":[575,112,372,329,115,155],"class_list":{"0":"post-8183","1":"product","2":"type-product","3":"status-publish","4":"has-post-thumbnail","6":"product_brand-randm","7":"product_cat-randm","8":"product_tag-airflow-control","9":"product_tag-disposable-vape","10":"product_tag-mesh-coil","11":"product_tag-randm-tornado-7000","12":"product_tag-rechargeable-vape","13":"product_tag-vape-flavors","15":"first","16":"instock","17":"sale","18":"shipping-taxable","19":"purchasable","20":"product-type-variable"},"jetpack_sharing_enabled":true,"tiered_pricing_type":"fixed","tiered_pricing_fixed_rules":[],"tiered_pricing_product_settings":{"layout":"default","base_unit_name":{"singular":null,"plural":null},"default_variation":null},"tiered_pricing_minimum_quantity":null,"tiered_pricing_roles_data":[],"tiered_pricing_percentage_rules":[],"tiered_pricing_maximum_quantity":null,"tiered_pricing_quantity_step":null,"_links":{"self":[{"href":"https:\/\/frvape.com\/fr\/wp-json\/wp\/v2\/product\/8183","targetHints":{"allow":["GET"]}}],"collection":[{"href":"https:\/\/frvape.com\/fr\/wp-json\/wp\/v2\/product"}],"about":[{"href":"https:\/\/frvape.com\/fr\/wp-json\/wp\/v2\/types\/product"}],"replies":[{"embeddable":true,"href":"https:\/\/frvape.com\/fr\/wp-json\/wp\/v2\/comments?post=8183"}],"wp:featuredmedia":[{"embeddable":true,"href":"https:\/\/frvape.com\/fr\/wp-json\/wp\/v2\/media\/8177"}],"wp:attachment":[{"href":"https:\/\/frvape.com\/fr\/wp-json\/wp\/v2\/media?parent=8183"}],"wp:term":[{"taxonomy":"product_brand","embeddable":true,"href":"https:\/\/frvape.com\/fr\/wp-json\/wp\/v2\/product_brand?post=8183"},{"taxonomy":"product_cat","embeddable":true,"href":"https:\/\/frvape.com\/fr\/wp-json\/wp\/v2\/product_cat?post=8183"},{"taxonomy":"product_tag","embeddable":true,"href":"https:\/\/frvape.com\/fr\/wp-json\/wp\/v2\/product_tag?post=8183"}],"curies":[{"name":"wp","href":"https:\/\/api.w.org\/{rel}","templated":true}]}}