{"id":864,"date":"2025-10-11T15:49:11","date_gmt":"2025-10-11T15:49:11","guid":{"rendered":"https:\/\/frvape.com\/product\/zooy-zero-45000-puffs-vape-ice-nic-control-adjustable-airflow\/"},"modified":"2025-11-26T09:12:49","modified_gmt":"2025-11-26T09:12:49","slug":"zooy-zero-45000-puffs-vape-ice-nic-control-adjustable-airflow","status":"publish","type":"product","link":"https:\/\/frvape.com\/fr\/produit\/zooy-zero-45000-puffs-vape-ice-nic-control-adjustable-airflow\/","title":{"rendered":"Zooy Zero 45000 Puffs Vape : Contr\u00f4le ICE-NIC et flux d'air r\u00e9glable"},"content":{"rendered":"<h3>R\u00e9volutionnez votre exp\u00e9rience de vapotage<\/h3>\n<p>Les <strong>Zooy Zero 45000 bouff\u00e9es<\/strong> red\u00e9finit la technologie de l'e-cigarette jetable gr\u00e2ce \u00e0 des caract\u00e9ristiques in\u00e9dites sur le march\u00e9. Contrairement aux e-cigarettes jetables ordinaires, cet appareil r\u00e9volutionnaire est dot\u00e9 de la technologie exclusive <strong>Contr\u00f4le ICE-NIC<\/strong> qui vous permet de modifier instantan\u00e9ment l'intensit\u00e9 de la nicotine (2% ou 5%) et les niveaux de sensation de fra\u00eecheur du bout des doigts.<\/p>\n<h3>Un contr\u00f4le intelligent au bout des doigts<\/h3>\n<p>Le syst\u00e8me int\u00e9gr\u00e9 <strong>\u00e9cran tactile<\/strong> se trouve bien en vue sur le panneau avant de l'appareil et permet de contr\u00f4ler en temps r\u00e9el l'\u00e9tat de la batterie, les niveaux d'e-juice et les r\u00e9glages ICE\/NIC en cours. Avec trois d\u00e9bits de nicotine r\u00e9glables et trois niveaux d'intensit\u00e9 de la glace, il suffit d'appuyer sur l'\u00e9cran intelligent intuitif pour personnaliser chaque bouff\u00e9e en fonction de vos pr\u00e9f\u00e9rences.<\/p>\n<h3>Con\u00e7u pour la performance<\/h3>\n<p>Gr\u00e2ce \u00e0 une technologie de pointe <strong>Bobine \u00e0 double maille 0,6+1,5<\/strong> le Zooy Zero offre une constance de go\u00fbt in\u00e9gal\u00e9e de la premi\u00e8re \u00e0 la derni\u00e8re bouff\u00e9e. Le Zooy Zero <strong>d\u00e9bit d'air r\u00e9glable<\/strong> permet une transition en douceur entre les tirages serr\u00e9s de bouche \u00e0 poumon et les tirages directs de bouche \u00e0 poumon. Combin\u00e9 avec l'\u00e9norme <strong>Batterie rechargeable de 1000mAh<\/strong> (charge de type C), ce chef-d'\u0153uvre supporte une incroyable charge d'\u00e9nergie. <strong>45 000 bouff\u00e9es<\/strong> dur\u00e9e de vie.<\/p>\n<h3>Spectre d'ar\u00f4mes de premi\u00e8re qualit\u00e9<\/h3>\n<p>D\u00e9couvrez les e-liquides Pod Juice de premi\u00e8re qualit\u00e9, issus de 10 saveurs \u00e9labor\u00e9es par des experts : <br \/><strong>Glace Blue Razz<\/strong><br \/><strong>Raisin Pomme<\/strong><br \/><strong>Glace \u00e0 la myrtille<\/strong><br \/><strong>Past\u00e8que \u00e0 la myrtille<\/strong><br \/><strong>Glace \u00e0 la past\u00e8que<\/strong><br \/><strong>Past\u00e8que \u00e0 la fraise<\/strong><br \/><strong>Mangue Passion Goyave<\/strong><br \/><strong>Cola au citron<\/strong><br \/><strong>Fraise Kiwi<\/strong><br \/><strong>Su\u00e7on \u00e0 la fraise et \u00e0 l'orange<\/strong><br \/>Chaque ar\u00f4me contient une concentration de nicotine de 5% pour des bouff\u00e9es de gorge satisfaisantes.<\/p>\n<h3>Innovation ergonomique<\/h3>\n<p>Pes\u00e9e uniquement <strong>90g<\/strong> avec des dimensions de <strong>51.1*21.5*106.96mm<\/strong>Cet appareil \u00e0 la finition brillante associe une capacit\u00e9 massive \u00e0 une portabilit\u00e9 de poche. L'architecture avanc\u00e9e de la bobine (<strong>130G 0,6+1,5 double maille<\/strong>) assure une production optimale de vapeur, tandis que le <strong>\u00e9cran intelligent int\u00e9gr\u00e9<\/strong> offre une fonctionnalit\u00e9 sans compromis dans un format jetable.<\/p>\n<h3>Sp\u00e9cifications techniques<\/h3>\n<p><strong>Contr\u00f4le NIC&amp;ICE :<\/strong> R\u00e9glage \u00e0 3 niveaux pour les deux fonctions<br \/><strong>Nombre de bouff\u00e9es :<\/strong> 45 000 bouff\u00e9es par appareil<br \/><strong>Technologie de la bobine :<\/strong> Dual Mesh 0.6ohm + 1.5ohm<br \/><strong>Batterie :<\/strong> Rechargeable 1000mAh int\u00e9gr\u00e9e<br \/><strong>Chargement :<\/strong> Port de charge rapide de type C<br \/><strong>Affichage :<\/strong> \u00c9cran tactile intelligent<br \/><strong>Syst\u00e8me d'\u00e9coulement de l'air :<\/strong> Contr\u00f4le de l'anneau r\u00e9glable<br \/><strong>Dimensions :<\/strong> 51.1\u00d721.5\u00d7106.96mm<br \/><strong>Poids :<\/strong> 90g (conception l\u00e9g\u00e8re)<\/p>\n<h3>L'innovation \u00e0 la pointe de l'industrie<\/h3>\n<p>Zooy Zero est la seule offre jetable en temps r\u00e9el. <strong>personnalisation de la nicotine et de la glace<\/strong> - un changement de paradigme par rapport aux solutions \u00e0 r\u00e9glage unique. Le bo\u00eetier en plastique de l'appareil rayonne d'une esth\u00e9tique haut de gamme gr\u00e2ce \u00e0 un code couleur vibrant correspondant \u00e0 chaque profil d'ar\u00f4me unique. Associ\u00e9 \u00e0 une capacit\u00e9 de bouff\u00e9e sans pr\u00e9c\u00e9dent et \u00e0 des diagnostics intelligents, cet appareil repr\u00e9sente le summum de la commodit\u00e9 du vapotage.<\/p>\n<p>Chaque \u00e9l\u00e9ment, depuis le syst\u00e8me d'alimentation calibr\u00e9 avec pr\u00e9cision jusqu'au syst\u00e8me d'alimentation en eau potable, doit \u00eatre pris en compte. <strong>bobines \u00e0 double maille<\/strong> jusqu'au chipset sophistiqu\u00e9 r\u00e9gulant le d\u00e9bit de vapeur - a \u00e9t\u00e9 affin\u00e9 pour une satisfaction maximale. Les <strong>d\u00e9bit d'air r\u00e9glable<\/strong> dial transforme physiquement la r\u00e9sistance au tirage, offrant une \u00e9tanch\u00e9it\u00e9 personnalis\u00e9e, que vous pr\u00e9f\u00e9riez une MTL discr\u00e8te ou des nuages DTL volumineux. Oubliez les produits jetables ordinaires ; le Zooy Zero 45000 avec <strong>Contr\u00f4le ICE-NIC<\/strong> offre une pr\u00e9cision de niveau laboratoire dans la paume de la main.<\/p>","protected":false},"excerpt":{"rendered":"<p>D\u00e9couvrez la r\u00e9volutionnaire <strong>Zooy Zero 45000<\/strong> vape jetable avec la premi\u00e8re <strong>Contr\u00f4le ICE-NIC<\/strong> technologie.<br \/>Ajuster le taux de nicotine (2%\/5%) et les niveaux de glace via <strong>\u00e9cran tactile<\/strong> avec une long\u00e9vit\u00e9 de 45 000 bouff\u00e9es.<br \/>Les bobines \u00e0 double maille et les <strong>d\u00e9bit d'air r\u00e9glable<\/strong> pour un vapotage personnalis\u00e9.<\/p>","protected":false},"featured_media":858,"comment_status":"open","ping_status":"closed","template":"","meta":[],"product_brand":[97],"product_cat":[860],"product_tag":[162,163,112,161,164],"class_list":{"0":"post-864","1":"product","2":"type-product","3":"status-publish","4":"has-post-thumbnail","6":"product_brand-zooy","7":"product_cat-zooy","8":"product_tag-45000-puffs","9":"product_tag-adjustable-airflow","10":"product_tag-disposable-vape","11":"product_tag-ice-nic-control","12":"product_tag-touchscreen-vape","14":"first","15":"instock","16":"sale","17":"shipping-taxable","18":"purchasable","19":"product-type-variable"},"jetpack_sharing_enabled":true,"tiered_pricing_type":"fixed","tiered_pricing_fixed_rules":[],"tiered_pricing_product_settings":{"layout":"default","base_unit_name":{"singular":null,"plural":null},"default_variation":null},"tiered_pricing_minimum_quantity":null,"tiered_pricing_roles_data":[],"tiered_pricing_percentage_rules":[],"tiered_pricing_maximum_quantity":null,"tiered_pricing_quantity_step":null,"_links":{"self":[{"href":"https:\/\/frvape.com\/fr\/wp-json\/wp\/v2\/product\/864","targetHints":{"allow":["GET"]}}],"collection":[{"href":"https:\/\/frvape.com\/fr\/wp-json\/wp\/v2\/product"}],"about":[{"href":"https:\/\/frvape.com\/fr\/wp-json\/wp\/v2\/types\/product"}],"replies":[{"embeddable":true,"href":"https:\/\/frvape.com\/fr\/wp-json\/wp\/v2\/comments?post=864"}],"wp:featuredmedia":[{"embeddable":true,"href":"https:\/\/frvape.com\/fr\/wp-json\/wp\/v2\/media\/858"}],"wp:attachment":[{"href":"https:\/\/frvape.com\/fr\/wp-json\/wp\/v2\/media?parent=864"}],"wp:term":[{"taxonomy":"product_brand","embeddable":true,"href":"https:\/\/frvape.com\/fr\/wp-json\/wp\/v2\/product_brand?post=864"},{"taxonomy":"product_cat","embeddable":true,"href":"https:\/\/frvape.com\/fr\/wp-json\/wp\/v2\/product_cat?post=864"},{"taxonomy":"product_tag","embeddable":true,"href":"https:\/\/frvape.com\/fr\/wp-json\/wp\/v2\/product_tag?post=864"}],"curies":[{"name":"wp","href":"https:\/\/api.w.org\/{rel}","templated":true}]}}