{"id":9150,"date":"2025-10-31T14:54:58","date_gmt":"2025-10-31T14:54:58","guid":{"rendered":"https:\/\/frvape.com\/product\/aivono-aim-150k-puffs-disposable-vape-rechargeable-58ml-mesh-coil-device\/"},"modified":"2025-12-16T09:09:50","modified_gmt":"2025-12-16T09:09:50","slug":"aivono-aim-150k-puffs-jetable-rechargeable-58ml-mesh-coil-device","status":"publish","type":"product","link":"https:\/\/frvape.com\/fr\/produit\/aivono-aim-150k-puffs-jetable-rechargeable-58ml-mesh-coil-device\/","title":{"rendered":"Aivono Aim 150K Puffs Disposable Vape - Rechargeable 58ml Mesh Coil Device"},"content":{"rendered":"<h3>Exp\u00e9rience ultime de vaporisation longue dur\u00e9e<\/h3>\n<p>D\u00e9couvrez l'innovation <strong>Aivono Aim 150K Puffs<\/strong> con\u00e7u pour les vapoteurs \u00e0 la recherche d'une endurance exceptionnelle et d'un ar\u00f4me de premi\u00e8re qualit\u00e9. Ce dispositif de pointe \u00e9tablit de nouvelles normes sur le march\u00e9 de la vape jetable avec sa capacit\u00e9 extraordinaire de 150 000 bouff\u00e9es - parfaite pour les gros consommateurs et les amateurs d'ar\u00f4mes qui exigent une satisfaction ininterrompue.<\/p>\n<h3>Technologie avanc\u00e9e d'enroulement en maille<\/h3>\n<p>Faites l'exp\u00e9rience d'une consistance de vapeur in\u00e9gal\u00e9e gr\u00e2ce \u00e0 notre syst\u00e8me innovant \u00e0 quatre c\u0153urs abritant quatre bobines maill\u00e9es de 1,2\u03a9. Cette configuration avanc\u00e9e garantit que chaque bouff\u00e9e d\u00e9livre <strong>dense<\/strong>La temp\u00e9rature est stable de la premi\u00e8re \u00e0 la derni\u00e8re utilisation, ce qui permet d'obtenir des nuages savoureux. Les <strong>bobine de maille<\/strong> maximise l'utilisation de l'e-liquide et fournit un chauffage rapide pour une satisfaction instantan\u00e9e.<\/p>\n<h3>Exp\u00e9rience de la nicotine personnalisable<\/h3>\n<p>Personnalisez votre parcours de vapotage avec de multiples <strong>taux de nicotine<\/strong> Vous pouvez choisir parmi plusieurs options (0%, 2%, 3%, 5%) pour r\u00e9pondre \u00e0 vos pr\u00e9f\u00e9rences personnelles. Que vous fassiez la transition avec les cigarettes traditionnelles ou que vous appr\u00e9ciiez simplement la satisfaction de la nicotine, nos niveaux soigneusement calibr\u00e9s offrent des sensations de gorge douces sans compromettre l'int\u00e9grit\u00e9 des saveurs, ce qui les rend id\u00e9aux pour tous les styles de vapotage.<\/p>\n<h3>Grande capacit\u00e9 d'e-liquide et fonctions intelligentes<\/h3>\n<p>Au c\u0153ur de cet appareil impressionnant se trouve un syst\u00e8me d'alimentation en \u00e9nergie de grande qualit\u00e9. <strong>58ml d'e-liquide pr\u00e9-rempli<\/strong> r\u00e9servoir. Cette capacit\u00e9 g\u00e9n\u00e9reuse garantit une utilisation prolong\u00e9e sans remplacements fr\u00e9quents, ce qui est \u00e0 la fois rentable et pratique. Restez inform\u00e9 gr\u00e2ce \u00e0 l'\u00e9cran LED int\u00e9gr\u00e9 qui surveille en permanence les \u00e9l\u00e9ments suivants <strong>batterie<\/strong> l'\u00e9tat et les niveaux de jus restants.<\/p>\n<h3>Premium Rechargeable Performance<\/h3>\n<p>La batterie haute capacit\u00e9 de 850mAh fournit une puissance durable correspondant au nombre exceptionnel de bouff\u00e9es. Rechargez rapidement gr\u00e2ce \u00e0 la technologie USB-C, qui \u00e9vite les temps d'arr\u00eat tout en offrant une efficacit\u00e9 de charge rapide. Cette fonction conviviale permet de prolonger vos sessions de vapotage sans avoir \u00e0 recourir \u00e0 des solutions jetables.<\/p>\n<h3>D\u00e9licieuse vari\u00e9t\u00e9 de saveurs<\/h3>\n<p>Laissez-vous tenter par notre s\u00e9lection vari\u00e9e de saveurs sophistiqu\u00e9es :<\/p>\n<p><strong>Past\u00e8que + Framboise + Cerise + Cola<br \/>Glace \u00e0 la fraise + glace \u00e0 la past\u00e8que + glace \u00e0 la p\u00eache + glace au fruit de la passion<br \/>Glace \u00e0 la fraise + Mangue + Ananas + Glace<br \/>Ananas noix de coco + glace au citron + glace \u00e0 la myrtille + boisson \u00e9nerg\u00e9tique<br \/>Glace fraise + glace myrtille + glace raisin + glace pomme verte<br \/>Glace \u00e0 la banane + glace \u00e0 la fraise + glace \u00e0 la past\u00e8que + glace au citron<br \/>Fraise kiwi + myrtille noix de coco + prune m\u00e9lang\u00e9e + mangue<br \/>Glace fraise + glace ananas noix de coco + glace mangue + glace fruit de la passion<br \/>Glace \u00e0 la myrtille + Glace au citron et \u00e0 la framboise + Glace \u00e0 la past\u00e8que + Menthe<br \/>Glace de raisin + P\u00eache de mangue + Glace de past\u00e8que + Glace de myrtille<\/strong><\/p>\n<h3>Sp\u00e9cifications techniques<\/h3>\n<p>Puffs : 150 000<br \/>Type de bobine : Syst\u00e8me de bobine quadruple 1.2\u03a9 Mesh Coil<br \/>Capacit\u00e9 E-liquide : 58ml<br \/>Points forts de la nicotine : 0%\/2%\/3%\/5%<br \/>Batterie : 850mAh rechargeable<br \/>Chargement : Interface USB Type-C<br \/>Affichage : Indicateurs LED de batterie\/liquide<br \/>Dimensions : 39 x 39 x 118mm<br \/>Dimensions de l'emballage (petit) : 47x47x135mm<br \/>Dimensions de la caisse d'exp\u00e9dition (Big Box) : 97x243x138mm<br \/>Dimensions du carton principal : 685x380x240mm<br \/>Poids du carton : 23kg (150 unit\u00e9s)<\/p>\n<h3>Le choix ultime pour les vapoteurs performants<\/h3>\n<p>Les <strong>Aivono Aim 150K Puffs<\/strong> red\u00e9finit les normes du vapotage jetable en associant une capacit\u00e9 record \u00e0 une construction de qualit\u00e9 sup\u00e9rieure. Chaque composant con\u00e7u avec soin - des bobines \u00e0 mailles efficaces au syst\u00e8me de flux d'air parfaitement r\u00e9gl\u00e9 - offre une constance in\u00e9branlable tout au long de sa dur\u00e9e de vie exceptionnelle. Ce syst\u00e8me de vapotage autonome \u00e9limine les besoins de maintenance tout en offrant des performances de niveau professionnel, ce qui le rend aussi bien adapt\u00e9 au plaisir personnel qu'\u00e0 la distribution commerciale. Transformez votre exp\u00e9rience de vapotage avec cette combinaison innovante de durabilit\u00e9, de richesse des saveurs et d'ing\u00e9nierie pratique.<\/p>","protected":false},"excerpt":{"rendered":"<p>Faites l'exp\u00e9rience d'une long\u00e9vit\u00e9 ultime avec le <strong>Aivono Aim 150K Puffs<\/strong> vaping jetable featuring <strong>Capacit\u00e9 de 58 ml<\/strong> et <strong>150 000 bouff\u00e9es<\/strong>.<br \/>Appr\u00e9ciez <strong>quatre bobines \u00e0 mailles<\/strong> pour une saveur riche, r\u00e9glable <strong>taux de nicotine<\/strong> (0%\/2%\/3%\/5%) et recharge USB-C.<\/p>","protected":false},"featured_media":9144,"comment_status":"open","ping_status":"closed","template":"","meta":[],"product_brand":[165],"product_cat":[951,1016],"product_tag":[734,735,733,112,77,115],"class_list":{"0":"post-9150","1":"product","2":"type-product","3":"status-publish","4":"has-post-thumbnail","6":"product_brand-aivono","7":"product_cat-aivono","8":"product_cat-big-puffs-vapes","9":"product_tag-150000-puffs-vape","10":"product_tag-58ml-e-liquid","11":"product_tag-aivono-aim-150000-puffs","12":"product_tag-disposable-vape","13":"product_tag-mesh-coil-vape","14":"product_tag-rechargeable-vape","16":"first","17":"instock","18":"sale","19":"shipping-taxable","20":"purchasable","21":"product-type-variable"},"jetpack_sharing_enabled":true,"tiered_pricing_type":"fixed","tiered_pricing_fixed_rules":[],"tiered_pricing_product_settings":{"layout":"default","base_unit_name":{"singular":null,"plural":null},"default_variation":null},"tiered_pricing_minimum_quantity":null,"tiered_pricing_roles_data":[],"tiered_pricing_percentage_rules":[],"tiered_pricing_maximum_quantity":null,"tiered_pricing_quantity_step":null,"_links":{"self":[{"href":"https:\/\/frvape.com\/fr\/wp-json\/wp\/v2\/product\/9150","targetHints":{"allow":["GET"]}}],"collection":[{"href":"https:\/\/frvape.com\/fr\/wp-json\/wp\/v2\/product"}],"about":[{"href":"https:\/\/frvape.com\/fr\/wp-json\/wp\/v2\/types\/product"}],"replies":[{"embeddable":true,"href":"https:\/\/frvape.com\/fr\/wp-json\/wp\/v2\/comments?post=9150"}],"wp:featuredmedia":[{"embeddable":true,"href":"https:\/\/frvape.com\/fr\/wp-json\/wp\/v2\/media\/9144"}],"wp:attachment":[{"href":"https:\/\/frvape.com\/fr\/wp-json\/wp\/v2\/media?parent=9150"}],"wp:term":[{"taxonomy":"product_brand","embeddable":true,"href":"https:\/\/frvape.com\/fr\/wp-json\/wp\/v2\/product_brand?post=9150"},{"taxonomy":"product_cat","embeddable":true,"href":"https:\/\/frvape.com\/fr\/wp-json\/wp\/v2\/product_cat?post=9150"},{"taxonomy":"product_tag","embeddable":true,"href":"https:\/\/frvape.com\/fr\/wp-json\/wp\/v2\/product_tag?post=9150"}],"curies":[{"name":"wp","href":"https:\/\/api.w.org\/{rel}","templated":true}]}}