{"id":9350,"date":"2025-10-31T15:33:46","date_gmt":"2025-10-31T15:33:46","guid":{"rendered":"https:\/\/frvape.com\/product\/bang-box-50000-disposable-vape-50k-puffs-45ml-e-liquid-850mah-battery\/"},"modified":"2025-11-04T01:44:21","modified_gmt":"2025-11-04T01:44:21","slug":"bang-box-50000-jetable-vape-50k-puffs-45ml-e-liquid-850mah-battery","status":"publish","type":"product","link":"https:\/\/frvape.com\/fr\/produit\/bang-box-50000-jetable-vape-50k-puffs-45ml-e-liquid-850mah-battery\/","title":{"rendered":"Bang Box 50000 Vape jetable - 50K bouff\u00e9es, 45mL d'e-liquide, batterie 850mAh"},"content":{"rendered":"<h3>Performance et long\u00e9vit\u00e9 imbattables<\/h3>\n<p>Con\u00e7ue pour une endurance extr\u00eame, la <strong>Bang Box 50000<\/strong> red\u00e9finit les normes de la vape jetable. Sa technologie de pointe <strong>bobine \u00e0 double maille<\/strong> (fil chauffant unique de 0,8\u03a9) garantit une grande coh\u00e9rence des saveurs et une production de vapeur dense du d\u00e9but \u00e0 la fin.<\/p>\n<h3>Sp\u00e9cifications Premium<\/h3>\n<p>- <strong>Batterie<\/strong>: 17350 de qualit\u00e9 industrielle - noyau en cobalt pur de 850mAh<br \/>- <strong>Capacit\u00e9 en e-liquide<\/strong>: Massive <strong>45ml<\/strong> r\u00e9servoir<br \/>- <strong>Technologie des bobines<\/strong>: Fil chauffant unique + bobine \u00e0 mailles de 0,8\u03a9<br \/>- <strong>Dimensions<\/strong>: 115\u00d768\u00d733mm (corps compact et ergonomique)<br \/>- <strong>Poids<\/strong>: 135 g (sensation de premi\u00e8re qualit\u00e9 en main)<\/p>\n<h3>Une s\u00e9lection de saveurs exquises<\/h3>\n<p>Choisissez parmi 12 combinaisons de saveurs all\u00e9chantes :<\/p>\n<ul>\n<li>Bonbons \u00e0 la fraise et \u00e0 la framboise &amp; LOVE66<\/li>\n<li>Blue Razz Ice &amp; Lemon Lime<\/li>\n<li>Glace \u00e0 la fraise et fruit de la passion<\/li>\n<li>Dragon noir glac\u00e9 et past\u00e8que mangue-p\u00eache<\/li>\n<li>Red Bull et glace \u00e0 la past\u00e8que<\/li>\n<li>Jus de p\u00eache et limonade Blue Razz<\/li>\n<li>Past\u00e8que Bubble Gum et past\u00e8que \u00e0 la fraise<\/li>\n<li>Pomme, poire et kiwi Fruit de la passion Goyave<\/li>\n<li>Glace \u00e0 la myrtille et \u00e0 la framboise et fruits m\u00e9lang\u00e9s<\/li>\n<li>Ananas Mangue P\u00eache &amp; Fraise Cerise<\/li>\n<li>Fraise, kiwi et double raisin<\/li>\n<li>Glace aux myrtilles et soda au citron et au cola<\/li>\n<\/ul>\n<h3>Con\u00e7u pour une commodit\u00e9 maximale<\/h3>\n<p>Ne n\u00e9cessitant aucun entretien et ne pr\u00e9sentant aucun probl\u00e8me de charge, profitez de l'exp\u00e9rience de la <strong>50 000 bouff\u00e9es<\/strong> pour une utilisation quotidienne prolong\u00e9e. Le taux de d\u00e9charge optimis\u00e9 de 5A garantit <strong>puissance stable<\/strong> quelle que soit l'intensit\u00e9 de la combustion, tandis que la forme compacte se glisse sans effort dans les poches.<\/p>\n<h3>Emballage pr\u00eat pour la vente en gros<\/h3>\n<p>- Bo\u00eete int\u00e9rieure : 10 appareils (1,4 kg au total, 171\u00d7123\u00d7118 mm)<br \/>- Carton en vrac A : 100pcs\/ctn (15kg)<br \/>- Carton B : 200pcs\/ctn (29kg, 64\u00d735.5\u00d725.5cm)<\/p>\n<p>Id\u00e9al pour les d\u00e9taillants \u00e0 la recherche d'un produit haut de gamme mais rentable <strong>vape jetable<\/strong> solution, le Bang Box <strong>50000<\/strong> surpasse ses concurrents gr\u00e2ce \u00e0 une <strong>production en nuage<\/strong> et une saveur constante \u00e0 tous les niveaux de nicotine (0%\/2%\/3%\/5%) tout au long de son extraordinaire dur\u00e9e de vie.<\/p>","protected":false},"excerpt":{"rendered":"<p>Les <strong>Bang Box 50000 Puffs Vape jetable<\/strong> d\u00e9livre 50 000 bouff\u00e9es massives gr\u00e2ce \u00e0 son \u00e9norme <strong>45ml<\/strong> Capacit\u00e9 d'e-liquide et r\u00e9volutionnaire <strong>bobine \u00e0 double maille<\/strong> technologie. Gr\u00e2ce \u00e0 l'utilisation d'un <strong>850mAh<\/strong> Batterie au cobalt pur pour un plaisir de vapotage ininterrompu.<\/p>","protected":false},"featured_media":9345,"comment_status":"open","ping_status":"closed","template":"","meta":[],"product_brand":[108],"product_cat":[995],"product_tag":[359,358,551,768,112,244],"class_list":{"0":"post-9350","1":"product","2":"type-product","3":"status-publish","4":"has-post-thumbnail","6":"product_brand-bangbox","7":"product_cat-bangbox","8":"product_tag-45ml-e-liquid","9":"product_tag-50000-puffs","10":"product_tag-850mah-battery","11":"product_tag-bang-box-50000","12":"product_tag-disposable-vape","13":"product_tag-dual-mesh-coil","15":"first","16":"instock","17":"sale","18":"shipping-taxable","19":"purchasable","20":"product-type-variable"},"jetpack_sharing_enabled":true,"tiered_pricing_type":"fixed","tiered_pricing_fixed_rules":[],"tiered_pricing_product_settings":{"layout":"default","base_unit_name":{"singular":null,"plural":null},"default_variation":null},"tiered_pricing_minimum_quantity":null,"tiered_pricing_roles_data":[],"tiered_pricing_percentage_rules":[],"tiered_pricing_maximum_quantity":null,"tiered_pricing_quantity_step":null,"_links":{"self":[{"href":"https:\/\/frvape.com\/fr\/wp-json\/wp\/v2\/product\/9350","targetHints":{"allow":["GET"]}}],"collection":[{"href":"https:\/\/frvape.com\/fr\/wp-json\/wp\/v2\/product"}],"about":[{"href":"https:\/\/frvape.com\/fr\/wp-json\/wp\/v2\/types\/product"}],"replies":[{"embeddable":true,"href":"https:\/\/frvape.com\/fr\/wp-json\/wp\/v2\/comments?post=9350"}],"wp:featuredmedia":[{"embeddable":true,"href":"https:\/\/frvape.com\/fr\/wp-json\/wp\/v2\/media\/9345"}],"wp:attachment":[{"href":"https:\/\/frvape.com\/fr\/wp-json\/wp\/v2\/media?parent=9350"}],"wp:term":[{"taxonomy":"product_brand","embeddable":true,"href":"https:\/\/frvape.com\/fr\/wp-json\/wp\/v2\/product_brand?post=9350"},{"taxonomy":"product_cat","embeddable":true,"href":"https:\/\/frvape.com\/fr\/wp-json\/wp\/v2\/product_cat?post=9350"},{"taxonomy":"product_tag","embeddable":true,"href":"https:\/\/frvape.com\/fr\/wp-json\/wp\/v2\/product_tag?post=9350"}],"curies":[{"name":"wp","href":"https:\/\/api.w.org\/{rel}","templated":true}]}}