{"id":9412,"date":"2025-10-31T15:36:54","date_gmt":"2025-10-31T15:36:54","guid":{"rendered":"https:\/\/frvape.com\/product\/mr-goodie-abyss-mirror-50000-puffs-vape-with-adjustable-ice-party-mode\/"},"modified":"2025-12-16T09:51:59","modified_gmt":"2025-12-16T09:51:59","slug":"mr-goodie-abyss-mirror-50000-puffs-vape-with-adjustable-ice-party-mode","status":"publish","type":"product","link":"https:\/\/frvape.com\/fr\/produit\/mr-goodie-abyss-mirror-50000-puffs-vape-with-adjustable-ice-party-mode\/","title":{"rendered":"Mr.Goodie Abyss Mirror 50,000 Puffs Vape avec Ice Adjustable &amp; Party Mode"},"content":{"rendered":"<h3>Red\u00e9finition de la qualit\u00e9 de l'air<\/h3>\n<p>Les <strong>Miroir Abyssal Mr.Goodie<\/strong> \u00e9tablit de nouvelles normes dans le domaine du vaping jetable avec une <strong>50 000 bouff\u00e9es<\/strong> capacit\u00e9. Con\u00e7ue pour les passionn\u00e9s en qu\u00eate de performance et de style, sa gamme compl\u00e8te d'accessoires et d'\u00e9quipements de protection de l'environnement est tr\u00e8s compl\u00e8te. <strong>Miroir d'ab\u00eeme<\/strong> suit la batterie, l'e-liquide et le nombre de bouff\u00e9es en temps r\u00e9el, alliant une esth\u00e9tique futuriste \u00e0 une fonctionnalit\u00e9 in\u00e9gal\u00e9e.<\/p>\n<h3>Fonctionnalit\u00e9s avanc\u00e9es<\/h3>\n<p>Personnalisez chaque session avec <strong>Glace r\u00e9glable sur 3 niveaux<\/strong> pour personnaliser l'intensit\u00e9 de la fra\u00eecheur. Activer <strong>Party Vibez Mode<\/strong> pour synchroniser les effets lumineux dynamiques des LED avec vos dessins. Double <strong>bobines de maille<\/strong> de la vapeur riche et douce, tandis que les <strong>Batterie de 900mAh<\/strong> garantit une utilisation prolong\u00e9e. Rapide <strong>Chargement de type C<\/strong> rajeunit rapidement l'appareil entre les sessions.<\/p>\n<h3>Capacit\u00e9 et options massives<\/h3>\n<p>Logement <strong>40ml d'e-liquide pr\u00e9-rempli<\/strong> et disponible dans les deux langues <strong>20 mg<\/strong> et puissant <strong>50 mg de sel de nicotine<\/strong> Gr\u00e2ce \u00e0 ses points forts, cet appareil r\u00e9pond \u00e0 toutes les pr\u00e9f\u00e9rences. Des mat\u00e9riaux de premi\u00e8re qualit\u00e9 et une construction \u00e9tanche garantissent des performances fiables de la premi\u00e8re \u00e0 la derni\u00e8re bouff\u00e9e.<\/p>\n<h3>Une s\u00e9lection de saveurs exquises<\/h3>\n<p>Choisissez parmi 10 saveurs \u00e9labor\u00e9es par des experts :<br \/>\n<strong>Glace \u00e0 la past\u00e8que<br \/>\nGlace au citron vert<br \/>\nPomme Cannelle<br \/>\nGlace \u00e0 la p\u00eache juteuse<br \/>\nBleu Razz<br \/>\nMilkshake \u00e0 la fraise<br \/>\nVanille Fruit de la Passion<br \/>\nGlace \u00e0 l'orange sanguine<br \/>\nGlace mangue-ananas<br \/>\nAmour 66<\/strong><\/p>\n<h3>Pourquoi choisir Abyss Mirror ?<\/h3>\n<p>Il ne s'agit pas d'une simple vape jetable, mais d'une fusion entre l'innovation et le luxe. Un nombre de bouff\u00e9es in\u00e9gal\u00e9, <strong>technologie de la glace r\u00e9glable<\/strong>des lumi\u00e8res envo\u00fbtantes Party Vibez, et <strong>bobines \u00e0 double maille<\/strong> cr\u00e9er une exp\u00e9rience sensorielle extraordinaire. Que vous privil\u00e9giez la densit\u00e9 des nuages, les saveurs audacieuses ou un design accrocheur, l'Abyss Mirror d\u00e9passe toutes les attentes.<\/p>","protected":false},"excerpt":{"rendered":"<p>Faites l'exp\u00e9rience d'un vaping r\u00e9volutionnaire avec le <strong>Miroir Abyssal Mr.Goodie<\/strong> - en vedette <strong>50 000 bouff\u00e9es<\/strong>un \u00e9cran futuriste et 10 saveurs vibrantes.<br \/>\nExplorer 3 niveaux <strong>refroidissement r\u00e9glable de la glace<\/strong> et immersive <strong>Party Vibez Mode<\/strong> des effets d'\u00e9clairage pour des s\u00e9ances personnalis\u00e9es.<\/p>","protected":false},"featured_media":9406,"comment_status":"open","ping_status":"closed","template":"","meta":[],"product_brand":[769],"product_cat":[873],"product_tag":[1023,1021,774,776,772,775,271],"class_list":{"0":"post-9412","1":"product","2":"type-product","3":"status-publish","4":"has-post-thumbnail","6":"product_brand-mr-goodie","7":"product_cat-mr-goodie","8":"product_tag-000-puffs-disposable-vape","9":"product_tag-1021","10":"product_tag-adjustable-ice-levels","11":"product_tag-dual-mesh-coils","12":"product_tag-mr-goodie-abyss-mirror","13":"product_tag-party-vibez-mode","14":"product_tag-type-c-vape","16":"first","17":"instock","18":"sale","19":"shipping-taxable","20":"purchasable","21":"product-type-variable"},"jetpack_sharing_enabled":true,"tiered_pricing_type":"fixed","tiered_pricing_fixed_rules":[],"tiered_pricing_product_settings":{"layout":"default","base_unit_name":{"singular":null,"plural":null},"default_variation":null},"tiered_pricing_minimum_quantity":null,"tiered_pricing_roles_data":[],"tiered_pricing_percentage_rules":[],"tiered_pricing_maximum_quantity":null,"tiered_pricing_quantity_step":null,"_links":{"self":[{"href":"https:\/\/frvape.com\/fr\/wp-json\/wp\/v2\/product\/9412","targetHints":{"allow":["GET"]}}],"collection":[{"href":"https:\/\/frvape.com\/fr\/wp-json\/wp\/v2\/product"}],"about":[{"href":"https:\/\/frvape.com\/fr\/wp-json\/wp\/v2\/types\/product"}],"replies":[{"embeddable":true,"href":"https:\/\/frvape.com\/fr\/wp-json\/wp\/v2\/comments?post=9412"}],"wp:featuredmedia":[{"embeddable":true,"href":"https:\/\/frvape.com\/fr\/wp-json\/wp\/v2\/media\/9406"}],"wp:attachment":[{"href":"https:\/\/frvape.com\/fr\/wp-json\/wp\/v2\/media?parent=9412"}],"wp:term":[{"taxonomy":"product_brand","embeddable":true,"href":"https:\/\/frvape.com\/fr\/wp-json\/wp\/v2\/product_brand?post=9412"},{"taxonomy":"product_cat","embeddable":true,"href":"https:\/\/frvape.com\/fr\/wp-json\/wp\/v2\/product_cat?post=9412"},{"taxonomy":"product_tag","embeddable":true,"href":"https:\/\/frvape.com\/fr\/wp-json\/wp\/v2\/product_tag?post=9412"}],"curies":[{"name":"wp","href":"https:\/\/api.w.org\/{rel}","templated":true}]}}